{"id":1023,"date":"2024-04-16T12:54:10","date_gmt":"2024-04-16T12:54:10","guid":{"rendered":"https:\/\/euroissues.pt\/?page_id=1023"},"modified":"2024-05-13T16:27:54","modified_gmt":"2024-05-13T16:27:54","slug":"submissao-apresentacoes-orais","status":"publish","type":"page","link":"https:\/\/euroissues.pt\/en\/submissao-apresentacoes-orais\/","title":{"rendered":"Submiss\u00e3o Apresenta\u00e7\u00f5es Orais"},"content":{"rendered":"<div data-elementor-type=\"wp-page\" data-elementor-id=\"1023\" class=\"elementor elementor-1023\" data-elementor-post-type=\"page\">\n\t\t\t\t<div class=\"elementor-element elementor-element-367e40b e-flex e-con-boxed e-con e-parent\" data-id=\"367e40b\" data-element_type=\"container\" data-e-type=\"container\">\n\t\t\t\t\t<div class=\"e-con-inner\">\n\t\t<div class=\"elementor-element elementor-element-36af7c6 e-con-full e-flex e-con e-child\" data-id=\"36af7c6\" data-element_type=\"container\" data-e-type=\"container\">\n\t\t\t\t<div class=\"elementor-element elementor-element-1cf17e4 elementor-widget elementor-widget-heading\" data-id=\"1cf17e4\" data-element_type=\"widget\" data-e-type=\"widget\" data-widget_type=\"heading.default\">\n\t\t\t\t<div class=\"elementor-widget-container\">\n\t\t\t\t\t<h2 class=\"elementor-heading-title elementor-size-default\">XIX International Conference on Overarching Issues of the European Area<\/h2>\t\t\t\t<\/div>\n\t\t\t\t<\/div>\n\t\t\t\t<div class=\"elementor-element elementor-element-8461318 elementor-widget elementor-widget-text-editor\" data-id=\"8461318\" data-element_type=\"widget\" data-e-type=\"widget\" data-widget_type=\"text-editor.default\">\n\t\t\t\t<div class=\"elementor-widget-container\">\n\t\t\t\t\t\t\t\t\t<h2><strong>Submiss\u00e3o de Apresenta\u00e7\u00f5es Orais<\/strong><\/h2><p><strong>As Comunica\u00e7\u00f5es Orais n\u00e3o podem ultrapassar os 15 minutos,<\/strong> seguindo-se uma discuss\u00e3o de 15 minutos por sess\u00e3o.<\/p><p><strong>As l\u00ednguas oficiais das XVIII Jornadas Internacionais sobre Grandes Problem\u00e1ticas do Espa\u00e7o Europeu s\u00e3o o portugu\u00eas e o ingl\u00eas,\u00a0<\/strong>no entanto, embora a comunica\u00e7\u00e3o oral possa ser feita em portugu\u00eas, a elabora\u00e7\u00e3o do Powerpoint dever\u00e1 estar obrigatoriamente em<strong> ingl\u00eas.<\/strong><\/p><p>Qualquer documento de apoio utilizado na comunica\u00e7\u00e3o oral, nomeadamente o powerpoint, deve obedecer ao modelo de apresenta\u00e7\u00e3o (template) que est\u00e1 dispon\u00edvel no site da confer\u00eancia. O nome do ficheiro deve indicar o n\u00famero da apresenta\u00e7\u00e3o (o atribu\u00eddo ao resumo aprovado previamente), nome do 1\u00ba autor. (exemplo: 29_Jo\u00e3oSilva).<\/p><p><strong>The deadline for submitting the PowerPoint presentation is 19th May.<\/strong><\/p><p>Se tiver dificuldades na submiss\u00e3o do Powerpoint, contacte, por favor, o Secretariado atrav\u00e9s do seguinte email: <a href=\"mailto:info@euroissues.pt\">\u00a0info@euroissues.pt\u00a0<\/a><\/p>\t\t\t\t\t\t\t\t<\/div>\n\t\t\t\t<\/div>\n\t\t\t\t<\/div>\n\t\t<div class=\"elementor-element elementor-element-a0421f4 e-con-full e-flex e-con e-child\" data-id=\"a0421f4\" data-element_type=\"container\" data-e-type=\"container\">\n\t\t\t\t<div class=\"elementor-element elementor-element-f1c4594 elementor-widget elementor-widget-wp-widget-forminator_widget\" data-id=\"f1c4594\" data-element_type=\"widget\" data-e-type=\"widget\" data-widget_type=\"wp-widget-forminator_widget.default\">\n\t\t\t\t<div class=\"elementor-widget-container\">\n\t\t\t\t\t<div class=\"forminator-ui forminator-custom-form forminator-custom-form-1022 forminator-design--flat  forminator_ajax\" data-forminator-render=\"0\" data-form=\"forminator-module-1022\" data-uid=\"69f3918cc696f\"><br\/><\/div><form\n\t\t\t\tid=\"forminator-module-1022\"\n\t\t\t\tclass=\"forminator-ui forminator-custom-form forminator-custom-form-1022 forminator-design--flat  forminator_ajax\"\n\t\t\t\tmethod=\"post\"\n\t\t\t\tdata-forminator-render=\"0\"\n\t\t\t\tdata-form-id=\"1022\"\n\t\t\t\tenctype=\"multipart\/form-data\" data-color-option=\"default\" data-design=\"flat\" data-grid=\"open\" style=\"display: none;\"\n\t\t\t\tdata-uid=\"69f3918cc696f\" action=\"\"\n\t\t\t><div role=\"alert\" aria-live=\"polite\" class=\"forminator-response-message forminator-error\" aria-hidden=\"true\"><\/div><div class=\"forminator-row\"><div id=\"name-1\" class=\"forminator-field-name forminator-col forminator-col-12\"><div class=\"forminator-field\"><label for=\"forminator-field-name-1_69f3918cc696f\" id=\"forminator-field-name-1_69f3918cc696f-label\" class=\"forminator-label\">Name of the corresponding author <span class=\"forminator-required\">*<\/span><\/label><input type=\"text\" name=\"name-1\" value=\"\" placeholder=\"\" id=\"forminator-field-name-1_69f3918cc696f\" class=\"forminator-input forminator-name--field\" aria-required=\"true\" autocomplete=\"name\" \/><\/div><\/div><\/div><div class=\"forminator-row\"><div id=\"text-1\" class=\"forminator-field-text forminator-col forminator-col-12\"><div class=\"forminator-field\"><label for=\"forminator-field-text-1_69f3918cc696f\" id=\"forminator-field-text-1_69f3918cc696f-label\" class=\"forminator-label\">Affiliation of corresponding authors <span class=\"forminator-required\">*<\/span><\/label><input type=\"text\" name=\"text-1\" value=\"\" placeholder=\"\" id=\"forminator-field-text-1_69f3918cc696f\" class=\"forminator-input forminator-name--field\" data-required=\"1\" \/><\/div><\/div><\/div><div class=\"forminator-row\"><div id=\"email-1\" class=\"forminator-field-email forminator-col forminator-col-12\"><div class=\"forminator-field\"><label for=\"forminator-field-email-1_69f3918cc696f\" id=\"forminator-field-email-1_69f3918cc696f-label\" class=\"forminator-label\">Email address <span class=\"forminator-required\">*<\/span><\/label><input type=\"email\" name=\"email-1\" value=\"\" placeholder=\"\" id=\"forminator-field-email-1_69f3918cc696f\" class=\"forminator-input forminator-email--field\" data-required=\"1\" aria-required=\"true\" autocomplete=\"email\" \/><\/div><\/div><\/div><div class=\"forminator-row\"><div id=\"select-1\" class=\"forminator-field-select forminator-col forminator-col-12\"><div class=\"forminator-field\"><label for=\"forminator-form-1022__field--select-1_69f3918cc696f\" id=\"forminator-form-1022__field--select-1_69f3918cc696f-label\" class=\"forminator-label\">Topic <span class=\"forminator-required\">*<\/span><\/label><select  id=\"forminator-form-1022__field--select-1_69f3918cc696f\" class=\"forminator-select--field forminator-select2 forminator-select2-multiple\" data-required=\"1\" name=\"select-1\" data-default-value=\"Selecione o Tema\" data-hidden-behavior=\"zero\" data-placeholder=\"Please select an option\" data-search=\"false\" data-search-placeholder=\"Please select an option\" data-checkbox=\"false\" data-allow-clear=\"false\" aria-labelledby=\"forminator-form-1022__field--select-1_69f3918cc696f-label\"><option value=\"\"  >Please select an option<\/option><option value=\"Selecione o Tema\" selected=\"selected\" data-calculation=\"0\">Select Topic<\/option><option value=\"Sociedade e Cultura\"  data-calculation=\"0\">Society and Culture<\/option><option value=\"Educa\u00e7\u00e3o e Ensino\"  data-calculation=\"0\">Education and Teaching<\/option><option value=\"Inova\u00e7\u00e3o,-Empreendedorismo-e-Transforma\u00e7\u00f5es-Digitais-nos-Territ\u00f3rios\"  data-calculation=\"0\">Innovation, Entrepreneurship and Digital Transformations in Territories<\/option><option value=\"Tradi\u00e7\u00e3o,-Patrim\u00f3nio-e-Turismo\"  data-calculation=\"0\">Tradition, Heritage, and Tourism<\/option><option value=\"Economia-e-Sustentabilidade\"  data-calculation=\"0\">Economy and Sustainability<\/option><option value=\"Conex\u00f5es-Urbano-Rurais\"  data-calculation=\"0\">Urban-rural connections<\/option><option value=\"Resili\u00eancia-e-transi\u00e7\u00f5es-em-\u00e1reas-rurais\"  data-calculation=\"0\">Resilience and transitions in rural areas<\/option><option value=\"Gest\u00e3o-de-Paisagem-e-Ecossistemas\"  data-calculation=\"0\">Landscape and Ecosystem Management<\/option><option value=\"Mudan\u00e7as-Clim\u00e1ticas,-Meio-Ambiente-e-Desenvolvimento-Sustent\u00e1vel\"  data-calculation=\"0\">Climate Change, Environment and Sustainable Development<\/option><option value=\"Vulnerabilidades,-Riscos-e-Prote\u00e7\u00e3o-Civil\"  data-calculation=\"0\">Vulnerabilities, Risks and Civil Protection<\/option><option value=\"Seguran\u00e7a-e-Defesa-Europeia\"  data-calculation=\"0\">European Security and Defence<\/option><option value=\"Desafios-da-Pol\u00edtica-Europeia-e-Ordenamento-do-Territ\u00f3rio\"  data-calculation=\"0\">Challenges of European Policy and Spatial Planning<\/option><option value=\"Gest\u00e3o-de-Ecossistemas-e-Conserva\u00e7\u00e3o-da-Biodiversidade\"  data-calculation=\"0\">Ecosystem Management and Biodiversity Conservation<\/option><option value=\"Economia-circular-e-gest\u00e3o-de-res\u00edduos\"  data-calculation=\"0\">Circular economy and waste management<\/option><option value=\"Pol\u00edtica-e-governan\u00e7a-ambiental\"  data-calculation=\"0\">Environmental policy and governance<\/option><option value=\"Gest\u00e3o-e-conserva\u00e7\u00e3o-de-recursos\"  data-calculation=\"0\">Resource management and conservation<\/option><option value=\"Agricultura-sustent\u00e1vel-e-sistemas-alimentares\"  data-calculation=\"0\">Sustainable agriculture and food systems<\/option><option value=\"Tecnologias-verdes,-energia-e-inova\u00e7\u00e3o\"  data-calculation=\"0\">Green technologies, energy, and innovation<\/option><option value=\"Dimens\u00f5es-sociais-e-econ\u00f3micas-da-sustentabilidade\"  data-calculation=\"0\">Social and economic dimensions of sustainability<\/option><option value=\"Envelhecimento-populacional-e-sa\u00fade-rural\"  data-calculation=\"0\">Population ageing and rural health<\/option><\/select><\/div><\/div><\/div><div class=\"forminator-row\"><div id=\"text-3\" class=\"forminator-field-text forminator-col forminator-col-12\"><div class=\"forminator-field\"><label for=\"forminator-field-text-3_69f3918cc696f\" id=\"forminator-field-text-3_69f3918cc696f-label\" class=\"forminator-label\">Paper title <span class=\"forminator-required\">*<\/span><\/label><input type=\"text\" name=\"text-3\" value=\"\" placeholder=\"\" id=\"forminator-field-text-3_69f3918cc696f\" class=\"forminator-input forminator-name--field\" data-required=\"1\" \/><\/div><\/div><\/div><div class=\"forminator-row\"><div id=\"html-1\" class=\"forminator-field-html forminator-col forminator-col-12\"><div class=\"forminator-field forminator-merge-tags\" data-field=\"html-1\"><label class=\"forminator-label\">You will receive a copy of the submitted form in your email inbox.<\/label><\/div><\/div><\/div><div class=\"forminator-row\"><div id=\"upload-1\" class=\"forminator-field-upload forminator-col forminator-col-12\"><div class=\"forminator-field\"><label for=\"forminator-field-upload-1_69f3918cc696f\" id=\"forminator-field-upload-1_69f3918cc696f-label\" class=\"forminator-label\">Submit Paper<\/label><div class=\"forminator-file-upload\" data-element=\"upload-1_69f3918cc696f\"><input type=\"file\" name=\"upload-1\" id=\"forminator-field-upload-1_69f3918cc696f\" class=\"forminator-input-file\" accept=\".webp,.avif,.pls,.m3u8,.pptx,.pptm,.ppsx,.ppsm,.potx,.potm\" tabindex=\"-1\"><button id=\"forminator-field-upload-1_69f3918cc696f_button\" class=\"forminator-button forminator-button-upload\" data-id=\"forminator-field-upload-1_69f3918cc696f\">Choose File<\/button><span data-empty-text=\"No file chosen\">No file chosen<\/span><button class=\"forminator-button-delete\" style=\"display: none;\"><i class=\"forminator-icon-close\" aria-hidden=\"true\"><\/i><span class=\"forminator-screen-reader-only\">Delete uploaded file<\/span><\/button><\/div><\/div><\/div><\/div><div class=\"forminator-row\"><div id=\"captcha-1\" class=\"forminator-field-captcha forminator-col forminator-col-12\"><div class=\"forminator-captcha-left forminator-g-recaptcha\" data-theme=\"light\"  data-sitekey=\"6Ld5ppgpAAAAAGEg8GhXfYiJW2Flu2w7M8wBYw9u\" data-size=\"normal\"><\/div> <\/div><\/div><input type=\"hidden\" name=\"referer_url\" value=\"\" \/><div class=\"forminator-row forminator-row-last\"><div class=\"forminator-col\"><div class=\"forminator-field\"><button class=\"forminator-button forminator-button-submit\">Send<\/button><\/div><\/div><\/div><input type=\"hidden\" id=\"forminator_nonce\" name=\"forminator_nonce\" value=\"dda98b45d2\" \/><input type=\"hidden\" name=\"_wp_http_referer\" value=\"\/en\/wp-json\/wp\/v2\/pages\/1023\" \/><input type=\"hidden\" name=\"form_id\" value=\"1022\"><input type=\"hidden\" name=\"page_id\" value=\"1023\"><input type=\"hidden\" name=\"form_type\" value=\"default\"><input type=\"hidden\" name=\"current_url\" value=\"https:\/\/euroissues.pt\/en\/submissao-apresentacoes-orais\/\"><input type=\"hidden\" name=\"render_id\" value=\"0\"><input type=\"hidden\" name=\"action\" value=\"forminator_submit_form_custom-forms\"><input type=\"hidden\" name=\"trp-form-language\" value=\"en\"\/><\/form>\t\t\t\t<\/div>\n\t\t\t\t<\/div>\n\t\t\t\t<\/div>\n\t\t\t\t\t<\/div>\n\t\t\t\t<\/div>\n\t\t\t\t<\/div>","protected":false},"excerpt":{"rendered":"<p>XVIII Semin\u00e1rios Internacionais sobre as Quest\u00f5es Globais do Espa\u00e7o Europeu Submiss\u00e3o de Apresenta\u00e7\u00f5es Orais As Comunica\u00e7\u00f5es Orais n\u00e3o podem ultrapassar os 15 minutos, seguindo-se uma discuss\u00e3o de 15 minutos por sess\u00e3o. As l\u00ednguas oficiais das XVIII Jornadas Internacionais sobre Grandes Problem\u00e1ticas do Espa\u00e7o Europeu s\u00e3o o portugu\u00eas e o ingl\u00eas,\u00a0no entanto, embora a comunica\u00e7\u00e3o oral [&hellip;]<\/p>\n","protected":false},"author":1,"featured_media":0,"parent":0,"menu_order":0,"comment_status":"closed","ping_status":"closed","template":"","meta":{"ocean_post_layout":"","ocean_both_sidebars_style":"","ocean_both_sidebars_content_width":0,"ocean_both_sidebars_sidebars_width":0,"ocean_sidebar":"","ocean_second_sidebar":"","ocean_disable_margins":"enable","ocean_add_body_class":"","ocean_shortcode_before_top_bar":"","ocean_shortcode_after_top_bar":"","ocean_shortcode_before_header":"","ocean_shortcode_after_header":"","ocean_has_shortcode":"","ocean_shortcode_after_title":"","ocean_shortcode_before_footer_widgets":"","ocean_shortcode_after_footer_widgets":"","ocean_shortcode_before_footer_bottom":"","ocean_shortcode_after_footer_bottom":"","ocean_display_top_bar":"default","ocean_display_header":"default","ocean_header_style":"","ocean_center_header_left_menu":"","ocean_custom_header_template":"","ocean_custom_logo":0,"ocean_custom_retina_logo":0,"ocean_custom_logo_max_width":0,"ocean_custom_logo_tablet_max_width":0,"ocean_custom_logo_mobile_max_width":0,"ocean_custom_logo_max_height":0,"ocean_custom_logo_tablet_max_height":0,"ocean_custom_logo_mobile_max_height":0,"ocean_header_custom_menu":"","ocean_menu_typo_font_family":"","ocean_menu_typo_font_subset":"","ocean_menu_typo_font_size":0,"ocean_menu_typo_font_size_tablet":0,"ocean_menu_typo_font_size_mobile":0,"ocean_menu_typo_font_size_unit":"px","ocean_menu_typo_font_weight":"","ocean_menu_typo_font_weight_tablet":"","ocean_menu_typo_font_weight_mobile":"","ocean_menu_typo_transform":"","ocean_menu_typo_transform_tablet":"","ocean_menu_typo_transform_mobile":"","ocean_menu_typo_line_height":0,"ocean_menu_typo_line_height_tablet":0,"ocean_menu_typo_line_height_mobile":0,"ocean_menu_typo_line_height_unit":"","ocean_menu_typo_spacing":0,"ocean_menu_typo_spacing_tablet":0,"ocean_menu_typo_spacing_mobile":0,"ocean_menu_typo_spacing_unit":"","ocean_menu_link_color":"","ocean_menu_link_color_hover":"","ocean_menu_link_color_active":"","ocean_menu_link_background":"","ocean_menu_link_hover_background":"","ocean_menu_link_active_background":"","ocean_menu_social_links_bg":"","ocean_menu_social_hover_links_bg":"","ocean_menu_social_links_color":"","ocean_menu_social_hover_links_color":"","ocean_disable_title":"default","ocean_disable_heading":"default","ocean_post_title":"","ocean_post_subheading":"","ocean_post_title_style":"","ocean_post_title_background_color":"","ocean_post_title_background":0,"ocean_post_title_bg_image_position":"","ocean_post_title_bg_image_attachment":"","ocean_post_title_bg_image_repeat":"","ocean_post_title_bg_image_size":"","ocean_post_title_height":0,"ocean_post_title_bg_overlay":0.5,"ocean_post_title_bg_overlay_color":"","ocean_disable_breadcrumbs":"default","ocean_breadcrumbs_color":"","ocean_breadcrumbs_separator_color":"","ocean_breadcrumbs_links_color":"","ocean_breadcrumbs_links_hover_color":"","ocean_display_footer_widgets":"default","ocean_display_footer_bottom":"default","ocean_custom_footer_template":"","footnotes":""},"class_list":["post-1023","page","type-page","status-publish","hentry","entry"],"yoast_head":"<!-- This site is optimized with the Yoast SEO plugin v27.5 - https:\/\/yoast.com\/product\/yoast-seo-wordpress\/ -->\n<title>Submiss\u00e3o Apresenta\u00e7\u00f5es Orais - EUROISSUES<\/title>\n<meta name=\"robots\" content=\"index, follow, max-snippet:-1, max-image-preview:large, max-video-preview:-1\" \/>\n<link rel=\"canonical\" href=\"https:\/\/euroissues.pt\/en\/submissao-apresentacoes-orais\/\" \/>\n<meta property=\"og:locale\" content=\"en_GB\" \/>\n<meta property=\"og:type\" content=\"article\" \/>\n<meta property=\"og:title\" content=\"Submiss\u00e3o Apresenta\u00e7\u00f5es Orais - EUROISSUES\" \/>\n<meta property=\"og:description\" content=\"XVIII Semin\u00e1rios Internacionais sobre as Quest\u00f5es Globais do Espa\u00e7o Europeu Submiss\u00e3o de Apresenta\u00e7\u00f5es Orais As Comunica\u00e7\u00f5es Orais n\u00e3o podem ultrapassar os 15 minutos, seguindo-se uma discuss\u00e3o de 15 minutos por sess\u00e3o. As l\u00ednguas oficiais das XVIII Jornadas Internacionais sobre Grandes Problem\u00e1ticas do Espa\u00e7o Europeu s\u00e3o o portugu\u00eas e o ingl\u00eas,\u00a0no entanto, embora a comunica\u00e7\u00e3o oral [&hellip;]\" \/>\n<meta property=\"og:url\" content=\"https:\/\/euroissues.pt\/en\/submissao-apresentacoes-orais\/\" \/>\n<meta property=\"og:site_name\" content=\"EUROISSUES\" \/>\n<meta property=\"article:modified_time\" content=\"2024-05-13T16:27:54+00:00\" \/>\n<meta name=\"twitter:card\" content=\"summary_large_image\" \/>\n<meta name=\"twitter:label1\" content=\"Estimated reading time\" \/>\n\t<meta name=\"twitter:data1\" content=\"2 minutes\" \/>\n<script type=\"application\/ld+json\" class=\"yoast-schema-graph\">{\"@context\":\"https:\\\/\\\/schema.org\",\"@graph\":[{\"@type\":\"WebPage\",\"@id\":\"https:\\\/\\\/euroissues.pt\\\/submissao-apresentacoes-orais\\\/\",\"url\":\"https:\\\/\\\/euroissues.pt\\\/submissao-apresentacoes-orais\\\/\",\"name\":\"Submiss\u00e3o Apresenta\u00e7\u00f5es Orais - EUROISSUES\",\"isPartOf\":{\"@id\":\"https:\\\/\\\/euroissues.pt\\\/#website\"},\"datePublished\":\"2024-04-16T12:54:10+00:00\",\"dateModified\":\"2024-05-13T16:27:54+00:00\",\"breadcrumb\":{\"@id\":\"https:\\\/\\\/euroissues.pt\\\/submissao-apresentacoes-orais\\\/#breadcrumb\"},\"inLanguage\":\"en-GB\",\"potentialAction\":[{\"@type\":\"ReadAction\",\"target\":[\"https:\\\/\\\/euroissues.pt\\\/submissao-apresentacoes-orais\\\/\"]}]},{\"@type\":\"BreadcrumbList\",\"@id\":\"https:\\\/\\\/euroissues.pt\\\/submissao-apresentacoes-orais\\\/#breadcrumb\",\"itemListElement\":[{\"@type\":\"ListItem\",\"position\":1,\"name\":\"In\u00edcio\",\"item\":\"https:\\\/\\\/euroissues.pt\\\/\"},{\"@type\":\"ListItem\",\"position\":2,\"name\":\"Submiss\u00e3o Apresenta\u00e7\u00f5es Orais\"}]},{\"@type\":\"WebSite\",\"@id\":\"https:\\\/\\\/euroissues.pt\\\/#website\",\"url\":\"https:\\\/\\\/euroissues.pt\\\/\",\"name\":\"EUROISSUES\",\"description\":\"Constru\u00e7\u00e3o de Territ\u00f3rios Resilientes e Sustent\u00e1veis\",\"publisher\":{\"@id\":\"https:\\\/\\\/euroissues.pt\\\/#organization\"},\"potentialAction\":[{\"@type\":\"SearchAction\",\"target\":{\"@type\":\"EntryPoint\",\"urlTemplate\":\"https:\\\/\\\/euroissues.pt\\\/?s={search_term_string}\"},\"query-input\":{\"@type\":\"PropertyValueSpecification\",\"valueRequired\":true,\"valueName\":\"search_term_string\"}}],\"inLanguage\":\"en-GB\"},{\"@type\":\"Organization\",\"@id\":\"https:\\\/\\\/euroissues.pt\\\/#organization\",\"name\":\"EUROISSUES\",\"url\":\"https:\\\/\\\/euroissues.pt\\\/\",\"logo\":{\"@type\":\"ImageObject\",\"inLanguage\":\"en-GB\",\"@id\":\"https:\\\/\\\/euroissues.pt\\\/#\\\/schema\\\/logo\\\/image\\\/\",\"url\":\"https:\\\/\\\/euroissues.pt\\\/wp-content\\\/uploads\\\/2024\\\/06\\\/cropped-logo_2.png\",\"contentUrl\":\"https:\\\/\\\/euroissues.pt\\\/wp-content\\\/uploads\\\/2024\\\/06\\\/cropped-logo_2.png\",\"width\":500,\"height\":138,\"caption\":\"EUROISSUES\"},\"image\":{\"@id\":\"https:\\\/\\\/euroissues.pt\\\/#\\\/schema\\\/logo\\\/image\\\/\"}}]}<\/script>\n<!-- \/ Yoast SEO plugin. -->","yoast_head_json":{"title":"Submiss\u00e3o Apresenta\u00e7\u00f5es Orais - EUROISSUES","robots":{"index":"index","follow":"follow","max-snippet":"max-snippet:-1","max-image-preview":"max-image-preview:large","max-video-preview":"max-video-preview:-1"},"canonical":"https:\/\/euroissues.pt\/en\/submissao-apresentacoes-orais\/","og_locale":"en_GB","og_type":"article","og_title":"Submiss\u00e3o Apresenta\u00e7\u00f5es Orais - EUROISSUES","og_description":"XVIII Semin\u00e1rios Internacionais sobre as Quest\u00f5es Globais do Espa\u00e7o Europeu Submiss\u00e3o de Apresenta\u00e7\u00f5es Orais As Comunica\u00e7\u00f5es Orais n\u00e3o podem ultrapassar os 15 minutos, seguindo-se uma discuss\u00e3o de 15 minutos por sess\u00e3o. As l\u00ednguas oficiais das XVIII Jornadas Internacionais sobre Grandes Problem\u00e1ticas do Espa\u00e7o Europeu s\u00e3o o portugu\u00eas e o ingl\u00eas,\u00a0no entanto, embora a comunica\u00e7\u00e3o oral [&hellip;]","og_url":"https:\/\/euroissues.pt\/en\/submissao-apresentacoes-orais\/","og_site_name":"EUROISSUES","article_modified_time":"2024-05-13T16:27:54+00:00","twitter_card":"summary_large_image","twitter_misc":{"Estimated reading time":"2 minutes"},"schema":{"@context":"https:\/\/schema.org","@graph":[{"@type":"WebPage","@id":"https:\/\/euroissues.pt\/submissao-apresentacoes-orais\/","url":"https:\/\/euroissues.pt\/submissao-apresentacoes-orais\/","name":"Submiss\u00e3o Apresenta\u00e7\u00f5es Orais - EUROISSUES","isPartOf":{"@id":"https:\/\/euroissues.pt\/#website"},"datePublished":"2024-04-16T12:54:10+00:00","dateModified":"2024-05-13T16:27:54+00:00","breadcrumb":{"@id":"https:\/\/euroissues.pt\/submissao-apresentacoes-orais\/#breadcrumb"},"inLanguage":"en-GB","potentialAction":[{"@type":"ReadAction","target":["https:\/\/euroissues.pt\/submissao-apresentacoes-orais\/"]}]},{"@type":"BreadcrumbList","@id":"https:\/\/euroissues.pt\/submissao-apresentacoes-orais\/#breadcrumb","itemListElement":[{"@type":"ListItem","position":1,"name":"In\u00edcio","item":"https:\/\/euroissues.pt\/"},{"@type":"ListItem","position":2,"name":"Submiss\u00e3o Apresenta\u00e7\u00f5es Orais"}]},{"@type":"WebSite","@id":"https:\/\/euroissues.pt\/#website","url":"https:\/\/euroissues.pt\/","name":"EUROISSUES","description":"Constru\u00e7\u00e3o de Territ\u00f3rios Resilientes e Sustent\u00e1veis","publisher":{"@id":"https:\/\/euroissues.pt\/#organization"},"potentialAction":[{"@type":"SearchAction","target":{"@type":"EntryPoint","urlTemplate":"https:\/\/euroissues.pt\/?s={search_term_string}"},"query-input":{"@type":"PropertyValueSpecification","valueRequired":true,"valueName":"search_term_string"}}],"inLanguage":"en-GB"},{"@type":"Organization","@id":"https:\/\/euroissues.pt\/#organization","name":"EUROISSUES","url":"https:\/\/euroissues.pt\/","logo":{"@type":"ImageObject","inLanguage":"en-GB","@id":"https:\/\/euroissues.pt\/#\/schema\/logo\/image\/","url":"https:\/\/euroissues.pt\/wp-content\/uploads\/2024\/06\/cropped-logo_2.png","contentUrl":"https:\/\/euroissues.pt\/wp-content\/uploads\/2024\/06\/cropped-logo_2.png","width":500,"height":138,"caption":"EUROISSUES"},"image":{"@id":"https:\/\/euroissues.pt\/#\/schema\/logo\/image\/"}}]}},"_links":{"self":[{"href":"https:\/\/euroissues.pt\/en\/wp-json\/wp\/v2\/pages\/1023","targetHints":{"allow":["GET"]}}],"collection":[{"href":"https:\/\/euroissues.pt\/en\/wp-json\/wp\/v2\/pages"}],"about":[{"href":"https:\/\/euroissues.pt\/en\/wp-json\/wp\/v2\/types\/page"}],"author":[{"embeddable":true,"href":"https:\/\/euroissues.pt\/en\/wp-json\/wp\/v2\/users\/1"}],"replies":[{"embeddable":true,"href":"https:\/\/euroissues.pt\/en\/wp-json\/wp\/v2\/comments?post=1023"}],"version-history":[{"count":0,"href":"https:\/\/euroissues.pt\/en\/wp-json\/wp\/v2\/pages\/1023\/revisions"}],"wp:attachment":[{"href":"https:\/\/euroissues.pt\/en\/wp-json\/wp\/v2\/media?parent=1023"}],"curies":[{"name":"wp","href":"https:\/\/api.w.org\/{rel}","templated":true}]}}