{"id":129,"date":"2024-03-13T14:04:34","date_gmt":"2024-03-13T14:04:34","guid":{"rendered":"https:\/\/euroissues.pt\/?page_id=129"},"modified":"2025-03-24T12:23:49","modified_gmt":"2025-03-24T12:23:49","slug":"resumos","status":"publish","type":"page","link":"https:\/\/euroissues.pt\/en\/jornadas-xix-2025\/resumos\/","title":{"rendered":"Abstracts"},"content":{"rendered":"<div data-elementor-type=\"wp-page\" data-elementor-id=\"129\" class=\"elementor elementor-129\" data-elementor-post-type=\"page\">\n\t\t\t\t<div class=\"elementor-element elementor-element-a47986f e-flex e-con-boxed e-con e-parent\" data-id=\"a47986f\" data-element_type=\"container\" data-e-type=\"container\">\n\t\t\t\t\t<div class=\"e-con-inner\">\n\t\t<div class=\"elementor-element elementor-element-a583773 e-con-full e-flex e-con e-child\" data-id=\"a583773\" data-element_type=\"container\" data-e-type=\"container\">\n\t\t\t\t<div class=\"elementor-element elementor-element-4044915 elementor-widget__width-initial elementor-widget elementor-widget-text-editor\" data-id=\"4044915\" data-element_type=\"widget\" data-e-type=\"widget\" data-widget_type=\"text-editor.default\">\n\t\t\t\t<div class=\"elementor-widget-container\">\n\t\t\t\t\t\t\t\t\t<p>Participants of the XIX International Conference on Overarching Issues of the European Area may submit their short abstracts for oral and\/or poster communication (minimum of 200 words and maximum of 300 words, not including references), until April 14, 2025.<\/p><p><strong>Guidelines:<\/strong>\u00a0All abstracts submitted must take into account the following guidelines:<\/p><ol><li>You must submit an abstract with a maximum length of 300 words;<\/li><li>The abstract must include: title; identification and affiliation of the author(s); email; introduction, aims and methodology; results and their discussion; conclusions; three to five keywords.<\/li><li>The abstract submitted must be written in Portuguese or English.<\/li><li>Submissions must be made by clicking on \u2018Submit abstract\u2019 on the appropriate form.<\/li><\/ol><p><strong>Accepted abstracts will be published in a Book of Abstracts edited by the University of Porto, with ISBN and DOI.<\/strong><\/p>\t\t\t\t\t\t\t\t<\/div>\n\t\t\t\t<\/div>\n\t\t\t\t<div class=\"elementor-element elementor-element-cd8d161 elementor-align-center elementor-widget elementor-widget-button\" data-id=\"cd8d161\" data-element_type=\"widget\" data-e-type=\"widget\" data-widget_type=\"button.default\">\n\t\t\t\t<div class=\"elementor-widget-container\">\n\t\t\t\t\t\t\t\t\t<div class=\"elementor-button-wrapper\">\n\t\t\t\t\t<a class=\"elementor-button elementor-button-link elementor-size-sm\" href=\"https:\/\/euroissues.pt\/wp-content\/uploads\/2025\/03\/XIX_2025_Abstract_Submission_Template_final.docx\">\n\t\t\t\t\t\t<span class=\"elementor-button-content-wrapper\">\n\t\t\t\t\t\t\t\t\t<span class=\"elementor-button-text\">Template   -  XIX Overarching Abstract Submission<\/span>\n\t\t\t\t\t<\/span>\n\t\t\t\t\t<\/a>\n\t\t\t\t<\/div>\n\t\t\t\t\t\t\t\t<\/div>\n\t\t\t\t<\/div>\n\t\t\t\t<div class=\"elementor-element elementor-element-1c55869 elementor-align-center elementor-widget elementor-widget-button\" data-id=\"1c55869\" data-element_type=\"widget\" data-e-type=\"widget\" data-widget_type=\"button.default\">\n\t\t\t\t<div class=\"elementor-widget-container\">\n\t\t\t\t\t\t\t\t\t<div class=\"elementor-button-wrapper\">\n\t\t\t\t\t<a class=\"elementor-button elementor-button-link elementor-size-sm\" href=\"https:\/\/euroissues.pt\/en\/submissao-jornadas-xix\/\">\n\t\t\t\t\t\t<span class=\"elementor-button-content-wrapper\">\n\t\t\t\t\t\t\t\t\t<span class=\"elementor-button-text\">Abstract Submission<\/span>\n\t\t\t\t\t<\/span>\n\t\t\t\t\t<\/a>\n\t\t\t\t<\/div>\n\t\t\t\t\t\t\t\t<\/div>\n\t\t\t\t<\/div>\n\t\t\t\t<\/div>\n\t\t<div class=\"elementor-element elementor-element-376b4e6 e-con-full e-flex e-con e-child\" data-id=\"376b4e6\" data-element_type=\"container\" data-e-type=\"container\">\n\t\t\t\t<div class=\"elementor-element elementor-element-4679e79 elementor-widget elementor-widget-heading\" data-id=\"4679e79\" data-element_type=\"widget\" data-e-type=\"widget\" data-widget_type=\"heading.default\">\n\t\t\t\t<div class=\"elementor-widget-container\">\n\t\t\t\t\t<h2 class=\"elementor-heading-title elementor-size-default\">Procedure for submitting abstracts: <\/h2>\t\t\t\t<\/div>\n\t\t\t\t<\/div>\n\t\t\t\t<div class=\"elementor-element elementor-element-570ab61 elementor-widget__width-initial elementor-widget elementor-widget-text-editor\" data-id=\"570ab61\" data-element_type=\"widget\" data-e-type=\"widget\" data-widget_type=\"text-editor.default\">\n\t\t\t\t<div class=\"elementor-widget-container\">\n\t\t\t\t\t\t\t\t\t<p>Abstracts are submitted online, via the website of the\u00a0<strong>XIX International Conference on Overarching Issues of the European Area\u00a0<\/strong><\/p><p class=\"translation-block\"><a href=\"https:\/\/euroissues.pt\/en\/resumos\/\" target=\"_self\">https:\/\/euroissues.pt\/resumos\/<\/a> using the \u2018Abstract Submission\u2019 function.<\/p><p>Authors will be directed to a form where they must fill in all the details and submit the template in Word format.<\/p><p>The file name should indicate the first author\u2019s name and surname (example: John_Smith). If the first author submits more than one abstract, they must indicate the number (example: John_Smith_1).<br \/>Abstracts will be evaluated based on their scientific quality and suitability to the themes proposed for the congress. All authors will be notified by April 30, 2025 of the acceptance of their abstract. The works will be accepted after undergoing a peer review process carried out by at least two members of the Scientific Committee.<\/p>\t\t\t\t\t\t\t\t<\/div>\n\t\t\t\t<\/div>\n\t\t\t\t<\/div>\n\t\t\t\t\t<\/div>\n\t\t\t\t<\/div>\n\t\t\t\t<\/div>","protected":false},"excerpt":{"rendered":"<p>Os participantes nas XIX Jornadas Internacionais sobre Grandes Problem\u00e1ticas do Espa\u00e7o Europeu podem enviar os seus resumos de curta dimens\u00e3o para comunica\u00e7\u00e3o oral e\/ou poster (m\u00ednimo de 200 palavras e m\u00e1ximo de 300 palavras, sem incluir refer\u00eancias), at\u00e9 14 de abril de 2025. Orienta\u00e7\u00f5es:\u00a0Qualquer resumo a ser submetido, dever\u00e1 ter em considera\u00e7\u00e3o as seguintes diretrizes: [&hellip;]<\/p>\n","protected":false},"author":1,"featured_media":0,"parent":1805,"menu_order":0,"comment_status":"closed","ping_status":"closed","template":"","meta":{"ocean_post_layout":"","ocean_both_sidebars_style":"","ocean_both_sidebars_content_width":0,"ocean_both_sidebars_sidebars_width":0,"ocean_sidebar":"","ocean_second_sidebar":"","ocean_disable_margins":"enable","ocean_add_body_class":"","ocean_shortcode_before_top_bar":"","ocean_shortcode_after_top_bar":"","ocean_shortcode_before_header":"","ocean_shortcode_after_header":"","ocean_has_shortcode":"","ocean_shortcode_after_title":"","ocean_shortcode_before_footer_widgets":"","ocean_shortcode_after_footer_widgets":"","ocean_shortcode_before_footer_bottom":"","ocean_shortcode_after_footer_bottom":"","ocean_display_top_bar":"default","ocean_display_header":"default","ocean_header_style":"","ocean_center_header_left_menu":"","ocean_custom_header_template":"","ocean_custom_logo":0,"ocean_custom_retina_logo":0,"ocean_custom_logo_max_width":0,"ocean_custom_logo_tablet_max_width":0,"ocean_custom_logo_mobile_max_width":0,"ocean_custom_logo_max_height":0,"ocean_custom_logo_tablet_max_height":0,"ocean_custom_logo_mobile_max_height":0,"ocean_header_custom_menu":"","ocean_menu_typo_font_family":"","ocean_menu_typo_font_subset":"","ocean_menu_typo_font_size":0,"ocean_menu_typo_font_size_tablet":0,"ocean_menu_typo_font_size_mobile":0,"ocean_menu_typo_font_size_unit":"px","ocean_menu_typo_font_weight":"","ocean_menu_typo_font_weight_tablet":"","ocean_menu_typo_font_weight_mobile":"","ocean_menu_typo_transform":"","ocean_menu_typo_transform_tablet":"","ocean_menu_typo_transform_mobile":"","ocean_menu_typo_line_height":0,"ocean_menu_typo_line_height_tablet":0,"ocean_menu_typo_line_height_mobile":0,"ocean_menu_typo_line_height_unit":"","ocean_menu_typo_spacing":0,"ocean_menu_typo_spacing_tablet":0,"ocean_menu_typo_spacing_mobile":0,"ocean_menu_typo_spacing_unit":"","ocean_menu_link_color":"","ocean_menu_link_color_hover":"","ocean_menu_link_color_active":"","ocean_menu_link_background":"","ocean_menu_link_hover_background":"","ocean_menu_link_active_background":"","ocean_menu_social_links_bg":"","ocean_menu_social_hover_links_bg":"","ocean_menu_social_links_color":"","ocean_menu_social_hover_links_color":"","ocean_disable_title":"default","ocean_disable_heading":"default","ocean_post_title":"","ocean_post_subheading":"","ocean_post_title_style":"","ocean_post_title_background_color":"","ocean_post_title_background":0,"ocean_post_title_bg_image_position":"","ocean_post_title_bg_image_attachment":"","ocean_post_title_bg_image_repeat":"","ocean_post_title_bg_image_size":"","ocean_post_title_height":0,"ocean_post_title_bg_overlay":0.5,"ocean_post_title_bg_overlay_color":"","ocean_disable_breadcrumbs":"default","ocean_breadcrumbs_color":"","ocean_breadcrumbs_separator_color":"","ocean_breadcrumbs_links_color":"","ocean_breadcrumbs_links_hover_color":"","ocean_display_footer_widgets":"default","ocean_display_footer_bottom":"default","ocean_custom_footer_template":"","footnotes":""},"class_list":["post-129","page","type-page","status-publish","hentry","entry"],"yoast_head":"<!-- This site is optimized with the Yoast SEO plugin v27.5 - https:\/\/yoast.com\/product\/yoast-seo-wordpress\/ -->\n<title>Resumos - EUROISSUES<\/title>\n<meta name=\"robots\" content=\"index, follow, max-snippet:-1, max-image-preview:large, max-video-preview:-1\" \/>\n<link rel=\"canonical\" href=\"https:\/\/euroissues.pt\/en\/jornadas-xix-2025\/resumos\/\" \/>\n<meta property=\"og:locale\" content=\"en_GB\" \/>\n<meta property=\"og:type\" content=\"article\" \/>\n<meta property=\"og:title\" content=\"Resumos - EUROISSUES\" \/>\n<meta property=\"og:description\" content=\"Os participantes nas XIX Jornadas Internacionais sobre Grandes Problem\u00e1ticas do Espa\u00e7o Europeu podem enviar os seus resumos de curta dimens\u00e3o para comunica\u00e7\u00e3o oral e\/ou poster (m\u00ednimo de 200 palavras e m\u00e1ximo de 300 palavras, sem incluir refer\u00eancias), at\u00e9 14 de abril de 2025. Orienta\u00e7\u00f5es:\u00a0Qualquer resumo a ser submetido, dever\u00e1 ter em considera\u00e7\u00e3o as seguintes diretrizes: [&hellip;]\" \/>\n<meta property=\"og:url\" content=\"https:\/\/euroissues.pt\/en\/jornadas-xix-2025\/resumos\/\" \/>\n<meta property=\"og:site_name\" content=\"EUROISSUES\" \/>\n<meta property=\"article:modified_time\" content=\"2025-03-24T12:23:49+00:00\" \/>\n<meta name=\"twitter:card\" content=\"summary_large_image\" \/>\n<meta name=\"twitter:label1\" content=\"Estimated reading time\" \/>\n\t<meta name=\"twitter:data1\" content=\"2 minutes\" \/>\n<script type=\"application\/ld+json\" class=\"yoast-schema-graph\">{\"@context\":\"https:\\\/\\\/schema.org\",\"@graph\":[{\"@type\":\"WebPage\",\"@id\":\"https:\\\/\\\/euroissues.pt\\\/jornadas-xix-2025\\\/resumos\\\/\",\"url\":\"https:\\\/\\\/euroissues.pt\\\/jornadas-xix-2025\\\/resumos\\\/\",\"name\":\"Resumos - EUROISSUES\",\"isPartOf\":{\"@id\":\"https:\\\/\\\/euroissues.pt\\\/#website\"},\"datePublished\":\"2024-03-13T14:04:34+00:00\",\"dateModified\":\"2025-03-24T12:23:49+00:00\",\"breadcrumb\":{\"@id\":\"https:\\\/\\\/euroissues.pt\\\/jornadas-xix-2025\\\/resumos\\\/#breadcrumb\"},\"inLanguage\":\"en-GB\",\"potentialAction\":[{\"@type\":\"ReadAction\",\"target\":[\"https:\\\/\\\/euroissues.pt\\\/jornadas-xix-2025\\\/resumos\\\/\"]}]},{\"@type\":\"BreadcrumbList\",\"@id\":\"https:\\\/\\\/euroissues.pt\\\/jornadas-xix-2025\\\/resumos\\\/#breadcrumb\",\"itemListElement\":[{\"@type\":\"ListItem\",\"position\":1,\"name\":\"In\u00edcio\",\"item\":\"https:\\\/\\\/euroissues.pt\\\/\"},{\"@type\":\"ListItem\",\"position\":2,\"name\":\"Jornadas XIX \u2013 2025\",\"item\":\"https:\\\/\\\/euroissues.pt\\\/jornadas-xix-2025\\\/\"},{\"@type\":\"ListItem\",\"position\":3,\"name\":\"Resumos\"}]},{\"@type\":\"WebSite\",\"@id\":\"https:\\\/\\\/euroissues.pt\\\/#website\",\"url\":\"https:\\\/\\\/euroissues.pt\\\/\",\"name\":\"EUROISSUES\",\"description\":\"Constru\u00e7\u00e3o de Territ\u00f3rios Resilientes e Sustent\u00e1veis\",\"publisher\":{\"@id\":\"https:\\\/\\\/euroissues.pt\\\/#organization\"},\"potentialAction\":[{\"@type\":\"SearchAction\",\"target\":{\"@type\":\"EntryPoint\",\"urlTemplate\":\"https:\\\/\\\/euroissues.pt\\\/?s={search_term_string}\"},\"query-input\":{\"@type\":\"PropertyValueSpecification\",\"valueRequired\":true,\"valueName\":\"search_term_string\"}}],\"inLanguage\":\"en-GB\"},{\"@type\":\"Organization\",\"@id\":\"https:\\\/\\\/euroissues.pt\\\/#organization\",\"name\":\"EUROISSUES\",\"url\":\"https:\\\/\\\/euroissues.pt\\\/\",\"logo\":{\"@type\":\"ImageObject\",\"inLanguage\":\"en-GB\",\"@id\":\"https:\\\/\\\/euroissues.pt\\\/#\\\/schema\\\/logo\\\/image\\\/\",\"url\":\"https:\\\/\\\/euroissues.pt\\\/wp-content\\\/uploads\\\/2024\\\/06\\\/cropped-logo_2.png\",\"contentUrl\":\"https:\\\/\\\/euroissues.pt\\\/wp-content\\\/uploads\\\/2024\\\/06\\\/cropped-logo_2.png\",\"width\":500,\"height\":138,\"caption\":\"EUROISSUES\"},\"image\":{\"@id\":\"https:\\\/\\\/euroissues.pt\\\/#\\\/schema\\\/logo\\\/image\\\/\"}}]}<\/script>\n<!-- \/ Yoast SEO plugin. -->","yoast_head_json":{"title":"Resumos - EUROISSUES","robots":{"index":"index","follow":"follow","max-snippet":"max-snippet:-1","max-image-preview":"max-image-preview:large","max-video-preview":"max-video-preview:-1"},"canonical":"https:\/\/euroissues.pt\/en\/jornadas-xix-2025\/resumos\/","og_locale":"en_GB","og_type":"article","og_title":"Resumos - EUROISSUES","og_description":"Os participantes nas XIX Jornadas Internacionais sobre Grandes Problem\u00e1ticas do Espa\u00e7o Europeu podem enviar os seus resumos de curta dimens\u00e3o para comunica\u00e7\u00e3o oral e\/ou poster (m\u00ednimo de 200 palavras e m\u00e1ximo de 300 palavras, sem incluir refer\u00eancias), at\u00e9 14 de abril de 2025. Orienta\u00e7\u00f5es:\u00a0Qualquer resumo a ser submetido, dever\u00e1 ter em considera\u00e7\u00e3o as seguintes diretrizes: [&hellip;]","og_url":"https:\/\/euroissues.pt\/en\/jornadas-xix-2025\/resumos\/","og_site_name":"EUROISSUES","article_modified_time":"2025-03-24T12:23:49+00:00","twitter_card":"summary_large_image","twitter_misc":{"Estimated reading time":"2 minutes"},"schema":{"@context":"https:\/\/schema.org","@graph":[{"@type":"WebPage","@id":"https:\/\/euroissues.pt\/jornadas-xix-2025\/resumos\/","url":"https:\/\/euroissues.pt\/jornadas-xix-2025\/resumos\/","name":"Resumos - EUROISSUES","isPartOf":{"@id":"https:\/\/euroissues.pt\/#website"},"datePublished":"2024-03-13T14:04:34+00:00","dateModified":"2025-03-24T12:23:49+00:00","breadcrumb":{"@id":"https:\/\/euroissues.pt\/jornadas-xix-2025\/resumos\/#breadcrumb"},"inLanguage":"en-GB","potentialAction":[{"@type":"ReadAction","target":["https:\/\/euroissues.pt\/jornadas-xix-2025\/resumos\/"]}]},{"@type":"BreadcrumbList","@id":"https:\/\/euroissues.pt\/jornadas-xix-2025\/resumos\/#breadcrumb","itemListElement":[{"@type":"ListItem","position":1,"name":"In\u00edcio","item":"https:\/\/euroissues.pt\/"},{"@type":"ListItem","position":2,"name":"Jornadas XIX \u2013 2025","item":"https:\/\/euroissues.pt\/jornadas-xix-2025\/"},{"@type":"ListItem","position":3,"name":"Resumos"}]},{"@type":"WebSite","@id":"https:\/\/euroissues.pt\/#website","url":"https:\/\/euroissues.pt\/","name":"EUROISSUES","description":"Constru\u00e7\u00e3o de Territ\u00f3rios Resilientes e Sustent\u00e1veis","publisher":{"@id":"https:\/\/euroissues.pt\/#organization"},"potentialAction":[{"@type":"SearchAction","target":{"@type":"EntryPoint","urlTemplate":"https:\/\/euroissues.pt\/?s={search_term_string}"},"query-input":{"@type":"PropertyValueSpecification","valueRequired":true,"valueName":"search_term_string"}}],"inLanguage":"en-GB"},{"@type":"Organization","@id":"https:\/\/euroissues.pt\/#organization","name":"EUROISSUES","url":"https:\/\/euroissues.pt\/","logo":{"@type":"ImageObject","inLanguage":"en-GB","@id":"https:\/\/euroissues.pt\/#\/schema\/logo\/image\/","url":"https:\/\/euroissues.pt\/wp-content\/uploads\/2024\/06\/cropped-logo_2.png","contentUrl":"https:\/\/euroissues.pt\/wp-content\/uploads\/2024\/06\/cropped-logo_2.png","width":500,"height":138,"caption":"EUROISSUES"},"image":{"@id":"https:\/\/euroissues.pt\/#\/schema\/logo\/image\/"}}]}},"_links":{"self":[{"href":"https:\/\/euroissues.pt\/en\/wp-json\/wp\/v2\/pages\/129","targetHints":{"allow":["GET"]}}],"collection":[{"href":"https:\/\/euroissues.pt\/en\/wp-json\/wp\/v2\/pages"}],"about":[{"href":"https:\/\/euroissues.pt\/en\/wp-json\/wp\/v2\/types\/page"}],"author":[{"embeddable":true,"href":"https:\/\/euroissues.pt\/en\/wp-json\/wp\/v2\/users\/1"}],"replies":[{"embeddable":true,"href":"https:\/\/euroissues.pt\/en\/wp-json\/wp\/v2\/comments?post=129"}],"version-history":[{"count":0,"href":"https:\/\/euroissues.pt\/en\/wp-json\/wp\/v2\/pages\/129\/revisions"}],"up":[{"embeddable":true,"href":"https:\/\/euroissues.pt\/en\/wp-json\/wp\/v2\/pages\/1805"}],"wp:attachment":[{"href":"https:\/\/euroissues.pt\/en\/wp-json\/wp\/v2\/media?parent=129"}],"curies":[{"name":"wp","href":"https:\/\/api.w.org\/{rel}","templated":true}]}}