{"id":146,"date":"2024-03-13T14:10:17","date_gmt":"2024-03-13T14:10:17","guid":{"rendered":"https:\/\/euroissues.pt\/?page_id=146"},"modified":"2025-04-03T10:41:45","modified_gmt":"2025-04-03T10:41:45","slug":"apresentacoes-orais","status":"publish","type":"page","link":"https:\/\/euroissues.pt\/en\/jornadas-xix-2025\/apresentacoes-orais\/","title":{"rendered":"Oral Presentations"},"content":{"rendered":"<div data-elementor-type=\"wp-page\" data-elementor-id=\"146\" class=\"elementor elementor-146\" data-elementor-post-type=\"page\">\n\t\t\t\t<div class=\"elementor-element elementor-element-ef8555d e-flex e-con-boxed e-con e-parent\" data-id=\"ef8555d\" data-element_type=\"container\" data-e-type=\"container\">\n\t\t\t\t\t<div class=\"e-con-inner\">\n\t\t\t\t<div class=\"elementor-element elementor-element-d8f3ede elementor-widget elementor-widget-heading\" data-id=\"d8f3ede\" data-element_type=\"widget\" data-e-type=\"widget\" data-widget_type=\"heading.default\">\n\t\t\t\t<div class=\"elementor-widget-container\">\n\t\t\t\t\t<h2 class=\"elementor-heading-title elementor-size-default\">XIX International Conference on Overarching Issues in the European Area<\/h2>\t\t\t\t<\/div>\n\t\t\t\t<\/div>\n\t\t\t\t<div class=\"elementor-element elementor-element-28c043f elementor-widget elementor-widget-text-editor\" data-id=\"28c043f\" data-element_type=\"widget\" data-e-type=\"widget\" data-widget_type=\"text-editor.default\">\n\t\t\t\t<div class=\"elementor-widget-container\">\n\t\t\t\t\t\t\t\t\t<p>Each oral communications session will be opened by the Moderator of the corresponding Thematic Session, who, after a brief introduction, will moderate the session. Oral Communications may not exceed 15 minutes, followed by a 15-minute discussion per session.<\/p><p>The official languages of the XIX International Conference on Overarching Issues of the European Area are Portuguese and English. However, although the oral presentation may be in Portuguese, the Powerpoint must be in English.<\/p><p>Any supporting document used in the oral communication, namely the Powerpoint, must comply with the presentation template available on the conference website. The file name must indicate the presentation number (the one assigned to the previously approved abstract), the name of the 1st author (example: 29_Jo\u00e3oSilva).<\/p><p>If you have any difficulties submitting the Powerpoint, please contact the Secretariat at the following email address: <a href=\"mailto:info@euroissues.pt\">info@euroissues.pt<\/a><\/p>\t\t\t\t\t\t\t\t<\/div>\n\t\t\t\t<\/div>\n\t\t\t\t\t<\/div>\n\t\t\t\t<\/div>\n\t\t<div class=\"elementor-element elementor-element-aaccb58 e-flex e-con-boxed e-con e-parent\" data-id=\"aaccb58\" data-element_type=\"container\" data-e-type=\"container\">\n\t\t\t\t\t<div class=\"e-con-inner\">\n\t\t<div class=\"elementor-element elementor-element-b3a16f0 e-con-full e-flex e-con e-child\" data-id=\"b3a16f0\" data-element_type=\"container\" data-e-type=\"container\">\n\t\t\t\t<div class=\"elementor-element elementor-element-f769996 elementor-align-center elementor-widget elementor-widget-button\" data-id=\"f769996\" data-element_type=\"widget\" data-e-type=\"widget\" data-widget_type=\"button.default\">\n\t\t\t\t<div class=\"elementor-widget-container\">\n\t\t\t\t\t\t\t\t\t<div class=\"elementor-button-wrapper\">\n\t\t\t\t\t<a class=\"elementor-button elementor-button-link elementor-size-sm\" href=\"https:\/\/euroissues.pt\/wp-content\/uploads\/2025\/04\/Modelo-de-Apresentacao-Presentation_template.pptx\" target=\"_blank\">\n\t\t\t\t\t\t<span class=\"elementor-button-content-wrapper\">\n\t\t\t\t\t\t\t\t\t<span class=\"elementor-button-text\">Presentation Template<\/span>\n\t\t\t\t\t<\/span>\n\t\t\t\t\t<\/a>\n\t\t\t\t<\/div>\n\t\t\t\t\t\t\t\t<\/div>\n\t\t\t\t<\/div>\n\t\t\t\t<\/div>\n\t\t\t\t\t<\/div>\n\t\t\t\t<\/div>\n\t\t\t\t<\/div>","protected":false},"excerpt":{"rendered":"<p>XIX Jornadas Internacionais sobre Grandes Problem\u00e1ticas do Espa\u00e7o Europeu Cada sess\u00e3o de Comunica\u00e7\u00f5es Orais ser\u00e1 aberta pelo Moderador da Sess\u00e3o Tem\u00e1tica correspondente, que, ap\u00f3s uma breve introdu\u00e7\u00e3o, moderar\u00e1 a sess\u00e3o. As Comunica\u00e7\u00f5es Orais n\u00e3o podem ultrapassar os 15 minutos, seguindo-se uma discuss\u00e3o de 15 minutos por sess\u00e3o. As l\u00ednguas oficiais das XIX Jornadas Internacionais sobre [&hellip;]<\/p>\n","protected":false},"author":1,"featured_media":0,"parent":1805,"menu_order":0,"comment_status":"closed","ping_status":"closed","template":"","meta":{"ocean_post_layout":"","ocean_both_sidebars_style":"","ocean_both_sidebars_content_width":0,"ocean_both_sidebars_sidebars_width":0,"ocean_sidebar":"","ocean_second_sidebar":"","ocean_disable_margins":"enable","ocean_add_body_class":"","ocean_shortcode_before_top_bar":"","ocean_shortcode_after_top_bar":"","ocean_shortcode_before_header":"","ocean_shortcode_after_header":"","ocean_has_shortcode":"","ocean_shortcode_after_title":"","ocean_shortcode_before_footer_widgets":"","ocean_shortcode_after_footer_widgets":"","ocean_shortcode_before_footer_bottom":"","ocean_shortcode_after_footer_bottom":"","ocean_display_top_bar":"default","ocean_display_header":"default","ocean_header_style":"","ocean_center_header_left_menu":"","ocean_custom_header_template":"","ocean_custom_logo":0,"ocean_custom_retina_logo":0,"ocean_custom_logo_max_width":0,"ocean_custom_logo_tablet_max_width":0,"ocean_custom_logo_mobile_max_width":0,"ocean_custom_logo_max_height":0,"ocean_custom_logo_tablet_max_height":0,"ocean_custom_logo_mobile_max_height":0,"ocean_header_custom_menu":"","ocean_menu_typo_font_family":"","ocean_menu_typo_font_subset":"","ocean_menu_typo_font_size":0,"ocean_menu_typo_font_size_tablet":0,"ocean_menu_typo_font_size_mobile":0,"ocean_menu_typo_font_size_unit":"px","ocean_menu_typo_font_weight":"","ocean_menu_typo_font_weight_tablet":"","ocean_menu_typo_font_weight_mobile":"","ocean_menu_typo_transform":"","ocean_menu_typo_transform_tablet":"","ocean_menu_typo_transform_mobile":"","ocean_menu_typo_line_height":0,"ocean_menu_typo_line_height_tablet":0,"ocean_menu_typo_line_height_mobile":0,"ocean_menu_typo_line_height_unit":"","ocean_menu_typo_spacing":0,"ocean_menu_typo_spacing_tablet":0,"ocean_menu_typo_spacing_mobile":0,"ocean_menu_typo_spacing_unit":"","ocean_menu_link_color":"","ocean_menu_link_color_hover":"","ocean_menu_link_color_active":"","ocean_menu_link_background":"","ocean_menu_link_hover_background":"","ocean_menu_link_active_background":"","ocean_menu_social_links_bg":"","ocean_menu_social_hover_links_bg":"","ocean_menu_social_links_color":"","ocean_menu_social_hover_links_color":"","ocean_disable_title":"default","ocean_disable_heading":"default","ocean_post_title":"","ocean_post_subheading":"","ocean_post_title_style":"","ocean_post_title_background_color":"","ocean_post_title_background":0,"ocean_post_title_bg_image_position":"","ocean_post_title_bg_image_attachment":"","ocean_post_title_bg_image_repeat":"","ocean_post_title_bg_image_size":"","ocean_post_title_height":0,"ocean_post_title_bg_overlay":0.5,"ocean_post_title_bg_overlay_color":"","ocean_disable_breadcrumbs":"default","ocean_breadcrumbs_color":"","ocean_breadcrumbs_separator_color":"","ocean_breadcrumbs_links_color":"","ocean_breadcrumbs_links_hover_color":"","ocean_display_footer_widgets":"default","ocean_display_footer_bottom":"default","ocean_custom_footer_template":"","footnotes":""},"class_list":["post-146","page","type-page","status-publish","hentry","entry"],"yoast_head":"<!-- This site is optimized with the Yoast SEO plugin v27.5 - https:\/\/yoast.com\/product\/yoast-seo-wordpress\/ -->\n<title>Apresenta\u00e7\u00f5es de Comunica\u00e7\u00f5es Orais - EUROISSUES<\/title>\n<meta name=\"robots\" content=\"index, follow, max-snippet:-1, max-image-preview:large, max-video-preview:-1\" \/>\n<link rel=\"canonical\" href=\"https:\/\/euroissues.pt\/en\/jornadas-xix-2025\/apresentacoes-orais\/\" \/>\n<meta property=\"og:locale\" content=\"en_GB\" \/>\n<meta property=\"og:type\" content=\"article\" \/>\n<meta property=\"og:title\" content=\"Apresenta\u00e7\u00f5es de Comunica\u00e7\u00f5es Orais - EUROISSUES\" \/>\n<meta property=\"og:description\" content=\"XIX Jornadas Internacionais sobre Grandes Problem\u00e1ticas do Espa\u00e7o Europeu Cada sess\u00e3o de Comunica\u00e7\u00f5es Orais ser\u00e1 aberta pelo Moderador da Sess\u00e3o Tem\u00e1tica correspondente, que, ap\u00f3s uma breve introdu\u00e7\u00e3o, moderar\u00e1 a sess\u00e3o. As Comunica\u00e7\u00f5es Orais n\u00e3o podem ultrapassar os 15 minutos, seguindo-se uma discuss\u00e3o de 15 minutos por sess\u00e3o. As l\u00ednguas oficiais das XIX Jornadas Internacionais sobre [&hellip;]\" \/>\n<meta property=\"og:url\" content=\"https:\/\/euroissues.pt\/en\/jornadas-xix-2025\/apresentacoes-orais\/\" \/>\n<meta property=\"og:site_name\" content=\"EUROISSUES\" \/>\n<meta property=\"article:modified_time\" content=\"2025-04-03T10:41:45+00:00\" \/>\n<meta name=\"twitter:card\" content=\"summary_large_image\" \/>\n<meta name=\"twitter:label1\" content=\"Estimated reading time\" \/>\n\t<meta name=\"twitter:data1\" content=\"1 minute\" \/>\n<script type=\"application\/ld+json\" class=\"yoast-schema-graph\">{\"@context\":\"https:\\\/\\\/schema.org\",\"@graph\":[{\"@type\":\"WebPage\",\"@id\":\"https:\\\/\\\/euroissues.pt\\\/jornadas-xix-2025\\\/apresentacoes-orais\\\/\",\"url\":\"https:\\\/\\\/euroissues.pt\\\/jornadas-xix-2025\\\/apresentacoes-orais\\\/\",\"name\":\"Apresenta\u00e7\u00f5es de Comunica\u00e7\u00f5es Orais - EUROISSUES\",\"isPartOf\":{\"@id\":\"https:\\\/\\\/euroissues.pt\\\/#website\"},\"datePublished\":\"2024-03-13T14:10:17+00:00\",\"dateModified\":\"2025-04-03T10:41:45+00:00\",\"breadcrumb\":{\"@id\":\"https:\\\/\\\/euroissues.pt\\\/jornadas-xix-2025\\\/apresentacoes-orais\\\/#breadcrumb\"},\"inLanguage\":\"en-GB\",\"potentialAction\":[{\"@type\":\"ReadAction\",\"target\":[\"https:\\\/\\\/euroissues.pt\\\/jornadas-xix-2025\\\/apresentacoes-orais\\\/\"]}]},{\"@type\":\"BreadcrumbList\",\"@id\":\"https:\\\/\\\/euroissues.pt\\\/jornadas-xix-2025\\\/apresentacoes-orais\\\/#breadcrumb\",\"itemListElement\":[{\"@type\":\"ListItem\",\"position\":1,\"name\":\"In\u00edcio\",\"item\":\"https:\\\/\\\/euroissues.pt\\\/\"},{\"@type\":\"ListItem\",\"position\":2,\"name\":\"Jornadas XIX \u2013 2025\",\"item\":\"https:\\\/\\\/euroissues.pt\\\/jornadas-xix-2025\\\/\"},{\"@type\":\"ListItem\",\"position\":3,\"name\":\"Apresenta\u00e7\u00f5es de Comunica\u00e7\u00f5es Orais\"}]},{\"@type\":\"WebSite\",\"@id\":\"https:\\\/\\\/euroissues.pt\\\/#website\",\"url\":\"https:\\\/\\\/euroissues.pt\\\/\",\"name\":\"EUROISSUES\",\"description\":\"Constru\u00e7\u00e3o de Territ\u00f3rios Resilientes e Sustent\u00e1veis\",\"publisher\":{\"@id\":\"https:\\\/\\\/euroissues.pt\\\/#organization\"},\"potentialAction\":[{\"@type\":\"SearchAction\",\"target\":{\"@type\":\"EntryPoint\",\"urlTemplate\":\"https:\\\/\\\/euroissues.pt\\\/?s={search_term_string}\"},\"query-input\":{\"@type\":\"PropertyValueSpecification\",\"valueRequired\":true,\"valueName\":\"search_term_string\"}}],\"inLanguage\":\"en-GB\"},{\"@type\":\"Organization\",\"@id\":\"https:\\\/\\\/euroissues.pt\\\/#organization\",\"name\":\"EUROISSUES\",\"url\":\"https:\\\/\\\/euroissues.pt\\\/\",\"logo\":{\"@type\":\"ImageObject\",\"inLanguage\":\"en-GB\",\"@id\":\"https:\\\/\\\/euroissues.pt\\\/#\\\/schema\\\/logo\\\/image\\\/\",\"url\":\"https:\\\/\\\/euroissues.pt\\\/wp-content\\\/uploads\\\/2024\\\/06\\\/cropped-logo_2.png\",\"contentUrl\":\"https:\\\/\\\/euroissues.pt\\\/wp-content\\\/uploads\\\/2024\\\/06\\\/cropped-logo_2.png\",\"width\":500,\"height\":138,\"caption\":\"EUROISSUES\"},\"image\":{\"@id\":\"https:\\\/\\\/euroissues.pt\\\/#\\\/schema\\\/logo\\\/image\\\/\"}}]}<\/script>\n<!-- \/ Yoast SEO plugin. -->","yoast_head_json":{"title":"Apresenta\u00e7\u00f5es de Comunica\u00e7\u00f5es Orais - EUROISSUES","robots":{"index":"index","follow":"follow","max-snippet":"max-snippet:-1","max-image-preview":"max-image-preview:large","max-video-preview":"max-video-preview:-1"},"canonical":"https:\/\/euroissues.pt\/en\/jornadas-xix-2025\/apresentacoes-orais\/","og_locale":"en_GB","og_type":"article","og_title":"Apresenta\u00e7\u00f5es de Comunica\u00e7\u00f5es Orais - EUROISSUES","og_description":"XIX Jornadas Internacionais sobre Grandes Problem\u00e1ticas do Espa\u00e7o Europeu Cada sess\u00e3o de Comunica\u00e7\u00f5es Orais ser\u00e1 aberta pelo Moderador da Sess\u00e3o Tem\u00e1tica correspondente, que, ap\u00f3s uma breve introdu\u00e7\u00e3o, moderar\u00e1 a sess\u00e3o. As Comunica\u00e7\u00f5es Orais n\u00e3o podem ultrapassar os 15 minutos, seguindo-se uma discuss\u00e3o de 15 minutos por sess\u00e3o. As l\u00ednguas oficiais das XIX Jornadas Internacionais sobre [&hellip;]","og_url":"https:\/\/euroissues.pt\/en\/jornadas-xix-2025\/apresentacoes-orais\/","og_site_name":"EUROISSUES","article_modified_time":"2025-04-03T10:41:45+00:00","twitter_card":"summary_large_image","twitter_misc":{"Estimated reading time":"1 minute"},"schema":{"@context":"https:\/\/schema.org","@graph":[{"@type":"WebPage","@id":"https:\/\/euroissues.pt\/jornadas-xix-2025\/apresentacoes-orais\/","url":"https:\/\/euroissues.pt\/jornadas-xix-2025\/apresentacoes-orais\/","name":"Apresenta\u00e7\u00f5es de Comunica\u00e7\u00f5es Orais - EUROISSUES","isPartOf":{"@id":"https:\/\/euroissues.pt\/#website"},"datePublished":"2024-03-13T14:10:17+00:00","dateModified":"2025-04-03T10:41:45+00:00","breadcrumb":{"@id":"https:\/\/euroissues.pt\/jornadas-xix-2025\/apresentacoes-orais\/#breadcrumb"},"inLanguage":"en-GB","potentialAction":[{"@type":"ReadAction","target":["https:\/\/euroissues.pt\/jornadas-xix-2025\/apresentacoes-orais\/"]}]},{"@type":"BreadcrumbList","@id":"https:\/\/euroissues.pt\/jornadas-xix-2025\/apresentacoes-orais\/#breadcrumb","itemListElement":[{"@type":"ListItem","position":1,"name":"In\u00edcio","item":"https:\/\/euroissues.pt\/"},{"@type":"ListItem","position":2,"name":"Jornadas XIX \u2013 2025","item":"https:\/\/euroissues.pt\/jornadas-xix-2025\/"},{"@type":"ListItem","position":3,"name":"Apresenta\u00e7\u00f5es de Comunica\u00e7\u00f5es Orais"}]},{"@type":"WebSite","@id":"https:\/\/euroissues.pt\/#website","url":"https:\/\/euroissues.pt\/","name":"EUROISSUES","description":"Constru\u00e7\u00e3o de Territ\u00f3rios Resilientes e Sustent\u00e1veis","publisher":{"@id":"https:\/\/euroissues.pt\/#organization"},"potentialAction":[{"@type":"SearchAction","target":{"@type":"EntryPoint","urlTemplate":"https:\/\/euroissues.pt\/?s={search_term_string}"},"query-input":{"@type":"PropertyValueSpecification","valueRequired":true,"valueName":"search_term_string"}}],"inLanguage":"en-GB"},{"@type":"Organization","@id":"https:\/\/euroissues.pt\/#organization","name":"EUROISSUES","url":"https:\/\/euroissues.pt\/","logo":{"@type":"ImageObject","inLanguage":"en-GB","@id":"https:\/\/euroissues.pt\/#\/schema\/logo\/image\/","url":"https:\/\/euroissues.pt\/wp-content\/uploads\/2024\/06\/cropped-logo_2.png","contentUrl":"https:\/\/euroissues.pt\/wp-content\/uploads\/2024\/06\/cropped-logo_2.png","width":500,"height":138,"caption":"EUROISSUES"},"image":{"@id":"https:\/\/euroissues.pt\/#\/schema\/logo\/image\/"}}]}},"_links":{"self":[{"href":"https:\/\/euroissues.pt\/en\/wp-json\/wp\/v2\/pages\/146","targetHints":{"allow":["GET"]}}],"collection":[{"href":"https:\/\/euroissues.pt\/en\/wp-json\/wp\/v2\/pages"}],"about":[{"href":"https:\/\/euroissues.pt\/en\/wp-json\/wp\/v2\/types\/page"}],"author":[{"embeddable":true,"href":"https:\/\/euroissues.pt\/en\/wp-json\/wp\/v2\/users\/1"}],"replies":[{"embeddable":true,"href":"https:\/\/euroissues.pt\/en\/wp-json\/wp\/v2\/comments?post=146"}],"version-history":[{"count":0,"href":"https:\/\/euroissues.pt\/en\/wp-json\/wp\/v2\/pages\/146\/revisions"}],"up":[{"embeddable":true,"href":"https:\/\/euroissues.pt\/en\/wp-json\/wp\/v2\/pages\/1805"}],"wp:attachment":[{"href":"https:\/\/euroissues.pt\/en\/wp-json\/wp\/v2\/media?parent=146"}],"curies":[{"name":"wp","href":"https:\/\/api.w.org\/{rel}","templated":true}]}}