{"id":155,"date":"2024-03-13T14:12:08","date_gmt":"2024-03-13T14:12:08","guid":{"rendered":"https:\/\/euroissues.pt\/?page_id=155"},"modified":"2025-04-03T10:53:41","modified_gmt":"2025-04-03T10:53:41","slug":"apresentacao-de-posters","status":"publish","type":"page","link":"https:\/\/euroissues.pt\/en\/jornadas-xix-2025\/apresentacao-de-posters\/","title":{"rendered":"Poster Presentations"},"content":{"rendered":"<div data-elementor-type=\"wp-page\" data-elementor-id=\"155\" class=\"elementor elementor-155\" data-elementor-post-type=\"page\">\n\t\t\t\t<div class=\"elementor-element elementor-element-1ead408 e-flex e-con-boxed e-con e-parent\" data-id=\"1ead408\" data-element_type=\"container\" data-e-type=\"container\">\n\t\t\t\t\t<div class=\"e-con-inner\">\n\t\t\t\t<div class=\"elementor-element elementor-element-c625304 elementor-widget elementor-widget-text-editor\" data-id=\"c625304\" data-element_type=\"widget\" data-e-type=\"widget\" data-widget_type=\"text-editor.default\">\n\t\t\t\t<div class=\"elementor-widget-container\">\n\t\t\t\t\t\t\t\t\t<section class=\"text\"><div class=\"centered-text-a\"><p>Each Poster presentation session will be opened by the moderator of the corresponding Thematic Session who, after a brief introduction, will coordinate the session. Poster presentations can last up to 5 minutes, followed by a 10-minute discussion per session.<br \/>The official languages \u200b\u200bof the XIX International Conference on Major Issues in the European Area are Portuguese and English. When presenting the poster, the template available on the conference website must be followed.<\/p><p><strong>Date to be announced in due course.<\/strong><\/p><p>If you have any difficulties submitting your poster, please contact the Secretariat at the following email address: <a href=\"mailto:info@euroissues.pt\">info@euroissues.pt<\/a><\/p><p><strong>Guidelines:<\/strong><\/p><\/div><div class=\"centered-text-a\"><strong>1. <\/strong><strong>How can you prepare your poster?\u00a0<\/strong>You can use PowerPoint (Template Provided), however, in the end, you will always have to convert your poster into a PDF file before submitting it.<br \/><strong>2. Size:\u00a0<\/strong>In any of the programmes, use the following measurements: 420x594mm (A2).<\/div><\/section><section class=\"text\"><div class=\"centered-text-a\"><p><strong>3. Mandatory vertical orientation:\u00a0<\/strong>Once you have selected the size (A2), you must organise the elements of your poster using text boxes, inserting images and selecting fonts and colours.<br \/><strong>4. Font:\u00a0<\/strong>When choosing fonts for your Poster, make sure they are easy to read. Do not mix and avoid fonts that are difficult to read. Suggested size: Arial 24, with the option of using italics and bold.<br \/><strong>5. Images:\u00a0<\/strong>When selecting the images for your Poster, make sure they have a good resolution (ideally 300 dpi), as well as paying attention to the relationship between the size and the desired scale.<br \/><strong>6. Graphics:\u00a0<\/strong>Check the font used for the graphic\/image captions, as they should be easy to read.<br \/><strong>7. How can you submit your E-Poster?<\/strong>\u00a0To submit your poster, please click on the button below.<br \/><strong>8. Before submitting your poster, please note the following information:<\/strong><br \/><strong>8.1. <\/strong>Each Poster must be a single presentation slide. Posters with more than one slide or with overlapping images will not be accepted;<br \/><strong>8.2.\u00a0<\/strong>The file name must indicate the poster number (the one assigned to the previously approved abstract) and the name of the 1st author (Example: 29_JohnSmith);<br \/><strong>8.3.\u00a0<\/strong>We ask that\u00a0<strong>only the final version of the poster be submitted<\/strong>If, for reasons of force majeure, any changes need to be made, they must be carried out within the submission deadline;<br \/><strong>8.4.\u00a0<\/strong>Once your poster has been submitted, you will receive an automatic confirmation e-mail. If any irregularities are detected, we will contact you.<\/p><\/div><\/section>\t\t\t\t\t\t\t\t<\/div>\n\t\t\t\t<\/div>\n\t\t\t\t\t<\/div>\n\t\t\t\t<\/div>\n\t\t<div class=\"elementor-element elementor-element-75340fe e-flex e-con-boxed e-con e-parent\" data-id=\"75340fe\" data-element_type=\"container\" data-e-type=\"container\">\n\t\t\t\t\t<div class=\"e-con-inner\">\n\t\t<div class=\"elementor-element elementor-element-73e9d6c e-con-full e-flex e-con e-child\" data-id=\"73e9d6c\" data-element_type=\"container\" data-e-type=\"container\">\n\t\t\t\t<div class=\"elementor-element elementor-element-bd42867 elementor-align-center elementor-widget elementor-widget-button\" data-id=\"bd42867\" data-element_type=\"widget\" data-e-type=\"widget\" data-widget_type=\"button.default\">\n\t\t\t\t<div class=\"elementor-widget-container\">\n\t\t\t\t\t\t\t\t\t<div class=\"elementor-button-wrapper\">\n\t\t\t\t\t<a class=\"elementor-button elementor-button-link elementor-size-sm\" href=\"https:\/\/euroissues.pt\/wp-content\/uploads\/2025\/04\/Poster_template.pptx\">\n\t\t\t\t\t\t<span class=\"elementor-button-content-wrapper\">\n\t\t\t\t\t\t\t\t\t<span class=\"elementor-button-text\">Poster Template<\/span>\n\t\t\t\t\t<\/span>\n\t\t\t\t\t<\/a>\n\t\t\t\t<\/div>\n\t\t\t\t\t\t\t\t<\/div>\n\t\t\t\t<\/div>\n\t\t\t\t<\/div>\n\t\t<div class=\"elementor-element elementor-element-0ab8641 e-con-full e-flex e-con e-child\" data-id=\"0ab8641\" data-element_type=\"container\" data-e-type=\"container\">\n\t\t\t\t<div class=\"elementor-element elementor-element-1c866ed elementor-align-center elementor-widget elementor-widget-button\" data-id=\"1c866ed\" data-element_type=\"widget\" data-e-type=\"widget\" data-widget_type=\"button.default\">\n\t\t\t\t<div class=\"elementor-widget-container\">\n\t\t\t\t\t\t\t\t\t<div class=\"elementor-button-wrapper\">\n\t\t\t\t\t<a class=\"elementor-button elementor-button-link elementor-size-sm\" href=\"https:\/\/euroissues.pt\/en\/submissao-de-poster\/\">\n\t\t\t\t\t\t<span class=\"elementor-button-content-wrapper\">\n\t\t\t\t\t\t\t\t\t<span class=\"elementor-button-text\">Submit Poster<\/span>\n\t\t\t\t\t<\/span>\n\t\t\t\t\t<\/a>\n\t\t\t\t<\/div>\n\t\t\t\t\t\t\t\t<\/div>\n\t\t\t\t<\/div>\n\t\t\t\t<\/div>\n\t\t\t\t\t<\/div>\n\t\t\t\t<\/div>\n\t\t<div class=\"elementor-element elementor-element-8d3aa8b e-flex e-con-boxed e-con e-parent\" data-id=\"8d3aa8b\" data-element_type=\"container\" data-e-type=\"container\">\n\t\t\t\t\t<div class=\"e-con-inner\">\n\t\t\t\t<div class=\"elementor-element elementor-element-f6457cd elementor-widget elementor-widget-text-editor\" data-id=\"f6457cd\" data-element_type=\"widget\" data-e-type=\"widget\" data-widget_type=\"text-editor.default\">\n\t\t\t\t<div class=\"elementor-widget-container\">\n\t\t\t\t\t\t\t\t\t<p><strong>Note:<\/strong> Accepted posters will participate in the <strong>Best Poster<\/strong> <strong>Contest<\/strong>, being evaluated by the Organizing Committee of the event, which will choose the <strong><em>\u201cBest Poster\u201d<\/em><\/strong> between the candidates.<\/p><p><strong>Each poster will be evaluated based on:<\/strong><\/p><ol><li>Relevance and pertinence of the topic<\/li><li>Originality, creativity and quality of work<\/li><li>Coherence and structure of the information presented in the poster (elements that were covered and their sequence);<\/li><li>Clarity in defining objectives and presenting the methodology;<\/li><li>Clarity in the presentation and discussion of results;<\/li><li>Quality of presentation in the composition\/presentation of the poster.<\/li><\/ol>\t\t\t\t\t\t\t\t<\/div>\n\t\t\t\t<\/div>\n\t\t\t\t\t<\/div>\n\t\t\t\t<\/div>\n\t\t<div class=\"elementor-element elementor-element-d7b33a9 e-flex e-con-boxed e-con e-parent\" data-id=\"d7b33a9\" data-element_type=\"container\" data-e-type=\"container\">\n\t\t\t\t\t<div class=\"e-con-inner\">\n\t\t<div class=\"elementor-element elementor-element-5956cd9 e-con-full e-flex e-con e-child\" data-id=\"5956cd9\" data-element_type=\"container\" data-e-type=\"container\">\n\t\t\t\t<\/div>\n\t\t<div class=\"elementor-element elementor-element-41215f9 e-con-full e-flex e-con e-child\" data-id=\"41215f9\" data-element_type=\"container\" data-e-type=\"container\">\n\t\t\t\t<div class=\"elementor-element elementor-element-ab49ee0 elementor-align-center elementor-widget elementor-widget-button\" data-id=\"ab49ee0\" data-element_type=\"widget\" data-e-type=\"widget\" data-widget_type=\"button.default\">\n\t\t\t\t<div class=\"elementor-widget-container\">\n\t\t\t\t\t\t\t\t\t<div class=\"elementor-button-wrapper\">\n\t\t\t\t\t<a class=\"elementor-button elementor-button-link elementor-size-sm\" href=\"https:\/\/euroissues.pt\/en\/regulamento-do-concurso-o-melhor-poster\/\">\n\t\t\t\t\t\t<span class=\"elementor-button-content-wrapper\">\n\t\t\t\t\t\t\t\t\t<span class=\"elementor-button-text\">Contest Rules<\/span>\n\t\t\t\t\t<\/span>\n\t\t\t\t\t<\/a>\n\t\t\t\t<\/div>\n\t\t\t\t\t\t\t\t<\/div>\n\t\t\t\t<\/div>\n\t\t\t\t<\/div>\n\t\t\t\t\t<\/div>\n\t\t\t\t<\/div>\n\t\t\t\t<\/div>","protected":false},"excerpt":{"rendered":"<p>Cada sess\u00e3o de Comunica\u00e7\u00f5es em Poster ser\u00e1 aberta pelo moderador da Sess\u00e3o Tem\u00e1tica correspondente que, ap\u00f3s uma breve introdu\u00e7\u00e3o, coordenar\u00e1 a sess\u00e3o. As Comunica\u00e7\u00f5es em Poster podem durar at\u00e9 5 minutos, seguindo-se uma discuss\u00e3o de 10 minutos por sess\u00e3o.As l\u00ednguas oficiais das XIX Jornadas Internacionais sobre Grandes Problem\u00e1ticas do Espa\u00e7o Europeu s\u00e3o o portugu\u00eas e [&hellip;]<\/p>\n","protected":false},"author":1,"featured_media":0,"parent":1805,"menu_order":0,"comment_status":"closed","ping_status":"closed","template":"","meta":{"ocean_post_layout":"","ocean_both_sidebars_style":"","ocean_both_sidebars_content_width":0,"ocean_both_sidebars_sidebars_width":0,"ocean_sidebar":"","ocean_second_sidebar":"","ocean_disable_margins":"enable","ocean_add_body_class":"","ocean_shortcode_before_top_bar":"","ocean_shortcode_after_top_bar":"","ocean_shortcode_before_header":"","ocean_shortcode_after_header":"","ocean_has_shortcode":"","ocean_shortcode_after_title":"","ocean_shortcode_before_footer_widgets":"","ocean_shortcode_after_footer_widgets":"","ocean_shortcode_before_footer_bottom":"","ocean_shortcode_after_footer_bottom":"","ocean_display_top_bar":"default","ocean_display_header":"default","ocean_header_style":"","ocean_center_header_left_menu":"","ocean_custom_header_template":"","ocean_custom_logo":0,"ocean_custom_retina_logo":0,"ocean_custom_logo_max_width":0,"ocean_custom_logo_tablet_max_width":0,"ocean_custom_logo_mobile_max_width":0,"ocean_custom_logo_max_height":0,"ocean_custom_logo_tablet_max_height":0,"ocean_custom_logo_mobile_max_height":0,"ocean_header_custom_menu":"","ocean_menu_typo_font_family":"","ocean_menu_typo_font_subset":"","ocean_menu_typo_font_size":0,"ocean_menu_typo_font_size_tablet":0,"ocean_menu_typo_font_size_mobile":0,"ocean_menu_typo_font_size_unit":"px","ocean_menu_typo_font_weight":"","ocean_menu_typo_font_weight_tablet":"","ocean_menu_typo_font_weight_mobile":"","ocean_menu_typo_transform":"","ocean_menu_typo_transform_tablet":"","ocean_menu_typo_transform_mobile":"","ocean_menu_typo_line_height":0,"ocean_menu_typo_line_height_tablet":0,"ocean_menu_typo_line_height_mobile":0,"ocean_menu_typo_line_height_unit":"","ocean_menu_typo_spacing":0,"ocean_menu_typo_spacing_tablet":0,"ocean_menu_typo_spacing_mobile":0,"ocean_menu_typo_spacing_unit":"","ocean_menu_link_color":"","ocean_menu_link_color_hover":"","ocean_menu_link_color_active":"","ocean_menu_link_background":"","ocean_menu_link_hover_background":"","ocean_menu_link_active_background":"","ocean_menu_social_links_bg":"","ocean_menu_social_hover_links_bg":"","ocean_menu_social_links_color":"","ocean_menu_social_hover_links_color":"","ocean_disable_title":"default","ocean_disable_heading":"default","ocean_post_title":"","ocean_post_subheading":"","ocean_post_title_style":"","ocean_post_title_background_color":"","ocean_post_title_background":0,"ocean_post_title_bg_image_position":"","ocean_post_title_bg_image_attachment":"","ocean_post_title_bg_image_repeat":"","ocean_post_title_bg_image_size":"","ocean_post_title_height":0,"ocean_post_title_bg_overlay":0.5,"ocean_post_title_bg_overlay_color":"","ocean_disable_breadcrumbs":"default","ocean_breadcrumbs_color":"","ocean_breadcrumbs_separator_color":"","ocean_breadcrumbs_links_color":"","ocean_breadcrumbs_links_hover_color":"","ocean_display_footer_widgets":"default","ocean_display_footer_bottom":"default","ocean_custom_footer_template":"","footnotes":""},"class_list":["post-155","page","type-page","status-publish","hentry","entry"],"yoast_head":"<!-- This site is optimized with the Yoast SEO plugin v27.5 - https:\/\/yoast.com\/product\/yoast-seo-wordpress\/ -->\n<title>Apresenta\u00e7\u00e3o de Posters - EUROISSUES<\/title>\n<meta name=\"robots\" content=\"index, follow, max-snippet:-1, max-image-preview:large, max-video-preview:-1\" \/>\n<link rel=\"canonical\" href=\"https:\/\/euroissues.pt\/en\/jornadas-xix-2025\/apresentacao-de-posters\/\" \/>\n<meta property=\"og:locale\" content=\"en_GB\" \/>\n<meta property=\"og:type\" content=\"article\" \/>\n<meta property=\"og:title\" content=\"Apresenta\u00e7\u00e3o de Posters - EUROISSUES\" \/>\n<meta property=\"og:description\" content=\"Cada sess\u00e3o de Comunica\u00e7\u00f5es em Poster ser\u00e1 aberta pelo moderador da Sess\u00e3o Tem\u00e1tica correspondente que, ap\u00f3s uma breve introdu\u00e7\u00e3o, coordenar\u00e1 a sess\u00e3o. As Comunica\u00e7\u00f5es em Poster podem durar at\u00e9 5 minutos, seguindo-se uma discuss\u00e3o de 10 minutos por sess\u00e3o.As l\u00ednguas oficiais das XIX Jornadas Internacionais sobre Grandes Problem\u00e1ticas do Espa\u00e7o Europeu s\u00e3o o portugu\u00eas e [&hellip;]\" \/>\n<meta property=\"og:url\" content=\"https:\/\/euroissues.pt\/en\/jornadas-xix-2025\/apresentacao-de-posters\/\" \/>\n<meta property=\"og:site_name\" content=\"EUROISSUES\" \/>\n<meta property=\"article:modified_time\" content=\"2025-04-03T10:53:41+00:00\" \/>\n<meta name=\"twitter:card\" content=\"summary_large_image\" \/>\n<meta name=\"twitter:label1\" content=\"Estimated reading time\" \/>\n\t<meta name=\"twitter:data1\" content=\"3 minutes\" \/>\n<script type=\"application\/ld+json\" class=\"yoast-schema-graph\">{\"@context\":\"https:\\\/\\\/schema.org\",\"@graph\":[{\"@type\":\"WebPage\",\"@id\":\"https:\\\/\\\/euroissues.pt\\\/jornadas-xix-2025\\\/apresentacao-de-posters\\\/\",\"url\":\"https:\\\/\\\/euroissues.pt\\\/jornadas-xix-2025\\\/apresentacao-de-posters\\\/\",\"name\":\"Apresenta\u00e7\u00e3o de Posters - EUROISSUES\",\"isPartOf\":{\"@id\":\"https:\\\/\\\/euroissues.pt\\\/#website\"},\"datePublished\":\"2024-03-13T14:12:08+00:00\",\"dateModified\":\"2025-04-03T10:53:41+00:00\",\"breadcrumb\":{\"@id\":\"https:\\\/\\\/euroissues.pt\\\/jornadas-xix-2025\\\/apresentacao-de-posters\\\/#breadcrumb\"},\"inLanguage\":\"en-GB\",\"potentialAction\":[{\"@type\":\"ReadAction\",\"target\":[\"https:\\\/\\\/euroissues.pt\\\/jornadas-xix-2025\\\/apresentacao-de-posters\\\/\"]}]},{\"@type\":\"BreadcrumbList\",\"@id\":\"https:\\\/\\\/euroissues.pt\\\/jornadas-xix-2025\\\/apresentacao-de-posters\\\/#breadcrumb\",\"itemListElement\":[{\"@type\":\"ListItem\",\"position\":1,\"name\":\"In\u00edcio\",\"item\":\"https:\\\/\\\/euroissues.pt\\\/\"},{\"@type\":\"ListItem\",\"position\":2,\"name\":\"Jornadas XIX \u2013 2025\",\"item\":\"https:\\\/\\\/euroissues.pt\\\/jornadas-xix-2025\\\/\"},{\"@type\":\"ListItem\",\"position\":3,\"name\":\"Apresenta\u00e7\u00e3o de Posters\"}]},{\"@type\":\"WebSite\",\"@id\":\"https:\\\/\\\/euroissues.pt\\\/#website\",\"url\":\"https:\\\/\\\/euroissues.pt\\\/\",\"name\":\"EUROISSUES\",\"description\":\"Constru\u00e7\u00e3o de Territ\u00f3rios Resilientes e Sustent\u00e1veis\",\"publisher\":{\"@id\":\"https:\\\/\\\/euroissues.pt\\\/#organization\"},\"potentialAction\":[{\"@type\":\"SearchAction\",\"target\":{\"@type\":\"EntryPoint\",\"urlTemplate\":\"https:\\\/\\\/euroissues.pt\\\/?s={search_term_string}\"},\"query-input\":{\"@type\":\"PropertyValueSpecification\",\"valueRequired\":true,\"valueName\":\"search_term_string\"}}],\"inLanguage\":\"en-GB\"},{\"@type\":\"Organization\",\"@id\":\"https:\\\/\\\/euroissues.pt\\\/#organization\",\"name\":\"EUROISSUES\",\"url\":\"https:\\\/\\\/euroissues.pt\\\/\",\"logo\":{\"@type\":\"ImageObject\",\"inLanguage\":\"en-GB\",\"@id\":\"https:\\\/\\\/euroissues.pt\\\/#\\\/schema\\\/logo\\\/image\\\/\",\"url\":\"https:\\\/\\\/euroissues.pt\\\/wp-content\\\/uploads\\\/2024\\\/06\\\/cropped-logo_2.png\",\"contentUrl\":\"https:\\\/\\\/euroissues.pt\\\/wp-content\\\/uploads\\\/2024\\\/06\\\/cropped-logo_2.png\",\"width\":500,\"height\":138,\"caption\":\"EUROISSUES\"},\"image\":{\"@id\":\"https:\\\/\\\/euroissues.pt\\\/#\\\/schema\\\/logo\\\/image\\\/\"}}]}<\/script>\n<!-- \/ Yoast SEO plugin. -->","yoast_head_json":{"title":"Apresenta\u00e7\u00e3o de Posters - EUROISSUES","robots":{"index":"index","follow":"follow","max-snippet":"max-snippet:-1","max-image-preview":"max-image-preview:large","max-video-preview":"max-video-preview:-1"},"canonical":"https:\/\/euroissues.pt\/en\/jornadas-xix-2025\/apresentacao-de-posters\/","og_locale":"en_GB","og_type":"article","og_title":"Apresenta\u00e7\u00e3o de Posters - EUROISSUES","og_description":"Cada sess\u00e3o de Comunica\u00e7\u00f5es em Poster ser\u00e1 aberta pelo moderador da Sess\u00e3o Tem\u00e1tica correspondente que, ap\u00f3s uma breve introdu\u00e7\u00e3o, coordenar\u00e1 a sess\u00e3o. As Comunica\u00e7\u00f5es em Poster podem durar at\u00e9 5 minutos, seguindo-se uma discuss\u00e3o de 10 minutos por sess\u00e3o.As l\u00ednguas oficiais das XIX Jornadas Internacionais sobre Grandes Problem\u00e1ticas do Espa\u00e7o Europeu s\u00e3o o portugu\u00eas e [&hellip;]","og_url":"https:\/\/euroissues.pt\/en\/jornadas-xix-2025\/apresentacao-de-posters\/","og_site_name":"EUROISSUES","article_modified_time":"2025-04-03T10:53:41+00:00","twitter_card":"summary_large_image","twitter_misc":{"Estimated reading time":"3 minutes"},"schema":{"@context":"https:\/\/schema.org","@graph":[{"@type":"WebPage","@id":"https:\/\/euroissues.pt\/jornadas-xix-2025\/apresentacao-de-posters\/","url":"https:\/\/euroissues.pt\/jornadas-xix-2025\/apresentacao-de-posters\/","name":"Apresenta\u00e7\u00e3o de Posters - EUROISSUES","isPartOf":{"@id":"https:\/\/euroissues.pt\/#website"},"datePublished":"2024-03-13T14:12:08+00:00","dateModified":"2025-04-03T10:53:41+00:00","breadcrumb":{"@id":"https:\/\/euroissues.pt\/jornadas-xix-2025\/apresentacao-de-posters\/#breadcrumb"},"inLanguage":"en-GB","potentialAction":[{"@type":"ReadAction","target":["https:\/\/euroissues.pt\/jornadas-xix-2025\/apresentacao-de-posters\/"]}]},{"@type":"BreadcrumbList","@id":"https:\/\/euroissues.pt\/jornadas-xix-2025\/apresentacao-de-posters\/#breadcrumb","itemListElement":[{"@type":"ListItem","position":1,"name":"In\u00edcio","item":"https:\/\/euroissues.pt\/"},{"@type":"ListItem","position":2,"name":"Jornadas XIX \u2013 2025","item":"https:\/\/euroissues.pt\/jornadas-xix-2025\/"},{"@type":"ListItem","position":3,"name":"Apresenta\u00e7\u00e3o de Posters"}]},{"@type":"WebSite","@id":"https:\/\/euroissues.pt\/#website","url":"https:\/\/euroissues.pt\/","name":"EUROISSUES","description":"Constru\u00e7\u00e3o de Territ\u00f3rios Resilientes e Sustent\u00e1veis","publisher":{"@id":"https:\/\/euroissues.pt\/#organization"},"potentialAction":[{"@type":"SearchAction","target":{"@type":"EntryPoint","urlTemplate":"https:\/\/euroissues.pt\/?s={search_term_string}"},"query-input":{"@type":"PropertyValueSpecification","valueRequired":true,"valueName":"search_term_string"}}],"inLanguage":"en-GB"},{"@type":"Organization","@id":"https:\/\/euroissues.pt\/#organization","name":"EUROISSUES","url":"https:\/\/euroissues.pt\/","logo":{"@type":"ImageObject","inLanguage":"en-GB","@id":"https:\/\/euroissues.pt\/#\/schema\/logo\/image\/","url":"https:\/\/euroissues.pt\/wp-content\/uploads\/2024\/06\/cropped-logo_2.png","contentUrl":"https:\/\/euroissues.pt\/wp-content\/uploads\/2024\/06\/cropped-logo_2.png","width":500,"height":138,"caption":"EUROISSUES"},"image":{"@id":"https:\/\/euroissues.pt\/#\/schema\/logo\/image\/"}}]}},"_links":{"self":[{"href":"https:\/\/euroissues.pt\/en\/wp-json\/wp\/v2\/pages\/155","targetHints":{"allow":["GET"]}}],"collection":[{"href":"https:\/\/euroissues.pt\/en\/wp-json\/wp\/v2\/pages"}],"about":[{"href":"https:\/\/euroissues.pt\/en\/wp-json\/wp\/v2\/types\/page"}],"author":[{"embeddable":true,"href":"https:\/\/euroissues.pt\/en\/wp-json\/wp\/v2\/users\/1"}],"replies":[{"embeddable":true,"href":"https:\/\/euroissues.pt\/en\/wp-json\/wp\/v2\/comments?post=155"}],"version-history":[{"count":0,"href":"https:\/\/euroissues.pt\/en\/wp-json\/wp\/v2\/pages\/155\/revisions"}],"up":[{"embeddable":true,"href":"https:\/\/euroissues.pt\/en\/wp-json\/wp\/v2\/pages\/1805"}],"wp:attachment":[{"href":"https:\/\/euroissues.pt\/en\/wp-json\/wp\/v2\/media?parent=155"}],"curies":[{"name":"wp","href":"https:\/\/api.w.org\/{rel}","templated":true}]}}