{"id":176,"date":"2024-03-13T14:17:39","date_gmt":"2024-03-13T14:17:39","guid":{"rendered":"https:\/\/euroissues.pt\/?page_id=176"},"modified":"2026-02-02T17:51:42","modified_gmt":"2026-02-02T17:51:42","slug":"publicacoes-2025","status":"publish","type":"page","link":"https:\/\/euroissues.pt\/en\/jornadas-xix-2025\/publicacoes-2025\/","title":{"rendered":"Publications"},"content":{"rendered":"<div data-elementor-type=\"wp-page\" data-elementor-id=\"176\" class=\"elementor elementor-176\" data-elementor-post-type=\"page\">\n\t\t\t\t<div class=\"elementor-element elementor-element-1320613 e-flex e-con-boxed e-con e-parent\" data-id=\"1320613\" data-element_type=\"container\" data-e-type=\"container\">\n\t\t\t\t\t<div class=\"e-con-inner\">\n\t\t\t\t<div class=\"elementor-element elementor-element-89b83ba elementor-widget elementor-widget-text-editor\" data-id=\"89b83ba\" data-element_type=\"widget\" data-e-type=\"widget\" data-widget_type=\"text-editor.default\">\n\t\t\t\t<div class=\"elementor-widget-container\">\n\t\t\t\t\t\t\t\t\t<h3><span style=\"text-decoration: underline;\">Book of Abstracts<\/span><\/h3><p><strong>Participants at the XIX International Conference on Overarching Issues of the European Area will be able to submit their short abstracts for paper and\/or poster presentations (between 200 and 300 words). The selected abstracts for paper and\/or poster presentations will be included in a Book of Abstracts published by the Faculty of Arts and Humanities of the University of Porto, with ISBN and DOI.<\/strong><\/p><p><strong>Deadline: <\/strong>April 10, 2025.<\/p><p><strong>Language: <\/strong>English or Portuguese.<\/p>\t\t\t\t\t\t\t\t<\/div>\n\t\t\t\t<\/div>\n\t\t\t\t\t<\/div>\n\t\t\t\t<\/div>\n\t\t<div class=\"elementor-element elementor-element-4d47925 e-flex e-con-boxed e-con e-parent\" data-id=\"4d47925\" data-element_type=\"container\" data-e-type=\"container\">\n\t\t\t\t\t<div class=\"e-con-inner\">\n\t\t\t\t<div class=\"elementor-element elementor-element-be5770b elementor-widget elementor-widget-text-editor\" data-id=\"be5770b\" data-element_type=\"widget\" data-e-type=\"widget\" data-widget_type=\"text-editor.default\">\n\t\t\t\t<div class=\"elementor-widget-container\">\n\t\t\t\t\t\t\t\t\t<h3 class=\"translation-block\">Special Issue in Land (Q1)<\/h3><p class=\"translation-block\">Associated with the XIX International Conference on Major Issues in Europe, a particular volume by Land (MDPI) entitled \u201cBuilding Resilient and Sustainable Territories\u201d.<\/p><p>This special edition aims to disseminate studies that analyse aspects associated with territorial resilience and sustainability, in addition to detailing strategic regional development scenarios and adaptation paths to climate change. It also accepts analyses that focus on public landscape planning policies, or those associated with changes in land use and their consequences, in addition to identifying critical factors connected to the sustainability of territories, particularly in the tourism sector.<\/p><p>We therefore await contributions from scientists, specialists and professionals in Geography, Economy, Environmental and social challenges, Tourism, Rural and urban Landscape Planning, Management and Changes in Land Use or Climate Change, among other topics.<\/p><p><strong>Deadline: <\/strong>31st May, 2025.<\/p><p><strong>Language: <\/strong>English.<\/p><p>The submission link is as follows: <a href=\"https:\/\/emea01.safelinks.protection.outlook.com\/?url=https%3A%2F%2Fwww.mdpi.com%2Fjournal%2Fland%2Fspecial_issues%2F3671485641&amp;data=05%7C02%7C%7C3d42baba3721424092e008dc6e7c0ee1%7C84df9e7fe9f640afb435aaaaaaaaaaaa%7C1%7C0%7C638506726686851879%7CUnknown%7CTWFpbGZsb3d8eyJWIjoiMC4wLjAwMDAiLCJQIjoiV2luMzIiLCJBTiI6Ik1haWwiLCJXVCI6Mn0%3D%7C0%7C%7C%7C&amp;sdata=UGSGFdMfyUsbf1v2C77p0ku8EKInbW9SPy8zLKC5m4c%3D&amp;reserved=0\">https:\/\/www.mdpi.com\/journal\/land\/special_issues\/3671485641<\/a><\/p>\t\t\t\t\t\t\t\t<\/div>\n\t\t\t\t<\/div>\n\t\t\t\t\t<\/div>\n\t\t\t\t<\/div>\n\t\t<div class=\"elementor-element elementor-element-8a72f15 e-flex e-con-boxed e-con e-parent\" data-id=\"8a72f15\" data-element_type=\"container\" data-e-type=\"container\">\n\t\t\t\t\t<div class=\"e-con-inner\">\n\t\t<div class=\"elementor-element elementor-element-ddf74c2 e-con-full e-flex e-con e-child\" data-id=\"ddf74c2\" data-element_type=\"container\" data-e-type=\"container\">\n\t\t\t\t<div class=\"elementor-element elementor-element-73d2ce4 elementor-widget elementor-widget-text-editor\" data-id=\"73d2ce4\" data-element_type=\"widget\" data-e-type=\"widget\" data-widget_type=\"text-editor.default\">\n\t\t\t\t<div class=\"elementor-widget-container\">\n\t\t\t\t\t\t\t\t\t<h3><span style=\"text-decoration: underline;\"><strong>EBook (2025)<\/strong><\/span><\/h3><p>As usual, once the best articles have been selected, the authors are invited to submit their texts for the Special eBook, \u201cThe Overarching Issues of European Area \u2013 2025\u201dpublished by the Faculty of Arts and Humanities of the University of Porto, with ISBN and DOI.<\/p><p>This eBook is indexed in Google Scholar, UP Repository, RCAAP, DRIVER and BASE (Bielefeld Academic Search Engine) and Crossref.<\/p><p>The articles must be original, unpublished, and no more than 25,000 to 35,000 characters long (including spaces). This number should include an abstract in two languages (1500 and 2500 characters, with spaces), 3 to 5 keywords, tables, figures, and bibliographical references. For more information, please consult the template available on the website.<\/p><p>For more information, please consult the template available on the website.<\/p><p><strong>Deadline:<\/strong> September 30th, 2025.<\/p><p><strong>Language: <\/strong>English or Portuguese.<\/p>\t\t\t\t\t\t\t\t<\/div>\n\t\t\t\t<\/div>\n\t\t\t\t<\/div>\n\t\t<div class=\"elementor-element elementor-element-0ba0af4 e-con-full e-flex e-con e-child\" data-id=\"0ba0af4\" data-element_type=\"container\" data-e-type=\"container\">\n\t\t\t\t<\/div>\n\t\t\t\t\t<\/div>\n\t\t\t\t<\/div>\n\t\t<div class=\"elementor-element elementor-element-9059cb0 e-flex e-con-boxed e-con e-parent\" data-id=\"9059cb0\" data-element_type=\"container\" data-e-type=\"container\">\n\t\t\t\t\t<div class=\"e-con-inner\">\n\t\t\t\t<div class=\"elementor-element elementor-element-419b97f elementor-align-center elementor-widget elementor-widget-button\" data-id=\"419b97f\" data-element_type=\"widget\" data-e-type=\"widget\" data-widget_type=\"button.default\">\n\t\t\t\t<div class=\"elementor-widget-container\">\n\t\t\t\t\t\t\t\t\t<div class=\"elementor-button-wrapper\">\n\t\t\t\t\t<a class=\"elementor-button elementor-button-link elementor-size-sm\" href=\"https:\/\/euroissues.pt\/wp-content\/uploads\/2025\/06\/TEMPLATE-XIX-Jornadas-2025.doc\">\n\t\t\t\t\t\t<span class=\"elementor-button-content-wrapper\">\n\t\t\t\t\t\t\t\t\t<span class=\"elementor-button-text\">Download - Template - XIX Jornadas 2025<\/span>\n\t\t\t\t\t<\/span>\n\t\t\t\t\t<\/a>\n\t\t\t\t<\/div>\n\t\t\t\t\t\t\t\t<\/div>\n\t\t\t\t<\/div>\n\t\t\t\t\t<\/div>\n\t\t\t\t<\/div>\n\t\t\t\t<\/div>","protected":false},"excerpt":{"rendered":"<p>Livro de Resumos Os participantes nas XIX Jornadas Internacionais sobre Grandes Problem\u00e1ticas do Espa\u00e7o Europeu poder\u00e3o submeter os seus resumos para apresenta\u00e7\u00e3o oral e\/ou poster (entre 200 a 300 palavras). Os resumos aprovados para apresenta\u00e7\u00e3o oral e\/ou apresenta\u00e7\u00e3o de posters v\u00e3o ser inseridos no Livro de Resumos publicado pela Faculdade de Letras da Universidade do [&hellip;]<\/p>\n","protected":false},"author":1,"featured_media":0,"parent":1805,"menu_order":0,"comment_status":"closed","ping_status":"closed","template":"","meta":{"ocean_post_layout":"","ocean_both_sidebars_style":"","ocean_both_sidebars_content_width":0,"ocean_both_sidebars_sidebars_width":0,"ocean_sidebar":"","ocean_second_sidebar":"","ocean_disable_margins":"enable","ocean_add_body_class":"","ocean_shortcode_before_top_bar":"","ocean_shortcode_after_top_bar":"","ocean_shortcode_before_header":"","ocean_shortcode_after_header":"","ocean_has_shortcode":"","ocean_shortcode_after_title":"","ocean_shortcode_before_footer_widgets":"","ocean_shortcode_after_footer_widgets":"","ocean_shortcode_before_footer_bottom":"","ocean_shortcode_after_footer_bottom":"","ocean_display_top_bar":"default","ocean_display_header":"default","ocean_header_style":"","ocean_center_header_left_menu":"","ocean_custom_header_template":"","ocean_custom_logo":0,"ocean_custom_retina_logo":0,"ocean_custom_logo_max_width":0,"ocean_custom_logo_tablet_max_width":0,"ocean_custom_logo_mobile_max_width":0,"ocean_custom_logo_max_height":0,"ocean_custom_logo_tablet_max_height":0,"ocean_custom_logo_mobile_max_height":0,"ocean_header_custom_menu":"","ocean_menu_typo_font_family":"","ocean_menu_typo_font_subset":"","ocean_menu_typo_font_size":0,"ocean_menu_typo_font_size_tablet":0,"ocean_menu_typo_font_size_mobile":0,"ocean_menu_typo_font_size_unit":"px","ocean_menu_typo_font_weight":"","ocean_menu_typo_font_weight_tablet":"","ocean_menu_typo_font_weight_mobile":"","ocean_menu_typo_transform":"","ocean_menu_typo_transform_tablet":"","ocean_menu_typo_transform_mobile":"","ocean_menu_typo_line_height":0,"ocean_menu_typo_line_height_tablet":0,"ocean_menu_typo_line_height_mobile":0,"ocean_menu_typo_line_height_unit":"","ocean_menu_typo_spacing":0,"ocean_menu_typo_spacing_tablet":0,"ocean_menu_typo_spacing_mobile":0,"ocean_menu_typo_spacing_unit":"","ocean_menu_link_color":"","ocean_menu_link_color_hover":"","ocean_menu_link_color_active":"","ocean_menu_link_background":"","ocean_menu_link_hover_background":"","ocean_menu_link_active_background":"","ocean_menu_social_links_bg":"","ocean_menu_social_hover_links_bg":"","ocean_menu_social_links_color":"","ocean_menu_social_hover_links_color":"","ocean_disable_title":"default","ocean_disable_heading":"default","ocean_post_title":"","ocean_post_subheading":"","ocean_post_title_style":"","ocean_post_title_background_color":"","ocean_post_title_background":0,"ocean_post_title_bg_image_position":"","ocean_post_title_bg_image_attachment":"","ocean_post_title_bg_image_repeat":"","ocean_post_title_bg_image_size":"","ocean_post_title_height":0,"ocean_post_title_bg_overlay":0.5,"ocean_post_title_bg_overlay_color":"","ocean_disable_breadcrumbs":"default","ocean_breadcrumbs_color":"","ocean_breadcrumbs_separator_color":"","ocean_breadcrumbs_links_color":"","ocean_breadcrumbs_links_hover_color":"","ocean_display_footer_widgets":"default","ocean_display_footer_bottom":"default","ocean_custom_footer_template":"","footnotes":""},"class_list":["post-176","page","type-page","status-publish","hentry","entry"],"yoast_head":"<!-- This site is optimized with the Yoast SEO plugin v27.3 - https:\/\/yoast.com\/product\/yoast-seo-wordpress\/ -->\n<title>Publica\u00e7\u00f5es - EUROISSUES<\/title>\n<meta name=\"robots\" content=\"index, follow, max-snippet:-1, max-image-preview:large, max-video-preview:-1\" \/>\n<link rel=\"canonical\" href=\"https:\/\/euroissues.pt\/en\/jornadas-xix-2025\/publicacoes-2025\/\" \/>\n<meta property=\"og:locale\" content=\"en_GB\" \/>\n<meta property=\"og:type\" content=\"article\" \/>\n<meta property=\"og:title\" content=\"Publica\u00e7\u00f5es - EUROISSUES\" \/>\n<meta property=\"og:description\" content=\"Livro de Resumos Os participantes nas XIX Jornadas Internacionais sobre Grandes Problem\u00e1ticas do Espa\u00e7o Europeu poder\u00e3o submeter os seus resumos para apresenta\u00e7\u00e3o oral e\/ou poster (entre 200 a 300 palavras). Os resumos aprovados para apresenta\u00e7\u00e3o oral e\/ou apresenta\u00e7\u00e3o de posters v\u00e3o ser inseridos no Livro de Resumos publicado pela Faculdade de Letras da Universidade do [&hellip;]\" \/>\n<meta property=\"og:url\" content=\"https:\/\/euroissues.pt\/en\/jornadas-xix-2025\/publicacoes-2025\/\" \/>\n<meta property=\"og:site_name\" content=\"EUROISSUES\" \/>\n<meta property=\"article:modified_time\" content=\"2026-02-02T17:51:42+00:00\" \/>\n<meta name=\"twitter:card\" content=\"summary_large_image\" \/>\n<meta name=\"twitter:label1\" content=\"Estimated reading time\" \/>\n\t<meta name=\"twitter:data1\" content=\"2 minutes\" \/>\n<script type=\"application\/ld+json\" class=\"yoast-schema-graph\">{\"@context\":\"https:\\\/\\\/schema.org\",\"@graph\":[{\"@type\":\"WebPage\",\"@id\":\"https:\\\/\\\/euroissues.pt\\\/jornadas-xix-2025\\\/publicacoes-2025\\\/\",\"url\":\"https:\\\/\\\/euroissues.pt\\\/jornadas-xix-2025\\\/publicacoes-2025\\\/\",\"name\":\"Publica\u00e7\u00f5es - EUROISSUES\",\"isPartOf\":{\"@id\":\"https:\\\/\\\/euroissues.pt\\\/#website\"},\"datePublished\":\"2024-03-13T14:17:39+00:00\",\"dateModified\":\"2026-02-02T17:51:42+00:00\",\"breadcrumb\":{\"@id\":\"https:\\\/\\\/euroissues.pt\\\/jornadas-xix-2025\\\/publicacoes-2025\\\/#breadcrumb\"},\"inLanguage\":\"en-GB\",\"potentialAction\":[{\"@type\":\"ReadAction\",\"target\":[\"https:\\\/\\\/euroissues.pt\\\/jornadas-xix-2025\\\/publicacoes-2025\\\/\"]}]},{\"@type\":\"BreadcrumbList\",\"@id\":\"https:\\\/\\\/euroissues.pt\\\/jornadas-xix-2025\\\/publicacoes-2025\\\/#breadcrumb\",\"itemListElement\":[{\"@type\":\"ListItem\",\"position\":1,\"name\":\"In\u00edcio\",\"item\":\"https:\\\/\\\/euroissues.pt\\\/\"},{\"@type\":\"ListItem\",\"position\":2,\"name\":\"Jornadas XIX \u2013 2025\",\"item\":\"https:\\\/\\\/euroissues.pt\\\/jornadas-xix-2025\\\/\"},{\"@type\":\"ListItem\",\"position\":3,\"name\":\"Publica\u00e7\u00f5es\"}]},{\"@type\":\"WebSite\",\"@id\":\"https:\\\/\\\/euroissues.pt\\\/#website\",\"url\":\"https:\\\/\\\/euroissues.pt\\\/\",\"name\":\"EUROISSUES\",\"description\":\"Constru\u00e7\u00e3o de Territ\u00f3rios Resilientes e Sustent\u00e1veis\",\"publisher\":{\"@id\":\"https:\\\/\\\/euroissues.pt\\\/#organization\"},\"potentialAction\":[{\"@type\":\"SearchAction\",\"target\":{\"@type\":\"EntryPoint\",\"urlTemplate\":\"https:\\\/\\\/euroissues.pt\\\/?s={search_term_string}\"},\"query-input\":{\"@type\":\"PropertyValueSpecification\",\"valueRequired\":true,\"valueName\":\"search_term_string\"}}],\"inLanguage\":\"en-GB\"},{\"@type\":\"Organization\",\"@id\":\"https:\\\/\\\/euroissues.pt\\\/#organization\",\"name\":\"EUROISSUES\",\"url\":\"https:\\\/\\\/euroissues.pt\\\/\",\"logo\":{\"@type\":\"ImageObject\",\"inLanguage\":\"en-GB\",\"@id\":\"https:\\\/\\\/euroissues.pt\\\/#\\\/schema\\\/logo\\\/image\\\/\",\"url\":\"https:\\\/\\\/euroissues.pt\\\/wp-content\\\/uploads\\\/2024\\\/06\\\/cropped-logo_2.png\",\"contentUrl\":\"https:\\\/\\\/euroissues.pt\\\/wp-content\\\/uploads\\\/2024\\\/06\\\/cropped-logo_2.png\",\"width\":500,\"height\":138,\"caption\":\"EUROISSUES\"},\"image\":{\"@id\":\"https:\\\/\\\/euroissues.pt\\\/#\\\/schema\\\/logo\\\/image\\\/\"}}]}<\/script>\n<!-- \/ Yoast SEO plugin. -->","yoast_head_json":{"title":"Publica\u00e7\u00f5es - EUROISSUES","robots":{"index":"index","follow":"follow","max-snippet":"max-snippet:-1","max-image-preview":"max-image-preview:large","max-video-preview":"max-video-preview:-1"},"canonical":"https:\/\/euroissues.pt\/en\/jornadas-xix-2025\/publicacoes-2025\/","og_locale":"en_GB","og_type":"article","og_title":"Publica\u00e7\u00f5es - EUROISSUES","og_description":"Livro de Resumos Os participantes nas XIX Jornadas Internacionais sobre Grandes Problem\u00e1ticas do Espa\u00e7o Europeu poder\u00e3o submeter os seus resumos para apresenta\u00e7\u00e3o oral e\/ou poster (entre 200 a 300 palavras). Os resumos aprovados para apresenta\u00e7\u00e3o oral e\/ou apresenta\u00e7\u00e3o de posters v\u00e3o ser inseridos no Livro de Resumos publicado pela Faculdade de Letras da Universidade do [&hellip;]","og_url":"https:\/\/euroissues.pt\/en\/jornadas-xix-2025\/publicacoes-2025\/","og_site_name":"EUROISSUES","article_modified_time":"2026-02-02T17:51:42+00:00","twitter_card":"summary_large_image","twitter_misc":{"Estimated reading time":"2 minutes"},"schema":{"@context":"https:\/\/schema.org","@graph":[{"@type":"WebPage","@id":"https:\/\/euroissues.pt\/jornadas-xix-2025\/publicacoes-2025\/","url":"https:\/\/euroissues.pt\/jornadas-xix-2025\/publicacoes-2025\/","name":"Publica\u00e7\u00f5es - EUROISSUES","isPartOf":{"@id":"https:\/\/euroissues.pt\/#website"},"datePublished":"2024-03-13T14:17:39+00:00","dateModified":"2026-02-02T17:51:42+00:00","breadcrumb":{"@id":"https:\/\/euroissues.pt\/jornadas-xix-2025\/publicacoes-2025\/#breadcrumb"},"inLanguage":"en-GB","potentialAction":[{"@type":"ReadAction","target":["https:\/\/euroissues.pt\/jornadas-xix-2025\/publicacoes-2025\/"]}]},{"@type":"BreadcrumbList","@id":"https:\/\/euroissues.pt\/jornadas-xix-2025\/publicacoes-2025\/#breadcrumb","itemListElement":[{"@type":"ListItem","position":1,"name":"In\u00edcio","item":"https:\/\/euroissues.pt\/"},{"@type":"ListItem","position":2,"name":"Jornadas XIX \u2013 2025","item":"https:\/\/euroissues.pt\/jornadas-xix-2025\/"},{"@type":"ListItem","position":3,"name":"Publica\u00e7\u00f5es"}]},{"@type":"WebSite","@id":"https:\/\/euroissues.pt\/#website","url":"https:\/\/euroissues.pt\/","name":"EUROISSUES","description":"Constru\u00e7\u00e3o de Territ\u00f3rios Resilientes e Sustent\u00e1veis","publisher":{"@id":"https:\/\/euroissues.pt\/#organization"},"potentialAction":[{"@type":"SearchAction","target":{"@type":"EntryPoint","urlTemplate":"https:\/\/euroissues.pt\/?s={search_term_string}"},"query-input":{"@type":"PropertyValueSpecification","valueRequired":true,"valueName":"search_term_string"}}],"inLanguage":"en-GB"},{"@type":"Organization","@id":"https:\/\/euroissues.pt\/#organization","name":"EUROISSUES","url":"https:\/\/euroissues.pt\/","logo":{"@type":"ImageObject","inLanguage":"en-GB","@id":"https:\/\/euroissues.pt\/#\/schema\/logo\/image\/","url":"https:\/\/euroissues.pt\/wp-content\/uploads\/2024\/06\/cropped-logo_2.png","contentUrl":"https:\/\/euroissues.pt\/wp-content\/uploads\/2024\/06\/cropped-logo_2.png","width":500,"height":138,"caption":"EUROISSUES"},"image":{"@id":"https:\/\/euroissues.pt\/#\/schema\/logo\/image\/"}}]}},"_links":{"self":[{"href":"https:\/\/euroissues.pt\/en\/wp-json\/wp\/v2\/pages\/176","targetHints":{"allow":["GET"]}}],"collection":[{"href":"https:\/\/euroissues.pt\/en\/wp-json\/wp\/v2\/pages"}],"about":[{"href":"https:\/\/euroissues.pt\/en\/wp-json\/wp\/v2\/types\/page"}],"author":[{"embeddable":true,"href":"https:\/\/euroissues.pt\/en\/wp-json\/wp\/v2\/users\/1"}],"replies":[{"embeddable":true,"href":"https:\/\/euroissues.pt\/en\/wp-json\/wp\/v2\/comments?post=176"}],"version-history":[{"count":17,"href":"https:\/\/euroissues.pt\/en\/wp-json\/wp\/v2\/pages\/176\/revisions"}],"predecessor-version":[{"id":3479,"href":"https:\/\/euroissues.pt\/en\/wp-json\/wp\/v2\/pages\/176\/revisions\/3479"}],"up":[{"embeddable":true,"href":"https:\/\/euroissues.pt\/en\/wp-json\/wp\/v2\/pages\/1805"}],"wp:attachment":[{"href":"https:\/\/euroissues.pt\/en\/wp-json\/wp\/v2\/media?parent=176"}],"curies":[{"name":"wp","href":"https:\/\/api.w.org\/{rel}","templated":true}]}}