{"id":1819,"date":"2025-01-06T18:06:47","date_gmt":"2025-01-06T18:06:47","guid":{"rendered":"https:\/\/euroissues.pt\/?page_id=1819"},"modified":"2025-06-09T17:04:20","modified_gmt":"2025-06-09T17:04:20","slug":"boas-vindas","status":"publish","type":"page","link":"https:\/\/euroissues.pt\/en\/jornadas-xix-2025\/boas-vindas\/","title":{"rendered":"Welcome"},"content":{"rendered":"<div data-elementor-type=\"wp-page\" data-elementor-id=\"1819\" class=\"elementor elementor-1819\" data-elementor-post-type=\"page\">\n\t\t\t\t<div class=\"elementor-element elementor-element-128c4b8 e-flex e-con-boxed e-con e-parent\" data-id=\"128c4b8\" data-element_type=\"container\" data-e-type=\"container\">\n\t\t\t\t\t<div class=\"e-con-inner\">\n\t\t\t\t<div class=\"elementor-element elementor-element-8c3c78f elementor-widget elementor-widget-heading\" data-id=\"8c3c78f\" data-element_type=\"widget\" data-e-type=\"widget\" data-widget_type=\"heading.default\">\n\t\t\t\t<div class=\"elementor-widget-container\">\n\t\t\t\t\t<h2 class=\"elementor-heading-title elementor-size-default\">Welcome<\/h2>\t\t\t\t<\/div>\n\t\t\t\t<\/div>\n\t\t\t\t\t<\/div>\n\t\t\t\t<\/div>\n\t\t<div class=\"elementor-element elementor-element-2493c8b e-flex e-con-boxed e-con e-parent\" data-id=\"2493c8b\" data-element_type=\"container\" data-e-type=\"container\">\n\t\t\t\t\t<div class=\"e-con-inner\">\n\t\t<div class=\"elementor-element elementor-element-98495d0 e-con-full e-flex e-con e-child\" data-id=\"98495d0\" data-element_type=\"container\" data-e-type=\"container\">\n\t\t\t\t<div class=\"elementor-element elementor-element-56ae846 elementor-widget elementor-widget-text-editor\" data-id=\"56ae846\" data-element_type=\"widget\" data-e-type=\"widget\" data-widget_type=\"text-editor.default\">\n\t\t\t\t<div class=\"elementor-widget-container\">\n\t\t\t\t\t\t\t\t\t<p>Welcome to the\u00a0<strong>XIX International Conference on Overarching Issues in the European Area!<\/strong><br \/>Welcome to the XIX International Conference on Overarching Issues in Europe!\nThe nineteenth edition of this event proves the important role that science and academia play in questioning, debating and trying to provide answers to the various challenges that we, as a society (on a national and international scale), face. In the current context, despite the changes observed over the last few decades, the need to continue the dynamics established in previous editions is deepening, continuing the discussion of multiple issues based on the countless participations and contributions of renowned experts from various continents, in addition to academics, representatives of important institutions and civil society itself. All of them correspond to irreplaceable agents in mitigating and resolving the problems addressed, regardless of whether they are social, cultural, economic or environmental.\nAs President and on behalf of the Organizing Committee of the XIX International Conferences on Major Issues in the European Space, I would like to invite you to visit the city of Porto, to share your knowledge and experiences with us. With your contributions, combining efforts, we will encourage the emergence and deepening of strategies and solutions to mitigate the multiple problems that the world faces today.\nWe therefore await your presence and collaboration, wishing you a very enriching and unforgettable professional, scientific and pedagogical experience.<br \/>As President and on behalf of the Organizing Committee of the XIX International Conferences on Major Issues in the European Space, I would like to invite you to visit the city of Porto, to share your knowledge and experiences with us. With your contributions, combining efforts, we will encourage the emergence and deepening of strategies and solutions to mitigate the multiple problems that the world faces today.<br \/>We therefore await your presence and collaboration, wishing you a very enriching and unforgettable professional, scientific and pedagogical experience.<br \/>It will be with great pleasure that we welcome you to the undefeated city, to hear the relevant contributions integrated in the multiple thematic sessions, in the various debates, or through the presentation of posters.<br \/>Welcome to the University of Porto and to Portugal!<\/p><p><strong>Maria Helena Pina<\/strong><br \/>President of the Organising Committee, University of Porto, Portugal<\/p>\t\t\t\t\t\t\t\t<\/div>\n\t\t\t\t<\/div>\n\t\t\t\t<\/div>\n\t\t<div class=\"elementor-element elementor-element-fbf8808 e-con-full e-flex e-con e-child\" data-id=\"fbf8808\" data-element_type=\"container\" data-e-type=\"container\">\n\t\t\t\t<div class=\"elementor-element elementor-element-ab6c62e elementor-widget elementor-widget-heading\" data-id=\"ab6c62e\" data-element_type=\"widget\" data-e-type=\"widget\" data-widget_type=\"heading.default\">\n\t\t\t\t<div class=\"elementor-widget-container\">\n\t\t\t\t\t<h2 class=\"elementor-heading-title elementor-size-default\">XIX International Conference on Overarching Issues in the European Area<\/h2>\t\t\t\t<\/div>\n\t\t\t\t<\/div>\n\t\t\t\t<div class=\"elementor-element elementor-element-aed5ab8 elementor-widget elementor-widget-heading\" data-id=\"aed5ab8\" data-element_type=\"widget\" data-e-type=\"widget\" data-widget_type=\"heading.default\">\n\t\t\t\t<div class=\"elementor-widget-container\">\n\t\t\t\t\t<h2 class=\"elementor-heading-title elementor-size-default\">\"Crisis Management, Climate Change and Territory\"<\/h2>\t\t\t\t<\/div>\n\t\t\t\t<\/div>\n\t\t\t\t<div class=\"elementor-element elementor-element-bd58716 elementor-widget elementor-widget-heading\" data-id=\"bd58716\" data-element_type=\"widget\" data-e-type=\"widget\" data-widget_type=\"heading.default\">\n\t\t\t\t<div class=\"elementor-widget-container\">\n\t\t\t\t\t<h2 class=\"elementor-heading-title elementor-size-default\">Porto, Portugal<br> June 17-21, 2025<\/h2>\t\t\t\t<\/div>\n\t\t\t\t<\/div>\n\t\t<div class=\"elementor-element elementor-element-ca28ed7 e-grid e-con-boxed e-con e-child\" data-id=\"ca28ed7\" data-element_type=\"container\" data-e-type=\"container\">\n\t\t\t\t\t<div class=\"e-con-inner\">\n\t\t\t\t<div class=\"elementor-element elementor-element-b44ab56 elementor-widget elementor-widget-text-editor\" data-id=\"b44ab56\" data-element_type=\"widget\" data-e-type=\"widget\" data-widget_type=\"text-editor.default\">\n\t\t\t\t<div class=\"elementor-widget-container\">\n\t\t\t\t\t\t\t\t\t<p><strong>Com o Alto Patroc\u00ednio de Sua Excel\u00eancia\u00a0<\/strong><\/p><p><strong>With the High Patronage of The President of the Portuguese Republic<\/strong><\/p>\t\t\t\t\t\t\t\t<\/div>\n\t\t\t\t<\/div>\n\t\t\t\t<div class=\"elementor-element elementor-element-3cf6959 elementor-widget elementor-widget-image\" data-id=\"3cf6959\" data-element_type=\"widget\" data-e-type=\"widget\" data-widget_type=\"image.default\">\n\t\t\t\t<div class=\"elementor-widget-container\">\n\t\t\t\t\t\t\t\t\t\t\t\t<figure class=\"wp-caption\">\n\t\t\t\t\t\t\t\t\t\t<img decoding=\"async\" src=\"https:\/\/www.presidencia.pt\/theme\/images\/brasao_PRP_cores_250px.svg\" title=\"\" alt=\"\" loading=\"lazy\" \/>\t\t\t\t\t\t\t\t\t\t\t<figcaption class=\"widget-image-caption wp-caption-text\">The Presidente of the Portuguese Republic<\/figcaption>\n\t\t\t\t\t\t\t\t\t\t<\/figure>\n\t\t\t\t\t\t\t\t\t<\/div>\n\t\t\t\t<\/div>\n\t\t\t\t\t<\/div>\n\t\t\t\t<\/div>\n\t\t\t\t<div class=\"elementor-element elementor-element-b062fc2 elementor-widget elementor-widget-image\" data-id=\"b062fc2\" data-element_type=\"widget\" data-e-type=\"widget\" data-widget_type=\"image.default\">\n\t\t\t\t<div class=\"elementor-widget-container\">\n\t\t\t\t\t\t\t\t\t\t\t\t\t\t\t<img fetchpriority=\"high\" decoding=\"async\" width=\"1024\" height=\"608\" src=\"https:\/\/euroissues.pt\/wp-content\/uploads\/2025\/05\/EP_Logo-Patronage_Europea_POS_CMYK_EN-1024x608.png\" class=\"attachment-large size-large wp-image-2832\" alt=\"\" srcset=\"https:\/\/euroissues.pt\/wp-content\/uploads\/2025\/05\/EP_Logo-Patronage_Europea_POS_CMYK_EN-1024x608.png 1024w, https:\/\/euroissues.pt\/wp-content\/uploads\/2025\/05\/EP_Logo-Patronage_Europea_POS_CMYK_EN-300x178.png 300w, https:\/\/euroissues.pt\/wp-content\/uploads\/2025\/05\/EP_Logo-Patronage_Europea_POS_CMYK_EN-768x456.png 768w, https:\/\/euroissues.pt\/wp-content\/uploads\/2025\/05\/EP_Logo-Patronage_Europea_POS_CMYK_EN-1536x911.png 1536w, https:\/\/euroissues.pt\/wp-content\/uploads\/2025\/05\/EP_Logo-Patronage_Europea_POS_CMYK_EN-2048x1215.png 2048w, https:\/\/euroissues.pt\/wp-content\/uploads\/2025\/05\/EP_Logo-Patronage_Europea_POS_CMYK_EN-18x12.png 18w, https:\/\/euroissues.pt\/wp-content\/uploads\/2025\/05\/EP_Logo-Patronage_Europea_POS_CMYK_EN-1320x783.png 1320w\" sizes=\"(max-width: 1024px) 100vw, 1024px\" \/>\t\t\t\t\t\t\t\t\t\t\t\t\t\t\t<\/div>\n\t\t\t\t<\/div>\n\t\t\t\t<\/div>\n\t\t\t\t\t<\/div>\n\t\t\t\t<\/div>\n\t\t<div class=\"elementor-element elementor-element-141c5b4 e-flex e-con-boxed e-con e-parent\" data-id=\"141c5b4\" data-element_type=\"container\" data-e-type=\"container\">\n\t\t\t\t\t<div class=\"e-con-inner\">\n\t\t\t\t<div class=\"elementor-element elementor-element-96084db elementor-widget elementor-widget-text-editor\" data-id=\"96084db\" data-element_type=\"widget\" data-e-type=\"widget\" data-widget_type=\"text-editor.default\">\n\t\t\t\t<div class=\"elementor-widget-container\">\n\t\t\t\t\t\t\t\t\t<p style=\"text-align: center;\"><strong>This work is financed by national funds through <\/strong><strong>FCT \u2013 Foundation for Science and Technology, I.P., within the scope of project UID\/04084 \u2013 Center for Studies in Geography and Spatial Planning.<\/strong><\/p>\t\t\t\t\t\t\t\t<\/div>\n\t\t\t\t<\/div>\n\t\t\t\t\t<\/div>\n\t\t\t\t<\/div>\n\t\t\t\t<\/div>","protected":false},"excerpt":{"rendered":"<p>Boas Vindas Bem-vindos \u00e0s\u00a0XIX Jornadas Internacionais sobre Grandes Problem\u00e1ticas do Espa\u00e7o Europeu!A d\u00e9cima nona edi\u00e7\u00e3o deste evento, comprova o importante papel que a ci\u00eancia e a academia possuem para questionar, debater e tentar dar respostas aos v\u00e1rios desafios que, como sociedade (\u00e0 escala nacional e internacional), enfrentamos. No contexto atual, apesar das altera\u00e7\u00f5es observadas ao [&hellip;]<\/p>\n","protected":false},"author":5,"featured_media":0,"parent":1805,"menu_order":0,"comment_status":"closed","ping_status":"closed","template":"elementor_header_footer","meta":{"ocean_post_layout":"","ocean_both_sidebars_style":"","ocean_both_sidebars_content_width":0,"ocean_both_sidebars_sidebars_width":0,"ocean_sidebar":"","ocean_second_sidebar":"","ocean_disable_margins":"enable","ocean_add_body_class":"","ocean_shortcode_before_top_bar":"","ocean_shortcode_after_top_bar":"","ocean_shortcode_before_header":"","ocean_shortcode_after_header":"","ocean_has_shortcode":"","ocean_shortcode_after_title":"","ocean_shortcode_before_footer_widgets":"","ocean_shortcode_after_footer_widgets":"","ocean_shortcode_before_footer_bottom":"","ocean_shortcode_after_footer_bottom":"","ocean_display_top_bar":"default","ocean_display_header":"default","ocean_header_style":"","ocean_center_header_left_menu":"","ocean_custom_header_template":"","ocean_custom_logo":0,"ocean_custom_retina_logo":0,"ocean_custom_logo_max_width":0,"ocean_custom_logo_tablet_max_width":0,"ocean_custom_logo_mobile_max_width":0,"ocean_custom_logo_max_height":0,"ocean_custom_logo_tablet_max_height":0,"ocean_custom_logo_mobile_max_height":0,"ocean_header_custom_menu":"","ocean_menu_typo_font_family":"","ocean_menu_typo_font_subset":"","ocean_menu_typo_font_size":0,"ocean_menu_typo_font_size_tablet":0,"ocean_menu_typo_font_size_mobile":0,"ocean_menu_typo_font_size_unit":"px","ocean_menu_typo_font_weight":"","ocean_menu_typo_font_weight_tablet":"","ocean_menu_typo_font_weight_mobile":"","ocean_menu_typo_transform":"","ocean_menu_typo_transform_tablet":"","ocean_menu_typo_transform_mobile":"","ocean_menu_typo_line_height":0,"ocean_menu_typo_line_height_tablet":0,"ocean_menu_typo_line_height_mobile":0,"ocean_menu_typo_line_height_unit":"","ocean_menu_typo_spacing":0,"ocean_menu_typo_spacing_tablet":0,"ocean_menu_typo_spacing_mobile":0,"ocean_menu_typo_spacing_unit":"","ocean_menu_link_color":"","ocean_menu_link_color_hover":"","ocean_menu_link_color_active":"","ocean_menu_link_background":"","ocean_menu_link_hover_background":"","ocean_menu_link_active_background":"","ocean_menu_social_links_bg":"","ocean_menu_social_hover_links_bg":"","ocean_menu_social_links_color":"","ocean_menu_social_hover_links_color":"","ocean_disable_title":"default","ocean_disable_heading":"default","ocean_post_title":"","ocean_post_subheading":"","ocean_post_title_style":"","ocean_post_title_background_color":"","ocean_post_title_background":0,"ocean_post_title_bg_image_position":"","ocean_post_title_bg_image_attachment":"","ocean_post_title_bg_image_repeat":"","ocean_post_title_bg_image_size":"","ocean_post_title_height":0,"ocean_post_title_bg_overlay":0.5,"ocean_post_title_bg_overlay_color":"","ocean_disable_breadcrumbs":"default","ocean_breadcrumbs_color":"","ocean_breadcrumbs_separator_color":"","ocean_breadcrumbs_links_color":"","ocean_breadcrumbs_links_hover_color":"","ocean_display_footer_widgets":"default","ocean_display_footer_bottom":"default","ocean_custom_footer_template":"","footnotes":""},"class_list":["post-1819","page","type-page","status-publish","hentry","entry"],"yoast_head":"<!-- This site is optimized with the Yoast SEO plugin v27.4 - https:\/\/yoast.com\/product\/yoast-seo-wordpress\/ -->\n<title>Boas Vindas - EUROISSUES<\/title>\n<meta name=\"robots\" content=\"index, follow, max-snippet:-1, max-image-preview:large, max-video-preview:-1\" \/>\n<link rel=\"canonical\" href=\"https:\/\/euroissues.pt\/en\/jornadas-xix-2025\/boas-vindas\/\" \/>\n<meta property=\"og:locale\" content=\"en_GB\" \/>\n<meta property=\"og:type\" content=\"article\" \/>\n<meta property=\"og:title\" content=\"Boas Vindas - EUROISSUES\" \/>\n<meta property=\"og:description\" content=\"Boas Vindas Bem-vindos \u00e0s\u00a0XIX Jornadas Internacionais sobre Grandes Problem\u00e1ticas do Espa\u00e7o Europeu!A d\u00e9cima nona edi\u00e7\u00e3o deste evento, comprova o importante papel que a ci\u00eancia e a academia possuem para questionar, debater e tentar dar respostas aos v\u00e1rios desafios que, como sociedade (\u00e0 escala nacional e internacional), enfrentamos. No contexto atual, apesar das altera\u00e7\u00f5es observadas ao [&hellip;]\" \/>\n<meta property=\"og:url\" content=\"https:\/\/euroissues.pt\/en\/jornadas-xix-2025\/boas-vindas\/\" \/>\n<meta property=\"og:site_name\" content=\"EUROISSUES\" \/>\n<meta property=\"article:modified_time\" content=\"2025-06-09T17:04:20+00:00\" \/>\n<meta property=\"og:image\" content=\"https:\/\/www.presidencia.pt\/theme\/images\/brasao_PRP_cores_250px.svg\" \/>\n<meta name=\"twitter:card\" content=\"summary_large_image\" \/>\n<meta name=\"twitter:label1\" content=\"Estimated reading time\" \/>\n\t<meta name=\"twitter:data1\" content=\"3 minutes\" \/>\n<script type=\"application\/ld+json\" class=\"yoast-schema-graph\">{\"@context\":\"https:\\\/\\\/schema.org\",\"@graph\":[{\"@type\":\"WebPage\",\"@id\":\"https:\\\/\\\/euroissues.pt\\\/jornadas-xix-2025\\\/boas-vindas\\\/\",\"url\":\"https:\\\/\\\/euroissues.pt\\\/jornadas-xix-2025\\\/boas-vindas\\\/\",\"name\":\"Boas Vindas - EUROISSUES\",\"isPartOf\":{\"@id\":\"https:\\\/\\\/euroissues.pt\\\/#website\"},\"primaryImageOfPage\":{\"@id\":\"https:\\\/\\\/euroissues.pt\\\/jornadas-xix-2025\\\/boas-vindas\\\/#primaryimage\"},\"image\":{\"@id\":\"https:\\\/\\\/euroissues.pt\\\/jornadas-xix-2025\\\/boas-vindas\\\/#primaryimage\"},\"thumbnailUrl\":\"https:\\\/\\\/www.presidencia.pt\\\/theme\\\/images\\\/brasao_PRP_cores_250px.svg\",\"datePublished\":\"2025-01-06T18:06:47+00:00\",\"dateModified\":\"2025-06-09T17:04:20+00:00\",\"breadcrumb\":{\"@id\":\"https:\\\/\\\/euroissues.pt\\\/jornadas-xix-2025\\\/boas-vindas\\\/#breadcrumb\"},\"inLanguage\":\"en-GB\",\"potentialAction\":[{\"@type\":\"ReadAction\",\"target\":[\"https:\\\/\\\/euroissues.pt\\\/jornadas-xix-2025\\\/boas-vindas\\\/\"]}]},{\"@type\":\"ImageObject\",\"inLanguage\":\"en-GB\",\"@id\":\"https:\\\/\\\/euroissues.pt\\\/jornadas-xix-2025\\\/boas-vindas\\\/#primaryimage\",\"url\":\"https:\\\/\\\/www.presidencia.pt\\\/theme\\\/images\\\/brasao_PRP_cores_250px.svg\",\"contentUrl\":\"https:\\\/\\\/www.presidencia.pt\\\/theme\\\/images\\\/brasao_PRP_cores_250px.svg\"},{\"@type\":\"BreadcrumbList\",\"@id\":\"https:\\\/\\\/euroissues.pt\\\/jornadas-xix-2025\\\/boas-vindas\\\/#breadcrumb\",\"itemListElement\":[{\"@type\":\"ListItem\",\"position\":1,\"name\":\"In\u00edcio\",\"item\":\"https:\\\/\\\/euroissues.pt\\\/\"},{\"@type\":\"ListItem\",\"position\":2,\"name\":\"Jornadas XIX \u2013 2025\",\"item\":\"https:\\\/\\\/euroissues.pt\\\/jornadas-xix-2025\\\/\"},{\"@type\":\"ListItem\",\"position\":3,\"name\":\"Boas Vindas\"}]},{\"@type\":\"WebSite\",\"@id\":\"https:\\\/\\\/euroissues.pt\\\/#website\",\"url\":\"https:\\\/\\\/euroissues.pt\\\/\",\"name\":\"EUROISSUES\",\"description\":\"Constru\u00e7\u00e3o de Territ\u00f3rios Resilientes e Sustent\u00e1veis\",\"publisher\":{\"@id\":\"https:\\\/\\\/euroissues.pt\\\/#organization\"},\"potentialAction\":[{\"@type\":\"SearchAction\",\"target\":{\"@type\":\"EntryPoint\",\"urlTemplate\":\"https:\\\/\\\/euroissues.pt\\\/?s={search_term_string}\"},\"query-input\":{\"@type\":\"PropertyValueSpecification\",\"valueRequired\":true,\"valueName\":\"search_term_string\"}}],\"inLanguage\":\"en-GB\"},{\"@type\":\"Organization\",\"@id\":\"https:\\\/\\\/euroissues.pt\\\/#organization\",\"name\":\"EUROISSUES\",\"url\":\"https:\\\/\\\/euroissues.pt\\\/\",\"logo\":{\"@type\":\"ImageObject\",\"inLanguage\":\"en-GB\",\"@id\":\"https:\\\/\\\/euroissues.pt\\\/#\\\/schema\\\/logo\\\/image\\\/\",\"url\":\"https:\\\/\\\/euroissues.pt\\\/wp-content\\\/uploads\\\/2024\\\/06\\\/cropped-logo_2.png\",\"contentUrl\":\"https:\\\/\\\/euroissues.pt\\\/wp-content\\\/uploads\\\/2024\\\/06\\\/cropped-logo_2.png\",\"width\":500,\"height\":138,\"caption\":\"EUROISSUES\"},\"image\":{\"@id\":\"https:\\\/\\\/euroissues.pt\\\/#\\\/schema\\\/logo\\\/image\\\/\"}}]}<\/script>\n<!-- \/ Yoast SEO plugin. -->","yoast_head_json":{"title":"Boas Vindas - EUROISSUES","robots":{"index":"index","follow":"follow","max-snippet":"max-snippet:-1","max-image-preview":"max-image-preview:large","max-video-preview":"max-video-preview:-1"},"canonical":"https:\/\/euroissues.pt\/en\/jornadas-xix-2025\/boas-vindas\/","og_locale":"en_GB","og_type":"article","og_title":"Boas Vindas - EUROISSUES","og_description":"Boas Vindas Bem-vindos \u00e0s\u00a0XIX Jornadas Internacionais sobre Grandes Problem\u00e1ticas do Espa\u00e7o Europeu!A d\u00e9cima nona edi\u00e7\u00e3o deste evento, comprova o importante papel que a ci\u00eancia e a academia possuem para questionar, debater e tentar dar respostas aos v\u00e1rios desafios que, como sociedade (\u00e0 escala nacional e internacional), enfrentamos. No contexto atual, apesar das altera\u00e7\u00f5es observadas ao [&hellip;]","og_url":"https:\/\/euroissues.pt\/en\/jornadas-xix-2025\/boas-vindas\/","og_site_name":"EUROISSUES","article_modified_time":"2025-06-09T17:04:20+00:00","og_image":[{"url":"https:\/\/www.presidencia.pt\/theme\/images\/brasao_PRP_cores_250px.svg","type":"","width":"","height":""}],"twitter_card":"summary_large_image","twitter_misc":{"Estimated reading time":"3 minutes"},"schema":{"@context":"https:\/\/schema.org","@graph":[{"@type":"WebPage","@id":"https:\/\/euroissues.pt\/jornadas-xix-2025\/boas-vindas\/","url":"https:\/\/euroissues.pt\/jornadas-xix-2025\/boas-vindas\/","name":"Boas Vindas - EUROISSUES","isPartOf":{"@id":"https:\/\/euroissues.pt\/#website"},"primaryImageOfPage":{"@id":"https:\/\/euroissues.pt\/jornadas-xix-2025\/boas-vindas\/#primaryimage"},"image":{"@id":"https:\/\/euroissues.pt\/jornadas-xix-2025\/boas-vindas\/#primaryimage"},"thumbnailUrl":"https:\/\/www.presidencia.pt\/theme\/images\/brasao_PRP_cores_250px.svg","datePublished":"2025-01-06T18:06:47+00:00","dateModified":"2025-06-09T17:04:20+00:00","breadcrumb":{"@id":"https:\/\/euroissues.pt\/jornadas-xix-2025\/boas-vindas\/#breadcrumb"},"inLanguage":"en-GB","potentialAction":[{"@type":"ReadAction","target":["https:\/\/euroissues.pt\/jornadas-xix-2025\/boas-vindas\/"]}]},{"@type":"ImageObject","inLanguage":"en-GB","@id":"https:\/\/euroissues.pt\/jornadas-xix-2025\/boas-vindas\/#primaryimage","url":"https:\/\/www.presidencia.pt\/theme\/images\/brasao_PRP_cores_250px.svg","contentUrl":"https:\/\/www.presidencia.pt\/theme\/images\/brasao_PRP_cores_250px.svg"},{"@type":"BreadcrumbList","@id":"https:\/\/euroissues.pt\/jornadas-xix-2025\/boas-vindas\/#breadcrumb","itemListElement":[{"@type":"ListItem","position":1,"name":"In\u00edcio","item":"https:\/\/euroissues.pt\/"},{"@type":"ListItem","position":2,"name":"Jornadas XIX \u2013 2025","item":"https:\/\/euroissues.pt\/jornadas-xix-2025\/"},{"@type":"ListItem","position":3,"name":"Boas Vindas"}]},{"@type":"WebSite","@id":"https:\/\/euroissues.pt\/#website","url":"https:\/\/euroissues.pt\/","name":"EUROISSUES","description":"Constru\u00e7\u00e3o de Territ\u00f3rios Resilientes e Sustent\u00e1veis","publisher":{"@id":"https:\/\/euroissues.pt\/#organization"},"potentialAction":[{"@type":"SearchAction","target":{"@type":"EntryPoint","urlTemplate":"https:\/\/euroissues.pt\/?s={search_term_string}"},"query-input":{"@type":"PropertyValueSpecification","valueRequired":true,"valueName":"search_term_string"}}],"inLanguage":"en-GB"},{"@type":"Organization","@id":"https:\/\/euroissues.pt\/#organization","name":"EUROISSUES","url":"https:\/\/euroissues.pt\/","logo":{"@type":"ImageObject","inLanguage":"en-GB","@id":"https:\/\/euroissues.pt\/#\/schema\/logo\/image\/","url":"https:\/\/euroissues.pt\/wp-content\/uploads\/2024\/06\/cropped-logo_2.png","contentUrl":"https:\/\/euroissues.pt\/wp-content\/uploads\/2024\/06\/cropped-logo_2.png","width":500,"height":138,"caption":"EUROISSUES"},"image":{"@id":"https:\/\/euroissues.pt\/#\/schema\/logo\/image\/"}}]}},"_links":{"self":[{"href":"https:\/\/euroissues.pt\/en\/wp-json\/wp\/v2\/pages\/1819","targetHints":{"allow":["GET"]}}],"collection":[{"href":"https:\/\/euroissues.pt\/en\/wp-json\/wp\/v2\/pages"}],"about":[{"href":"https:\/\/euroissues.pt\/en\/wp-json\/wp\/v2\/types\/page"}],"author":[{"embeddable":true,"href":"https:\/\/euroissues.pt\/en\/wp-json\/wp\/v2\/users\/5"}],"replies":[{"embeddable":true,"href":"https:\/\/euroissues.pt\/en\/wp-json\/wp\/v2\/comments?post=1819"}],"version-history":[{"count":21,"href":"https:\/\/euroissues.pt\/en\/wp-json\/wp\/v2\/pages\/1819\/revisions"}],"predecessor-version":[{"id":3171,"href":"https:\/\/euroissues.pt\/en\/wp-json\/wp\/v2\/pages\/1819\/revisions\/3171"}],"up":[{"embeddable":true,"href":"https:\/\/euroissues.pt\/en\/wp-json\/wp\/v2\/pages\/1805"}],"wp:attachment":[{"href":"https:\/\/euroissues.pt\/en\/wp-json\/wp\/v2\/media?parent=1819"}],"curies":[{"name":"wp","href":"https:\/\/api.w.org\/{rel}","templated":true}]}}