{"id":1835,"date":"2025-01-06T18:27:24","date_gmt":"2025-01-06T18:27:24","guid":{"rendered":"https:\/\/euroissues.pt\/?page_id=1835"},"modified":"2025-03-11T12:02:34","modified_gmt":"2025-03-11T12:02:34","slug":"oradores-principais-2025","status":"publish","type":"page","link":"https:\/\/euroissues.pt\/en\/jornadas-xix-2025\/oradores-principais-2025\/","title":{"rendered":"Keynote Speakers - 2025"},"content":{"rendered":"<div data-elementor-type=\"wp-page\" data-elementor-id=\"1835\" class=\"elementor elementor-1835\" data-elementor-post-type=\"page\">\n\t\t\t\t<div class=\"elementor-element elementor-element-7dfd863 e-flex e-con-boxed e-con e-parent\" data-id=\"7dfd863\" data-element_type=\"container\" data-e-type=\"container\">\n\t\t\t\t\t<div class=\"e-con-inner\">\n\t\t<div class=\"elementor-element elementor-element-dd37db0 e-con-full e-flex e-con e-child\" data-id=\"dd37db0\" data-element_type=\"container\" data-e-type=\"container\">\n\t\t\t\t<div class=\"elementor-element elementor-element-73dfade elementor-widget elementor-widget-image\" data-id=\"73dfade\" data-element_type=\"widget\" data-e-type=\"widget\" data-widget_type=\"image.default\">\n\t\t\t\t<div class=\"elementor-widget-container\">\n\t\t\t\t\t\t\t\t\t\t\t\t\t\t\t<img decoding=\"async\" width=\"150\" height=\"150\" src=\"https:\/\/euroissues.pt\/wp-content\/uploads\/2025\/03\/Eric-Vaz-150x150.jpg\" class=\"attachment-thumbnail size-thumbnail wp-image-2171\" alt=\"\" \/>\t\t\t\t\t\t\t\t\t\t\t\t\t\t\t<\/div>\n\t\t\t\t<\/div>\n\t\t\t\t<div class=\"elementor-element elementor-element-1dffcd8 elementor-widget elementor-widget-text-editor\" data-id=\"1dffcd8\" data-element_type=\"widget\" data-e-type=\"widget\" data-widget_type=\"text-editor.default\">\n\t\t\t\t<div class=\"elementor-widget-container\">\n\t\t\t\t\t\t\t\t\t<h1><strong>Eric Vaz<\/strong><\/h1><h3><strong>Exploring the Last Frontier: From Regional to Local in Spatial Sciences<\/strong><\/h3>\t\t\t\t\t\t\t\t<\/div>\n\t\t\t\t<\/div>\n\t\t\t\t<div class=\"elementor-element elementor-element-2ea736a elementor-widget elementor-widget-text-editor\" data-id=\"2ea736a\" data-element_type=\"widget\" data-e-type=\"widget\" data-widget_type=\"text-editor.default\">\n\t\t\t\t<div class=\"elementor-widget-container\">\n\t\t\t\t\t\t\t\t\t<p><strong>Prof. Dr. Eric Vaz<\/strong> is a globally recognized scholar and thought leader in geography and habitats, currently ranked n.18 worldwide by ScholarGPS. He is a full professor of geographical analysis and the graduate program director of spatial analysis at Toronto Metropolitan University. Additionally, he is the founding Director of the Laboratory for Geocomputation.<\/p><p>Professor Vaz is a pioneer in his field, with an impressive and impactful scholarly portfolio. His contributions to regional science were recognized early in his career when he was named a Rising Star by the Regional Science Association International in 2012. At Toronto Metropolitan University, he has received the Dean's SRC Award from the Faculty of Arts twice (2015 and 2021) for his exceptional achievements in scholarship. From 2018 to 2021, he served as President of the Canadian Regional Science Association, further solidifying his leadership in the discipline.<\/p><p>Professor Vaz has published over 80 peer-reviewed journal articles and six books with Springer, including three monographs. His research spans spatial analysis, machine learning, artificial intelligence, and the application of Geographic Information Systems (GIS) to regional change, delivering vital insights for policy-making in the Anthropocene. His work has been showcased by NASA\u2019s Earth Observation, highlighting the global significance of his contributions. <em>insights<\/em> vitais para a formula\u00e7\u00e3o de pol\u00edticas no Antropoceno. O seu trabalho foi apresentado pela Observa\u00e7\u00e3o da Terra da NASA, destacando o significado global das suas contribui\u00e7\u00f5es.<\/p><p>Beyond his academic research, Professor Vaz is a frequent reviewer for leading international journals and funding bodies and serves on numerous editorial boards. Since 2024, he has been an Expert on the roster of the International Science Council, actively shaping the future of geographic and regional sciences on a global stage.<\/p>\t\t\t\t\t\t\t\t<\/div>\n\t\t\t\t<\/div>\n\t\t\t\t<\/div>\n\t\t<div class=\"elementor-element elementor-element-9942427 e-con-full e-flex e-con e-child\" data-id=\"9942427\" data-element_type=\"container\" data-e-type=\"container\">\n\t\t\t\t<div class=\"elementor-element elementor-element-1cd8f65 elementor-widget elementor-widget-image\" data-id=\"1cd8f65\" data-element_type=\"widget\" data-e-type=\"widget\" data-widget_type=\"image.default\">\n\t\t\t\t<div class=\"elementor-widget-container\">\n\t\t\t\t\t\t\t\t\t\t\t\t\t\t\t<img decoding=\"async\" width=\"150\" height=\"150\" src=\"https:\/\/euroissues.pt\/wp-content\/uploads\/2025\/01\/Ronan2020-150x150.jpg\" class=\"attachment-thumbnail size-thumbnail wp-image-1958\" alt=\"\" srcset=\"https:\/\/euroissues.pt\/wp-content\/uploads\/2025\/01\/Ronan2020-150x150.jpg 150w, https:\/\/euroissues.pt\/wp-content\/uploads\/2025\/01\/Ronan2020-11x12.jpg 11w, https:\/\/euroissues.pt\/wp-content\/uploads\/2025\/01\/Ronan2020-600x600.jpg 600w\" sizes=\"(max-width: 150px) 100vw, 150px\" \/>\t\t\t\t\t\t\t\t\t\t\t\t\t\t\t<\/div>\n\t\t\t\t<\/div>\n\t\t\t\t<div class=\"elementor-element elementor-element-9a203fc elementor-widget elementor-widget-text-editor\" data-id=\"9a203fc\" data-element_type=\"widget\" data-e-type=\"widget\" data-widget_type=\"text-editor.default\">\n\t\t\t\t<div class=\"elementor-widget-container\">\n\t\t\t\t\t\t\t\t\t<h1>Ronan Foley<\/h1><h3><strong>Therapeutic Landscapes: How blue spaces promote health and wellbeing.<\/strong><\/h3>\t\t\t\t\t\t\t\t<\/div>\n\t\t\t\t<\/div>\n\t\t\t\t<div class=\"elementor-element elementor-element-4e6ea76 elementor-widget elementor-widget-text-editor\" data-id=\"4e6ea76\" data-element_type=\"widget\" data-e-type=\"widget\" data-widget_type=\"text-editor.default\">\n\t\t\t\t<div class=\"elementor-widget-container\">\n\t\t\t\t\t\t\t\t\t<p><strong>Prof. Dr. Ronan Foley<\/strong> is an Associate Professor Emeritus in Geographies of Health &amp; Wellbeing in the Department of Geography at Maynooth University, Ireland, with specialist expertise in therapeutic landscapes and blue space.<\/p><p>He is a member of the Editorial Board of Health &amp; Place, edited Irish Geography between 2015 and 2022 and was an Erskine Fellow at the University of Canterbury (NZ) in 2015.<\/p><p>His research focuses broadly on relationships between water, health and place, including two authored\/co-edited books, Healing Waters (2010) and Blue Space, Health and Wellbeing: Hydrophilia Unbounded (2019) as well as journal articles on holy wells, spas, social and cultural histories of swimming and \u2018blue space\u2019.<\/p><p>He has co-edited special issues on healthy blue space and on swimming for Health &amp; Place (2015\/2024) and has been listed in the top 2% Scopus Global Individual Academic Rankings for three consecutive years from 2021 to 2023.<\/p>\t\t\t\t\t\t\t\t<\/div>\n\t\t\t\t<\/div>\n\t\t\t\t<\/div>\n\t\t<div class=\"elementor-element elementor-element-fa43c93 e-con-full e-flex e-con e-child\" data-id=\"fa43c93\" data-element_type=\"container\" data-e-type=\"container\">\n\t\t\t\t<div class=\"elementor-element elementor-element-9bf7ea5 elementor-widget elementor-widget-image\" data-id=\"9bf7ea5\" data-element_type=\"widget\" data-e-type=\"widget\" data-widget_type=\"image.default\">\n\t\t\t\t<div class=\"elementor-widget-container\">\n\t\t\t\t\t\t\t\t\t\t\t\t\t\t\t<img decoding=\"async\" width=\"150\" height=\"150\" src=\"https:\/\/euroissues.pt\/wp-content\/uploads\/2025\/03\/Foto-Hossein-150x150.jpg\" class=\"attachment-thumbnail size-thumbnail wp-image-2178\" alt=\"\" srcset=\"https:\/\/euroissues.pt\/wp-content\/uploads\/2025\/03\/Foto-Hossein-150x150.jpg 150w, https:\/\/euroissues.pt\/wp-content\/uploads\/2025\/03\/Foto-Hossein-13x12.jpg 13w, https:\/\/euroissues.pt\/wp-content\/uploads\/2025\/03\/Foto-Hossein-600x600.jpg 600w\" sizes=\"(max-width: 150px) 100vw, 150px\" \/>\t\t\t\t\t\t\t\t\t\t\t\t\t\t\t<\/div>\n\t\t\t\t<\/div>\n\t\t\t\t<div class=\"elementor-element elementor-element-25389ac elementor-widget elementor-widget-text-editor\" data-id=\"25389ac\" data-element_type=\"widget\" data-e-type=\"widget\" data-widget_type=\"text-editor.default\">\n\t\t\t\t<div class=\"elementor-widget-container\">\n\t\t\t\t\t\t\t\t\t<h1><strong>Hossein Azadi<\/strong><\/h1><h3>Tipping Points and Resilient Agriculture: From Climate-Smart Agriculture to Vulnerable-Smart Agriculture<\/h3>\t\t\t\t\t\t\t\t<\/div>\n\t\t\t\t<\/div>\n\t\t\t\t<div class=\"elementor-element elementor-element-2126bbf elementor-widget elementor-widget-text-editor\" data-id=\"2126bbf\" data-element_type=\"widget\" data-e-type=\"widget\" data-widget_type=\"text-editor.default\">\n\t\t\t\t<div class=\"elementor-widget-container\">\n\t\t\t\t\t\t\t\t\t<p><strong>Prof. Dr. Hossein Azadi<\/strong> obtained his first PhD in agricultural economics and the second in human geography. He is currently a professor at University of Li\u00e8ge in Belgium.<\/p><p>He has published more than 400 journal articles with more than 11000 citations and h-index of 56 underscoring him as top 3% global scientist ranked by AD Scientific index.<\/p><p>His main focus is on Land Governance and Agroecology.<\/p><p>He is a member of the editorial boards in Land Use Policy, Agroecology and Sustainable Food Systems, Climatic Change, and Land Degradation &amp; Development.<\/p><p>He also serves as a research project evaluator for several international councils and organizations.<\/p>\t\t\t\t\t\t\t\t<\/div>\n\t\t\t\t<\/div>\n\t\t\t\t<\/div>\n\t\t\t\t\t<\/div>\n\t\t\t\t<\/div>\n\t\t<div class=\"elementor-element elementor-element-ec664cc e-flex e-con-boxed e-con e-parent\" data-id=\"ec664cc\" data-element_type=\"container\" data-e-type=\"container\">\n\t\t\t\t\t<div class=\"e-con-inner\">\n\t\t\t\t<div class=\"elementor-element elementor-element-84857a0 elementor-widget elementor-widget-text-editor\" data-id=\"84857a0\" data-element_type=\"widget\" data-e-type=\"widget\" data-widget_type=\"text-editor.default\">\n\t\t\t\t<div class=\"elementor-widget-container\">\n\t\t\t\t\t\t\t\t\t<p><strong>Venue:<\/strong> A Definir<\/p>\t\t\t\t\t\t\t\t<\/div>\n\t\t\t\t<\/div>\n\t\t\t\t\t<\/div>\n\t\t\t\t<\/div>\n\t\t\t\t<\/div>","protected":false},"excerpt":{"rendered":"<p>Eric Vaz Explorando a \u00faltima fronteira: do regional ao local nas ci\u00eancias espaciais O Professor Doutor Eric Vaz \u00e9 um acad\u00e9mico e l\u00edder intelectual reconhecido mundialmente em geografia e habitats e atualmente encontra-se no 18\u00ba lugar a n\u00edvel mundial pela ScholarGPS. \u00c9 Professor Catedr\u00e1tico de An\u00e1lise Geogr\u00e1fica e Diretor do Programa de P\u00f3s-gradua\u00e7\u00e3o em An\u00e1lise [&hellip;]<\/p>\n","protected":false},"author":5,"featured_media":0,"parent":1805,"menu_order":0,"comment_status":"closed","ping_status":"closed","template":"elementor_header_footer","meta":{"ocean_post_layout":"","ocean_both_sidebars_style":"","ocean_both_sidebars_content_width":0,"ocean_both_sidebars_sidebars_width":0,"ocean_sidebar":"","ocean_second_sidebar":"","ocean_disable_margins":"enable","ocean_add_body_class":"","ocean_shortcode_before_top_bar":"","ocean_shortcode_after_top_bar":"","ocean_shortcode_before_header":"","ocean_shortcode_after_header":"","ocean_has_shortcode":"","ocean_shortcode_after_title":"","ocean_shortcode_before_footer_widgets":"","ocean_shortcode_after_footer_widgets":"","ocean_shortcode_before_footer_bottom":"","ocean_shortcode_after_footer_bottom":"","ocean_display_top_bar":"default","ocean_display_header":"default","ocean_header_style":"","ocean_center_header_left_menu":"","ocean_custom_header_template":"","ocean_custom_logo":0,"ocean_custom_retina_logo":0,"ocean_custom_logo_max_width":0,"ocean_custom_logo_tablet_max_width":0,"ocean_custom_logo_mobile_max_width":0,"ocean_custom_logo_max_height":0,"ocean_custom_logo_tablet_max_height":0,"ocean_custom_logo_mobile_max_height":0,"ocean_header_custom_menu":"","ocean_menu_typo_font_family":"","ocean_menu_typo_font_subset":"","ocean_menu_typo_font_size":0,"ocean_menu_typo_font_size_tablet":0,"ocean_menu_typo_font_size_mobile":0,"ocean_menu_typo_font_size_unit":"px","ocean_menu_typo_font_weight":"","ocean_menu_typo_font_weight_tablet":"","ocean_menu_typo_font_weight_mobile":"","ocean_menu_typo_transform":"","ocean_menu_typo_transform_tablet":"","ocean_menu_typo_transform_mobile":"","ocean_menu_typo_line_height":0,"ocean_menu_typo_line_height_tablet":0,"ocean_menu_typo_line_height_mobile":0,"ocean_menu_typo_line_height_unit":"","ocean_menu_typo_spacing":0,"ocean_menu_typo_spacing_tablet":0,"ocean_menu_typo_spacing_mobile":0,"ocean_menu_typo_spacing_unit":"","ocean_menu_link_color":"","ocean_menu_link_color_hover":"","ocean_menu_link_color_active":"","ocean_menu_link_background":"","ocean_menu_link_hover_background":"","ocean_menu_link_active_background":"","ocean_menu_social_links_bg":"","ocean_menu_social_hover_links_bg":"","ocean_menu_social_links_color":"","ocean_menu_social_hover_links_color":"","ocean_disable_title":"default","ocean_disable_heading":"default","ocean_post_title":"","ocean_post_subheading":"","ocean_post_title_style":"","ocean_post_title_background_color":"","ocean_post_title_background":0,"ocean_post_title_bg_image_position":"","ocean_post_title_bg_image_attachment":"","ocean_post_title_bg_image_repeat":"","ocean_post_title_bg_image_size":"","ocean_post_title_height":0,"ocean_post_title_bg_overlay":0.5,"ocean_post_title_bg_overlay_color":"","ocean_disable_breadcrumbs":"default","ocean_breadcrumbs_color":"","ocean_breadcrumbs_separator_color":"","ocean_breadcrumbs_links_color":"","ocean_breadcrumbs_links_hover_color":"","ocean_display_footer_widgets":"default","ocean_display_footer_bottom":"default","ocean_custom_footer_template":"","footnotes":""},"class_list":["post-1835","page","type-page","status-publish","hentry","entry"],"yoast_head":"<!-- This site is optimized with the Yoast SEO plugin v27.5 - https:\/\/yoast.com\/product\/yoast-seo-wordpress\/ -->\n<title>Oradores Principais - 2025 - EUROISSUES<\/title>\n<meta name=\"robots\" content=\"index, follow, max-snippet:-1, max-image-preview:large, max-video-preview:-1\" \/>\n<link rel=\"canonical\" href=\"https:\/\/euroissues.pt\/en\/jornadas-xix-2025\/oradores-principais-2025\/\" \/>\n<meta property=\"og:locale\" content=\"en_GB\" \/>\n<meta property=\"og:type\" content=\"article\" \/>\n<meta property=\"og:title\" content=\"Oradores Principais - 2025 - EUROISSUES\" \/>\n<meta property=\"og:description\" content=\"Eric Vaz Explorando a \u00faltima fronteira: do regional ao local nas ci\u00eancias espaciais O Professor Doutor Eric Vaz \u00e9 um acad\u00e9mico e l\u00edder intelectual reconhecido mundialmente em geografia e habitats e atualmente encontra-se no 18\u00ba lugar a n\u00edvel mundial pela ScholarGPS. \u00c9 Professor Catedr\u00e1tico de An\u00e1lise Geogr\u00e1fica e Diretor do Programa de P\u00f3s-gradua\u00e7\u00e3o em An\u00e1lise [&hellip;]\" \/>\n<meta property=\"og:url\" content=\"https:\/\/euroissues.pt\/en\/jornadas-xix-2025\/oradores-principais-2025\/\" \/>\n<meta property=\"og:site_name\" content=\"EUROISSUES\" \/>\n<meta property=\"article:modified_time\" content=\"2025-03-11T12:02:34+00:00\" \/>\n<meta property=\"og:image\" content=\"https:\/\/euroissues.pt\/wp-content\/uploads\/2025\/03\/Eric-Vaz-150x150.jpg\" \/>\n<meta name=\"twitter:card\" content=\"summary_large_image\" \/>\n<meta name=\"twitter:label1\" content=\"Estimated reading time\" \/>\n\t<meta name=\"twitter:data1\" content=\"4 minutes\" \/>\n<script type=\"application\/ld+json\" class=\"yoast-schema-graph\">{\"@context\":\"https:\\\/\\\/schema.org\",\"@graph\":[{\"@type\":\"WebPage\",\"@id\":\"https:\\\/\\\/euroissues.pt\\\/en\\\/jornadas-xix-2025\\\/oradores-principais-2025\\\/\",\"url\":\"https:\\\/\\\/euroissues.pt\\\/en\\\/jornadas-xix-2025\\\/oradores-principais-2025\\\/\",\"name\":\"Oradores Principais - 2025 - EUROISSUES\",\"isPartOf\":{\"@id\":\"https:\\\/\\\/euroissues.pt\\\/#website\"},\"primaryImageOfPage\":{\"@id\":\"https:\\\/\\\/euroissues.pt\\\/en\\\/jornadas-xix-2025\\\/oradores-principais-2025\\\/#primaryimage\"},\"image\":{\"@id\":\"https:\\\/\\\/euroissues.pt\\\/en\\\/jornadas-xix-2025\\\/oradores-principais-2025\\\/#primaryimage\"},\"thumbnailUrl\":\"https:\\\/\\\/euroissues.pt\\\/wp-content\\\/uploads\\\/2025\\\/03\\\/Eric-Vaz-150x150.jpg\",\"datePublished\":\"2025-01-06T18:27:24+00:00\",\"dateModified\":\"2025-03-11T12:02:34+00:00\",\"breadcrumb\":{\"@id\":\"https:\\\/\\\/euroissues.pt\\\/en\\\/jornadas-xix-2025\\\/oradores-principais-2025\\\/#breadcrumb\"},\"inLanguage\":\"en-GB\",\"potentialAction\":[{\"@type\":\"ReadAction\",\"target\":[\"https:\\\/\\\/euroissues.pt\\\/en\\\/jornadas-xix-2025\\\/oradores-principais-2025\\\/\"]}]},{\"@type\":\"ImageObject\",\"inLanguage\":\"en-GB\",\"@id\":\"https:\\\/\\\/euroissues.pt\\\/en\\\/jornadas-xix-2025\\\/oradores-principais-2025\\\/#primaryimage\",\"url\":\"https:\\\/\\\/euroissues.pt\\\/wp-content\\\/uploads\\\/2025\\\/03\\\/Eric-Vaz-150x150.jpg\",\"contentUrl\":\"https:\\\/\\\/euroissues.pt\\\/wp-content\\\/uploads\\\/2025\\\/03\\\/Eric-Vaz-150x150.jpg\"},{\"@type\":\"BreadcrumbList\",\"@id\":\"https:\\\/\\\/euroissues.pt\\\/en\\\/jornadas-xix-2025\\\/oradores-principais-2025\\\/#breadcrumb\",\"itemListElement\":[{\"@type\":\"ListItem\",\"position\":1,\"name\":\"In\u00edcio\",\"item\":\"https:\\\/\\\/euroissues.pt\\\/\"},{\"@type\":\"ListItem\",\"position\":2,\"name\":\"Jornadas XIX \u2013 2025\",\"item\":\"https:\\\/\\\/euroissues.pt\\\/jornadas-xix-2025\\\/\"},{\"@type\":\"ListItem\",\"position\":3,\"name\":\"Oradores Principais &#8211; 2025\"}]},{\"@type\":\"WebSite\",\"@id\":\"https:\\\/\\\/euroissues.pt\\\/#website\",\"url\":\"https:\\\/\\\/euroissues.pt\\\/\",\"name\":\"EUROISSUES\",\"description\":\"Constru\u00e7\u00e3o de Territ\u00f3rios Resilientes e Sustent\u00e1veis\",\"publisher\":{\"@id\":\"https:\\\/\\\/euroissues.pt\\\/#organization\"},\"potentialAction\":[{\"@type\":\"SearchAction\",\"target\":{\"@type\":\"EntryPoint\",\"urlTemplate\":\"https:\\\/\\\/euroissues.pt\\\/?s={search_term_string}\"},\"query-input\":{\"@type\":\"PropertyValueSpecification\",\"valueRequired\":true,\"valueName\":\"search_term_string\"}}],\"inLanguage\":\"en-GB\"},{\"@type\":\"Organization\",\"@id\":\"https:\\\/\\\/euroissues.pt\\\/#organization\",\"name\":\"EUROISSUES\",\"url\":\"https:\\\/\\\/euroissues.pt\\\/\",\"logo\":{\"@type\":\"ImageObject\",\"inLanguage\":\"en-GB\",\"@id\":\"https:\\\/\\\/euroissues.pt\\\/#\\\/schema\\\/logo\\\/image\\\/\",\"url\":\"https:\\\/\\\/euroissues.pt\\\/wp-content\\\/uploads\\\/2024\\\/06\\\/cropped-logo_2.png\",\"contentUrl\":\"https:\\\/\\\/euroissues.pt\\\/wp-content\\\/uploads\\\/2024\\\/06\\\/cropped-logo_2.png\",\"width\":500,\"height\":138,\"caption\":\"EUROISSUES\"},\"image\":{\"@id\":\"https:\\\/\\\/euroissues.pt\\\/#\\\/schema\\\/logo\\\/image\\\/\"}}]}<\/script>\n<!-- \/ Yoast SEO plugin. -->","yoast_head_json":{"title":"Oradores Principais - 2025 - EUROISSUES","robots":{"index":"index","follow":"follow","max-snippet":"max-snippet:-1","max-image-preview":"max-image-preview:large","max-video-preview":"max-video-preview:-1"},"canonical":"https:\/\/euroissues.pt\/en\/jornadas-xix-2025\/oradores-principais-2025\/","og_locale":"en_GB","og_type":"article","og_title":"Oradores Principais - 2025 - EUROISSUES","og_description":"Eric Vaz Explorando a \u00faltima fronteira: do regional ao local nas ci\u00eancias espaciais O Professor Doutor Eric Vaz \u00e9 um acad\u00e9mico e l\u00edder intelectual reconhecido mundialmente em geografia e habitats e atualmente encontra-se no 18\u00ba lugar a n\u00edvel mundial pela ScholarGPS. \u00c9 Professor Catedr\u00e1tico de An\u00e1lise Geogr\u00e1fica e Diretor do Programa de P\u00f3s-gradua\u00e7\u00e3o em An\u00e1lise [&hellip;]","og_url":"https:\/\/euroissues.pt\/en\/jornadas-xix-2025\/oradores-principais-2025\/","og_site_name":"EUROISSUES","article_modified_time":"2025-03-11T12:02:34+00:00","og_image":[{"url":"https:\/\/euroissues.pt\/wp-content\/uploads\/2025\/03\/Eric-Vaz-150x150.jpg","type":"","width":"","height":""}],"twitter_card":"summary_large_image","twitter_misc":{"Estimated reading time":"4 minutes"},"schema":{"@context":"https:\/\/schema.org","@graph":[{"@type":"WebPage","@id":"https:\/\/euroissues.pt\/en\/jornadas-xix-2025\/oradores-principais-2025\/","url":"https:\/\/euroissues.pt\/en\/jornadas-xix-2025\/oradores-principais-2025\/","name":"Oradores Principais - 2025 - EUROISSUES","isPartOf":{"@id":"https:\/\/euroissues.pt\/#website"},"primaryImageOfPage":{"@id":"https:\/\/euroissues.pt\/en\/jornadas-xix-2025\/oradores-principais-2025\/#primaryimage"},"image":{"@id":"https:\/\/euroissues.pt\/en\/jornadas-xix-2025\/oradores-principais-2025\/#primaryimage"},"thumbnailUrl":"https:\/\/euroissues.pt\/wp-content\/uploads\/2025\/03\/Eric-Vaz-150x150.jpg","datePublished":"2025-01-06T18:27:24+00:00","dateModified":"2025-03-11T12:02:34+00:00","breadcrumb":{"@id":"https:\/\/euroissues.pt\/en\/jornadas-xix-2025\/oradores-principais-2025\/#breadcrumb"},"inLanguage":"en-GB","potentialAction":[{"@type":"ReadAction","target":["https:\/\/euroissues.pt\/en\/jornadas-xix-2025\/oradores-principais-2025\/"]}]},{"@type":"ImageObject","inLanguage":"en-GB","@id":"https:\/\/euroissues.pt\/en\/jornadas-xix-2025\/oradores-principais-2025\/#primaryimage","url":"https:\/\/euroissues.pt\/wp-content\/uploads\/2025\/03\/Eric-Vaz-150x150.jpg","contentUrl":"https:\/\/euroissues.pt\/wp-content\/uploads\/2025\/03\/Eric-Vaz-150x150.jpg"},{"@type":"BreadcrumbList","@id":"https:\/\/euroissues.pt\/en\/jornadas-xix-2025\/oradores-principais-2025\/#breadcrumb","itemListElement":[{"@type":"ListItem","position":1,"name":"In\u00edcio","item":"https:\/\/euroissues.pt\/"},{"@type":"ListItem","position":2,"name":"Jornadas XIX \u2013 2025","item":"https:\/\/euroissues.pt\/jornadas-xix-2025\/"},{"@type":"ListItem","position":3,"name":"Oradores Principais &#8211; 2025"}]},{"@type":"WebSite","@id":"https:\/\/euroissues.pt\/#website","url":"https:\/\/euroissues.pt\/","name":"EUROISSUES","description":"Constru\u00e7\u00e3o de Territ\u00f3rios Resilientes e Sustent\u00e1veis","publisher":{"@id":"https:\/\/euroissues.pt\/#organization"},"potentialAction":[{"@type":"SearchAction","target":{"@type":"EntryPoint","urlTemplate":"https:\/\/euroissues.pt\/?s={search_term_string}"},"query-input":{"@type":"PropertyValueSpecification","valueRequired":true,"valueName":"search_term_string"}}],"inLanguage":"en-GB"},{"@type":"Organization","@id":"https:\/\/euroissues.pt\/#organization","name":"EUROISSUES","url":"https:\/\/euroissues.pt\/","logo":{"@type":"ImageObject","inLanguage":"en-GB","@id":"https:\/\/euroissues.pt\/#\/schema\/logo\/image\/","url":"https:\/\/euroissues.pt\/wp-content\/uploads\/2024\/06\/cropped-logo_2.png","contentUrl":"https:\/\/euroissues.pt\/wp-content\/uploads\/2024\/06\/cropped-logo_2.png","width":500,"height":138,"caption":"EUROISSUES"},"image":{"@id":"https:\/\/euroissues.pt\/#\/schema\/logo\/image\/"}}]}},"_links":{"self":[{"href":"https:\/\/euroissues.pt\/en\/wp-json\/wp\/v2\/pages\/1835","targetHints":{"allow":["GET"]}}],"collection":[{"href":"https:\/\/euroissues.pt\/en\/wp-json\/wp\/v2\/pages"}],"about":[{"href":"https:\/\/euroissues.pt\/en\/wp-json\/wp\/v2\/types\/page"}],"author":[{"embeddable":true,"href":"https:\/\/euroissues.pt\/en\/wp-json\/wp\/v2\/users\/5"}],"replies":[{"embeddable":true,"href":"https:\/\/euroissues.pt\/en\/wp-json\/wp\/v2\/comments?post=1835"}],"version-history":[{"count":0,"href":"https:\/\/euroissues.pt\/en\/wp-json\/wp\/v2\/pages\/1835\/revisions"}],"up":[{"embeddable":true,"href":"https:\/\/euroissues.pt\/en\/wp-json\/wp\/v2\/pages\/1805"}],"wp:attachment":[{"href":"https:\/\/euroissues.pt\/en\/wp-json\/wp\/v2\/media?parent=1835"}],"curies":[{"name":"wp","href":"https:\/\/api.w.org\/{rel}","templated":true}]}}