{"id":1845,"date":"2025-01-06T18:31:35","date_gmt":"2025-01-06T18:31:35","guid":{"rendered":"https:\/\/euroissues.pt\/?page_id=1845"},"modified":"2025-05-19T14:32:51","modified_gmt":"2025-05-19T14:32:51","slug":"sessao-de-abertura-2025","status":"publish","type":"page","link":"https:\/\/euroissues.pt\/en\/jornadas-xix-2025\/sessao-de-abertura-2025\/","title":{"rendered":"Opening Session - 2025"},"content":{"rendered":"<div data-elementor-type=\"wp-page\" data-elementor-id=\"1845\" class=\"elementor elementor-1845\" data-elementor-post-type=\"page\">\n\t\t\t\t<div class=\"elementor-element elementor-element-3e58417 e-flex e-con-boxed e-con e-parent\" data-id=\"3e58417\" data-element_type=\"container\" data-e-type=\"container\">\n\t\t\t\t\t<div class=\"e-con-inner\">\n\t\t<div class=\"elementor-element elementor-element-6a007b1 e-con-full e-flex e-con e-child\" data-id=\"6a007b1\" data-element_type=\"container\" data-e-type=\"container\">\n\t\t\t\t<div class=\"elementor-element elementor-element-f7e7d6d elementor-widget elementor-widget-image\" data-id=\"f7e7d6d\" data-element_type=\"widget\" data-e-type=\"widget\" data-widget_type=\"image.default\">\n\t\t\t\t<div class=\"elementor-widget-container\">\n\t\t\t\t\t\t\t\t\t\t\t\t\t\t\t\t<a href=\"https:\/\/euroissues.pt\/wp-content\/uploads\/2025\/05\/Prof.-Doutor-Antonio-M.-Cunha.png\" data-elementor-open-lightbox=\"yes\" data-elementor-lightbox-title=\"Prof. Doutor Ant\u00f3nio M. Cunha\" data-e-action-hash=\"#elementor-action%3Aaction%3Dlightbox%26settings%3DeyJpZCI6Mjg1MSwidXJsIjoiaHR0cHM6XC9cL2V1cm9pc3N1ZXMucHRcL3dwLWNvbnRlbnRcL3VwbG9hZHNcLzIwMjVcLzA1XC9Qcm9mLi1Eb3V0b3ItQW50b25pby1NLi1DdW5oYS5wbmcifQ%3D%3D\">\n\t\t\t\t\t\t\t<img fetchpriority=\"high\" decoding=\"async\" width=\"1024\" height=\"686\" src=\"https:\/\/euroissues.pt\/wp-content\/uploads\/2025\/05\/Prof.-Doutor-Antonio-M.-Cunha-1024x686.png\" class=\"attachment-large size-large wp-image-2851\" alt=\"\" srcset=\"https:\/\/euroissues.pt\/wp-content\/uploads\/2025\/05\/Prof.-Doutor-Antonio-M.-Cunha-1024x686.png 1024w, https:\/\/euroissues.pt\/wp-content\/uploads\/2025\/05\/Prof.-Doutor-Antonio-M.-Cunha-300x201.png 300w, https:\/\/euroissues.pt\/wp-content\/uploads\/2025\/05\/Prof.-Doutor-Antonio-M.-Cunha-768x514.png 768w, https:\/\/euroissues.pt\/wp-content\/uploads\/2025\/05\/Prof.-Doutor-Antonio-M.-Cunha-18x12.png 18w, https:\/\/euroissues.pt\/wp-content\/uploads\/2025\/05\/Prof.-Doutor-Antonio-M.-Cunha.png 1299w\" sizes=\"(max-width: 1024px) 100vw, 1024px\" \/>\t\t\t\t\t\t\t\t<\/a>\n\t\t\t\t\t\t\t\t\t\t\t\t\t\t\t<\/div>\n\t\t\t\t<\/div>\n\t\t\t\t<\/div>\n\t\t<div class=\"elementor-element elementor-element-d8e3051 e-con-full e-flex e-con e-child\" data-id=\"d8e3051\" data-element_type=\"container\" data-e-type=\"container\">\n\t\t\t\t<div class=\"elementor-element elementor-element-5ca4068 elementor-widget elementor-widget-text-editor\" data-id=\"5ca4068\" data-element_type=\"widget\" data-e-type=\"widget\" data-widget_type=\"text-editor.default\">\n\t\t\t\t<div class=\"elementor-widget-container\">\n\t\t\t\t\t\t\t\t\t<h3><span style=\"color: #003300;\"><strong>Author: Prof. Doctor Ant\u00f3nio M. Cunha<\/strong><\/span><\/h3><p>President of the Northern Regional Coordination and Development Commission, CCDR-N<\/p><p>Email: <a href=\"mailto:secretariado.presidencia@ccdr-n.pt\">secretariado.presidencia@ccdr-n.pt<\/a><\/p>\t\t\t\t\t\t\t\t<\/div>\n\t\t\t\t<\/div>\n\t\t\t\t<\/div>\n\t\t\t\t\t<\/div>\n\t\t\t\t<\/div>\n\t\t<div class=\"elementor-element elementor-element-2a10ad4 e-flex e-con-boxed e-con e-parent\" data-id=\"2a10ad4\" data-element_type=\"container\" data-e-type=\"container\">\n\t\t\t\t\t<div class=\"e-con-inner\">\n\t\t\t\t<div class=\"elementor-element elementor-element-fc73e53 elementor-widget elementor-widget-heading\" data-id=\"fc73e53\" data-element_type=\"widget\" data-e-type=\"widget\" data-widget_type=\"heading.default\">\n\t\t\t\t<div class=\"elementor-widget-container\">\n\t\t\t\t\t<h2 class=\"elementor-heading-title elementor-size-default\">\u201cEurope\u2019s time! \u2026 Or the challenges of a crossroads\u201d<\/h2>\t\t\t\t<\/div>\n\t\t\t\t<\/div>\n\t\t\t\t\t<\/div>\n\t\t\t\t<\/div>\n\t\t<div class=\"elementor-element elementor-element-95b8ca1 e-flex e-con-boxed e-con e-parent\" data-id=\"95b8ca1\" data-element_type=\"container\" data-e-type=\"container\">\n\t\t\t\t\t<div class=\"e-con-inner\">\n\t\t\t\t<div class=\"elementor-element elementor-element-0fee55b elementor-widget elementor-widget-text-editor\" data-id=\"0fee55b\" data-element_type=\"widget\" data-e-type=\"widget\" data-widget_type=\"text-editor.default\">\n\t\t\t\t<div class=\"elementor-widget-container\">\n\t\t\t\t\t\t\t\t\t<p>Born in Braga in 1961, he\u2019s married and father of 2 children. He holds a degree in Production Engineering (1984) and a PhD in Polymer Science and Engineering (1991). Is Full Professor at the University of Minho, since 2003.<\/p><p>President of the School of Engineering (2005-09), Rector of the University of Minho (2009-17), President of the Council of Rectors of Portuguese Universities (2014-17), Patronage of the CEER Foundation of the Universities of Northern Portugal and Galicia (2010-16); He has been a curator of the A3ES Foundation since 2021, and a member of the Governing Board of the MIT-Portugal Program.<\/p><p>He was President of CoLab in Digital Transformation, DTx (2018-20) and Director of CEIIA - Center for Engineering and Development (2005-09 and 2018-20) and PIEP - Innovation in Polymer Engineering (2001-09).<\/p><p>He has been President of the Coordination Commission for the Northern Region since 2020, and chaired the Galicia \u2013 Northern Portugal Working Community (2020-24)<\/p><p>Is member of the Academy of Engineering, 2010.<\/p><p>He has been awarded by several institutions: Gold Badge of the University of Santiago de Compostela, 2013; Honorary citizen and medal of honor of the Municipality of Guimar\u00e3es, 2016; Scientific Merit Medal from the Ministry of Science, Technology and Higher Education, 2017; Gold Medal of the City of Braga, 2018; Grand Cross of the Order of Public Instruction, 2018; Medal of the Galician Parliament 2023 (as president of the AECT Galicia \u2013 Northern Portugal). Finally, he is an honorary citizen of the municipalities of Mogadouro and Vila Nova de Gaia, 2024.<\/p>\t\t\t\t\t\t\t\t<\/div>\n\t\t\t\t<\/div>\n\t\t\t\t\t<\/div>\n\t\t\t\t<\/div>\n\t\t\t\t<\/div>","protected":false},"excerpt":{"rendered":"<p>Autor: Prof. Doutor Ant\u00f3nio M. Cunha Presidente da Comiss\u00e3o de Coordena\u00e7\u00e3o e Desenvolvimento Regional do Norte, CCDR-N Email: secretariado.presidencia@ccdr-n.pt \u201cA hora da Europa! \u2026 Ou os desafios de uma encruzilhada\u201d Nasceu em Braga em 1961, \u00e9 casado e pai de 2 filhos. Licenciado em Engenharia de Produ\u00e7\u00e3o (1984) e doutorado em Ci\u00eancia e Engenharia de [&hellip;]<\/p>\n","protected":false},"author":5,"featured_media":0,"parent":1805,"menu_order":0,"comment_status":"closed","ping_status":"closed","template":"","meta":{"ocean_post_layout":"","ocean_both_sidebars_style":"","ocean_both_sidebars_content_width":0,"ocean_both_sidebars_sidebars_width":0,"ocean_sidebar":"","ocean_second_sidebar":"","ocean_disable_margins":"enable","ocean_add_body_class":"","ocean_shortcode_before_top_bar":"","ocean_shortcode_after_top_bar":"","ocean_shortcode_before_header":"","ocean_shortcode_after_header":"","ocean_has_shortcode":"","ocean_shortcode_after_title":"","ocean_shortcode_before_footer_widgets":"","ocean_shortcode_after_footer_widgets":"","ocean_shortcode_before_footer_bottom":"","ocean_shortcode_after_footer_bottom":"","ocean_display_top_bar":"default","ocean_display_header":"default","ocean_header_style":"","ocean_center_header_left_menu":"","ocean_custom_header_template":"","ocean_custom_logo":0,"ocean_custom_retina_logo":0,"ocean_custom_logo_max_width":0,"ocean_custom_logo_tablet_max_width":0,"ocean_custom_logo_mobile_max_width":0,"ocean_custom_logo_max_height":0,"ocean_custom_logo_tablet_max_height":0,"ocean_custom_logo_mobile_max_height":0,"ocean_header_custom_menu":"","ocean_menu_typo_font_family":"","ocean_menu_typo_font_subset":"","ocean_menu_typo_font_size":0,"ocean_menu_typo_font_size_tablet":0,"ocean_menu_typo_font_size_mobile":0,"ocean_menu_typo_font_size_unit":"px","ocean_menu_typo_font_weight":"","ocean_menu_typo_font_weight_tablet":"","ocean_menu_typo_font_weight_mobile":"","ocean_menu_typo_transform":"","ocean_menu_typo_transform_tablet":"","ocean_menu_typo_transform_mobile":"","ocean_menu_typo_line_height":0,"ocean_menu_typo_line_height_tablet":0,"ocean_menu_typo_line_height_mobile":0,"ocean_menu_typo_line_height_unit":"","ocean_menu_typo_spacing":0,"ocean_menu_typo_spacing_tablet":0,"ocean_menu_typo_spacing_mobile":0,"ocean_menu_typo_spacing_unit":"","ocean_menu_link_color":"","ocean_menu_link_color_hover":"","ocean_menu_link_color_active":"","ocean_menu_link_background":"","ocean_menu_link_hover_background":"","ocean_menu_link_active_background":"","ocean_menu_social_links_bg":"","ocean_menu_social_hover_links_bg":"","ocean_menu_social_links_color":"","ocean_menu_social_hover_links_color":"","ocean_disable_title":"default","ocean_disable_heading":"default","ocean_post_title":"","ocean_post_subheading":"","ocean_post_title_style":"","ocean_post_title_background_color":"","ocean_post_title_background":0,"ocean_post_title_bg_image_position":"","ocean_post_title_bg_image_attachment":"","ocean_post_title_bg_image_repeat":"","ocean_post_title_bg_image_size":"","ocean_post_title_height":0,"ocean_post_title_bg_overlay":0.5,"ocean_post_title_bg_overlay_color":"","ocean_disable_breadcrumbs":"default","ocean_breadcrumbs_color":"","ocean_breadcrumbs_separator_color":"","ocean_breadcrumbs_links_color":"","ocean_breadcrumbs_links_hover_color":"","ocean_display_footer_widgets":"default","ocean_display_footer_bottom":"default","ocean_custom_footer_template":"","footnotes":""},"class_list":["post-1845","page","type-page","status-publish","hentry","entry"],"yoast_head":"<!-- This site is optimized with the Yoast SEO plugin v27.4 - https:\/\/yoast.com\/product\/yoast-seo-wordpress\/ -->\n<title>Sess\u00e3o de Abertura - 2025 - EUROISSUES<\/title>\n<meta name=\"robots\" content=\"index, follow, max-snippet:-1, max-image-preview:large, max-video-preview:-1\" \/>\n<link rel=\"canonical\" href=\"https:\/\/euroissues.pt\/en\/jornadas-xix-2025\/sessao-de-abertura-2025\/\" \/>\n<meta property=\"og:locale\" content=\"en_GB\" \/>\n<meta property=\"og:type\" content=\"article\" \/>\n<meta property=\"og:title\" content=\"Sess\u00e3o de Abertura - 2025 - EUROISSUES\" \/>\n<meta property=\"og:description\" content=\"Autor: Prof. Doutor Ant\u00f3nio M. Cunha Presidente da Comiss\u00e3o de Coordena\u00e7\u00e3o e Desenvolvimento Regional do Norte, CCDR-N Email: secretariado.presidencia@ccdr-n.pt \u201cA hora da Europa! \u2026 Ou os desafios de uma encruzilhada\u201d Nasceu em Braga em 1961, \u00e9 casado e pai de 2 filhos. Licenciado em Engenharia de Produ\u00e7\u00e3o (1984) e doutorado em Ci\u00eancia e Engenharia de [&hellip;]\" \/>\n<meta property=\"og:url\" content=\"https:\/\/euroissues.pt\/en\/jornadas-xix-2025\/sessao-de-abertura-2025\/\" \/>\n<meta property=\"og:site_name\" content=\"EUROISSUES\" \/>\n<meta property=\"article:modified_time\" content=\"2025-05-19T14:32:51+00:00\" \/>\n<meta property=\"og:image\" content=\"https:\/\/euroissues.pt\/wp-content\/uploads\/2025\/05\/Prof.-Doutor-Antonio-M.-Cunha-1024x686.png\" \/>\n<meta name=\"twitter:card\" content=\"summary_large_image\" \/>\n<meta name=\"twitter:label1\" content=\"Estimated reading time\" \/>\n\t<meta name=\"twitter:data1\" content=\"2 minutes\" \/>\n<script type=\"application\/ld+json\" class=\"yoast-schema-graph\">{\"@context\":\"https:\\\/\\\/schema.org\",\"@graph\":[{\"@type\":\"WebPage\",\"@id\":\"https:\\\/\\\/euroissues.pt\\\/jornadas-xix-2025\\\/sessao-de-abertura-2025\\\/\",\"url\":\"https:\\\/\\\/euroissues.pt\\\/jornadas-xix-2025\\\/sessao-de-abertura-2025\\\/\",\"name\":\"Sess\u00e3o de Abertura - 2025 - EUROISSUES\",\"isPartOf\":{\"@id\":\"https:\\\/\\\/euroissues.pt\\\/#website\"},\"primaryImageOfPage\":{\"@id\":\"https:\\\/\\\/euroissues.pt\\\/jornadas-xix-2025\\\/sessao-de-abertura-2025\\\/#primaryimage\"},\"image\":{\"@id\":\"https:\\\/\\\/euroissues.pt\\\/jornadas-xix-2025\\\/sessao-de-abertura-2025\\\/#primaryimage\"},\"thumbnailUrl\":\"https:\\\/\\\/euroissues.pt\\\/wp-content\\\/uploads\\\/2025\\\/05\\\/Prof.-Doutor-Antonio-M.-Cunha-1024x686.png\",\"datePublished\":\"2025-01-06T18:31:35+00:00\",\"dateModified\":\"2025-05-19T14:32:51+00:00\",\"breadcrumb\":{\"@id\":\"https:\\\/\\\/euroissues.pt\\\/jornadas-xix-2025\\\/sessao-de-abertura-2025\\\/#breadcrumb\"},\"inLanguage\":\"en-GB\",\"potentialAction\":[{\"@type\":\"ReadAction\",\"target\":[\"https:\\\/\\\/euroissues.pt\\\/jornadas-xix-2025\\\/sessao-de-abertura-2025\\\/\"]}]},{\"@type\":\"ImageObject\",\"inLanguage\":\"en-GB\",\"@id\":\"https:\\\/\\\/euroissues.pt\\\/jornadas-xix-2025\\\/sessao-de-abertura-2025\\\/#primaryimage\",\"url\":\"https:\\\/\\\/euroissues.pt\\\/wp-content\\\/uploads\\\/2025\\\/05\\\/Prof.-Doutor-Antonio-M.-Cunha-1024x686.png\",\"contentUrl\":\"https:\\\/\\\/euroissues.pt\\\/wp-content\\\/uploads\\\/2025\\\/05\\\/Prof.-Doutor-Antonio-M.-Cunha-1024x686.png\"},{\"@type\":\"BreadcrumbList\",\"@id\":\"https:\\\/\\\/euroissues.pt\\\/jornadas-xix-2025\\\/sessao-de-abertura-2025\\\/#breadcrumb\",\"itemListElement\":[{\"@type\":\"ListItem\",\"position\":1,\"name\":\"In\u00edcio\",\"item\":\"https:\\\/\\\/euroissues.pt\\\/\"},{\"@type\":\"ListItem\",\"position\":2,\"name\":\"Jornadas XIX \u2013 2025\",\"item\":\"https:\\\/\\\/euroissues.pt\\\/jornadas-xix-2025\\\/\"},{\"@type\":\"ListItem\",\"position\":3,\"name\":\"Sess\u00e3o de Abertura &#8211; 2025\"}]},{\"@type\":\"WebSite\",\"@id\":\"https:\\\/\\\/euroissues.pt\\\/#website\",\"url\":\"https:\\\/\\\/euroissues.pt\\\/\",\"name\":\"EUROISSUES\",\"description\":\"Constru\u00e7\u00e3o de Territ\u00f3rios Resilientes e Sustent\u00e1veis\",\"publisher\":{\"@id\":\"https:\\\/\\\/euroissues.pt\\\/#organization\"},\"potentialAction\":[{\"@type\":\"SearchAction\",\"target\":{\"@type\":\"EntryPoint\",\"urlTemplate\":\"https:\\\/\\\/euroissues.pt\\\/?s={search_term_string}\"},\"query-input\":{\"@type\":\"PropertyValueSpecification\",\"valueRequired\":true,\"valueName\":\"search_term_string\"}}],\"inLanguage\":\"en-GB\"},{\"@type\":\"Organization\",\"@id\":\"https:\\\/\\\/euroissues.pt\\\/#organization\",\"name\":\"EUROISSUES\",\"url\":\"https:\\\/\\\/euroissues.pt\\\/\",\"logo\":{\"@type\":\"ImageObject\",\"inLanguage\":\"en-GB\",\"@id\":\"https:\\\/\\\/euroissues.pt\\\/#\\\/schema\\\/logo\\\/image\\\/\",\"url\":\"https:\\\/\\\/euroissues.pt\\\/wp-content\\\/uploads\\\/2024\\\/06\\\/cropped-logo_2.png\",\"contentUrl\":\"https:\\\/\\\/euroissues.pt\\\/wp-content\\\/uploads\\\/2024\\\/06\\\/cropped-logo_2.png\",\"width\":500,\"height\":138,\"caption\":\"EUROISSUES\"},\"image\":{\"@id\":\"https:\\\/\\\/euroissues.pt\\\/#\\\/schema\\\/logo\\\/image\\\/\"}}]}<\/script>\n<!-- \/ Yoast SEO plugin. -->","yoast_head_json":{"title":"Sess\u00e3o de Abertura - 2025 - EUROISSUES","robots":{"index":"index","follow":"follow","max-snippet":"max-snippet:-1","max-image-preview":"max-image-preview:large","max-video-preview":"max-video-preview:-1"},"canonical":"https:\/\/euroissues.pt\/en\/jornadas-xix-2025\/sessao-de-abertura-2025\/","og_locale":"en_GB","og_type":"article","og_title":"Sess\u00e3o de Abertura - 2025 - EUROISSUES","og_description":"Autor: Prof. Doutor Ant\u00f3nio M. Cunha Presidente da Comiss\u00e3o de Coordena\u00e7\u00e3o e Desenvolvimento Regional do Norte, CCDR-N Email: secretariado.presidencia@ccdr-n.pt \u201cA hora da Europa! \u2026 Ou os desafios de uma encruzilhada\u201d Nasceu em Braga em 1961, \u00e9 casado e pai de 2 filhos. Licenciado em Engenharia de Produ\u00e7\u00e3o (1984) e doutorado em Ci\u00eancia e Engenharia de [&hellip;]","og_url":"https:\/\/euroissues.pt\/en\/jornadas-xix-2025\/sessao-de-abertura-2025\/","og_site_name":"EUROISSUES","article_modified_time":"2025-05-19T14:32:51+00:00","og_image":[{"url":"https:\/\/euroissues.pt\/wp-content\/uploads\/2025\/05\/Prof.-Doutor-Antonio-M.-Cunha-1024x686.png","type":"","width":"","height":""}],"twitter_card":"summary_large_image","twitter_misc":{"Estimated reading time":"2 minutes"},"schema":{"@context":"https:\/\/schema.org","@graph":[{"@type":"WebPage","@id":"https:\/\/euroissues.pt\/jornadas-xix-2025\/sessao-de-abertura-2025\/","url":"https:\/\/euroissues.pt\/jornadas-xix-2025\/sessao-de-abertura-2025\/","name":"Sess\u00e3o de Abertura - 2025 - EUROISSUES","isPartOf":{"@id":"https:\/\/euroissues.pt\/#website"},"primaryImageOfPage":{"@id":"https:\/\/euroissues.pt\/jornadas-xix-2025\/sessao-de-abertura-2025\/#primaryimage"},"image":{"@id":"https:\/\/euroissues.pt\/jornadas-xix-2025\/sessao-de-abertura-2025\/#primaryimage"},"thumbnailUrl":"https:\/\/euroissues.pt\/wp-content\/uploads\/2025\/05\/Prof.-Doutor-Antonio-M.-Cunha-1024x686.png","datePublished":"2025-01-06T18:31:35+00:00","dateModified":"2025-05-19T14:32:51+00:00","breadcrumb":{"@id":"https:\/\/euroissues.pt\/jornadas-xix-2025\/sessao-de-abertura-2025\/#breadcrumb"},"inLanguage":"en-GB","potentialAction":[{"@type":"ReadAction","target":["https:\/\/euroissues.pt\/jornadas-xix-2025\/sessao-de-abertura-2025\/"]}]},{"@type":"ImageObject","inLanguage":"en-GB","@id":"https:\/\/euroissues.pt\/jornadas-xix-2025\/sessao-de-abertura-2025\/#primaryimage","url":"https:\/\/euroissues.pt\/wp-content\/uploads\/2025\/05\/Prof.-Doutor-Antonio-M.-Cunha-1024x686.png","contentUrl":"https:\/\/euroissues.pt\/wp-content\/uploads\/2025\/05\/Prof.-Doutor-Antonio-M.-Cunha-1024x686.png"},{"@type":"BreadcrumbList","@id":"https:\/\/euroissues.pt\/jornadas-xix-2025\/sessao-de-abertura-2025\/#breadcrumb","itemListElement":[{"@type":"ListItem","position":1,"name":"In\u00edcio","item":"https:\/\/euroissues.pt\/"},{"@type":"ListItem","position":2,"name":"Jornadas XIX \u2013 2025","item":"https:\/\/euroissues.pt\/jornadas-xix-2025\/"},{"@type":"ListItem","position":3,"name":"Sess\u00e3o de Abertura &#8211; 2025"}]},{"@type":"WebSite","@id":"https:\/\/euroissues.pt\/#website","url":"https:\/\/euroissues.pt\/","name":"EUROISSUES","description":"Constru\u00e7\u00e3o de Territ\u00f3rios Resilientes e Sustent\u00e1veis","publisher":{"@id":"https:\/\/euroissues.pt\/#organization"},"potentialAction":[{"@type":"SearchAction","target":{"@type":"EntryPoint","urlTemplate":"https:\/\/euroissues.pt\/?s={search_term_string}"},"query-input":{"@type":"PropertyValueSpecification","valueRequired":true,"valueName":"search_term_string"}}],"inLanguage":"en-GB"},{"@type":"Organization","@id":"https:\/\/euroissues.pt\/#organization","name":"EUROISSUES","url":"https:\/\/euroissues.pt\/","logo":{"@type":"ImageObject","inLanguage":"en-GB","@id":"https:\/\/euroissues.pt\/#\/schema\/logo\/image\/","url":"https:\/\/euroissues.pt\/wp-content\/uploads\/2024\/06\/cropped-logo_2.png","contentUrl":"https:\/\/euroissues.pt\/wp-content\/uploads\/2024\/06\/cropped-logo_2.png","width":500,"height":138,"caption":"EUROISSUES"},"image":{"@id":"https:\/\/euroissues.pt\/#\/schema\/logo\/image\/"}}]}},"_links":{"self":[{"href":"https:\/\/euroissues.pt\/en\/wp-json\/wp\/v2\/pages\/1845","targetHints":{"allow":["GET"]}}],"collection":[{"href":"https:\/\/euroissues.pt\/en\/wp-json\/wp\/v2\/pages"}],"about":[{"href":"https:\/\/euroissues.pt\/en\/wp-json\/wp\/v2\/types\/page"}],"author":[{"embeddable":true,"href":"https:\/\/euroissues.pt\/en\/wp-json\/wp\/v2\/users\/5"}],"replies":[{"embeddable":true,"href":"https:\/\/euroissues.pt\/en\/wp-json\/wp\/v2\/comments?post=1845"}],"version-history":[{"count":22,"href":"https:\/\/euroissues.pt\/en\/wp-json\/wp\/v2\/pages\/1845\/revisions"}],"predecessor-version":[{"id":3432,"href":"https:\/\/euroissues.pt\/en\/wp-json\/wp\/v2\/pages\/1845\/revisions\/3432"}],"up":[{"embeddable":true,"href":"https:\/\/euroissues.pt\/en\/wp-json\/wp\/v2\/pages\/1805"}],"wp:attachment":[{"href":"https:\/\/euroissues.pt\/en\/wp-json\/wp\/v2\/media?parent=1845"}],"curies":[{"name":"wp","href":"https:\/\/api.w.org\/{rel}","templated":true}]}}