{"id":1853,"date":"2025-01-06T18:38:00","date_gmt":"2025-01-06T18:38:00","guid":{"rendered":"https:\/\/euroissues.pt\/?page_id=1853"},"modified":"2025-06-11T10:59:22","modified_gmt":"2025-06-11T10:59:22","slug":"visitas-de-estudo-2025","status":"publish","type":"page","link":"https:\/\/euroissues.pt\/en\/jornadas-xix-2025\/visitas-de-estudo-2025\/","title":{"rendered":"Field Trips - 2025"},"content":{"rendered":"<div data-elementor-type=\"wp-page\" data-elementor-id=\"1853\" class=\"elementor elementor-1853\" data-elementor-post-type=\"page\">\n\t\t\t\t<div class=\"elementor-element elementor-element-9d61474 e-flex e-con-boxed e-con e-parent\" data-id=\"9d61474\" data-element_type=\"container\" data-e-type=\"container\">\n\t\t\t\t\t<div class=\"e-con-inner\">\n\t\t\t\t<div class=\"elementor-element elementor-element-1756425 elementor-widget elementor-widget-text-editor\" data-id=\"1756425\" data-element_type=\"widget\" data-e-type=\"widget\" data-widget_type=\"text-editor.default\">\n\t\t\t\t<div class=\"elementor-widget-container\">\n\t\t\t\t\t\t\t\t\t<h2 style=\"text-align: center;\"><strong><u>FIELD TRIP - PORTO<\/u><\/strong><\/h2><h2 style=\"text-align: center;\"><strong><span style=\"color: #b1c103;\">Porto - World Heritage<\/span><\/strong><\/h2><p><strong>Date:<\/strong> June 18, 2025\u00a0<\/p><p><strong>Time:<\/strong> 5:00 p.m.<\/p><p>Coordinator: <strong>Jorge Ricardo Pinto<\/strong><\/p><p><strong>Description:<\/strong><\/p><p>Porto is a city shaped by time, rising over the Douro like a watchful sentinel. Its roots run deep\u2014at the highest point, a cathedral from the 12th century stands as a reminder of its medieval past. Below, by the riverbanks, life has long thrived: traders once filled boats with goods, their footsteps echoing on the worn granite pavements, their voices weaving through the narrow alleys. As we explore the historic heart of Porto, a UNESCO World Heritage Site, we will navigate twisting medieval streets, uncovering baroque church fa\u00e7ades, centuries-old houses, and hidden passageways that tumble down the hillside. The city whispers stories of different times and distant places, etched into its ancient walls. Damp air lingers in the streets, casting an air of mystery, while occasional shafts of light reveal glimpses of the river\u2019s deep blue, where the masts of old ships once swayed.\u00a0\u00a0<\/p>\t\t\t\t\t\t\t\t<\/div>\n\t\t\t\t<\/div>\n\t\t\t\t<div class=\"elementor-element elementor-element-8ad7093 elementor-widget elementor-widget-image\" data-id=\"8ad7093\" data-element_type=\"widget\" data-e-type=\"widget\" data-widget_type=\"image.default\">\n\t\t\t\t<div class=\"elementor-widget-container\">\n\t\t\t\t\t\t\t\t\t\t\t\t\t\t\t<img fetchpriority=\"high\" decoding=\"async\" width=\"2048\" height=\"1152\" src=\"https:\/\/euroissues.pt\/wp-content\/uploads\/2025\/03\/Porto1-2048x1152.jpg\" class=\"attachment-2048x2048 size-2048x2048 wp-image-2661\" alt=\"\" srcset=\"https:\/\/euroissues.pt\/wp-content\/uploads\/2025\/03\/Porto1-2048x1152.jpg 2048w, https:\/\/euroissues.pt\/wp-content\/uploads\/2025\/03\/Porto1-300x169.jpg 300w, https:\/\/euroissues.pt\/wp-content\/uploads\/2025\/03\/Porto1-1024x576.jpg 1024w, https:\/\/euroissues.pt\/wp-content\/uploads\/2025\/03\/Porto1-768x432.jpg 768w, https:\/\/euroissues.pt\/wp-content\/uploads\/2025\/03\/Porto1-1536x864.jpg 1536w, https:\/\/euroissues.pt\/wp-content\/uploads\/2025\/03\/Porto1-18x10.jpg 18w, https:\/\/euroissues.pt\/wp-content\/uploads\/2025\/03\/Porto1-800x450.jpg 800w, https:\/\/euroissues.pt\/wp-content\/uploads\/2025\/03\/Porto1-1320x743.jpg 1320w\" sizes=\"(max-width: 2048px) 100vw, 2048px\" \/>\t\t\t\t\t\t\t\t\t\t\t\t\t\t\t<\/div>\n\t\t\t\t<\/div>\n\t\t\t\t\t<\/div>\n\t\t\t\t<\/div>\n\t\t<div class=\"elementor-element elementor-element-ad9f468 e-flex e-con-boxed e-con e-parent\" data-id=\"ad9f468\" data-element_type=\"container\" data-e-type=\"container\">\n\t\t\t\t\t<div class=\"e-con-inner\">\n\t\t\t\t<div class=\"elementor-element elementor-element-42366c9 elementor-widget elementor-widget-text-editor\" data-id=\"42366c9\" data-element_type=\"widget\" data-e-type=\"widget\" data-widget_type=\"text-editor.default\">\n\t\t\t\t<div class=\"elementor-widget-container\">\n\t\t\t\t\t\t\t\t\t<h2 style=\"text-align: center;\"><strong><u>STUDY VISIT, ALIJ\u00d3<\/u><\/strong><\/h2><h2 style=\"text-align: center;\"><strong><span style=\"color: #b1c103;\">Alij\u00f3, a municipality in the Douro Demarcated Region yet to be discovered!<\/span><\/strong><\/h2><p><strong>Date:<\/strong> June 19, 2025<\/p><p><strong>Time:<\/strong> 8:00 a.m.<\/p><p>Coordinator: <strong><strong>Maria Helena Pina<\/strong><\/strong><\/p>\t\t\t\t\t\t\t\t<\/div>\n\t\t\t\t<\/div>\n\t\t\t\t\t<\/div>\n\t\t\t\t<\/div>\n\t\t<div class=\"elementor-element elementor-element-1917e03 e-flex e-con-boxed e-con e-parent\" data-id=\"1917e03\" data-element_type=\"container\" data-e-type=\"container\">\n\t\t\t\t\t<div class=\"e-con-inner\">\n\t\t\t\t<div class=\"elementor-element elementor-element-e55f661 elementor-widget elementor-widget-image\" data-id=\"e55f661\" data-element_type=\"widget\" data-e-type=\"widget\" data-widget_type=\"image.default\">\n\t\t\t\t<div class=\"elementor-widget-container\">\n\t\t\t\t\t\t\t\t\t\t\t\t\t\t\t<img decoding=\"async\" width=\"1280\" height=\"404\" src=\"https:\/\/euroissues.pt\/wp-content\/uploads\/2025\/05\/casal_de_loivos_adv_1_1280_2500.png\" class=\"attachment-1536x1536 size-1536x1536 wp-image-2903\" alt=\"\" srcset=\"https:\/\/euroissues.pt\/wp-content\/uploads\/2025\/05\/casal_de_loivos_adv_1_1280_2500.png 1280w, https:\/\/euroissues.pt\/wp-content\/uploads\/2025\/05\/casal_de_loivos_adv_1_1280_2500-300x95.png 300w, https:\/\/euroissues.pt\/wp-content\/uploads\/2025\/05\/casal_de_loivos_adv_1_1280_2500-1024x323.png 1024w, https:\/\/euroissues.pt\/wp-content\/uploads\/2025\/05\/casal_de_loivos_adv_1_1280_2500-768x242.png 768w, https:\/\/euroissues.pt\/wp-content\/uploads\/2025\/05\/casal_de_loivos_adv_1_1280_2500-18x6.png 18w\" sizes=\"(max-width: 1280px) 100vw, 1280px\" \/>\t\t\t\t\t\t\t\t\t\t\t\t\t\t\t<\/div>\n\t\t\t\t<\/div>\n\t\t\t\t\t<\/div>\n\t\t\t\t<\/div>\n\t\t<div class=\"elementor-element elementor-element-9dc51a7 e-flex e-con-boxed e-con e-parent\" data-id=\"9dc51a7\" data-element_type=\"container\" data-e-type=\"container\">\n\t\t\t\t\t<div class=\"e-con-inner\">\n\t\t\t\t<div class=\"elementor-element elementor-element-b5199a9 elementor-widget elementor-widget-heading\" data-id=\"b5199a9\" data-element_type=\"widget\" data-e-type=\"widget\" data-widget_type=\"heading.default\">\n\t\t\t\t<div class=\"elementor-widget-container\">\n\t\t\t\t\t<h2 class=\"elementor-heading-title elementor-size-default\">Visit Program<\/h2>\t\t\t\t<\/div>\n\t\t\t\t<\/div>\n\t\t\t\t\t<\/div>\n\t\t\t\t<\/div>\n\t\t<div class=\"elementor-element elementor-element-4f0315a e-flex e-con-boxed e-con e-parent\" data-id=\"4f0315a\" data-element_type=\"container\" data-e-type=\"container\">\n\t\t\t\t\t<div class=\"e-con-inner\">\n\t\t<div class=\"elementor-element elementor-element-6e0d012 e-con-full e-flex e-con e-child\" data-id=\"6e0d012\" data-element_type=\"container\" data-e-type=\"container\">\n\t\t\t\t<div class=\"elementor-element elementor-element-05072ee elementor-widget elementor-widget-image\" data-id=\"05072ee\" data-element_type=\"widget\" data-e-type=\"widget\" data-widget_type=\"image.default\">\n\t\t\t\t<div class=\"elementor-widget-container\">\n\t\t\t\t\t\t\t\t\t\t\t\t\t\t\t\t<a href=\"https:\/\/euroissues.pt\/wp-content\/uploads\/2025\/06\/Alijo-EN.png\" data-elementor-open-lightbox=\"yes\" data-elementor-lightbox-title=\"Alij\u00f3 - PT\" data-e-action-hash=\"#elementor-action%3Aaction%3Dlightbox%26settings%3DeyJpZCI6MzE4NCwidXJsIjoiaHR0cHM6XC9cL2V1cm9pc3N1ZXMucHRcL3dwLWNvbnRlbnRcL3VwbG9hZHNcLzIwMjVcLzA2XC9BbGlqby1QVC5wbmcifQ%3D%3D\">\n\t\t\t\t\t\t\t<img decoding=\"async\" width=\"528\" height=\"748\" src=\"https:\/\/euroissues.pt\/wp-content\/uploads\/2025\/06\/Alijo-EN.png\" class=\"attachment-1536x1536 size-1536x1536 wp-image-3184\" alt=\"\" srcset=\"https:\/\/euroissues.pt\/wp-content\/uploads\/2025\/06\/Alijo-EN.png 557w, https:\/\/euroissues.pt\/wp-content\/uploads\/2025\/06\/Alijo-EN-211x300.png 211w, https:\/\/euroissues.pt\/wp-content\/uploads\/2025\/06\/Alijo-EN-8x12.png 8w\" sizes=\"(max-width: 528px) 100vw, 528px\" \/>\t\t\t\t\t\t\t\t<\/a>\n\t\t\t\t\t\t\t\t\t\t\t\t\t\t\t<\/div>\n\t\t\t\t<\/div>\n\t\t\t\t<\/div>\n\t\t<div class=\"elementor-element elementor-element-7e3330b e-con-full e-flex e-con e-child\" data-id=\"7e3330b\" data-element_type=\"container\" data-e-type=\"container\">\n\t\t\t\t<div class=\"elementor-element elementor-element-0109b6d elementor-align-center elementor-widget elementor-widget-button\" data-id=\"0109b6d\" data-element_type=\"widget\" data-e-type=\"widget\" data-widget_type=\"button.default\">\n\t\t\t\t<div class=\"elementor-widget-container\">\n\t\t\t\t\t\t\t\t\t<div class=\"elementor-button-wrapper\">\n\t\t\t\t\t<a class=\"elementor-button elementor-button-link elementor-size-sm\" href=\"https:\/\/euroissues.pt\/wp-content\/uploads\/2025\/06\/2ALIJO-UM-CONCELHO-DA-REGIAO-DEMARCADA-DO-DOURO-A-DESCOBRIR.pdf\" target=\"_blank\">\n\t\t\t\t\t\t<span class=\"elementor-button-content-wrapper\">\n\t\t\t\t\t\t\t\t\t<span class=\"elementor-button-text\">Download PDF - PT<\/span>\n\t\t\t\t\t<\/span>\n\t\t\t\t\t<\/a>\n\t\t\t\t<\/div>\n\t\t\t\t\t\t\t\t<\/div>\n\t\t\t\t<\/div>\n\t\t\t\t<div class=\"elementor-element elementor-element-1982cb3 elementor-align-center elementor-widget elementor-widget-button\" data-id=\"1982cb3\" data-element_type=\"widget\" data-e-type=\"widget\" data-widget_type=\"button.default\">\n\t\t\t\t<div class=\"elementor-widget-container\">\n\t\t\t\t\t\t\t\t\t<div class=\"elementor-button-wrapper\">\n\t\t\t\t\t<a class=\"elementor-button elementor-button-link elementor-size-sm\" href=\"https:\/\/euroissues.pt\/wp-content\/uploads\/2025\/06\/2ALIJO-A-MUNICIPALITY-OF-THE-DOURO-DEMARCATED-REGION-TO-BE.pdf\" target=\"_blank\">\n\t\t\t\t\t\t<span class=\"elementor-button-content-wrapper\">\n\t\t\t\t\t\t\t\t\t<span class=\"elementor-button-text\">Download PDF - EN<\/span>\n\t\t\t\t\t<\/span>\n\t\t\t\t\t<\/a>\n\t\t\t\t<\/div>\n\t\t\t\t\t\t\t\t<\/div>\n\t\t\t\t<\/div>\n\t\t\t\t<\/div>\n\t\t\t\t\t<\/div>\n\t\t\t\t<\/div>\n\t\t<div class=\"elementor-element elementor-element-0d76a40 e-flex e-con-boxed e-con e-parent\" data-id=\"0d76a40\" data-element_type=\"container\" data-e-type=\"container\">\n\t\t\t\t\t<div class=\"e-con-inner\">\n\t\t\t\t<div class=\"elementor-element elementor-element-a23043a elementor-widget elementor-widget-text-editor\" data-id=\"a23043a\" data-element_type=\"widget\" data-e-type=\"widget\" data-widget_type=\"text-editor.default\">\n\t\t\t\t<div class=\"elementor-widget-container\">\n\t\t\t\t\t\t\t\t\t<h2 style=\"text-align: center;\"><span style=\"text-decoration: underline;\">STUDY VISIT 2 TO THE MUNICIPALITY OF MES\u00c3O FRIO<\/span><\/h2><h2 style=\"text-align: center;\">\u00a0<\/h2><p><strong>Date:<\/strong> June 21, 2025<\/p><p><strong>Time:<\/strong>\u00a08:50 a.m<\/p><p>Coordinator: <strong>Diogo Miguel Pinto,<\/strong> CEGOT, Faculdade de Letras da Universidade do Porto<\/p><p><strong>Description:<\/strong><\/p><ul><li><strong>Gathering<\/strong> in Porto Campanh\u00e3 train station (next to the ticket offices) at <strong>8:50 a.m<\/strong>.<\/li><li><strong>Departure from Porto:<\/strong> InterRegional (IR) departing from Campanh\u00e3 train station at <strong>9:25 a.m.<\/strong> and arriving at Rede station at\u00a0<strong>11:05 a.m.<\/strong><\/li><li><strong>11:05 a.m.<\/strong> \u2013 Collection of participants at the \tRede station by municipal minibus (limited to 30 people)<\/li><li><strong>11:30 a.m.<\/strong> \u2013 Official welcome session in the Great Hall of the City Council.<\/li><li><strong>12:00 a.m.<\/strong> \u2013 Interpretative walking tour of the town of Mes\u00e3o Frio starting in the cloister of the Varatojo Convent and ending in the Pelourinho Square<\/li><li><strong>1:00 p.m.<\/strong> \u2013 Lunch at 'Casa dos Albergaria', the former student residence building (next to Pelourinho)<\/li><li><strong>3:00 p.m.<\/strong> \u2013 Visit to the Teixeira River Zone<\/li><li><strong>3:30 p.m.<\/strong> \u2013 Departure for the Miradouro de S\u00e3o Silvestre<\/li><li><strong>5:00 p.m.<\/strong> \u2013 Miradouro do Imagin\u00e1rio<\/li><li><strong>6:00 p.m.<\/strong> \u2013 Visit to the Barco Rabelo Interpretive Centre (next to the Rede station) with a tasting of Biscoito de Vila Marim and Port Wine tasting<\/li><li><strong>7:20 p.m.<\/strong> \u2013 Departure of the participants<\/li><li><strong>Return to Porto:<\/strong> InterRegional (IR) com partida da Esta\u00e7\u00e3o da Rede \u00e0s <strong>18h49<\/strong> e chegada a Campanh\u00e3 pelas\u00a0<strong>20h25<\/strong><\/li><\/ul>\t\t\t\t\t\t\t\t<\/div>\n\t\t\t\t<\/div>\n\t\t\t\t<div class=\"elementor-element elementor-element-bb088e2 elementor-widget elementor-widget-image\" data-id=\"bb088e2\" data-element_type=\"widget\" data-e-type=\"widget\" data-widget_type=\"image.default\">\n\t\t\t\t<div class=\"elementor-widget-container\">\n\t\t\t\t\t\t\t\t\t\t\t\t\t\t\t<img loading=\"lazy\" decoding=\"async\" width=\"1300\" height=\"731\" src=\"https:\/\/euroissues.pt\/wp-content\/uploads\/2025\/06\/MESAO-FRIO.jpg\" class=\"attachment-1536x1536 size-1536x1536 wp-image-3102\" alt=\"\" srcset=\"https:\/\/euroissues.pt\/wp-content\/uploads\/2025\/06\/MESAO-FRIO.jpg 1300w, https:\/\/euroissues.pt\/wp-content\/uploads\/2025\/06\/MESAO-FRIO-300x169.jpg 300w, https:\/\/euroissues.pt\/wp-content\/uploads\/2025\/06\/MESAO-FRIO-1024x576.jpg 1024w, https:\/\/euroissues.pt\/wp-content\/uploads\/2025\/06\/MESAO-FRIO-768x432.jpg 768w, https:\/\/euroissues.pt\/wp-content\/uploads\/2025\/06\/MESAO-FRIO-18x10.jpg 18w, https:\/\/euroissues.pt\/wp-content\/uploads\/2025\/06\/MESAO-FRIO-800x450.jpg 800w\" sizes=\"(max-width: 1300px) 100vw, 1300px\" \/>\t\t\t\t\t\t\t\t\t\t\t\t\t\t\t<\/div>\n\t\t\t\t<\/div>\n\t\t\t\t\t<\/div>\n\t\t\t\t<\/div>\n\t\t\t\t<\/div>","protected":false},"excerpt":{"rendered":"<p>VISITA DE ESTUDO, PORTO Porto \u2013 Patrim\u00f3nio Mundial Data: 18 de junho de 2025\u00a0 Hora: 17h00 Coordenador: Jorge Ricardo Pinto Descri\u00e7\u00e3o: O Porto \u00e9 uma cidade moldada pelo tempo, erguendo-se sobre o Douro como um guardi\u00e3o vigilante. As suas ra\u00edzes s\u00e3o profundas \u2014 no ponto mais alto, uma catedral do s\u00e9culo XII permanece como testemunho [&hellip;]<\/p>\n","protected":false},"author":5,"featured_media":0,"parent":1805,"menu_order":0,"comment_status":"closed","ping_status":"closed","template":"","meta":{"ocean_post_layout":"","ocean_both_sidebars_style":"","ocean_both_sidebars_content_width":0,"ocean_both_sidebars_sidebars_width":0,"ocean_sidebar":"","ocean_second_sidebar":"","ocean_disable_margins":"enable","ocean_add_body_class":"","ocean_shortcode_before_top_bar":"","ocean_shortcode_after_top_bar":"","ocean_shortcode_before_header":"","ocean_shortcode_after_header":"","ocean_has_shortcode":"","ocean_shortcode_after_title":"","ocean_shortcode_before_footer_widgets":"","ocean_shortcode_after_footer_widgets":"","ocean_shortcode_before_footer_bottom":"","ocean_shortcode_after_footer_bottom":"","ocean_display_top_bar":"default","ocean_display_header":"default","ocean_header_style":"","ocean_center_header_left_menu":"","ocean_custom_header_template":"","ocean_custom_logo":0,"ocean_custom_retina_logo":0,"ocean_custom_logo_max_width":0,"ocean_custom_logo_tablet_max_width":0,"ocean_custom_logo_mobile_max_width":0,"ocean_custom_logo_max_height":0,"ocean_custom_logo_tablet_max_height":0,"ocean_custom_logo_mobile_max_height":0,"ocean_header_custom_menu":"","ocean_menu_typo_font_family":"","ocean_menu_typo_font_subset":"","ocean_menu_typo_font_size":0,"ocean_menu_typo_font_size_tablet":0,"ocean_menu_typo_font_size_mobile":0,"ocean_menu_typo_font_size_unit":"px","ocean_menu_typo_font_weight":"","ocean_menu_typo_font_weight_tablet":"","ocean_menu_typo_font_weight_mobile":"","ocean_menu_typo_transform":"","ocean_menu_typo_transform_tablet":"","ocean_menu_typo_transform_mobile":"","ocean_menu_typo_line_height":0,"ocean_menu_typo_line_height_tablet":0,"ocean_menu_typo_line_height_mobile":0,"ocean_menu_typo_line_height_unit":"","ocean_menu_typo_spacing":0,"ocean_menu_typo_spacing_tablet":0,"ocean_menu_typo_spacing_mobile":0,"ocean_menu_typo_spacing_unit":"","ocean_menu_link_color":"","ocean_menu_link_color_hover":"","ocean_menu_link_color_active":"","ocean_menu_link_background":"","ocean_menu_link_hover_background":"","ocean_menu_link_active_background":"","ocean_menu_social_links_bg":"","ocean_menu_social_hover_links_bg":"","ocean_menu_social_links_color":"","ocean_menu_social_hover_links_color":"","ocean_disable_title":"default","ocean_disable_heading":"default","ocean_post_title":"","ocean_post_subheading":"","ocean_post_title_style":"","ocean_post_title_background_color":"","ocean_post_title_background":0,"ocean_post_title_bg_image_position":"","ocean_post_title_bg_image_attachment":"","ocean_post_title_bg_image_repeat":"","ocean_post_title_bg_image_size":"","ocean_post_title_height":0,"ocean_post_title_bg_overlay":0.5,"ocean_post_title_bg_overlay_color":"","ocean_disable_breadcrumbs":"default","ocean_breadcrumbs_color":"","ocean_breadcrumbs_separator_color":"","ocean_breadcrumbs_links_color":"","ocean_breadcrumbs_links_hover_color":"","ocean_display_footer_widgets":"default","ocean_display_footer_bottom":"default","ocean_custom_footer_template":"","footnotes":""},"class_list":["post-1853","page","type-page","status-publish","hentry","entry"],"yoast_head":"<!-- This site is optimized with the Yoast SEO plugin v27.5 - https:\/\/yoast.com\/product\/yoast-seo-wordpress\/ -->\n<title>Visitas de Estudo - 2025 - EUROISSUES<\/title>\n<meta name=\"robots\" content=\"index, follow, max-snippet:-1, max-image-preview:large, max-video-preview:-1\" \/>\n<link rel=\"canonical\" href=\"https:\/\/euroissues.pt\/en\/jornadas-xix-2025\/visitas-de-estudo-2025\/\" \/>\n<meta property=\"og:locale\" content=\"en_GB\" \/>\n<meta property=\"og:type\" content=\"article\" \/>\n<meta property=\"og:title\" content=\"Visitas de Estudo - 2025 - EUROISSUES\" \/>\n<meta property=\"og:description\" content=\"VISITA DE ESTUDO, PORTO Porto \u2013 Patrim\u00f3nio Mundial Data: 18 de junho de 2025\u00a0 Hora: 17h00 Coordenador: Jorge Ricardo Pinto Descri\u00e7\u00e3o: O Porto \u00e9 uma cidade moldada pelo tempo, erguendo-se sobre o Douro como um guardi\u00e3o vigilante. As suas ra\u00edzes s\u00e3o profundas \u2014 no ponto mais alto, uma catedral do s\u00e9culo XII permanece como testemunho [&hellip;]\" \/>\n<meta property=\"og:url\" content=\"https:\/\/euroissues.pt\/en\/jornadas-xix-2025\/visitas-de-estudo-2025\/\" \/>\n<meta property=\"og:site_name\" content=\"EUROISSUES\" \/>\n<meta property=\"article:modified_time\" content=\"2025-06-11T10:59:22+00:00\" \/>\n<meta property=\"og:image\" content=\"https:\/\/euroissues.pt\/wp-content\/uploads\/2025\/03\/Porto1-2048x1152.jpg\" \/>\n<meta name=\"twitter:card\" content=\"summary_large_image\" \/>\n<meta name=\"twitter:label1\" content=\"Estimated reading time\" \/>\n\t<meta name=\"twitter:data1\" content=\"3 minutes\" \/>\n<script type=\"application\/ld+json\" class=\"yoast-schema-graph\">{\"@context\":\"https:\\\/\\\/schema.org\",\"@graph\":[{\"@type\":\"WebPage\",\"@id\":\"https:\\\/\\\/euroissues.pt\\\/jornadas-xix-2025\\\/visitas-de-estudo-2025\\\/\",\"url\":\"https:\\\/\\\/euroissues.pt\\\/jornadas-xix-2025\\\/visitas-de-estudo-2025\\\/\",\"name\":\"Visitas de Estudo - 2025 - EUROISSUES\",\"isPartOf\":{\"@id\":\"https:\\\/\\\/euroissues.pt\\\/#website\"},\"primaryImageOfPage\":{\"@id\":\"https:\\\/\\\/euroissues.pt\\\/jornadas-xix-2025\\\/visitas-de-estudo-2025\\\/#primaryimage\"},\"image\":{\"@id\":\"https:\\\/\\\/euroissues.pt\\\/jornadas-xix-2025\\\/visitas-de-estudo-2025\\\/#primaryimage\"},\"thumbnailUrl\":\"https:\\\/\\\/euroissues.pt\\\/wp-content\\\/uploads\\\/2025\\\/03\\\/Porto1-2048x1152.jpg\",\"datePublished\":\"2025-01-06T18:38:00+00:00\",\"dateModified\":\"2025-06-11T10:59:22+00:00\",\"breadcrumb\":{\"@id\":\"https:\\\/\\\/euroissues.pt\\\/jornadas-xix-2025\\\/visitas-de-estudo-2025\\\/#breadcrumb\"},\"inLanguage\":\"en-GB\",\"potentialAction\":[{\"@type\":\"ReadAction\",\"target\":[\"https:\\\/\\\/euroissues.pt\\\/jornadas-xix-2025\\\/visitas-de-estudo-2025\\\/\"]}]},{\"@type\":\"ImageObject\",\"inLanguage\":\"en-GB\",\"@id\":\"https:\\\/\\\/euroissues.pt\\\/jornadas-xix-2025\\\/visitas-de-estudo-2025\\\/#primaryimage\",\"url\":\"https:\\\/\\\/euroissues.pt\\\/wp-content\\\/uploads\\\/2025\\\/03\\\/Porto1-2048x1152.jpg\",\"contentUrl\":\"https:\\\/\\\/euroissues.pt\\\/wp-content\\\/uploads\\\/2025\\\/03\\\/Porto1-2048x1152.jpg\"},{\"@type\":\"BreadcrumbList\",\"@id\":\"https:\\\/\\\/euroissues.pt\\\/jornadas-xix-2025\\\/visitas-de-estudo-2025\\\/#breadcrumb\",\"itemListElement\":[{\"@type\":\"ListItem\",\"position\":1,\"name\":\"In\u00edcio\",\"item\":\"https:\\\/\\\/euroissues.pt\\\/\"},{\"@type\":\"ListItem\",\"position\":2,\"name\":\"Jornadas XIX \u2013 2025\",\"item\":\"https:\\\/\\\/euroissues.pt\\\/jornadas-xix-2025\\\/\"},{\"@type\":\"ListItem\",\"position\":3,\"name\":\"Visitas de Estudo &#8211; 2025\"}]},{\"@type\":\"WebSite\",\"@id\":\"https:\\\/\\\/euroissues.pt\\\/#website\",\"url\":\"https:\\\/\\\/euroissues.pt\\\/\",\"name\":\"EUROISSUES\",\"description\":\"Constru\u00e7\u00e3o de Territ\u00f3rios Resilientes e Sustent\u00e1veis\",\"publisher\":{\"@id\":\"https:\\\/\\\/euroissues.pt\\\/#organization\"},\"potentialAction\":[{\"@type\":\"SearchAction\",\"target\":{\"@type\":\"EntryPoint\",\"urlTemplate\":\"https:\\\/\\\/euroissues.pt\\\/?s={search_term_string}\"},\"query-input\":{\"@type\":\"PropertyValueSpecification\",\"valueRequired\":true,\"valueName\":\"search_term_string\"}}],\"inLanguage\":\"en-GB\"},{\"@type\":\"Organization\",\"@id\":\"https:\\\/\\\/euroissues.pt\\\/#organization\",\"name\":\"EUROISSUES\",\"url\":\"https:\\\/\\\/euroissues.pt\\\/\",\"logo\":{\"@type\":\"ImageObject\",\"inLanguage\":\"en-GB\",\"@id\":\"https:\\\/\\\/euroissues.pt\\\/#\\\/schema\\\/logo\\\/image\\\/\",\"url\":\"https:\\\/\\\/euroissues.pt\\\/wp-content\\\/uploads\\\/2024\\\/06\\\/cropped-logo_2.png\",\"contentUrl\":\"https:\\\/\\\/euroissues.pt\\\/wp-content\\\/uploads\\\/2024\\\/06\\\/cropped-logo_2.png\",\"width\":500,\"height\":138,\"caption\":\"EUROISSUES\"},\"image\":{\"@id\":\"https:\\\/\\\/euroissues.pt\\\/#\\\/schema\\\/logo\\\/image\\\/\"}}]}<\/script>\n<!-- \/ Yoast SEO plugin. -->","yoast_head_json":{"title":"Visitas de Estudo - 2025 - EUROISSUES","robots":{"index":"index","follow":"follow","max-snippet":"max-snippet:-1","max-image-preview":"max-image-preview:large","max-video-preview":"max-video-preview:-1"},"canonical":"https:\/\/euroissues.pt\/en\/jornadas-xix-2025\/visitas-de-estudo-2025\/","og_locale":"en_GB","og_type":"article","og_title":"Visitas de Estudo - 2025 - EUROISSUES","og_description":"VISITA DE ESTUDO, PORTO Porto \u2013 Patrim\u00f3nio Mundial Data: 18 de junho de 2025\u00a0 Hora: 17h00 Coordenador: Jorge Ricardo Pinto Descri\u00e7\u00e3o: O Porto \u00e9 uma cidade moldada pelo tempo, erguendo-se sobre o Douro como um guardi\u00e3o vigilante. As suas ra\u00edzes s\u00e3o profundas \u2014 no ponto mais alto, uma catedral do s\u00e9culo XII permanece como testemunho [&hellip;]","og_url":"https:\/\/euroissues.pt\/en\/jornadas-xix-2025\/visitas-de-estudo-2025\/","og_site_name":"EUROISSUES","article_modified_time":"2025-06-11T10:59:22+00:00","og_image":[{"url":"https:\/\/euroissues.pt\/wp-content\/uploads\/2025\/03\/Porto1-2048x1152.jpg","type":"","width":"","height":""}],"twitter_card":"summary_large_image","twitter_misc":{"Estimated reading time":"3 minutes"},"schema":{"@context":"https:\/\/schema.org","@graph":[{"@type":"WebPage","@id":"https:\/\/euroissues.pt\/jornadas-xix-2025\/visitas-de-estudo-2025\/","url":"https:\/\/euroissues.pt\/jornadas-xix-2025\/visitas-de-estudo-2025\/","name":"Visitas de Estudo - 2025 - EUROISSUES","isPartOf":{"@id":"https:\/\/euroissues.pt\/#website"},"primaryImageOfPage":{"@id":"https:\/\/euroissues.pt\/jornadas-xix-2025\/visitas-de-estudo-2025\/#primaryimage"},"image":{"@id":"https:\/\/euroissues.pt\/jornadas-xix-2025\/visitas-de-estudo-2025\/#primaryimage"},"thumbnailUrl":"https:\/\/euroissues.pt\/wp-content\/uploads\/2025\/03\/Porto1-2048x1152.jpg","datePublished":"2025-01-06T18:38:00+00:00","dateModified":"2025-06-11T10:59:22+00:00","breadcrumb":{"@id":"https:\/\/euroissues.pt\/jornadas-xix-2025\/visitas-de-estudo-2025\/#breadcrumb"},"inLanguage":"en-GB","potentialAction":[{"@type":"ReadAction","target":["https:\/\/euroissues.pt\/jornadas-xix-2025\/visitas-de-estudo-2025\/"]}]},{"@type":"ImageObject","inLanguage":"en-GB","@id":"https:\/\/euroissues.pt\/jornadas-xix-2025\/visitas-de-estudo-2025\/#primaryimage","url":"https:\/\/euroissues.pt\/wp-content\/uploads\/2025\/03\/Porto1-2048x1152.jpg","contentUrl":"https:\/\/euroissues.pt\/wp-content\/uploads\/2025\/03\/Porto1-2048x1152.jpg"},{"@type":"BreadcrumbList","@id":"https:\/\/euroissues.pt\/jornadas-xix-2025\/visitas-de-estudo-2025\/#breadcrumb","itemListElement":[{"@type":"ListItem","position":1,"name":"In\u00edcio","item":"https:\/\/euroissues.pt\/"},{"@type":"ListItem","position":2,"name":"Jornadas XIX \u2013 2025","item":"https:\/\/euroissues.pt\/jornadas-xix-2025\/"},{"@type":"ListItem","position":3,"name":"Visitas de Estudo &#8211; 2025"}]},{"@type":"WebSite","@id":"https:\/\/euroissues.pt\/#website","url":"https:\/\/euroissues.pt\/","name":"EUROISSUES","description":"Constru\u00e7\u00e3o de Territ\u00f3rios Resilientes e Sustent\u00e1veis","publisher":{"@id":"https:\/\/euroissues.pt\/#organization"},"potentialAction":[{"@type":"SearchAction","target":{"@type":"EntryPoint","urlTemplate":"https:\/\/euroissues.pt\/?s={search_term_string}"},"query-input":{"@type":"PropertyValueSpecification","valueRequired":true,"valueName":"search_term_string"}}],"inLanguage":"en-GB"},{"@type":"Organization","@id":"https:\/\/euroissues.pt\/#organization","name":"EUROISSUES","url":"https:\/\/euroissues.pt\/","logo":{"@type":"ImageObject","inLanguage":"en-GB","@id":"https:\/\/euroissues.pt\/#\/schema\/logo\/image\/","url":"https:\/\/euroissues.pt\/wp-content\/uploads\/2024\/06\/cropped-logo_2.png","contentUrl":"https:\/\/euroissues.pt\/wp-content\/uploads\/2024\/06\/cropped-logo_2.png","width":500,"height":138,"caption":"EUROISSUES"},"image":{"@id":"https:\/\/euroissues.pt\/#\/schema\/logo\/image\/"}}]}},"_links":{"self":[{"href":"https:\/\/euroissues.pt\/en\/wp-json\/wp\/v2\/pages\/1853","targetHints":{"allow":["GET"]}}],"collection":[{"href":"https:\/\/euroissues.pt\/en\/wp-json\/wp\/v2\/pages"}],"about":[{"href":"https:\/\/euroissues.pt\/en\/wp-json\/wp\/v2\/types\/page"}],"author":[{"embeddable":true,"href":"https:\/\/euroissues.pt\/en\/wp-json\/wp\/v2\/users\/5"}],"replies":[{"embeddable":true,"href":"https:\/\/euroissues.pt\/en\/wp-json\/wp\/v2\/comments?post=1853"}],"version-history":[{"count":67,"href":"https:\/\/euroissues.pt\/en\/wp-json\/wp\/v2\/pages\/1853\/revisions"}],"predecessor-version":[{"id":3385,"href":"https:\/\/euroissues.pt\/en\/wp-json\/wp\/v2\/pages\/1853\/revisions\/3385"}],"up":[{"embeddable":true,"href":"https:\/\/euroissues.pt\/en\/wp-json\/wp\/v2\/pages\/1805"}],"wp:attachment":[{"href":"https:\/\/euroissues.pt\/en\/wp-json\/wp\/v2\/media?parent=1853"}],"curies":[{"name":"wp","href":"https:\/\/api.w.org\/{rel}","templated":true}]}}