{"id":2316,"date":"2025-03-07T20:09:39","date_gmt":"2025-03-07T20:09:39","guid":{"rendered":"https:\/\/euroissues.pt\/?page_id=2316"},"modified":"2025-03-07T21:10:17","modified_gmt":"2025-03-07T21:10:17","slug":"comissao-honra-24","status":"publish","type":"page","link":"https:\/\/euroissues.pt\/en\/jornadas-xviii-2024\/comissao-honra-24\/","title":{"rendered":"Honour Committee"},"content":{"rendered":"<div data-elementor-type=\"wp-page\" data-elementor-id=\"2316\" class=\"elementor elementor-2316\" data-elementor-post-type=\"page\">\n\t\t\t\t<div class=\"elementor-element elementor-element-df40da9 e-flex e-con-boxed e-con e-parent\" data-id=\"df40da9\" data-element_type=\"container\" data-e-type=\"container\">\n\t\t\t\t\t<div class=\"e-con-inner\">\n\t\t<div class=\"elementor-element elementor-element-d4769a5 e-con-full e-flex e-con e-child\" data-id=\"d4769a5\" data-element_type=\"container\" data-e-type=\"container\">\n\t\t\t\t<div class=\"elementor-element elementor-element-cae5ab8 elementor-widget elementor-widget-text-editor\" data-id=\"cae5ab8\" data-element_type=\"widget\" data-e-type=\"widget\" data-widget_type=\"text-editor.default\">\n\t\t\t\t<div class=\"elementor-widget-container\">\n\t\t\t\t\t\t\t\t\t<p>Jos\u00e9 Lu\u00eds Carneiro \u2013 Minister of Internal Administration, XXIII Constitutional Government of Portugal<\/p><p>Maria Leit\u00e3o Marques \u2013 Member of the European Parliament, Brussels<\/p><p>Frederico Francisco \u2013 Secretary of State for Infrastructure, XXIII Constitutional Government of Portugal<\/p><p>Teresa Almeida \u2013 President, Commission for Coordination and Regional Development of Lisbon and Tejo Valley (CCDR-LVT)<\/p><p>Ant\u00f3nio Ceia da Silva \u2013 President, Commission for Coordination and Regional Development of Alentejo (CCDR Alentejo)<\/p><p>Rui Moreira \u2013 Mayor of Porto<\/p><p>Paulo Silva \u2013 Mayor of Mes\u00e3o Frio<\/p><p>F\u00e1tima Fernandes \u2013 Mayor of Montalegre<\/p><p>Jos\u00e9 Manuel Gon\u00e7alves \u2013 Mayor of Peso da R\u00e9gua<\/p><p>Pedro Machado \u2013 Mayor of Lousada<\/p><p>Miguel Nunes \u2013 Councilor of Lousada Municipal Council<\/p><p>Isabel Ferreira Nunes \u2013 President, National Defense Institute (IDN), Portugal<\/p><p>Maria Madalena dos Santos Alves \u2013 President, Foundation for Science and Technology (FCT), Portugal<\/p><p>Tiago Oliveira \u2013 President, Agency for Integrated Management of Rural Fires (AGIF), Portugal<\/p><p>Duarte Costa \u2013 President, National Authority for Emergency and Civil Protection (ANEPC), Portugal<\/p><p>Andr\u00e9 Fernandes \u2013 National Commander for Emergency and Civil Protection (ANEPC), Portugal<\/p><p>Jos\u00e9 Manuel Matias \u2013 Diretor Regional Adjunto, (DRAP-N), Portugal<\/p><p>Pedro Moreira \u2013 President, Comboios de Portugal (CP), Portugal<\/p><p>Ros\u00e1rio Alves \u2013 Executive Director, Forestis \u2013 Portuguese Forestry Association<\/p>\t\t\t\t\t\t\t\t<\/div>\n\t\t\t\t<\/div>\n\t\t\t\t<\/div>\n\t\t<div class=\"elementor-element elementor-element-da8acba e-con-full e-flex e-con e-child\" data-id=\"da8acba\" data-element_type=\"container\" data-e-type=\"container\">\n\t\t\t\t<div class=\"elementor-element elementor-element-52f4840 elementor-widget elementor-widget-text-editor\" data-id=\"52f4840\" data-element_type=\"widget\" data-e-type=\"widget\" data-widget_type=\"text-editor.default\">\n\t\t\t\t<div class=\"elementor-widget-container\">\n\t\t\t\t\t\t\t\t\t<p>Lu\u00eds Almeida \u2013 President, Vale do Douro Association<\/p><p>Carlos Fonseca \u2013 Chief Technology Officer, FORESTWISE<\/p><p>Duarte Caldeira \u2013 President, Center for Studies and Intervention in Civil Protection (CEIPC)<\/p><p>Paula Pinto \u2013 Director, Faculty of Arts, University of Porto<\/p><p>Domingos Xavier Viegas \u2013 University of Coimbra<\/p><p>Mary Cawley \u2013 National University of Ireland, Galway, Ireland<\/p><p>Atanas Dermendzhiev \u2013 University of Veliko Tarnovo, Bulgaria<\/p><p>Stella Dermendzhieva \u2013 University of Veliko Tarnovo, Bulgaria<\/p><p>Ana Maria Bicalho \u2013 Federal University of Rio de Janeiro, Brazil<\/p><p>Scott William Hoefle \u2013 Federal University of Rio de Janeiro, Brazil<\/p><p>Ileana Constantinescu \u2013 Academy of Economic Studies, Bucharest, Romania<\/p><p>Jerzy Makowsky \u2013 University of Warsaw, Poland<\/p><p>Laura Sakaja \u2013 University of Zagreb, Croatia<\/p><p>Borna Fuerst-Bjelis \u2013 University of Zagreb, Croatia<\/p><p>Marta Arbinolo \u2013 OECD, France<\/p><p>Fernanda Cravid\u00e3o \u2013 University of Coimbra<\/p><p>Ant\u00f3nio Covas \u2013 University of Algarve<\/p><p>Merc\u00eas Covas \u2013 University of Algarve<\/p><p>Artur Crist\u00f3v\u00e3o \u2013 University of Tr\u00e1s-os-Montes and Alto Douro<\/p><p>L\u00facio Cunha \u2013 University of Coimbra<\/p><p>Luciano Louren\u00e7o \u2013 University of Coimbra<\/p><p>Nicole Vareta \u2013 Centre of Studies in Geography and Spatial Planning, Portugal<\/p><p>H\u00e9lder Marques \u2013 University of Porto<\/p>\t\t\t\t\t\t\t\t<\/div>\n\t\t\t\t<\/div>\n\t\t\t\t<\/div>\n\t\t\t\t\t<\/div>\n\t\t\t\t<\/div>\n\t\t\t\t<\/div>","protected":false},"excerpt":{"rendered":"<p>Jos\u00e9 Lu\u00eds Carneiro \u2013 Ministro da Administra\u00e7\u00e3o Interna, XXIII Governo Constitucional de Portugal Maria Leit\u00e3o Marques \u2013 Deputada ao Parlamento Europeu, Bruxelas Frederico Francisco \u2013 Secret\u00e1rio de Estado das Infraestruturas, XXIII Governo Constitucional de Portugal Teresa Almeida \u2013 Presidente, Comiss\u00e3o de Coordena\u00e7\u00e3o e Desenvolvimento Regional de Lisboa e Vale do Tejo (CCDR-LVT) Ant\u00f3nio Ceia da [&hellip;]<\/p>\n","protected":false},"author":1,"featured_media":0,"parent":9,"menu_order":0,"comment_status":"closed","ping_status":"closed","template":"","meta":{"ocean_post_layout":"","ocean_both_sidebars_style":"","ocean_both_sidebars_content_width":0,"ocean_both_sidebars_sidebars_width":0,"ocean_sidebar":"","ocean_second_sidebar":"","ocean_disable_margins":"enable","ocean_add_body_class":"","ocean_shortcode_before_top_bar":"","ocean_shortcode_after_top_bar":"","ocean_shortcode_before_header":"","ocean_shortcode_after_header":"","ocean_has_shortcode":"","ocean_shortcode_after_title":"","ocean_shortcode_before_footer_widgets":"","ocean_shortcode_after_footer_widgets":"","ocean_shortcode_before_footer_bottom":"","ocean_shortcode_after_footer_bottom":"","ocean_display_top_bar":"default","ocean_display_header":"default","ocean_header_style":"","ocean_center_header_left_menu":"","ocean_custom_header_template":"","ocean_custom_logo":0,"ocean_custom_retina_logo":0,"ocean_custom_logo_max_width":0,"ocean_custom_logo_tablet_max_width":0,"ocean_custom_logo_mobile_max_width":0,"ocean_custom_logo_max_height":0,"ocean_custom_logo_tablet_max_height":0,"ocean_custom_logo_mobile_max_height":0,"ocean_header_custom_menu":"","ocean_menu_typo_font_family":"","ocean_menu_typo_font_subset":"","ocean_menu_typo_font_size":0,"ocean_menu_typo_font_size_tablet":0,"ocean_menu_typo_font_size_mobile":0,"ocean_menu_typo_font_size_unit":"px","ocean_menu_typo_font_weight":"","ocean_menu_typo_font_weight_tablet":"","ocean_menu_typo_font_weight_mobile":"","ocean_menu_typo_transform":"","ocean_menu_typo_transform_tablet":"","ocean_menu_typo_transform_mobile":"","ocean_menu_typo_line_height":0,"ocean_menu_typo_line_height_tablet":0,"ocean_menu_typo_line_height_mobile":0,"ocean_menu_typo_line_height_unit":"","ocean_menu_typo_spacing":0,"ocean_menu_typo_spacing_tablet":0,"ocean_menu_typo_spacing_mobile":0,"ocean_menu_typo_spacing_unit":"","ocean_menu_link_color":"","ocean_menu_link_color_hover":"","ocean_menu_link_color_active":"","ocean_menu_link_background":"","ocean_menu_link_hover_background":"","ocean_menu_link_active_background":"","ocean_menu_social_links_bg":"","ocean_menu_social_hover_links_bg":"","ocean_menu_social_links_color":"","ocean_menu_social_hover_links_color":"","ocean_disable_title":"default","ocean_disable_heading":"default","ocean_post_title":"","ocean_post_subheading":"","ocean_post_title_style":"","ocean_post_title_background_color":"","ocean_post_title_background":0,"ocean_post_title_bg_image_position":"","ocean_post_title_bg_image_attachment":"","ocean_post_title_bg_image_repeat":"","ocean_post_title_bg_image_size":"","ocean_post_title_height":0,"ocean_post_title_bg_overlay":0.5,"ocean_post_title_bg_overlay_color":"","ocean_disable_breadcrumbs":"default","ocean_breadcrumbs_color":"","ocean_breadcrumbs_separator_color":"","ocean_breadcrumbs_links_color":"","ocean_breadcrumbs_links_hover_color":"","ocean_display_footer_widgets":"default","ocean_display_footer_bottom":"default","ocean_custom_footer_template":"","footnotes":""},"class_list":["post-2316","page","type-page","status-publish","hentry","entry"],"yoast_head":"<!-- This site is optimized with the Yoast SEO plugin v27.5 - https:\/\/yoast.com\/product\/yoast-seo-wordpress\/ -->\n<title>Comiss\u00e3o de Honra - EUROISSUES<\/title>\n<meta name=\"robots\" content=\"index, follow, max-snippet:-1, max-image-preview:large, max-video-preview:-1\" \/>\n<link rel=\"canonical\" href=\"https:\/\/euroissues.pt\/en\/jornadas-xviii-2024\/comissao-honra-24\/\" \/>\n<meta property=\"og:locale\" content=\"en_GB\" \/>\n<meta property=\"og:type\" content=\"article\" \/>\n<meta property=\"og:title\" content=\"Comiss\u00e3o de Honra - EUROISSUES\" \/>\n<meta property=\"og:description\" content=\"Jos\u00e9 Lu\u00eds Carneiro \u2013 Ministro da Administra\u00e7\u00e3o Interna, XXIII Governo Constitucional de Portugal Maria Leit\u00e3o Marques \u2013 Deputada ao Parlamento Europeu, Bruxelas Frederico Francisco \u2013 Secret\u00e1rio de Estado das Infraestruturas, XXIII Governo Constitucional de Portugal Teresa Almeida \u2013 Presidente, Comiss\u00e3o de Coordena\u00e7\u00e3o e Desenvolvimento Regional de Lisboa e Vale do Tejo (CCDR-LVT) Ant\u00f3nio Ceia da [&hellip;]\" \/>\n<meta property=\"og:url\" content=\"https:\/\/euroissues.pt\/en\/jornadas-xviii-2024\/comissao-honra-24\/\" \/>\n<meta property=\"og:site_name\" content=\"EUROISSUES\" \/>\n<meta property=\"article:modified_time\" content=\"2025-03-07T21:10:17+00:00\" \/>\n<meta name=\"twitter:card\" content=\"summary_large_image\" \/>\n<meta name=\"twitter:label1\" content=\"Estimated reading time\" \/>\n\t<meta name=\"twitter:data1\" content=\"4 minutes\" \/>\n<script type=\"application\/ld+json\" class=\"yoast-schema-graph\">{\"@context\":\"https:\\\/\\\/schema.org\",\"@graph\":[{\"@type\":\"WebPage\",\"@id\":\"https:\\\/\\\/euroissues.pt\\\/jornadas-xviii-2024\\\/comissao-honra-24\\\/\",\"url\":\"https:\\\/\\\/euroissues.pt\\\/jornadas-xviii-2024\\\/comissao-honra-24\\\/\",\"name\":\"Comiss\u00e3o de Honra - EUROISSUES\",\"isPartOf\":{\"@id\":\"https:\\\/\\\/euroissues.pt\\\/#website\"},\"datePublished\":\"2025-03-07T20:09:39+00:00\",\"dateModified\":\"2025-03-07T21:10:17+00:00\",\"breadcrumb\":{\"@id\":\"https:\\\/\\\/euroissues.pt\\\/jornadas-xviii-2024\\\/comissao-honra-24\\\/#breadcrumb\"},\"inLanguage\":\"en-GB\",\"potentialAction\":[{\"@type\":\"ReadAction\",\"target\":[\"https:\\\/\\\/euroissues.pt\\\/jornadas-xviii-2024\\\/comissao-honra-24\\\/\"]}]},{\"@type\":\"BreadcrumbList\",\"@id\":\"https:\\\/\\\/euroissues.pt\\\/jornadas-xviii-2024\\\/comissao-honra-24\\\/#breadcrumb\",\"itemListElement\":[{\"@type\":\"ListItem\",\"position\":1,\"name\":\"In\u00edcio\",\"item\":\"https:\\\/\\\/euroissues.pt\\\/\"},{\"@type\":\"ListItem\",\"position\":2,\"name\":\"Jornadas XVIII \u2013 2024\",\"item\":\"https:\\\/\\\/euroissues.pt\\\/jornadas-xviii-2024\\\/\"},{\"@type\":\"ListItem\",\"position\":3,\"name\":\"Comiss\u00e3o de Honra\"}]},{\"@type\":\"WebSite\",\"@id\":\"https:\\\/\\\/euroissues.pt\\\/#website\",\"url\":\"https:\\\/\\\/euroissues.pt\\\/\",\"name\":\"EUROISSUES\",\"description\":\"Constru\u00e7\u00e3o de Territ\u00f3rios Resilientes e Sustent\u00e1veis\",\"publisher\":{\"@id\":\"https:\\\/\\\/euroissues.pt\\\/#organization\"},\"potentialAction\":[{\"@type\":\"SearchAction\",\"target\":{\"@type\":\"EntryPoint\",\"urlTemplate\":\"https:\\\/\\\/euroissues.pt\\\/?s={search_term_string}\"},\"query-input\":{\"@type\":\"PropertyValueSpecification\",\"valueRequired\":true,\"valueName\":\"search_term_string\"}}],\"inLanguage\":\"en-GB\"},{\"@type\":\"Organization\",\"@id\":\"https:\\\/\\\/euroissues.pt\\\/#organization\",\"name\":\"EUROISSUES\",\"url\":\"https:\\\/\\\/euroissues.pt\\\/\",\"logo\":{\"@type\":\"ImageObject\",\"inLanguage\":\"en-GB\",\"@id\":\"https:\\\/\\\/euroissues.pt\\\/#\\\/schema\\\/logo\\\/image\\\/\",\"url\":\"https:\\\/\\\/euroissues.pt\\\/wp-content\\\/uploads\\\/2024\\\/06\\\/cropped-logo_2.png\",\"contentUrl\":\"https:\\\/\\\/euroissues.pt\\\/wp-content\\\/uploads\\\/2024\\\/06\\\/cropped-logo_2.png\",\"width\":500,\"height\":138,\"caption\":\"EUROISSUES\"},\"image\":{\"@id\":\"https:\\\/\\\/euroissues.pt\\\/#\\\/schema\\\/logo\\\/image\\\/\"}}]}<\/script>\n<!-- \/ Yoast SEO plugin. -->","yoast_head_json":{"title":"Comiss\u00e3o de Honra - EUROISSUES","robots":{"index":"index","follow":"follow","max-snippet":"max-snippet:-1","max-image-preview":"max-image-preview:large","max-video-preview":"max-video-preview:-1"},"canonical":"https:\/\/euroissues.pt\/en\/jornadas-xviii-2024\/comissao-honra-24\/","og_locale":"en_GB","og_type":"article","og_title":"Comiss\u00e3o de Honra - EUROISSUES","og_description":"Jos\u00e9 Lu\u00eds Carneiro \u2013 Ministro da Administra\u00e7\u00e3o Interna, XXIII Governo Constitucional de Portugal Maria Leit\u00e3o Marques \u2013 Deputada ao Parlamento Europeu, Bruxelas Frederico Francisco \u2013 Secret\u00e1rio de Estado das Infraestruturas, XXIII Governo Constitucional de Portugal Teresa Almeida \u2013 Presidente, Comiss\u00e3o de Coordena\u00e7\u00e3o e Desenvolvimento Regional de Lisboa e Vale do Tejo (CCDR-LVT) Ant\u00f3nio Ceia da [&hellip;]","og_url":"https:\/\/euroissues.pt\/en\/jornadas-xviii-2024\/comissao-honra-24\/","og_site_name":"EUROISSUES","article_modified_time":"2025-03-07T21:10:17+00:00","twitter_card":"summary_large_image","twitter_misc":{"Estimated reading time":"4 minutes"},"schema":{"@context":"https:\/\/schema.org","@graph":[{"@type":"WebPage","@id":"https:\/\/euroissues.pt\/jornadas-xviii-2024\/comissao-honra-24\/","url":"https:\/\/euroissues.pt\/jornadas-xviii-2024\/comissao-honra-24\/","name":"Comiss\u00e3o de Honra - EUROISSUES","isPartOf":{"@id":"https:\/\/euroissues.pt\/#website"},"datePublished":"2025-03-07T20:09:39+00:00","dateModified":"2025-03-07T21:10:17+00:00","breadcrumb":{"@id":"https:\/\/euroissues.pt\/jornadas-xviii-2024\/comissao-honra-24\/#breadcrumb"},"inLanguage":"en-GB","potentialAction":[{"@type":"ReadAction","target":["https:\/\/euroissues.pt\/jornadas-xviii-2024\/comissao-honra-24\/"]}]},{"@type":"BreadcrumbList","@id":"https:\/\/euroissues.pt\/jornadas-xviii-2024\/comissao-honra-24\/#breadcrumb","itemListElement":[{"@type":"ListItem","position":1,"name":"In\u00edcio","item":"https:\/\/euroissues.pt\/"},{"@type":"ListItem","position":2,"name":"Jornadas XVIII \u2013 2024","item":"https:\/\/euroissues.pt\/jornadas-xviii-2024\/"},{"@type":"ListItem","position":3,"name":"Comiss\u00e3o de Honra"}]},{"@type":"WebSite","@id":"https:\/\/euroissues.pt\/#website","url":"https:\/\/euroissues.pt\/","name":"EUROISSUES","description":"Constru\u00e7\u00e3o de Territ\u00f3rios Resilientes e Sustent\u00e1veis","publisher":{"@id":"https:\/\/euroissues.pt\/#organization"},"potentialAction":[{"@type":"SearchAction","target":{"@type":"EntryPoint","urlTemplate":"https:\/\/euroissues.pt\/?s={search_term_string}"},"query-input":{"@type":"PropertyValueSpecification","valueRequired":true,"valueName":"search_term_string"}}],"inLanguage":"en-GB"},{"@type":"Organization","@id":"https:\/\/euroissues.pt\/#organization","name":"EUROISSUES","url":"https:\/\/euroissues.pt\/","logo":{"@type":"ImageObject","inLanguage":"en-GB","@id":"https:\/\/euroissues.pt\/#\/schema\/logo\/image\/","url":"https:\/\/euroissues.pt\/wp-content\/uploads\/2024\/06\/cropped-logo_2.png","contentUrl":"https:\/\/euroissues.pt\/wp-content\/uploads\/2024\/06\/cropped-logo_2.png","width":500,"height":138,"caption":"EUROISSUES"},"image":{"@id":"https:\/\/euroissues.pt\/#\/schema\/logo\/image\/"}}]}},"_links":{"self":[{"href":"https:\/\/euroissues.pt\/en\/wp-json\/wp\/v2\/pages\/2316","targetHints":{"allow":["GET"]}}],"collection":[{"href":"https:\/\/euroissues.pt\/en\/wp-json\/wp\/v2\/pages"}],"about":[{"href":"https:\/\/euroissues.pt\/en\/wp-json\/wp\/v2\/types\/page"}],"author":[{"embeddable":true,"href":"https:\/\/euroissues.pt\/en\/wp-json\/wp\/v2\/users\/1"}],"replies":[{"embeddable":true,"href":"https:\/\/euroissues.pt\/en\/wp-json\/wp\/v2\/comments?post=2316"}],"version-history":[{"count":0,"href":"https:\/\/euroissues.pt\/en\/wp-json\/wp\/v2\/pages\/2316\/revisions"}],"up":[{"embeddable":true,"href":"https:\/\/euroissues.pt\/en\/wp-json\/wp\/v2\/pages\/9"}],"wp:attachment":[{"href":"https:\/\/euroissues.pt\/en\/wp-json\/wp\/v2\/media?parent=2316"}],"curies":[{"name":"wp","href":"https:\/\/api.w.org\/{rel}","templated":true}]}}