{"id":2328,"date":"2025-03-07T20:21:08","date_gmt":"2025-03-07T20:21:08","guid":{"rendered":"https:\/\/euroissues.pt\/?page_id=2328"},"modified":"2026-02-10T10:56:37","modified_gmt":"2026-02-10T10:56:37","slug":"comissao-organizadora24","status":"publish","type":"page","link":"https:\/\/euroissues.pt\/en\/jornadas-xviii-2024\/comissao-organizadora24\/","title":{"rendered":"Organising Committee"},"content":{"rendered":"<div data-elementor-type=\"wp-page\" data-elementor-id=\"2328\" class=\"elementor elementor-2328\" data-elementor-post-type=\"page\">\n\t\t\t\t<div class=\"elementor-element elementor-element-e270e73 e-flex e-con-boxed e-con e-parent\" data-id=\"e270e73\" data-element_type=\"container\" data-e-type=\"container\">\n\t\t\t\t\t<div class=\"e-con-inner\">\n\t\t<div class=\"elementor-element elementor-element-cb14caa e-con-full e-flex e-con e-child\" data-id=\"cb14caa\" data-element_type=\"container\" data-e-type=\"container\">\n\t\t\t\t<div class=\"elementor-element elementor-element-094c1fd gallery-spacing-custom elementor-widget elementor-widget-image-gallery\" data-id=\"094c1fd\" data-element_type=\"widget\" data-e-type=\"widget\" data-widget_type=\"image-gallery.default\">\n\t\t\t\t<div class=\"elementor-widget-container\">\n\t\t\t\t\t\t\t<div class=\"elementor-image-gallery\">\n\t\t\t<div id='gallery-1' class='gallery galleryid-2328 gallery-columns-3 gallery-size-thumbnail'><figure class='gallery-item'>\n\t\t\t<div class='gallery-icon portrait'>\n\t\t\t\t<img decoding=\"async\" width=\"150\" height=\"150\" src=\"https:\/\/euroissues.pt\/wp-content\/uploads\/2025\/03\/Ana-Isabel-Boura-150x150.jpg\" class=\"attachment-thumbnail size-thumbnail\" alt=\"\" aria-describedby=\"gallery-1-2360\" \/>\n\t\t\t<\/div>\n\t\t\t\t<figcaption class='wp-caption-text gallery-caption' id='gallery-1-2360'>\n\t\t\t\tAna Isabel Boura\n\t\t\t\t<\/figcaption><\/figure><figure class='gallery-item'>\n\t\t\t<div class='gallery-icon portrait'>\n\t\t\t\t<img decoding=\"async\" width=\"150\" height=\"150\" src=\"https:\/\/euroissues.pt\/wp-content\/uploads\/2024\/03\/Andre-Samora-Arvela-150x150.jpg\" class=\"attachment-thumbnail size-thumbnail\" alt=\"Andr\u00e9 Samora Arvela\" aria-describedby=\"gallery-1-666\" \/>\n\t\t\t<\/div>\n\t\t\t\t<figcaption class='wp-caption-text gallery-caption' id='gallery-1-666'>\n\t\t\t\tAndr\u00e9 Samora-Arvela\n\t\t\t\t<\/figcaption><\/figure><figure class='gallery-item'>\n\t\t\t<div class='gallery-icon portrait'>\n\t\t\t\t<img decoding=\"async\" width=\"150\" height=\"150\" src=\"https:\/\/euroissues.pt\/wp-content\/uploads\/2025\/03\/Barros-Cardoso-150x150.jpg\" class=\"attachment-thumbnail size-thumbnail\" alt=\"\" aria-describedby=\"gallery-1-2361\" \/>\n\t\t\t<\/div>\n\t\t\t\t<figcaption class='wp-caption-text gallery-caption' id='gallery-1-2361'>\n\t\t\t\tBarros Cardoso\n\t\t\t\t<\/figcaption><\/figure><figure class='gallery-item'>\n\t\t\t<div class='gallery-icon portrait'>\n\t\t\t\t<img loading=\"lazy\" decoding=\"async\" width=\"150\" height=\"150\" src=\"https:\/\/euroissues.pt\/wp-content\/uploads\/2024\/03\/Conceicao-Ramos-150x150.jpg\" class=\"attachment-thumbnail size-thumbnail\" alt=\"Concei\u00e7\u00e3o Ramos\" aria-describedby=\"gallery-1-668\" \/>\n\t\t\t<\/div>\n\t\t\t\t<figcaption class='wp-caption-text gallery-caption' id='gallery-1-668'>\n\t\t\t\tConcei\u00e7\u00e3o Ramos\n\t\t\t\t<\/figcaption><\/figure><figure class='gallery-item'>\n\t\t\t<div class='gallery-icon portrait'>\n\t\t\t\t<img loading=\"lazy\" decoding=\"async\" width=\"150\" height=\"150\" src=\"https:\/\/euroissues.pt\/wp-content\/uploads\/2024\/03\/Diogo-Pinto-150x150.jpg\" class=\"attachment-thumbnail size-thumbnail\" alt=\"Diogo Pinto\" aria-describedby=\"gallery-1-669\" \/>\n\t\t\t<\/div>\n\t\t\t\t<figcaption class='wp-caption-text gallery-caption' id='gallery-1-669'>\n\t\t\t\tDiogo Pinto\n\t\t\t\t<\/figcaption><\/figure><figure class='gallery-item'>\n\t\t\t<div class='gallery-icon portrait'>\n\t\t\t\t<img loading=\"lazy\" decoding=\"async\" width=\"150\" height=\"150\" src=\"https:\/\/euroissues.pt\/wp-content\/uploads\/2025\/03\/Felisbela-Martins-150x150.jpg\" class=\"attachment-thumbnail size-thumbnail\" alt=\"\" aria-describedby=\"gallery-1-2362\" \/>\n\t\t\t<\/div>\n\t\t\t\t<figcaption class='wp-caption-text gallery-caption' id='gallery-1-2362'>\n\t\t\t\tFelisbela Martins\n\t\t\t\t<\/figcaption><\/figure><figure class='gallery-item'>\n\t\t\t<div class='gallery-icon portrait'>\n\t\t\t\t<img loading=\"lazy\" decoding=\"async\" width=\"150\" height=\"150\" src=\"https:\/\/euroissues.pt\/wp-content\/uploads\/2025\/03\/Helena-Pina-150x150.jpg\" class=\"attachment-thumbnail size-thumbnail\" alt=\"\" aria-describedby=\"gallery-1-2363\" \/>\n\t\t\t<\/div>\n\t\t\t\t<figcaption class='wp-caption-text gallery-caption' id='gallery-1-2363'>\n\t\t\t\tHelena Pina\n\t\t\t\t<\/figcaption><\/figure><figure class='gallery-item'>\n\t\t\t<div class='gallery-icon portrait'>\n\t\t\t\t<img loading=\"lazy\" decoding=\"async\" width=\"150\" height=\"150\" src=\"https:\/\/euroissues.pt\/wp-content\/uploads\/2024\/04\/Joao-Pedro-Barreiros-150x150.jpg\" class=\"attachment-thumbnail size-thumbnail\" alt=\"\" aria-describedby=\"gallery-1-1388\" \/>\n\t\t\t<\/div>\n\t\t\t\t<figcaption class='wp-caption-text gallery-caption' id='gallery-1-1388'>\n\t\t\t\tJo\u00e3o Pedro Barreiros\n\t\t\t\t<\/figcaption><\/figure><figure class='gallery-item'>\n\t\t\t<div class='gallery-icon portrait'>\n\t\t\t\t<img loading=\"lazy\" decoding=\"async\" width=\"150\" height=\"150\" src=\"https:\/\/euroissues.pt\/wp-content\/uploads\/2025\/03\/Jorge-Ribeiro-150x150.jpg\" class=\"attachment-thumbnail size-thumbnail\" alt=\"\" aria-describedby=\"gallery-1-2364\" \/>\n\t\t\t<\/div>\n\t\t\t\t<figcaption class='wp-caption-text gallery-caption' id='gallery-1-2364'>\n\t\t\t\tJorge Ribeiro\n\t\t\t\t<\/figcaption><\/figure><figure class='gallery-item'>\n\t\t\t<div class='gallery-icon portrait'>\n\t\t\t\t<img loading=\"lazy\" decoding=\"async\" width=\"150\" height=\"150\" src=\"https:\/\/euroissues.pt\/wp-content\/uploads\/2024\/03\/Jose-LUis-Braga-150x150.jpg\" class=\"attachment-thumbnail size-thumbnail\" alt=\"Jos\u00e9 Luis Braga\" aria-describedby=\"gallery-1-673\" \/>\n\t\t\t<\/div>\n\t\t\t\t<figcaption class='wp-caption-text gallery-caption' id='gallery-1-673'>\n\t\t\t\tJos\u00e9 Luis Braga\n\t\t\t\t<\/figcaption><\/figure><figure class='gallery-item'>\n\t\t\t<div class='gallery-icon portrait'>\n\t\t\t\t<img loading=\"lazy\" decoding=\"async\" width=\"150\" height=\"150\" src=\"https:\/\/euroissues.pt\/wp-content\/uploads\/2024\/03\/Leandro-150x150.jpg\" class=\"attachment-thumbnail size-thumbnail\" alt=\"Leandro Dias Oliveira\" aria-describedby=\"gallery-1-674\" \/>\n\t\t\t<\/div>\n\t\t\t\t<figcaption class='wp-caption-text gallery-caption' id='gallery-1-674'>\n\t\t\t\tLeandro Dias Oliveira\n\t\t\t\t<\/figcaption><\/figure><figure class='gallery-item'>\n\t\t\t<div class='gallery-icon portrait'>\n\t\t\t\t<img loading=\"lazy\" decoding=\"async\" width=\"150\" height=\"150\" src=\"https:\/\/euroissues.pt\/wp-content\/uploads\/2024\/03\/Livia-Madureira-150x150.jpg\" class=\"attachment-thumbnail size-thumbnail\" alt=\"Livia Madureira\" aria-describedby=\"gallery-1-675\" \/>\n\t\t\t<\/div>\n\t\t\t\t<figcaption class='wp-caption-text gallery-caption' id='gallery-1-675'>\n\t\t\t\tLivia Madureira\n\t\t\t\t<\/figcaption><\/figure><figure class='gallery-item'>\n\t\t\t<div class='gallery-icon portrait'>\n\t\t\t\t<img loading=\"lazy\" decoding=\"async\" width=\"150\" height=\"150\" src=\"https:\/\/euroissues.pt\/wp-content\/uploads\/2024\/03\/Maria-Jose-Roxo-150x150.jpg\" class=\"attachment-thumbnail size-thumbnail\" alt=\"Maria Jos\u00e9 Roxo\" aria-describedby=\"gallery-1-676\" \/>\n\t\t\t<\/div>\n\t\t\t\t<figcaption class='wp-caption-text gallery-caption' id='gallery-1-676'>\n\t\t\t\tMaria Jos\u00e9 Roxo\n\t\t\t\t<\/figcaption><\/figure><figure class='gallery-item'>\n\t\t\t<div class='gallery-icon portrait'>\n\t\t\t\t<img loading=\"lazy\" decoding=\"async\" width=\"150\" height=\"150\" src=\"https:\/\/euroissues.pt\/wp-content\/uploads\/2024\/03\/Paula-Remoaldo-150x150.jpg\" class=\"attachment-thumbnail size-thumbnail\" alt=\"Paula Remoaldo\" aria-describedby=\"gallery-1-677\" \/>\n\t\t\t<\/div>\n\t\t\t\t<figcaption class='wp-caption-text gallery-caption' id='gallery-1-677'>\n\t\t\t\tPaula Remoaldo\n\t\t\t\t<\/figcaption><\/figure>\n\t\t<\/div>\n\t\t<\/div>\n\t\t\t\t\t\t<\/div>\n\t\t\t\t<\/div>\n\t\t\t\t<\/div>\n\t\t<div class=\"elementor-element elementor-element-477aded e-con-full e-flex e-con e-child\" data-id=\"477aded\" data-element_type=\"container\" data-e-type=\"container\">\n\t\t\t\t<div class=\"elementor-element elementor-element-2689ff9 elementor-widget elementor-widget-text-editor\" data-id=\"2689ff9\" data-element_type=\"widget\" data-e-type=\"widget\" data-widget_type=\"text-editor.default\">\n\t\t\t\t<div class=\"elementor-widget-container\">\n\t\t\t\t\t\t\t\t\t<p>Ana Isabel Boura, University of Porto, Portugal<\/p><p>Andr\u00e9 Samora-Arvela (FLUP e ISCTE-IUL), Portugal<\/p><p>Ant\u00f3nio de Barros Cardoso \u2013 Universidade do Porto, Portugal<\/p><p>Concei\u00e7\u00e3o Ramos (FEP, CEMRI), Portugal<\/p><p>Diogo M. Pinto (FLUP, CEGOT), Portugal<\/p><p>Felisbela Martins (CEGOT), Portugal<\/p><p>Helena Pina, (FLUP, CEGOT) \u2013 Chair, Portugal<\/p><p>Jo\u00e3o Pedro Barreiros (FLUP, Portugal)<\/p><p>Jorge Ribeiro, University of Porto, Portugal<\/p><p>Jos\u00e9 Lu\u00eds Braga (IEES, CIDI), Portugal<\/p><p>Leandro Dias Oliveira (UFRRJ, LAGEP), Brasil<\/p><p>L\u00edvia Madureira (UTAD, CETRAD), Portugal<\/p><p>Maria Jos\u00e9 Roxo (UNL, CICS.NOVA), Portugal<\/p><p>Paula Remoaldo (UM, Lab2PT), Portugal<\/p>\t\t\t\t\t\t\t\t<\/div>\n\t\t\t\t<\/div>\n\t\t\t\t<\/div>\n\t\t\t\t\t<\/div>\n\t\t\t\t<\/div>\n\t\t\t\t<\/div>","protected":false},"excerpt":{"rendered":"<p>Ana Isabel Boura Andr\u00e9 Samora-Arvela Barros Cardoso Concei\u00e7\u00e3o Ramos Diogo Pinto Felisbela Martins Helena Pina Jo\u00e3o Pedro Barreiros Jorge Ribeiro Jos\u00e9 Luis Braga Leandro Dias Oliveira Livia Madureira Maria Jos\u00e9 Roxo Paula Remoaldo Ana Isabel Boura, University of Porto, Portugal Andr\u00e9 Samora-Arvela (FLUP e ISCTE-IUL), Portugal Ant\u00f3nio de Barros Cardoso \u2013 Universidade do Porto, Portugal [&hellip;]<\/p>\n","protected":false},"author":1,"featured_media":0,"parent":9,"menu_order":0,"comment_status":"closed","ping_status":"closed","template":"elementor_header_footer","meta":{"ocean_post_layout":"","ocean_both_sidebars_style":"","ocean_both_sidebars_content_width":0,"ocean_both_sidebars_sidebars_width":0,"ocean_sidebar":"","ocean_second_sidebar":"","ocean_disable_margins":"enable","ocean_add_body_class":"","ocean_shortcode_before_top_bar":"","ocean_shortcode_after_top_bar":"","ocean_shortcode_before_header":"","ocean_shortcode_after_header":"","ocean_has_shortcode":"","ocean_shortcode_after_title":"","ocean_shortcode_before_footer_widgets":"","ocean_shortcode_after_footer_widgets":"","ocean_shortcode_before_footer_bottom":"","ocean_shortcode_after_footer_bottom":"","ocean_display_top_bar":"default","ocean_display_header":"default","ocean_header_style":"","ocean_center_header_left_menu":"","ocean_custom_header_template":"","ocean_custom_logo":0,"ocean_custom_retina_logo":0,"ocean_custom_logo_max_width":0,"ocean_custom_logo_tablet_max_width":0,"ocean_custom_logo_mobile_max_width":0,"ocean_custom_logo_max_height":0,"ocean_custom_logo_tablet_max_height":0,"ocean_custom_logo_mobile_max_height":0,"ocean_header_custom_menu":"","ocean_menu_typo_font_family":"","ocean_menu_typo_font_subset":"","ocean_menu_typo_font_size":0,"ocean_menu_typo_font_size_tablet":0,"ocean_menu_typo_font_size_mobile":0,"ocean_menu_typo_font_size_unit":"px","ocean_menu_typo_font_weight":"","ocean_menu_typo_font_weight_tablet":"","ocean_menu_typo_font_weight_mobile":"","ocean_menu_typo_transform":"","ocean_menu_typo_transform_tablet":"","ocean_menu_typo_transform_mobile":"","ocean_menu_typo_line_height":0,"ocean_menu_typo_line_height_tablet":0,"ocean_menu_typo_line_height_mobile":0,"ocean_menu_typo_line_height_unit":"","ocean_menu_typo_spacing":0,"ocean_menu_typo_spacing_tablet":0,"ocean_menu_typo_spacing_mobile":0,"ocean_menu_typo_spacing_unit":"","ocean_menu_link_color":"","ocean_menu_link_color_hover":"","ocean_menu_link_color_active":"","ocean_menu_link_background":"","ocean_menu_link_hover_background":"","ocean_menu_link_active_background":"","ocean_menu_social_links_bg":"","ocean_menu_social_hover_links_bg":"","ocean_menu_social_links_color":"","ocean_menu_social_hover_links_color":"","ocean_disable_title":"default","ocean_disable_heading":"default","ocean_post_title":"","ocean_post_subheading":"","ocean_post_title_style":"","ocean_post_title_background_color":"","ocean_post_title_background":0,"ocean_post_title_bg_image_position":"","ocean_post_title_bg_image_attachment":"","ocean_post_title_bg_image_repeat":"","ocean_post_title_bg_image_size":"","ocean_post_title_height":0,"ocean_post_title_bg_overlay":0.5,"ocean_post_title_bg_overlay_color":"","ocean_disable_breadcrumbs":"default","ocean_breadcrumbs_color":"","ocean_breadcrumbs_separator_color":"","ocean_breadcrumbs_links_color":"","ocean_breadcrumbs_links_hover_color":"","ocean_display_footer_widgets":"default","ocean_display_footer_bottom":"default","ocean_custom_footer_template":"","footnotes":""},"class_list":["post-2328","page","type-page","status-publish","hentry","entry"],"yoast_head":"<!-- This site is optimized with the Yoast SEO plugin v27.4 - https:\/\/yoast.com\/product\/yoast-seo-wordpress\/ -->\n<title>Comiss\u00e3o Organizadora - EUROISSUES<\/title>\n<meta name=\"robots\" content=\"index, follow, max-snippet:-1, max-image-preview:large, max-video-preview:-1\" \/>\n<link rel=\"canonical\" href=\"https:\/\/euroissues.pt\/en\/jornadas-xviii-2024\/comissao-organizadora24\/\" \/>\n<meta property=\"og:locale\" content=\"en_GB\" \/>\n<meta property=\"og:type\" content=\"article\" \/>\n<meta property=\"og:title\" content=\"Comiss\u00e3o Organizadora - EUROISSUES\" \/>\n<meta property=\"og:description\" content=\"Ana Isabel Boura Andr\u00e9 Samora-Arvela Barros Cardoso Concei\u00e7\u00e3o Ramos Diogo Pinto Felisbela Martins Helena Pina Jo\u00e3o Pedro Barreiros Jorge Ribeiro Jos\u00e9 Luis Braga Leandro Dias Oliveira Livia Madureira Maria Jos\u00e9 Roxo Paula Remoaldo Ana Isabel Boura, University of Porto, Portugal Andr\u00e9 Samora-Arvela (FLUP e ISCTE-IUL), Portugal Ant\u00f3nio de Barros Cardoso \u2013 Universidade do Porto, Portugal [&hellip;]\" \/>\n<meta property=\"og:url\" content=\"https:\/\/euroissues.pt\/en\/jornadas-xviii-2024\/comissao-organizadora24\/\" \/>\n<meta property=\"og:site_name\" content=\"EUROISSUES\" \/>\n<meta property=\"article:modified_time\" content=\"2026-02-10T10:56:37+00:00\" \/>\n<meta property=\"og:image\" content=\"https:\/\/euroissues.pt\/wp-content\/uploads\/2025\/03\/Ana-Isabel-Boura-150x150.jpg\" \/>\n<meta name=\"twitter:card\" content=\"summary_large_image\" \/>\n<meta name=\"twitter:label1\" content=\"Estimated reading time\" \/>\n\t<meta name=\"twitter:data1\" content=\"4 minutes\" \/>\n<script type=\"application\/ld+json\" class=\"yoast-schema-graph\">{\"@context\":\"https:\\\/\\\/schema.org\",\"@graph\":[{\"@type\":\"WebPage\",\"@id\":\"https:\\\/\\\/euroissues.pt\\\/jornadas-xviii-2024\\\/comissao-organizadora24\\\/\",\"url\":\"https:\\\/\\\/euroissues.pt\\\/jornadas-xviii-2024\\\/comissao-organizadora24\\\/\",\"name\":\"Comiss\u00e3o Organizadora - EUROISSUES\",\"isPartOf\":{\"@id\":\"https:\\\/\\\/euroissues.pt\\\/#website\"},\"primaryImageOfPage\":{\"@id\":\"https:\\\/\\\/euroissues.pt\\\/jornadas-xviii-2024\\\/comissao-organizadora24\\\/#primaryimage\"},\"image\":{\"@id\":\"https:\\\/\\\/euroissues.pt\\\/jornadas-xviii-2024\\\/comissao-organizadora24\\\/#primaryimage\"},\"thumbnailUrl\":\"https:\\\/\\\/euroissues.pt\\\/wp-content\\\/uploads\\\/2025\\\/03\\\/Ana-Isabel-Boura-150x150.jpg\",\"datePublished\":\"2025-03-07T20:21:08+00:00\",\"dateModified\":\"2026-02-10T10:56:37+00:00\",\"breadcrumb\":{\"@id\":\"https:\\\/\\\/euroissues.pt\\\/jornadas-xviii-2024\\\/comissao-organizadora24\\\/#breadcrumb\"},\"inLanguage\":\"en-GB\",\"potentialAction\":[{\"@type\":\"ReadAction\",\"target\":[\"https:\\\/\\\/euroissues.pt\\\/jornadas-xviii-2024\\\/comissao-organizadora24\\\/\"]}]},{\"@type\":\"ImageObject\",\"inLanguage\":\"en-GB\",\"@id\":\"https:\\\/\\\/euroissues.pt\\\/jornadas-xviii-2024\\\/comissao-organizadora24\\\/#primaryimage\",\"url\":\"https:\\\/\\\/euroissues.pt\\\/wp-content\\\/uploads\\\/2025\\\/03\\\/Ana-Isabel-Boura-150x150.jpg\",\"contentUrl\":\"https:\\\/\\\/euroissues.pt\\\/wp-content\\\/uploads\\\/2025\\\/03\\\/Ana-Isabel-Boura-150x150.jpg\"},{\"@type\":\"BreadcrumbList\",\"@id\":\"https:\\\/\\\/euroissues.pt\\\/jornadas-xviii-2024\\\/comissao-organizadora24\\\/#breadcrumb\",\"itemListElement\":[{\"@type\":\"ListItem\",\"position\":1,\"name\":\"In\u00edcio\",\"item\":\"https:\\\/\\\/euroissues.pt\\\/\"},{\"@type\":\"ListItem\",\"position\":2,\"name\":\"Jornadas XVIII \u2013 2024\",\"item\":\"https:\\\/\\\/euroissues.pt\\\/jornadas-xviii-2024\\\/\"},{\"@type\":\"ListItem\",\"position\":3,\"name\":\"Comiss\u00e3o Organizadora\"}]},{\"@type\":\"WebSite\",\"@id\":\"https:\\\/\\\/euroissues.pt\\\/#website\",\"url\":\"https:\\\/\\\/euroissues.pt\\\/\",\"name\":\"EUROISSUES\",\"description\":\"Constru\u00e7\u00e3o de Territ\u00f3rios Resilientes e Sustent\u00e1veis\",\"publisher\":{\"@id\":\"https:\\\/\\\/euroissues.pt\\\/#organization\"},\"potentialAction\":[{\"@type\":\"SearchAction\",\"target\":{\"@type\":\"EntryPoint\",\"urlTemplate\":\"https:\\\/\\\/euroissues.pt\\\/?s={search_term_string}\"},\"query-input\":{\"@type\":\"PropertyValueSpecification\",\"valueRequired\":true,\"valueName\":\"search_term_string\"}}],\"inLanguage\":\"en-GB\"},{\"@type\":\"Organization\",\"@id\":\"https:\\\/\\\/euroissues.pt\\\/#organization\",\"name\":\"EUROISSUES\",\"url\":\"https:\\\/\\\/euroissues.pt\\\/\",\"logo\":{\"@type\":\"ImageObject\",\"inLanguage\":\"en-GB\",\"@id\":\"https:\\\/\\\/euroissues.pt\\\/#\\\/schema\\\/logo\\\/image\\\/\",\"url\":\"https:\\\/\\\/euroissues.pt\\\/wp-content\\\/uploads\\\/2024\\\/06\\\/cropped-logo_2.png\",\"contentUrl\":\"https:\\\/\\\/euroissues.pt\\\/wp-content\\\/uploads\\\/2024\\\/06\\\/cropped-logo_2.png\",\"width\":500,\"height\":138,\"caption\":\"EUROISSUES\"},\"image\":{\"@id\":\"https:\\\/\\\/euroissues.pt\\\/#\\\/schema\\\/logo\\\/image\\\/\"}}]}<\/script>\n<!-- \/ Yoast SEO plugin. -->","yoast_head_json":{"title":"Comiss\u00e3o Organizadora - EUROISSUES","robots":{"index":"index","follow":"follow","max-snippet":"max-snippet:-1","max-image-preview":"max-image-preview:large","max-video-preview":"max-video-preview:-1"},"canonical":"https:\/\/euroissues.pt\/en\/jornadas-xviii-2024\/comissao-organizadora24\/","og_locale":"en_GB","og_type":"article","og_title":"Comiss\u00e3o Organizadora - EUROISSUES","og_description":"Ana Isabel Boura Andr\u00e9 Samora-Arvela Barros Cardoso Concei\u00e7\u00e3o Ramos Diogo Pinto Felisbela Martins Helena Pina Jo\u00e3o Pedro Barreiros Jorge Ribeiro Jos\u00e9 Luis Braga Leandro Dias Oliveira Livia Madureira Maria Jos\u00e9 Roxo Paula Remoaldo Ana Isabel Boura, University of Porto, Portugal Andr\u00e9 Samora-Arvela (FLUP e ISCTE-IUL), Portugal Ant\u00f3nio de Barros Cardoso \u2013 Universidade do Porto, Portugal [&hellip;]","og_url":"https:\/\/euroissues.pt\/en\/jornadas-xviii-2024\/comissao-organizadora24\/","og_site_name":"EUROISSUES","article_modified_time":"2026-02-10T10:56:37+00:00","og_image":[{"url":"https:\/\/euroissues.pt\/wp-content\/uploads\/2025\/03\/Ana-Isabel-Boura-150x150.jpg","type":"","width":"","height":""}],"twitter_card":"summary_large_image","twitter_misc":{"Estimated reading time":"4 minutes"},"schema":{"@context":"https:\/\/schema.org","@graph":[{"@type":"WebPage","@id":"https:\/\/euroissues.pt\/jornadas-xviii-2024\/comissao-organizadora24\/","url":"https:\/\/euroissues.pt\/jornadas-xviii-2024\/comissao-organizadora24\/","name":"Comiss\u00e3o Organizadora - EUROISSUES","isPartOf":{"@id":"https:\/\/euroissues.pt\/#website"},"primaryImageOfPage":{"@id":"https:\/\/euroissues.pt\/jornadas-xviii-2024\/comissao-organizadora24\/#primaryimage"},"image":{"@id":"https:\/\/euroissues.pt\/jornadas-xviii-2024\/comissao-organizadora24\/#primaryimage"},"thumbnailUrl":"https:\/\/euroissues.pt\/wp-content\/uploads\/2025\/03\/Ana-Isabel-Boura-150x150.jpg","datePublished":"2025-03-07T20:21:08+00:00","dateModified":"2026-02-10T10:56:37+00:00","breadcrumb":{"@id":"https:\/\/euroissues.pt\/jornadas-xviii-2024\/comissao-organizadora24\/#breadcrumb"},"inLanguage":"en-GB","potentialAction":[{"@type":"ReadAction","target":["https:\/\/euroissues.pt\/jornadas-xviii-2024\/comissao-organizadora24\/"]}]},{"@type":"ImageObject","inLanguage":"en-GB","@id":"https:\/\/euroissues.pt\/jornadas-xviii-2024\/comissao-organizadora24\/#primaryimage","url":"https:\/\/euroissues.pt\/wp-content\/uploads\/2025\/03\/Ana-Isabel-Boura-150x150.jpg","contentUrl":"https:\/\/euroissues.pt\/wp-content\/uploads\/2025\/03\/Ana-Isabel-Boura-150x150.jpg"},{"@type":"BreadcrumbList","@id":"https:\/\/euroissues.pt\/jornadas-xviii-2024\/comissao-organizadora24\/#breadcrumb","itemListElement":[{"@type":"ListItem","position":1,"name":"In\u00edcio","item":"https:\/\/euroissues.pt\/"},{"@type":"ListItem","position":2,"name":"Jornadas XVIII \u2013 2024","item":"https:\/\/euroissues.pt\/jornadas-xviii-2024\/"},{"@type":"ListItem","position":3,"name":"Comiss\u00e3o Organizadora"}]},{"@type":"WebSite","@id":"https:\/\/euroissues.pt\/#website","url":"https:\/\/euroissues.pt\/","name":"EUROISSUES","description":"Constru\u00e7\u00e3o de Territ\u00f3rios Resilientes e Sustent\u00e1veis","publisher":{"@id":"https:\/\/euroissues.pt\/#organization"},"potentialAction":[{"@type":"SearchAction","target":{"@type":"EntryPoint","urlTemplate":"https:\/\/euroissues.pt\/?s={search_term_string}"},"query-input":{"@type":"PropertyValueSpecification","valueRequired":true,"valueName":"search_term_string"}}],"inLanguage":"en-GB"},{"@type":"Organization","@id":"https:\/\/euroissues.pt\/#organization","name":"EUROISSUES","url":"https:\/\/euroissues.pt\/","logo":{"@type":"ImageObject","inLanguage":"en-GB","@id":"https:\/\/euroissues.pt\/#\/schema\/logo\/image\/","url":"https:\/\/euroissues.pt\/wp-content\/uploads\/2024\/06\/cropped-logo_2.png","contentUrl":"https:\/\/euroissues.pt\/wp-content\/uploads\/2024\/06\/cropped-logo_2.png","width":500,"height":138,"caption":"EUROISSUES"},"image":{"@id":"https:\/\/euroissues.pt\/#\/schema\/logo\/image\/"}}]}},"_links":{"self":[{"href":"https:\/\/euroissues.pt\/en\/wp-json\/wp\/v2\/pages\/2328","targetHints":{"allow":["GET"]}}],"collection":[{"href":"https:\/\/euroissues.pt\/en\/wp-json\/wp\/v2\/pages"}],"about":[{"href":"https:\/\/euroissues.pt\/en\/wp-json\/wp\/v2\/types\/page"}],"author":[{"embeddable":true,"href":"https:\/\/euroissues.pt\/en\/wp-json\/wp\/v2\/users\/1"}],"replies":[{"embeddable":true,"href":"https:\/\/euroissues.pt\/en\/wp-json\/wp\/v2\/comments?post=2328"}],"version-history":[{"count":6,"href":"https:\/\/euroissues.pt\/en\/wp-json\/wp\/v2\/pages\/2328\/revisions"}],"predecessor-version":[{"id":3494,"href":"https:\/\/euroissues.pt\/en\/wp-json\/wp\/v2\/pages\/2328\/revisions\/3494"}],"up":[{"embeddable":true,"href":"https:\/\/euroissues.pt\/en\/wp-json\/wp\/v2\/pages\/9"}],"wp:attachment":[{"href":"https:\/\/euroissues.pt\/en\/wp-json\/wp\/v2\/media?parent=2328"}],"curies":[{"name":"wp","href":"https:\/\/api.w.org\/{rel}","templated":true}]}}