{"id":336,"date":"2024-03-13T17:00:48","date_gmt":"2024-03-13T17:00:48","guid":{"rendered":"https:\/\/euroissues.pt\/?page_id=336"},"modified":"2024-04-19T10:32:57","modified_gmt":"2024-04-19T10:32:57","slug":"a-regiao","status":"publish","type":"page","link":"https:\/\/euroissues.pt\/en\/a-regiao\/","title":{"rendered":"The country and the city of Porto"},"content":{"rendered":"<div data-elementor-type=\"wp-page\" data-elementor-id=\"336\" class=\"elementor elementor-336\" data-elementor-post-type=\"page\">\n\t\t\t\t<div class=\"elementor-element elementor-element-1fb5823 e-flex e-con-boxed e-con e-parent\" data-id=\"1fb5823\" data-element_type=\"container\" data-e-type=\"container\">\n\t\t\t\t\t<div class=\"e-con-inner\">\n\t\t\t\t<div class=\"elementor-element elementor-element-92f3234 elementor-widget elementor-widget-heading\" data-id=\"92f3234\" data-element_type=\"widget\" data-e-type=\"widget\" data-widget_type=\"heading.default\">\n\t\t\t\t<div class=\"elementor-widget-container\">\n\t\t\t\t\t<h2 class=\"elementor-heading-title elementor-size-default\">ABOUT PORTUGAL<\/h2>\t\t\t\t<\/div>\n\t\t\t\t<\/div>\n\t\t\t\t<div class=\"elementor-element elementor-element-bd299f5 elementor-widget elementor-widget-text-editor\" data-id=\"bd299f5\" data-element_type=\"widget\" data-e-type=\"widget\" data-widget_type=\"text-editor.default\">\n\t\t\t\t<div class=\"elementor-widget-container\">\n\t\t\t\t\t\t\t\t\t<p>Portugal, takes its name from the Roman-Celtic site at the mouth of the river Douro called Portus Cale, where portus is a Latin word, while cale is (probably) an ethnonym derived from the peoples who occupied the north-west of the Iberian Peninsula.<\/p><p>A semi-presidential republic, Portugal is a member of the European Union, as well as a member of the United Nations. It is also a member of NATO, the Eurozone, the OECD, and the Community of Portuguese-Speaking Countries.<\/p><p>Located in south-western Europe, it is bordered to the west and south by the Atlantic Ocean and to the north and east by Spain. Its territory also includes the Atlantic archipelagos of the Azores and Madeira, which are statutorily autonomous regions with their own regional governments.<br \/>With a well-differentiated and very appealing physical landscape, the north\/south heterogeneity stands out throughout its 92,000 km2, the most significant in terms of relief, but complemented by the also notable differentiation when travelling from the coast to inland Portugal. To summarise, the territory is more mountainous in the north and centre, intersected by rivers with a predominantly W-E orientation, such as the Minho, Lima and Douro rivers, for example, although inland there are vast plateau areas. Moving southwards and past the Ribatejo sedimentary basins, there are the southern regions where the undulating plains \/ peneplains dominate. The coastline is around 940 kilometres long.<\/p><p>With a long history, Portugal is one of the oldest states in Europe, although it has suffered several invasions throughout its history, since its current territory has been disputed since prehistoric times, even before its autonomy. In fact, it was inhabited by pre-Celtic and Celtic peoples, invaded by Phoenicians-Carthaginians and Greeks, as well as being ruled by the Romans. This was followed by invasions by the Suevi, Visigoth Germanic peoples, and the Moors.<br \/>Despite becoming independent in 1143, it was only recognised in 1297 by the Treaty of Alca\u00f1ices, making it one of the oldest countries in the world.<\/p><p>In the 15th and 16th centuries, a period known as the \u2018Age of Discovery\u2019, Portugal focussed on maritime discoveries, establishing the first global empire. During this period of maritime expansion, various maritime and commercial routes were discovered, such as the sea route to India and the discovery of Brazil, enabling Portugal to become one of the greatest economic, political, and military powers in the world during this period.<\/p><p>Surviving dramatic periods such as the earthquake in 1755 that destroyed part of the city of Lisbon, or the French invasions at the beginning of the 19th century, there followed a period of strong political and economic instability and, consequently, successive popular uprisings, such as that of 1820, which led to Portugal\u2019s first constitution, the constitutional monarchy that was inextricably linked to Brazil\u2019s independence and its repercussions in both Portugal and Brazil.<br \/>After a problematic 19th century, at the beginning of the 20th century, following the 1910 revolution, the monarchy was overthrown, and the first Portuguese republic was established. However, with the instability and problems of a country immersed in social conflicts, corruption and clashes with the Church, there was a coup d'\u00e9tat in 1926, which gave way to a dictatorship that lasted until 1974. After a troubled revolutionary period, a pluralist democracy was established in a semi-presidential republic, a framework that still exists.<br \/>From 1986 onwards, Portugal strengthened its modernisation following its integration into the European space, joining the European Economic Community, now the European Union.<\/p><h3 style=\"text-align: right;\">For more information:<\/h3><h3 style=\"text-align: right;\"><strong> \u00a0<a href=\"https:\/\/www.visitportugal.com\/en\/destinos\/porto-e-norte\" target=\"_blank\" rel=\"noopener\">Visit Portugal<\/a><\/strong><\/h3>\t\t\t\t\t\t\t\t<\/div>\n\t\t\t\t<\/div>\n\t\t\t\t\t<\/div>\n\t\t\t\t<\/div>\n\t\t<div class=\"elementor-element elementor-element-9cfce62 e-flex e-con-boxed e-con e-parent\" data-id=\"9cfce62\" data-element_type=\"container\" data-e-type=\"container\">\n\t\t\t\t\t<div class=\"e-con-inner\">\n\t\t\t\t<div class=\"elementor-element elementor-element-83b7ecc elementor-widget elementor-widget-heading\" data-id=\"83b7ecc\" data-element_type=\"widget\" data-e-type=\"widget\" data-widget_type=\"heading.default\">\n\t\t\t\t<div class=\"elementor-widget-container\">\n\t\t\t\t\t<h2 class=\"elementor-heading-title elementor-size-default\">ABOUT THE CITY OF PORTO<\/h2>\t\t\t\t<\/div>\n\t\t\t\t<\/div>\n\t\t\t\t<div class=\"elementor-element elementor-element-c26bb1e elementor-widget elementor-widget-text-editor\" data-id=\"c26bb1e\" data-element_type=\"widget\" data-e-type=\"widget\" data-widget_type=\"text-editor.default\">\n\t\t\t\t<div class=\"elementor-widget-container\">\n\t\t\t\t\t\t\t\t\t<p>Located on the right bank of the Douro River, at its mouth, the city of Porto is one of the oldest European centres, with a superb history and heritage, which is why its historic centre was listed as a UNESCO World Heritage Site in 1996. Its urban area stretches westwards to the Atlantic coast. It has a long history, as confirmed by the existence of traces dating back to the Roman period, when it was considered a strategic city in the Roman Empire. Its Celtic-Latin name combines Portus with Cale and has been said to be the origin of Portugal\u2019s name, based on transliteration and oral evolution from Latin.<\/p><p>A city inextricably linked to the famous Port wine, one of Portugal\u2019s most significant export products, the wine adopted the city\u2019s name since this metropolitan area is responsible for packaging, transporting and exporting these fortified wines.<\/p><p>In 2012 and 2014, Porto was honoured with the prestigious title of European Best Destination, a distinction it repeated later, in 2017, when it was again awarded the label. This honour would be repeated in 2022, when it competed against other major cities such as London, Rome and Berlin. <br \/>The city was also highlighted by Lonely Planet as one of the top 10 best value cities in 2017, and in early 2015 it was chosen by USA Today as the Best Under-the-radar Romantic Destination.<\/p><p>In the most recent edition of the World Travel Awards, the city was also voted the World\u2019s Leading City Break Destination 2020, as well as European Best Destination in 2022.<\/p><h3 style=\"text-align: right;\">For more information:\u00a0<\/h3><h3 style=\"text-align: right;\"><a href=\"https:\/\/feelthecall.pt\/\">Porto and Northern Portugal<\/a><\/h3><h3 style=\"text-align: right;\"><a href=\"https:\/\/visitporto.travel\/en-GB\/experiences#\/\">Porto Experiences<\/a><\/h3><h3 style=\"text-align: right;\"><a href=\"https:\/\/visitporto.travel\/pt-PT\/home#\/\">Visit Porto<\/a><\/h3>\t\t\t\t\t\t\t\t<\/div>\n\t\t\t\t<\/div>\n\t\t\t\t\t<\/div>\n\t\t\t\t<\/div>\n\t\t\t\t<\/div>","protected":false},"excerpt":{"rendered":"<p>SOBRE PORTUGAL Portugal, pa\u00eds localizado no SW do espa\u00e7o europeu, a sua designa\u00e7\u00e3o deriva do lugar romano-c\u00e9ltico localizado na foz do rio Douro, designado Portus Cale, correspondendo portus a uma palavra latina, enquanto cale (provavelmente) corresponder\u00e1 a um etn\u00f3nimo derivado dos povos que ocuparam o noroeste da Pen\u00ednsula Ib\u00e9rica. Rep\u00fablica semi-presidencialista, Portugal \u00e9 um pa\u00eds [&hellip;]<\/p>\n","protected":false},"author":1,"featured_media":0,"parent":0,"menu_order":0,"comment_status":"closed","ping_status":"closed","template":"elementor_header_footer","meta":{"ocean_post_layout":"","ocean_both_sidebars_style":"","ocean_both_sidebars_content_width":0,"ocean_both_sidebars_sidebars_width":0,"ocean_sidebar":"","ocean_second_sidebar":"","ocean_disable_margins":"enable","ocean_add_body_class":"","ocean_shortcode_before_top_bar":"","ocean_shortcode_after_top_bar":"","ocean_shortcode_before_header":"","ocean_shortcode_after_header":"","ocean_has_shortcode":"","ocean_shortcode_after_title":"","ocean_shortcode_before_footer_widgets":"","ocean_shortcode_after_footer_widgets":"","ocean_shortcode_before_footer_bottom":"","ocean_shortcode_after_footer_bottom":"","ocean_display_top_bar":"default","ocean_display_header":"default","ocean_header_style":"","ocean_center_header_left_menu":"","ocean_custom_header_template":"","ocean_custom_logo":0,"ocean_custom_retina_logo":0,"ocean_custom_logo_max_width":0,"ocean_custom_logo_tablet_max_width":0,"ocean_custom_logo_mobile_max_width":0,"ocean_custom_logo_max_height":0,"ocean_custom_logo_tablet_max_height":0,"ocean_custom_logo_mobile_max_height":0,"ocean_header_custom_menu":"","ocean_menu_typo_font_family":"","ocean_menu_typo_font_subset":"","ocean_menu_typo_font_size":0,"ocean_menu_typo_font_size_tablet":0,"ocean_menu_typo_font_size_mobile":0,"ocean_menu_typo_font_size_unit":"px","ocean_menu_typo_font_weight":"","ocean_menu_typo_font_weight_tablet":"","ocean_menu_typo_font_weight_mobile":"","ocean_menu_typo_transform":"","ocean_menu_typo_transform_tablet":"","ocean_menu_typo_transform_mobile":"","ocean_menu_typo_line_height":0,"ocean_menu_typo_line_height_tablet":0,"ocean_menu_typo_line_height_mobile":0,"ocean_menu_typo_line_height_unit":"","ocean_menu_typo_spacing":0,"ocean_menu_typo_spacing_tablet":0,"ocean_menu_typo_spacing_mobile":0,"ocean_menu_typo_spacing_unit":"","ocean_menu_link_color":"","ocean_menu_link_color_hover":"","ocean_menu_link_color_active":"","ocean_menu_link_background":"","ocean_menu_link_hover_background":"","ocean_menu_link_active_background":"","ocean_menu_social_links_bg":"","ocean_menu_social_hover_links_bg":"","ocean_menu_social_links_color":"","ocean_menu_social_hover_links_color":"","ocean_disable_title":"default","ocean_disable_heading":"default","ocean_post_title":"","ocean_post_subheading":"","ocean_post_title_style":"","ocean_post_title_background_color":"","ocean_post_title_background":0,"ocean_post_title_bg_image_position":"","ocean_post_title_bg_image_attachment":"","ocean_post_title_bg_image_repeat":"","ocean_post_title_bg_image_size":"","ocean_post_title_height":0,"ocean_post_title_bg_overlay":0.5,"ocean_post_title_bg_overlay_color":"","ocean_disable_breadcrumbs":"default","ocean_breadcrumbs_color":"","ocean_breadcrumbs_separator_color":"","ocean_breadcrumbs_links_color":"","ocean_breadcrumbs_links_hover_color":"","ocean_display_footer_widgets":"default","ocean_display_footer_bottom":"default","ocean_custom_footer_template":"","footnotes":""},"class_list":["post-336","page","type-page","status-publish","hentry","entry"],"yoast_head":"<!-- This site is optimized with the Yoast SEO plugin v27.6 - https:\/\/yoast.com\/product\/yoast-seo-wordpress\/ -->\n<title>O Pa\u00eds e a Cidade do Porto - EUROISSUES<\/title>\n<meta name=\"robots\" content=\"index, follow, max-snippet:-1, max-image-preview:large, max-video-preview:-1\" \/>\n<link rel=\"canonical\" href=\"https:\/\/euroissues.pt\/en\/a-regiao\/\" \/>\n<meta property=\"og:locale\" content=\"en_GB\" \/>\n<meta property=\"og:type\" content=\"article\" \/>\n<meta property=\"og:title\" content=\"O Pa\u00eds e a Cidade do Porto - EUROISSUES\" \/>\n<meta property=\"og:description\" content=\"SOBRE PORTUGAL Portugal, pa\u00eds localizado no SW do espa\u00e7o europeu, a sua designa\u00e7\u00e3o deriva do lugar romano-c\u00e9ltico localizado na foz do rio Douro, designado Portus Cale, correspondendo portus a uma palavra latina, enquanto cale (provavelmente) corresponder\u00e1 a um etn\u00f3nimo derivado dos povos que ocuparam o noroeste da Pen\u00ednsula Ib\u00e9rica. Rep\u00fablica semi-presidencialista, Portugal \u00e9 um pa\u00eds [&hellip;]\" \/>\n<meta property=\"og:url\" content=\"https:\/\/euroissues.pt\/en\/a-regiao\/\" \/>\n<meta property=\"og:site_name\" content=\"EUROISSUES\" \/>\n<meta property=\"article:modified_time\" content=\"2024-04-19T10:32:57+00:00\" \/>\n<meta name=\"twitter:card\" content=\"summary_large_image\" \/>\n<meta name=\"twitter:label1\" content=\"Estimated reading time\" \/>\n\t<meta name=\"twitter:data1\" content=\"5 minutes\" \/>\n<script type=\"application\/ld+json\" class=\"yoast-schema-graph\">{\"@context\":\"https:\\\/\\\/schema.org\",\"@graph\":[{\"@type\":\"WebPage\",\"@id\":\"https:\\\/\\\/euroissues.pt\\\/a-regiao\\\/\",\"url\":\"https:\\\/\\\/euroissues.pt\\\/a-regiao\\\/\",\"name\":\"O Pa\u00eds e a Cidade do Porto - EUROISSUES\",\"isPartOf\":{\"@id\":\"https:\\\/\\\/euroissues.pt\\\/#website\"},\"datePublished\":\"2024-03-13T17:00:48+00:00\",\"dateModified\":\"2024-04-19T10:32:57+00:00\",\"breadcrumb\":{\"@id\":\"https:\\\/\\\/euroissues.pt\\\/a-regiao\\\/#breadcrumb\"},\"inLanguage\":\"en-GB\",\"potentialAction\":[{\"@type\":\"ReadAction\",\"target\":[\"https:\\\/\\\/euroissues.pt\\\/a-regiao\\\/\"]}]},{\"@type\":\"BreadcrumbList\",\"@id\":\"https:\\\/\\\/euroissues.pt\\\/a-regiao\\\/#breadcrumb\",\"itemListElement\":[{\"@type\":\"ListItem\",\"position\":1,\"name\":\"In\u00edcio\",\"item\":\"https:\\\/\\\/euroissues.pt\\\/\"},{\"@type\":\"ListItem\",\"position\":2,\"name\":\"O Pa\u00eds e a Cidade do Porto\"}]},{\"@type\":\"WebSite\",\"@id\":\"https:\\\/\\\/euroissues.pt\\\/#website\",\"url\":\"https:\\\/\\\/euroissues.pt\\\/\",\"name\":\"EUROISSUES\",\"description\":\"Constru\u00e7\u00e3o de Territ\u00f3rios Resilientes e Sustent\u00e1veis\",\"publisher\":{\"@id\":\"https:\\\/\\\/euroissues.pt\\\/#organization\"},\"potentialAction\":[{\"@type\":\"SearchAction\",\"target\":{\"@type\":\"EntryPoint\",\"urlTemplate\":\"https:\\\/\\\/euroissues.pt\\\/?s={search_term_string}\"},\"query-input\":{\"@type\":\"PropertyValueSpecification\",\"valueRequired\":true,\"valueName\":\"search_term_string\"}}],\"inLanguage\":\"en-GB\"},{\"@type\":\"Organization\",\"@id\":\"https:\\\/\\\/euroissues.pt\\\/#organization\",\"name\":\"EUROISSUES\",\"url\":\"https:\\\/\\\/euroissues.pt\\\/\",\"logo\":{\"@type\":\"ImageObject\",\"inLanguage\":\"en-GB\",\"@id\":\"https:\\\/\\\/euroissues.pt\\\/#\\\/schema\\\/logo\\\/image\\\/\",\"url\":\"https:\\\/\\\/euroissues.pt\\\/wp-content\\\/uploads\\\/2024\\\/06\\\/cropped-logo_2.png\",\"contentUrl\":\"https:\\\/\\\/euroissues.pt\\\/wp-content\\\/uploads\\\/2024\\\/06\\\/cropped-logo_2.png\",\"width\":500,\"height\":138,\"caption\":\"EUROISSUES\"},\"image\":{\"@id\":\"https:\\\/\\\/euroissues.pt\\\/#\\\/schema\\\/logo\\\/image\\\/\"}}]}<\/script>\n<!-- \/ Yoast SEO plugin. -->","yoast_head_json":{"title":"O Pa\u00eds e a Cidade do Porto - EUROISSUES","robots":{"index":"index","follow":"follow","max-snippet":"max-snippet:-1","max-image-preview":"max-image-preview:large","max-video-preview":"max-video-preview:-1"},"canonical":"https:\/\/euroissues.pt\/en\/a-regiao\/","og_locale":"en_GB","og_type":"article","og_title":"O Pa\u00eds e a Cidade do Porto - EUROISSUES","og_description":"SOBRE PORTUGAL Portugal, pa\u00eds localizado no SW do espa\u00e7o europeu, a sua designa\u00e7\u00e3o deriva do lugar romano-c\u00e9ltico localizado na foz do rio Douro, designado Portus Cale, correspondendo portus a uma palavra latina, enquanto cale (provavelmente) corresponder\u00e1 a um etn\u00f3nimo derivado dos povos que ocuparam o noroeste da Pen\u00ednsula Ib\u00e9rica. Rep\u00fablica semi-presidencialista, Portugal \u00e9 um pa\u00eds [&hellip;]","og_url":"https:\/\/euroissues.pt\/en\/a-regiao\/","og_site_name":"EUROISSUES","article_modified_time":"2024-04-19T10:32:57+00:00","twitter_card":"summary_large_image","twitter_misc":{"Estimated reading time":"5 minutes"},"schema":{"@context":"https:\/\/schema.org","@graph":[{"@type":"WebPage","@id":"https:\/\/euroissues.pt\/a-regiao\/","url":"https:\/\/euroissues.pt\/a-regiao\/","name":"O Pa\u00eds e a Cidade do Porto - EUROISSUES","isPartOf":{"@id":"https:\/\/euroissues.pt\/#website"},"datePublished":"2024-03-13T17:00:48+00:00","dateModified":"2024-04-19T10:32:57+00:00","breadcrumb":{"@id":"https:\/\/euroissues.pt\/a-regiao\/#breadcrumb"},"inLanguage":"en-GB","potentialAction":[{"@type":"ReadAction","target":["https:\/\/euroissues.pt\/a-regiao\/"]}]},{"@type":"BreadcrumbList","@id":"https:\/\/euroissues.pt\/a-regiao\/#breadcrumb","itemListElement":[{"@type":"ListItem","position":1,"name":"In\u00edcio","item":"https:\/\/euroissues.pt\/"},{"@type":"ListItem","position":2,"name":"O Pa\u00eds e a Cidade do Porto"}]},{"@type":"WebSite","@id":"https:\/\/euroissues.pt\/#website","url":"https:\/\/euroissues.pt\/","name":"EUROISSUES","description":"Constru\u00e7\u00e3o de Territ\u00f3rios Resilientes e Sustent\u00e1veis","publisher":{"@id":"https:\/\/euroissues.pt\/#organization"},"potentialAction":[{"@type":"SearchAction","target":{"@type":"EntryPoint","urlTemplate":"https:\/\/euroissues.pt\/?s={search_term_string}"},"query-input":{"@type":"PropertyValueSpecification","valueRequired":true,"valueName":"search_term_string"}}],"inLanguage":"en-GB"},{"@type":"Organization","@id":"https:\/\/euroissues.pt\/#organization","name":"EUROISSUES","url":"https:\/\/euroissues.pt\/","logo":{"@type":"ImageObject","inLanguage":"en-GB","@id":"https:\/\/euroissues.pt\/#\/schema\/logo\/image\/","url":"https:\/\/euroissues.pt\/wp-content\/uploads\/2024\/06\/cropped-logo_2.png","contentUrl":"https:\/\/euroissues.pt\/wp-content\/uploads\/2024\/06\/cropped-logo_2.png","width":500,"height":138,"caption":"EUROISSUES"},"image":{"@id":"https:\/\/euroissues.pt\/#\/schema\/logo\/image\/"}}]}},"_links":{"self":[{"href":"https:\/\/euroissues.pt\/en\/wp-json\/wp\/v2\/pages\/336","targetHints":{"allow":["GET"]}}],"collection":[{"href":"https:\/\/euroissues.pt\/en\/wp-json\/wp\/v2\/pages"}],"about":[{"href":"https:\/\/euroissues.pt\/en\/wp-json\/wp\/v2\/types\/page"}],"author":[{"embeddable":true,"href":"https:\/\/euroissues.pt\/en\/wp-json\/wp\/v2\/users\/1"}],"replies":[{"embeddable":true,"href":"https:\/\/euroissues.pt\/en\/wp-json\/wp\/v2\/comments?post=336"}],"version-history":[{"count":0,"href":"https:\/\/euroissues.pt\/en\/wp-json\/wp\/v2\/pages\/336\/revisions"}],"wp:attachment":[{"href":"https:\/\/euroissues.pt\/en\/wp-json\/wp\/v2\/media?parent=336"}],"curies":[{"name":"wp","href":"https:\/\/api.w.org\/{rel}","templated":true}]}}