{"id":34,"date":"2024-03-13T12:14:01","date_gmt":"2024-03-13T12:14:01","guid":{"rendered":"https:\/\/euroissues.pt\/?page_id=34"},"modified":"2026-02-02T16:39:00","modified_gmt":"2026-02-02T16:39:00","slug":"apresentacao","status":"publish","type":"page","link":"https:\/\/euroissues.pt\/en\/","title":{"rendered":"Presentation"},"content":{"rendered":"\t\t<div data-elementor-type=\"wp-page\" data-elementor-id=\"34\" class=\"elementor elementor-34\" data-elementor-post-type=\"page\">\n\t\t\t\t<div class=\"elementor-element elementor-element-d0160ea e-con-full e-flex e-con e-parent\" data-id=\"d0160ea\" data-element_type=\"container\" data-e-type=\"container\" data-settings=\"{&quot;background_background&quot;:&quot;slideshow&quot;,&quot;background_slideshow_gallery&quot;:[{&quot;id&quot;:728,&quot;url&quot;:&quot;https:\\\/\\\/euroissues.pt\\\/wp-content\\\/uploads\\\/2024\\\/03\\\/20231001_183827-scaled.jpg&quot;},{&quot;id&quot;:737,&quot;url&quot;:&quot;https:\\\/\\\/euroissues.pt\\\/wp-content\\\/uploads\\\/2024\\\/04\\\/IMG_20200719_182825-scaled.jpg&quot;},{&quot;id&quot;:696,&quot;url&quot;:&quot;https:\\\/\\\/euroissues.pt\\\/wp-content\\\/uploads\\\/2024\\\/03\\\/275A7758-01-scaled.jpeg&quot;},{&quot;id&quot;:697,&quot;url&quot;:&quot;https:\\\/\\\/euroissues.pt\\\/wp-content\\\/uploads\\\/2024\\\/03\\\/Copia-de-IMG_4387-01-scaled.jpeg&quot;},{&quot;id&quot;:698,&quot;url&quot;:&quot;https:\\\/\\\/euroissues.pt\\\/wp-content\\\/uploads\\\/2024\\\/03\\\/Copia-de-DJI_0326-1-01-scaled.jpeg&quot;},{&quot;id&quot;:699,&quot;url&quot;:&quot;https:\\\/\\\/euroissues.pt\\\/wp-content\\\/uploads\\\/2024\\\/03\\\/Copia-de-IMG_4046-01-scaled.jpeg&quot;},{&quot;id&quot;:700,&quot;url&quot;:&quot;https:\\\/\\\/euroissues.pt\\\/wp-content\\\/uploads\\\/2024\\\/03\\\/Copia-de-IMG_3471-01-01-02-scaled.jpeg&quot;},{&quot;id&quot;:701,&quot;url&quot;:&quot;https:\\\/\\\/euroissues.pt\\\/wp-content\\\/uploads\\\/2024\\\/03\\\/Copia-de-DJI_0202-01-scaled.jpeg&quot;},{&quot;id&quot;:727,&quot;url&quot;:&quot;https:\\\/\\\/euroissues.pt\\\/wp-content\\\/uploads\\\/2024\\\/03\\\/20230405_155316-scaled.jpg&quot;}],&quot;background_slideshow_loop&quot;:&quot;yes&quot;,&quot;background_slideshow_slide_duration&quot;:5000,&quot;background_slideshow_slide_transition&quot;:&quot;fade&quot;,&quot;background_slideshow_transition_duration&quot;:500}\">\n\t\t<div class=\"elementor-element elementor-element-0eb09c6 e-con-full e-flex e-con e-child\" data-id=\"0eb09c6\" data-element_type=\"container\" data-e-type=\"container\">\n\t\t\t\t<\/div>\n\t\t<div class=\"elementor-element elementor-element-4d57312 e-con-full e-flex e-con e-child\" data-id=\"4d57312\" data-element_type=\"container\" data-e-type=\"container\">\n\t\t\t\t<div class=\"elementor-element elementor-element-3689d4e elementor-hidden-tablet elementor-hidden-mobile elementor-widget elementor-widget-image\" data-id=\"3689d4e\" data-element_type=\"widget\" data-e-type=\"widget\" data-widget_type=\"image.default\">\n\t\t\t\t<div class=\"elementor-widget-container\">\n\t\t\t\t\t\t\t\t\t\t\t\t\t\t\t\t<a href=\"https:\/\/4-ruralgeographies.euroissues.pt\/\">\n\t\t\t\t\t\t\t<img decoding=\"async\" src=\"https:\/\/euroissues.pt\/wp-content\/uploads\/elementor\/thumbs\/CARTAZ_finalcegot-scaled-rikk720ggt5tgovjkzoz6k9pzifdcz7tqydlswpt6o.jpg\" title=\"CARTAZ_final+cegot\" alt=\"CARTAZ_final+cegot\" loading=\"lazy\" \/>\t\t\t\t\t\t\t\t<\/a>\n\t\t\t\t\t\t\t\t\t\t\t\t\t\t\t<\/div>\n\t\t\t\t<\/div>\n\t\t\t\t<\/div>\n\t\t\t\t<\/div>\n\t\t<div class=\"elementor-element elementor-element-001ebad e-flex e-con-boxed e-con e-parent\" data-id=\"001ebad\" data-element_type=\"container\" data-e-type=\"container\">\n\t\t\t\t\t<div class=\"e-con-inner\">\n\t\t<div class=\"elementor-element elementor-element-0792c6e e-con-full e-flex e-con e-child\" data-id=\"0792c6e\" data-element_type=\"container\" data-e-type=\"container\">\n\t\t\t\t<div class=\"elementor-element elementor-element-153daef elementor-widget elementor-widget-text-editor\" data-id=\"153daef\" data-element_type=\"widget\" data-e-type=\"widget\" data-widget_type=\"text-editor.default\">\n\t\t\t\t<div class=\"elementor-widget-container\">\n\t\t\t\t\t\t\t\t\t<h3 style=\"text-align: left;\">Bem vindos \u00e0s <strong>Jornadas Internacionais sobre \u201cGrandes Problem\u00e1ticas do Espa\u00e7o Europeu<\/strong>\u201d!<\/h3><p>Com in\u00edcio em 2006<strong>,<\/strong> numa conjuga\u00e7\u00e3o de esfor\u00e7os das Universidades do Porto e de Santiago de Compostela, muito rapidamente este evento cient\u00edfico evoluiu, tendo na atualidade m\u00faltiplos parceiros, nacionais e internacionais, para al\u00e9m da colabora\u00e7\u00e3o de cientistas de mais de 50 pa\u00edses. Assim se concretizam an\u00e1lises estrat\u00e9gicas, se criam sinergias tendentes a uma coes\u00e3o e revitaliza\u00e7\u00e3o territorial, numa \u00f3tica <strong>multidisciplinar,<\/strong> <strong>criativa <\/strong>e <strong>inclusiva<\/strong>. H\u00e1, de facto, que desenvolver sustentavelmente o nosso PLANETA TERRA!<\/p><p>Participem nesta iniciativa!<\/p>\t\t\t\t\t\t\t\t<\/div>\n\t\t\t\t<\/div>\n\t\t<div class=\"elementor-element elementor-element-d746b48 e-con-full e-flex e-con e-child\" data-id=\"d746b48\" data-element_type=\"container\" data-e-type=\"container\">\n\t\t\t\t<\/div>\n\t\t\t\t<\/div>\n\t\t<div class=\"elementor-element elementor-element-3069b06 e-con-full e-flex e-con e-child\" data-id=\"3069b06\" data-element_type=\"container\" data-e-type=\"container\">\n\t\t\t\t<div class=\"elementor-element elementor-element-3c61736 elementor-widget elementor-widget-shortcode\" data-id=\"3c61736\" data-element_type=\"widget\" data-e-type=\"widget\" data-widget_type=\"shortcode.default\">\n\t\t\t\t<div class=\"elementor-widget-container\">\n\t\t\t\t\t\t\t<div class=\"elementor-shortcode\">  \n  \n  <div class=\"\n    mailpoet_form_popup_overlay\n      \"><\/div>\n  <div\n    id=\"mailpoet_form_1\"\n    class=\"\n      mailpoet_form\n      mailpoet_form_shortcode\n      mailpoet_form_position_\n      mailpoet_form_animation_\n    \"\n      >\n\n    <style type=\"text\/css\">\n     #mailpoet_form_1 .mailpoet_form {  }\n#mailpoet_form_1 .mailpoet_column_with_background { padding: 10px; }\n#mailpoet_form_1 .mailpoet_form_column:not(:first-child) { margin-left: 20px; }\n#mailpoet_form_1 .mailpoet_paragraph { line-height: 20px; margin-bottom: 20px; }\n#mailpoet_form_1 .mailpoet_segment_label, #mailpoet_form_1 .mailpoet_text_label, #mailpoet_form_1 .mailpoet_textarea_label, #mailpoet_form_1 .mailpoet_select_label, #mailpoet_form_1 .mailpoet_radio_label, #mailpoet_form_1 .mailpoet_checkbox_label, #mailpoet_form_1 .mailpoet_list_label, #mailpoet_form_1 .mailpoet_date_label { display: block; font-weight: normal; }\n#mailpoet_form_1 .mailpoet_text, #mailpoet_form_1 .mailpoet_textarea, #mailpoet_form_1 .mailpoet_select, #mailpoet_form_1 .mailpoet_date_month, #mailpoet_form_1 .mailpoet_date_day, #mailpoet_form_1 .mailpoet_date_year, #mailpoet_form_1 .mailpoet_date { display: block; }\n#mailpoet_form_1 .mailpoet_text, #mailpoet_form_1 .mailpoet_textarea { width: 200px; }\n#mailpoet_form_1 .mailpoet_checkbox {  }\n#mailpoet_form_1 .mailpoet_submit {  }\n#mailpoet_form_1 .mailpoet_divider {  }\n#mailpoet_form_1 .mailpoet_message {  }\n#mailpoet_form_1 .mailpoet_form_loading { width: 30px; text-align: center; line-height: normal; }\n#mailpoet_form_1 .mailpoet_form_loading > span { width: 5px; height: 5px; background-color: #5b5b5b; }#mailpoet_form_1{border-radius: 0px;text-align: left;}#mailpoet_form_1 form.mailpoet_form {padding: 20px;}#mailpoet_form_1{width: 100%;}#mailpoet_form_1 .mailpoet_message {margin: 0; padding: 0 20px;}#mailpoet_form_1 .mailpoet_paragraph.last {margin-bottom: 0} @media (max-width: 500px) {#mailpoet_form_1 {background-image: none;}} @media (min-width: 500px) {#mailpoet_form_1 .last .mailpoet_paragraph:last-child {margin-bottom: 0}}  @media (max-width: 500px) {#mailpoet_form_1 .mailpoet_form_column:last-child .mailpoet_paragraph:last-child {margin-bottom: 0}} \n    <\/style>\n\n    <form\n      target=\"_self\"\n      method=\"post\"\n      action=\"https:\/\/euroissues.pt\/wp-admin\/admin-post.php?action=mailpoet_subscription_form\"\n      class=\"mailpoet_form mailpoet_form_form mailpoet_form_shortcode\"\n      novalidate\n      data-delay=\"\"\n      data-exit-intent-enabled=\"\"\n      data-font-family=\"\"\n      data-cookie-expiration-time=\"\"\n    >\n      <input type=\"hidden\" name=\"data[form_id]\" value=\"1\" \/>\n      <input type=\"hidden\" name=\"token\" value=\"dbdfd9532b\" \/>\n      <input type=\"hidden\" name=\"api_version\" value=\"v1\" \/>\n      <input type=\"hidden\" name=\"endpoint\" value=\"subscribers\" \/>\n      <input type=\"hidden\" name=\"mailpoet_method\" value=\"subscribe\" \/>\n\n      <label class=\"mailpoet_hp_email_label\" style=\"display: none !important;\">Please leave this field empty<input type=\"email\" name=\"data[email]\"\/><\/label><h3 class=\"mailpoet-heading  mailpoet-has-font-size\" style=\"text-align: center; font-size: 16px\">Receba convites institucionais e atualiza\u00e7\u00f5es da Euroissues.<\/h3>\n<div class=\"mailpoet_paragraph \"><input type=\"text\" autocomplete=\"given-name\" class=\"mailpoet_text\" id=\"form_first_name_1\" name=\"data[form_field_ZDg2ZmM4ZTkyN2VkX2ZpcnN0X25hbWU=]\" title=\"Nome\" value=\"\" style=\"width:100%;box-sizing:border-box;padding:5px;margin: 0 auto 0 0;\" data-automation-id=\"form_first_name\"  placeholder=\"Nome\" aria-label=\"Nome\" data-parsley-errors-container=\".mailpoet_error_16a8o\" data-parsley-names='[&quot;Please specify a valid name.&quot;,&quot;Addresses in names are not permitted, please add your name instead.&quot;]'\/><span class=\"mailpoet_error_16a8o\"><\/span><\/div>\n<div class=\"mailpoet_paragraph \"><input type=\"text\" autocomplete=\"family-name\" class=\"mailpoet_text\" id=\"form_last_name_1\" name=\"data[form_field_YjI4ZjRmMGE0NzJmX2xhc3RfbmFtZQ==]\" title=\"Apelido\" value=\"\" style=\"width:100%;box-sizing:border-box;padding:5px;margin: 0 auto 0 0;\" data-automation-id=\"form_last_name\"  placeholder=\"Apelido\" aria-label=\"Apelido\" data-parsley-errors-container=\".mailpoet_error_1pxd9\" data-parsley-names='[&quot;Please specify a valid name.&quot;,&quot;Addresses in names are not permitted, please add your name instead.&quot;]'\/><span class=\"mailpoet_error_1pxd9\"><\/span><\/div>\n<div class=\"mailpoet_paragraph \"><input type=\"email\" autocomplete=\"email\" class=\"mailpoet_text\" id=\"form_email_1\" name=\"data[form_field_OTk0MGEzZjE0YzM5X2VtYWls]\" title=\"Endere\u00e7o de email\" value=\"\" style=\"width:100%;box-sizing:border-box;padding:5px;margin: 0 auto 0 0;\" data-automation-id=\"form_email\"  placeholder=\"Endere\u00e7o de email *\" aria-label=\"Endere\u00e7o de email *\" data-parsley-errors-container=\".mailpoet_error_5ard2\" data-parsley-required=\"true\" required aria-required=\"true\" data-parsley-minlength=\"6\" data-parsley-maxlength=\"150\" data-parsley-type-message=\"This value should be a valid email.\" data-parsley-required-message=\"This field is required.\"\/><span class=\"mailpoet_error_5ard2\"><\/span><\/div>\n<div class=\"mailpoet_paragraph \"><input type=\"submit\" class=\"mailpoet_submit\" value=\"Subscrever!\" data-automation-id=\"subscribe-submit-button\" style=\"width:100%;box-sizing:border-box;padding:5px;margin: 0 auto 0 0;border-color:transparent;\" \/><span class=\"mailpoet_form_loading\"><span class=\"mailpoet_bounce1\"><\/span><span class=\"mailpoet_bounce2\"><\/span><span class=\"mailpoet_bounce3\"><\/span><\/span><\/div>\n<div class=\"mailpoet_paragraph \"><fieldset><input type=\"hidden\" value=\"1\"  name=\"data[cf_1]\" \/><label class=\"mailpoet_checkbox_label\" for=\"mailpoet_checkbox_1\" ><input type=\"checkbox\" class=\"mailpoet_checkbox\" id=\"mailpoet_checkbox_1\" name=\"data[cf_1]\" value=\"1\" data-parsley-errors-container=\".mailpoet_error_1teob\" data-parsley-required=\"true\" required aria-required=\"true\" data-parsley-required-message=\"This field is required.\" data-parsley-group=\"custom_field_1\" \/> Li e aceito a Pol\u00edtica de Privacidade da Euroissues. Os meus dados ser\u00e3o usados exclusivamente para comunica\u00e7\u00f5es institucionais e convites para eventos.<\/label><\/fieldset><span class=\"mailpoet_error_1teob\"><\/span><\/div>\n\n      <div class=\"mailpoet_message\">\n        <p class=\"mailpoet_validate_success\"\n                style=\"display:none;\"\n                >Verifique na sua caixa de correio ou na pasta de spam para confirmar a sua subscri\u00e7\u00e3o.\n        <\/p>\n        <p class=\"mailpoet_validate_error\"\n                style=\"display:none;\"\n                >        <\/p>\n      <\/div>\n    <\/form>\n\n      <\/div>\n\n  <\/div>\n\t\t\t\t\t\t<\/div>\n\t\t\t\t<\/div>\n\t\t\t\t<\/div>\n\t\t\t\t\t<\/div>\n\t\t\t\t<\/div>\n\t\t\t\t<\/div>\n\t\t","protected":false},"excerpt":{"rendered":"<p>Bem vindos \u00e0s Jornadas Internacionais sobre \u201cGrandes Problem\u00e1ticas do Espa\u00e7o Europeu\u201d! Com in\u00edcio em 2006, numa conjuga\u00e7\u00e3o de esfor\u00e7os das Universidades do Porto e de Santiago de Compostela, muito rapidamente este evento cient\u00edfico evoluiu, tendo na atualidade m\u00faltiplos parceiros, nacionais e internacionais, para al\u00e9m da colabora\u00e7\u00e3o de cientistas de mais de 50 pa\u00edses. Assim se [&hellip;]<\/p>\n","protected":false},"author":1,"featured_media":0,"parent":0,"menu_order":0,"comment_status":"closed","ping_status":"closed","template":"elementor_header_footer","meta":{"ocean_post_layout":"","ocean_both_sidebars_style":"","ocean_both_sidebars_content_width":0,"ocean_both_sidebars_sidebars_width":0,"ocean_sidebar":"","ocean_second_sidebar":"","ocean_disable_margins":"enable","ocean_add_body_class":"","ocean_shortcode_before_top_bar":"","ocean_shortcode_after_top_bar":"","ocean_shortcode_before_header":"","ocean_shortcode_after_header":"","ocean_has_shortcode":"","ocean_shortcode_after_title":"","ocean_shortcode_before_footer_widgets":"","ocean_shortcode_after_footer_widgets":"","ocean_shortcode_before_footer_bottom":"","ocean_shortcode_after_footer_bottom":"","ocean_display_top_bar":"default","ocean_display_header":"default","ocean_header_style":"","ocean_center_header_left_menu":"","ocean_custom_header_template":"","ocean_custom_logo":0,"ocean_custom_retina_logo":0,"ocean_custom_logo_max_width":0,"ocean_custom_logo_tablet_max_width":0,"ocean_custom_logo_mobile_max_width":0,"ocean_custom_logo_max_height":0,"ocean_custom_logo_tablet_max_height":0,"ocean_custom_logo_mobile_max_height":0,"ocean_header_custom_menu":"","ocean_menu_typo_font_family":"","ocean_menu_typo_font_subset":"","ocean_menu_typo_font_size":0,"ocean_menu_typo_font_size_tablet":0,"ocean_menu_typo_font_size_mobile":0,"ocean_menu_typo_font_size_unit":"px","ocean_menu_typo_font_weight":"","ocean_menu_typo_font_weight_tablet":"","ocean_menu_typo_font_weight_mobile":"","ocean_menu_typo_transform":"","ocean_menu_typo_transform_tablet":"","ocean_menu_typo_transform_mobile":"","ocean_menu_typo_line_height":0,"ocean_menu_typo_line_height_tablet":0,"ocean_menu_typo_line_height_mobile":0,"ocean_menu_typo_line_height_unit":"","ocean_menu_typo_spacing":0,"ocean_menu_typo_spacing_tablet":0,"ocean_menu_typo_spacing_mobile":0,"ocean_menu_typo_spacing_unit":"","ocean_menu_link_color":"","ocean_menu_link_color_hover":"","ocean_menu_link_color_active":"","ocean_menu_link_background":"","ocean_menu_link_hover_background":"","ocean_menu_link_active_background":"","ocean_menu_social_links_bg":"","ocean_menu_social_hover_links_bg":"","ocean_menu_social_links_color":"","ocean_menu_social_hover_links_color":"","ocean_disable_title":"on","ocean_disable_heading":"default","ocean_post_title":"","ocean_post_subheading":"","ocean_post_title_style":"","ocean_post_title_background_color":"","ocean_post_title_background":0,"ocean_post_title_bg_image_position":"","ocean_post_title_bg_image_attachment":"","ocean_post_title_bg_image_repeat":"","ocean_post_title_bg_image_size":"","ocean_post_title_height":0,"ocean_post_title_bg_overlay":0.5,"ocean_post_title_bg_overlay_color":"","ocean_disable_breadcrumbs":"default","ocean_breadcrumbs_color":"","ocean_breadcrumbs_separator_color":"","ocean_breadcrumbs_links_color":"","ocean_breadcrumbs_links_hover_color":"","ocean_display_footer_widgets":"default","ocean_display_footer_bottom":"default","ocean_custom_footer_template":"","footnotes":""},"class_list":["post-34","page","type-page","status-publish","hentry","entry"],"yoast_head":"<!-- This site is optimized with the Yoast SEO plugin v27.4 - https:\/\/yoast.com\/product\/yoast-seo-wordpress\/ -->\n<title>Apresenta\u00e7\u00e3o - EUROISSUES<\/title>\n<meta name=\"robots\" content=\"index, follow, max-snippet:-1, max-image-preview:large, max-video-preview:-1\" \/>\n<link rel=\"canonical\" href=\"https:\/\/euroissues.pt\/en\/\" \/>\n<meta property=\"og:locale\" content=\"en_GB\" \/>\n<meta property=\"og:type\" content=\"article\" \/>\n<meta property=\"og:title\" content=\"Apresenta\u00e7\u00e3o - EUROISSUES\" \/>\n<meta property=\"og:description\" content=\"Bem vindos \u00e0s Jornadas Internacionais sobre \u201cGrandes Problem\u00e1ticas do Espa\u00e7o Europeu\u201d! Com in\u00edcio em 2006, numa conjuga\u00e7\u00e3o de esfor\u00e7os das Universidades do Porto e de Santiago de Compostela, muito rapidamente este evento cient\u00edfico evoluiu, tendo na atualidade m\u00faltiplos parceiros, nacionais e internacionais, para al\u00e9m da colabora\u00e7\u00e3o de cientistas de mais de 50 pa\u00edses. Assim se [&hellip;]\" \/>\n<meta property=\"og:url\" content=\"https:\/\/euroissues.pt\/en\/\" \/>\n<meta property=\"og:site_name\" content=\"EUROISSUES\" \/>\n<meta property=\"article:modified_time\" content=\"2026-02-02T16:39:00+00:00\" \/>\n<meta property=\"og:image\" content=\"https:\/\/euroissues.pt\/wp-content\/uploads\/elementor\/thumbs\/CARTAZ_finalcegot-scaled-rikjxsbr2mh0z4c8phgf3eh33q42gff452s8fogkjk.jpg\" \/>\n<meta name=\"twitter:card\" content=\"summary_large_image\" \/>\n<meta name=\"twitter:label1\" content=\"Estimated reading time\" \/>\n\t<meta name=\"twitter:data1\" content=\"1 minute\" \/>\n<script type=\"application\/ld+json\" class=\"yoast-schema-graph\">{\"@context\":\"https:\\\/\\\/schema.org\",\"@graph\":[{\"@type\":\"WebPage\",\"@id\":\"https:\\\/\\\/euroissues.pt\\\/\",\"url\":\"https:\\\/\\\/euroissues.pt\\\/\",\"name\":\"Apresenta\u00e7\u00e3o - EUROISSUES\",\"isPartOf\":{\"@id\":\"https:\\\/\\\/euroissues.pt\\\/#website\"},\"primaryImageOfPage\":{\"@id\":\"https:\\\/\\\/euroissues.pt\\\/#primaryimage\"},\"image\":{\"@id\":\"https:\\\/\\\/euroissues.pt\\\/#primaryimage\"},\"thumbnailUrl\":\"https:\\\/\\\/euroissues.pt\\\/wp-content\\\/uploads\\\/elementor\\\/thumbs\\\/CARTAZ_finalcegot-scaled-rikjxsbr2mh0z4c8phgf3eh33q42gff452s8fogkjk.jpg\",\"datePublished\":\"2024-03-13T12:14:01+00:00\",\"dateModified\":\"2026-02-02T16:39:00+00:00\",\"breadcrumb\":{\"@id\":\"https:\\\/\\\/euroissues.pt\\\/#breadcrumb\"},\"inLanguage\":\"en-GB\",\"potentialAction\":[{\"@type\":\"ReadAction\",\"target\":[\"https:\\\/\\\/euroissues.pt\\\/\"]}]},{\"@type\":\"ImageObject\",\"inLanguage\":\"en-GB\",\"@id\":\"https:\\\/\\\/euroissues.pt\\\/#primaryimage\",\"url\":\"https:\\\/\\\/euroissues.pt\\\/wp-content\\\/uploads\\\/elementor\\\/thumbs\\\/CARTAZ_finalcegot-scaled-rikjxsbr2mh0z4c8phgf3eh33q42gff452s8fogkjk.jpg\",\"contentUrl\":\"https:\\\/\\\/euroissues.pt\\\/wp-content\\\/uploads\\\/elementor\\\/thumbs\\\/CARTAZ_finalcegot-scaled-rikjxsbr2mh0z4c8phgf3eh33q42gff452s8fogkjk.jpg\"},{\"@type\":\"BreadcrumbList\",\"@id\":\"https:\\\/\\\/euroissues.pt\\\/#breadcrumb\",\"itemListElement\":[{\"@type\":\"ListItem\",\"position\":1,\"name\":\"In\u00edcio\",\"item\":\"https:\\\/\\\/euroissues.pt\\\/\"},{\"@type\":\"ListItem\",\"position\":2,\"name\":\"Apresenta\u00e7\u00e3o\"}]},{\"@type\":\"WebSite\",\"@id\":\"https:\\\/\\\/euroissues.pt\\\/#website\",\"url\":\"https:\\\/\\\/euroissues.pt\\\/\",\"name\":\"EUROISSUES\",\"description\":\"Constru\u00e7\u00e3o de Territ\u00f3rios Resilientes e Sustent\u00e1veis\",\"publisher\":{\"@id\":\"https:\\\/\\\/euroissues.pt\\\/#organization\"},\"potentialAction\":[{\"@type\":\"SearchAction\",\"target\":{\"@type\":\"EntryPoint\",\"urlTemplate\":\"https:\\\/\\\/euroissues.pt\\\/?s={search_term_string}\"},\"query-input\":{\"@type\":\"PropertyValueSpecification\",\"valueRequired\":true,\"valueName\":\"search_term_string\"}}],\"inLanguage\":\"en-GB\"},{\"@type\":\"Organization\",\"@id\":\"https:\\\/\\\/euroissues.pt\\\/#organization\",\"name\":\"EUROISSUES\",\"url\":\"https:\\\/\\\/euroissues.pt\\\/\",\"logo\":{\"@type\":\"ImageObject\",\"inLanguage\":\"en-GB\",\"@id\":\"https:\\\/\\\/euroissues.pt\\\/#\\\/schema\\\/logo\\\/image\\\/\",\"url\":\"https:\\\/\\\/euroissues.pt\\\/wp-content\\\/uploads\\\/2024\\\/06\\\/cropped-logo_2.png\",\"contentUrl\":\"https:\\\/\\\/euroissues.pt\\\/wp-content\\\/uploads\\\/2024\\\/06\\\/cropped-logo_2.png\",\"width\":500,\"height\":138,\"caption\":\"EUROISSUES\"},\"image\":{\"@id\":\"https:\\\/\\\/euroissues.pt\\\/#\\\/schema\\\/logo\\\/image\\\/\"}}]}<\/script>\n<!-- \/ Yoast SEO plugin. -->","yoast_head_json":{"title":"Apresenta\u00e7\u00e3o - EUROISSUES","robots":{"index":"index","follow":"follow","max-snippet":"max-snippet:-1","max-image-preview":"max-image-preview:large","max-video-preview":"max-video-preview:-1"},"canonical":"https:\/\/euroissues.pt\/en\/","og_locale":"en_GB","og_type":"article","og_title":"Apresenta\u00e7\u00e3o - EUROISSUES","og_description":"Bem vindos \u00e0s Jornadas Internacionais sobre \u201cGrandes Problem\u00e1ticas do Espa\u00e7o Europeu\u201d! Com in\u00edcio em 2006, numa conjuga\u00e7\u00e3o de esfor\u00e7os das Universidades do Porto e de Santiago de Compostela, muito rapidamente este evento cient\u00edfico evoluiu, tendo na atualidade m\u00faltiplos parceiros, nacionais e internacionais, para al\u00e9m da colabora\u00e7\u00e3o de cientistas de mais de 50 pa\u00edses. Assim se [&hellip;]","og_url":"https:\/\/euroissues.pt\/en\/","og_site_name":"EUROISSUES","article_modified_time":"2026-02-02T16:39:00+00:00","og_image":[{"url":"https:\/\/euroissues.pt\/wp-content\/uploads\/elementor\/thumbs\/CARTAZ_finalcegot-scaled-rikjxsbr2mh0z4c8phgf3eh33q42gff452s8fogkjk.jpg","type":"","width":"","height":""}],"twitter_card":"summary_large_image","twitter_misc":{"Estimated reading time":"1 minute"},"schema":{"@context":"https:\/\/schema.org","@graph":[{"@type":"WebPage","@id":"https:\/\/euroissues.pt\/","url":"https:\/\/euroissues.pt\/","name":"Apresenta\u00e7\u00e3o - EUROISSUES","isPartOf":{"@id":"https:\/\/euroissues.pt\/#website"},"primaryImageOfPage":{"@id":"https:\/\/euroissues.pt\/#primaryimage"},"image":{"@id":"https:\/\/euroissues.pt\/#primaryimage"},"thumbnailUrl":"https:\/\/euroissues.pt\/wp-content\/uploads\/elementor\/thumbs\/CARTAZ_finalcegot-scaled-rikjxsbr2mh0z4c8phgf3eh33q42gff452s8fogkjk.jpg","datePublished":"2024-03-13T12:14:01+00:00","dateModified":"2026-02-02T16:39:00+00:00","breadcrumb":{"@id":"https:\/\/euroissues.pt\/#breadcrumb"},"inLanguage":"en-GB","potentialAction":[{"@type":"ReadAction","target":["https:\/\/euroissues.pt\/"]}]},{"@type":"ImageObject","inLanguage":"en-GB","@id":"https:\/\/euroissues.pt\/#primaryimage","url":"https:\/\/euroissues.pt\/wp-content\/uploads\/elementor\/thumbs\/CARTAZ_finalcegot-scaled-rikjxsbr2mh0z4c8phgf3eh33q42gff452s8fogkjk.jpg","contentUrl":"https:\/\/euroissues.pt\/wp-content\/uploads\/elementor\/thumbs\/CARTAZ_finalcegot-scaled-rikjxsbr2mh0z4c8phgf3eh33q42gff452s8fogkjk.jpg"},{"@type":"BreadcrumbList","@id":"https:\/\/euroissues.pt\/#breadcrumb","itemListElement":[{"@type":"ListItem","position":1,"name":"In\u00edcio","item":"https:\/\/euroissues.pt\/"},{"@type":"ListItem","position":2,"name":"Apresenta\u00e7\u00e3o"}]},{"@type":"WebSite","@id":"https:\/\/euroissues.pt\/#website","url":"https:\/\/euroissues.pt\/","name":"EUROISSUES","description":"Constru\u00e7\u00e3o de Territ\u00f3rios Resilientes e Sustent\u00e1veis","publisher":{"@id":"https:\/\/euroissues.pt\/#organization"},"potentialAction":[{"@type":"SearchAction","target":{"@type":"EntryPoint","urlTemplate":"https:\/\/euroissues.pt\/?s={search_term_string}"},"query-input":{"@type":"PropertyValueSpecification","valueRequired":true,"valueName":"search_term_string"}}],"inLanguage":"en-GB"},{"@type":"Organization","@id":"https:\/\/euroissues.pt\/#organization","name":"EUROISSUES","url":"https:\/\/euroissues.pt\/","logo":{"@type":"ImageObject","inLanguage":"en-GB","@id":"https:\/\/euroissues.pt\/#\/schema\/logo\/image\/","url":"https:\/\/euroissues.pt\/wp-content\/uploads\/2024\/06\/cropped-logo_2.png","contentUrl":"https:\/\/euroissues.pt\/wp-content\/uploads\/2024\/06\/cropped-logo_2.png","width":500,"height":138,"caption":"EUROISSUES"},"image":{"@id":"https:\/\/euroissues.pt\/#\/schema\/logo\/image\/"}}]}},"_links":{"self":[{"href":"https:\/\/euroissues.pt\/en\/wp-json\/wp\/v2\/pages\/34","targetHints":{"allow":["GET"]}}],"collection":[{"href":"https:\/\/euroissues.pt\/en\/wp-json\/wp\/v2\/pages"}],"about":[{"href":"https:\/\/euroissues.pt\/en\/wp-json\/wp\/v2\/types\/page"}],"author":[{"embeddable":true,"href":"https:\/\/euroissues.pt\/en\/wp-json\/wp\/v2\/users\/1"}],"replies":[{"embeddable":true,"href":"https:\/\/euroissues.pt\/en\/wp-json\/wp\/v2\/comments?post=34"}],"version-history":[{"count":39,"href":"https:\/\/euroissues.pt\/en\/wp-json\/wp\/v2\/pages\/34\/revisions"}],"predecessor-version":[{"id":3458,"href":"https:\/\/euroissues.pt\/en\/wp-json\/wp\/v2\/pages\/34\/revisions\/3458"}],"wp:attachment":[{"href":"https:\/\/euroissues.pt\/en\/wp-json\/wp\/v2\/media?parent=34"}],"curies":[{"name":"wp","href":"https:\/\/api.w.org\/{rel}","templated":true}]}}