{"id":3461,"date":"2026-02-02T17:06:43","date_gmt":"2026-02-02T17:06:43","guid":{"rendered":"https:\/\/euroissues.pt\/?page_id=3461"},"modified":"2026-02-11T17:18:52","modified_gmt":"2026-02-11T17:18:52","slug":"publicacoes-2024","status":"publish","type":"page","link":"https:\/\/euroissues.pt\/en\/jornadas-xviii-2024\/publicacoes-2024\/","title":{"rendered":"Publications"},"content":{"rendered":"\t\t<div data-elementor-type=\"wp-page\" data-elementor-id=\"3461\" class=\"elementor elementor-3461\" data-elementor-post-type=\"page\">\n\t\t\t\t<div class=\"elementor-element elementor-element-1320613 e-flex e-con-boxed e-con e-parent\" data-id=\"1320613\" data-element_type=\"container\" data-e-type=\"container\">\n\t\t\t\t\t<div class=\"e-con-inner\">\n\t\t\t\t<div class=\"elementor-element elementor-element-89b83ba elementor-widget elementor-widget-text-editor\" data-id=\"89b83ba\" data-element_type=\"widget\" data-e-type=\"widget\" data-widget_type=\"text-editor.default\">\n\t\t\t\t<div class=\"elementor-widget-container\">\n\t\t\t\t\t\t\t\t\t<h3><span style=\"text-decoration: underline;\">Livro de Resumos<\/span><\/h3><p><strong>Os participantes nas XVIII Jornadas Internacionais sobre Grandes Problem\u00e1ticas do Espa\u00e7o Europeu poder\u00e3o submeter os seus resumos para apresenta\u00e7\u00e3o oral e\/ou poster (entre 200 a 300 palavras). Os resumos aprovados para apresenta\u00e7\u00e3o oral e\/ou apresenta\u00e7\u00e3o de posters v\u00e3o ser inseridos no Livro de Resumos publicado pela Faculdade de Letras da Universidade do Porto, com ISBN e DOI.<\/strong><\/p><p><strong>Prazo de submiss\u00e3o: <\/strong>10 de Abril de 2024.<\/p><p><strong>Idioma: <\/strong>Ingl\u00eas ou Portugu\u00eas.<\/p>\t\t\t\t\t\t\t\t<\/div>\n\t\t\t\t<\/div>\n\t\t\t\t\t<\/div>\n\t\t\t\t<\/div>\n\t\t<div class=\"elementor-element elementor-element-4d47925 e-con-full e-flex e-con e-parent\" data-id=\"4d47925\" data-element_type=\"container\" data-e-type=\"container\">\n\t\t\t\t<div class=\"elementor-element elementor-element-be5770b elementor-widget elementor-widget-text-editor\" data-id=\"be5770b\" data-element_type=\"widget\" data-e-type=\"widget\" data-widget_type=\"text-editor.default\">\n\t\t\t\t<div class=\"elementor-widget-container\">\n\t\t\t\t\t\t\t\t\t<h3><b>Proceedings (MDPI)<\/b><\/h3><p>Proceedings of\u00a0<a href=\"https:\/\/www.mdpi.com\/2504-3900\/113\/1\" target=\"_blank\" rel=\"noopener\" data-saferedirecturl=\"https:\/\/www.google.com\/url?q=https:\/\/www.mdpi.com\/2504-3900\/113\/1&amp;source=gmail&amp;ust=1770907592262000&amp;usg=AOvVaw2r3fE55jvN4q5wGtXSlPPc\">XVIII International Seminars on Overarching Issues of the European Area:<\/a>\u00a0\u201c<b>Building Sustainable and Resilient Territories\u201d \u2013 Proceedings (MDPI):<\/b>\u00a0<a href=\"https:\/\/www.mdpi.com\/2504-3900\/113\/1\/21\" target=\"_blank\" rel=\"noopener\" data-saferedirecturl=\"https:\/\/www.google.com\/url?q=https:\/\/www.mdpi.com\/2504-3900\/113\/1\/21&amp;source=gmail&amp;ust=1770907592262000&amp;usg=AOvVaw0qRs213uSdgbKRyEvpnrpQ\">https:\/\/www.mdpi.com\/<wbr \/>2504-3900\/113\/1\/21<\/a><\/p><p><strong><span style=\"text-decoration: underline;\">Eixos tem\u00e1ticos<\/span><\/strong><\/p><p>(1) Sociedade e cultura;<br \/>(2) Educa\u00e7\u00e3o e ensino;<br \/>(3) Dimens\u00f5es sociais e econ\u00f3micas da sustentabilidade;<br \/>(4) Envelhecimento da popula\u00e7\u00e3o e sa\u00fade rural;<br \/>(5) Tradi\u00e7\u00e3o, patrim\u00f3nio e turismo;<br \/>(6) Economia e sustentabilidade;<br \/>(7) Economia circular e gest\u00e3o de res\u00edduos;<br \/>(8) Tecnologias verdes, energia e inova\u00e7\u00e3o;<br \/>(9) Empreendedorismo e transforma\u00e7\u00f5es digitais nos territ\u00f3rios;<br \/>(10) Conex\u00f5es urbano-rurais;<br \/>(11) Resili\u00eancia e transi\u00e7\u00f5es em \u00e1reas rurais;<br \/>(12) Agricultura sustent\u00e1vel e sistemas alimentares;<br \/>(13) Gest\u00e3o da paisagem e dos ecossistemas;<br \/>(14) Conserva\u00e7\u00e3o da biodiversidade e sustentabilidade;<br \/>(15) Gest\u00e3o e conserva\u00e7\u00e3o de recursos;<br \/>(16) Altera\u00e7\u00f5es clim\u00e1ticas, ambiente e desenvolvimento sustent\u00e1vel;<br \/>(17) Vulnerabilidades, riscos e prote\u00e7\u00e3o civil;<br \/>(18) Pol\u00edtica e governan\u00e7a ambiental;<br \/>(19) Desafios da pol\u00edtica europeia e ordenamento do territ\u00f3rio;<br \/>(20) Seguran\u00e7a e defesa europeias.<\/p><p><strong>Prazo de submiss\u00e3o: <\/strong>30 Setembro 2024.<\/p><p><strong>Idioma: <\/strong>Ingl\u00eas.<\/p><p>Proceedings of\u00a0<a href=\"https:\/\/www.mdpi.com\/2504-3900\/113\/1\" target=\"_blank\" rel=\"noopener\" data-saferedirecturl=\"https:\/\/www.google.com\/url?q=https:\/\/www.mdpi.com\/2504-3900\/113\/1&amp;source=gmail&amp;ust=1770822140067000&amp;usg=AOvVaw2Mc8qpoRWaAyyf64YZ7VlT\">XVIII International Seminars on Overarching Issu (es of the European Area):<\/a>\u00a0<b>\u201cBuilding Sustainable and Resilient Territories\u201d \u2013 Proceedings (MDPI):<\/b>\u00a0<a href=\"https:\/\/www.mdpi.com\/2504-3900\/113\/1\/21\" target=\"_blank\" rel=\"noopener\" data-saferedirecturl=\"https:\/\/www.google.com\/url?q=https:\/\/www.mdpi.com\/2504-3900\/113\/1\/21&amp;source=gmail&amp;ust=1770822140067000&amp;usg=AOvVaw11DFOFMo6bpsT8ksGAmkKR\">https:\/\/www.mdpi.com\/<wbr \/>2504-3900\/113\/1\/21<\/a>\u00a0.<\/p>\t\t\t\t\t\t\t\t<\/div>\n\t\t\t\t<\/div>\n\t\t\t\t<\/div>\n\t\t<div class=\"elementor-element elementor-element-8a72f15 e-con-full e-flex e-con e-parent\" data-id=\"8a72f15\" data-element_type=\"container\" data-e-type=\"container\">\n\t\t<div class=\"elementor-element elementor-element-ddf74c2 e-con-full e-flex e-con e-child\" data-id=\"ddf74c2\" data-element_type=\"container\" data-e-type=\"container\">\n\t\t\t\t<div class=\"elementor-element elementor-element-73d2ce4 elementor-widget__width-initial elementor-widget elementor-widget-text-editor\" data-id=\"73d2ce4\" data-element_type=\"widget\" data-e-type=\"widget\" data-widget_type=\"text-editor.default\">\n\t\t\t\t<div class=\"elementor-widget-container\">\n\t\t\t\t\t\t\t\t\t<h3><span style=\"text-decoration: underline;\"><strong>EBook (2024)<\/strong><\/span><\/h3><p class=\"font-claude-response-body break-words whitespace-normal leading-[1.7]\">Como habitualmente, os autores tamb\u00e9m ser\u00e3o convidados a submeter os seus textos para o eBook &#8220;The Overarching Issues of European Area \u2013 2024&#8221; publicado pela Faculdade de Letras da Universidade do Porto, com ISBN e DOI.<\/p><p class=\"font-claude-response-body break-words whitespace-normal leading-[1.7]\">Este eBook est\u00e1 indexado no Google Scholar, Reposit\u00f3rio da UP, RCAAP, DRIVER e BASE (Bielefeld Academic Search Engine) e Crossref. Os artigos devem ser originais e in\u00e9ditos, com uma extens\u00e3o m\u00e1xima de 25.000 a 35.000 caracteres (incluindo espa\u00e7os). Este valor deve incluir o resumo em duas l\u00ednguas (1.500 e 2.500 caracteres, com espa\u00e7os), 3 a 5 palavras-chave, tabelas, figuras e refer\u00eancias bibliogr\u00e1ficas. Para mais informa\u00e7\u00f5es, consulte o modelo dispon\u00edvel no website.<\/p><p class=\"font-claude-response-body break-words whitespace-normal leading-[1.7]\"><strong>Prazo de submiss\u00e3o:<\/strong> 30 de setembro de 2024.<\/p><p class=\"font-claude-response-body break-words whitespace-normal leading-[1.7]\"><strong>L\u00edngua: <\/strong>Ingl\u00eas ou Portugu\u00eas.<\/p>\t\t\t\t\t\t\t\t<\/div>\n\t\t\t\t<\/div>\n\t\t\t\t<\/div>\n\t\t\t\t<\/div>\n\t\t\t\t<\/div>\n\t\t","protected":false},"excerpt":{"rendered":"<p>Livro de Resumos Os participantes nas XVIII Jornadas Internacionais sobre Grandes Problem\u00e1ticas do Espa\u00e7o Europeu poder\u00e3o submeter os seus resumos para apresenta\u00e7\u00e3o oral e\/ou poster (entre 200 a 300 palavras). Os resumos aprovados para apresenta\u00e7\u00e3o oral e\/ou apresenta\u00e7\u00e3o de posters v\u00e3o ser inseridos no Livro de Resumos publicado pela Faculdade de Letras da Universidade do [&hellip;]<\/p>\n","protected":false},"author":1,"featured_media":0,"parent":9,"menu_order":0,"comment_status":"closed","ping_status":"closed","template":"","meta":{"ocean_post_layout":"","ocean_both_sidebars_style":"","ocean_both_sidebars_content_width":0,"ocean_both_sidebars_sidebars_width":0,"ocean_sidebar":"","ocean_second_sidebar":"","ocean_disable_margins":"enable","ocean_add_body_class":"","ocean_shortcode_before_top_bar":"","ocean_shortcode_after_top_bar":"","ocean_shortcode_before_header":"","ocean_shortcode_after_header":"","ocean_has_shortcode":"","ocean_shortcode_after_title":"","ocean_shortcode_before_footer_widgets":"","ocean_shortcode_after_footer_widgets":"","ocean_shortcode_before_footer_bottom":"","ocean_shortcode_after_footer_bottom":"","ocean_display_top_bar":"default","ocean_display_header":"default","ocean_header_style":"","ocean_center_header_left_menu":"","ocean_custom_header_template":"","ocean_custom_logo":0,"ocean_custom_retina_logo":0,"ocean_custom_logo_max_width":0,"ocean_custom_logo_tablet_max_width":0,"ocean_custom_logo_mobile_max_width":0,"ocean_custom_logo_max_height":0,"ocean_custom_logo_tablet_max_height":0,"ocean_custom_logo_mobile_max_height":0,"ocean_header_custom_menu":"","ocean_menu_typo_font_family":"","ocean_menu_typo_font_subset":"","ocean_menu_typo_font_size":0,"ocean_menu_typo_font_size_tablet":0,"ocean_menu_typo_font_size_mobile":0,"ocean_menu_typo_font_size_unit":"px","ocean_menu_typo_font_weight":"","ocean_menu_typo_font_weight_tablet":"","ocean_menu_typo_font_weight_mobile":"","ocean_menu_typo_transform":"","ocean_menu_typo_transform_tablet":"","ocean_menu_typo_transform_mobile":"","ocean_menu_typo_line_height":0,"ocean_menu_typo_line_height_tablet":0,"ocean_menu_typo_line_height_mobile":0,"ocean_menu_typo_line_height_unit":"","ocean_menu_typo_spacing":0,"ocean_menu_typo_spacing_tablet":0,"ocean_menu_typo_spacing_mobile":0,"ocean_menu_typo_spacing_unit":"","ocean_menu_link_color":"","ocean_menu_link_color_hover":"","ocean_menu_link_color_active":"","ocean_menu_link_background":"","ocean_menu_link_hover_background":"","ocean_menu_link_active_background":"","ocean_menu_social_links_bg":"","ocean_menu_social_hover_links_bg":"","ocean_menu_social_links_color":"","ocean_menu_social_hover_links_color":"","ocean_disable_title":"default","ocean_disable_heading":"default","ocean_post_title":"","ocean_post_subheading":"","ocean_post_title_style":"","ocean_post_title_background_color":"","ocean_post_title_background":0,"ocean_post_title_bg_image_position":"","ocean_post_title_bg_image_attachment":"","ocean_post_title_bg_image_repeat":"","ocean_post_title_bg_image_size":"","ocean_post_title_height":0,"ocean_post_title_bg_overlay":0.5,"ocean_post_title_bg_overlay_color":"","ocean_disable_breadcrumbs":"default","ocean_breadcrumbs_color":"","ocean_breadcrumbs_separator_color":"","ocean_breadcrumbs_links_color":"","ocean_breadcrumbs_links_hover_color":"","ocean_display_footer_widgets":"default","ocean_display_footer_bottom":"default","ocean_custom_footer_template":"","footnotes":""},"class_list":["post-3461","page","type-page","status-publish","hentry","entry"],"yoast_head":"<!-- This site is optimized with the Yoast SEO plugin v27.5 - https:\/\/yoast.com\/product\/yoast-seo-wordpress\/ -->\n<title>Publica\u00e7\u00f5es - EUROISSUES<\/title>\n<meta name=\"robots\" content=\"index, follow, max-snippet:-1, max-image-preview:large, max-video-preview:-1\" \/>\n<link rel=\"canonical\" href=\"https:\/\/euroissues.pt\/en\/jornadas-xviii-2024\/publicacoes-2024\/\" \/>\n<meta property=\"og:locale\" content=\"en_GB\" \/>\n<meta property=\"og:type\" content=\"article\" \/>\n<meta property=\"og:title\" content=\"Publica\u00e7\u00f5es - EUROISSUES\" \/>\n<meta property=\"og:description\" content=\"Livro de Resumos Os participantes nas XVIII Jornadas Internacionais sobre Grandes Problem\u00e1ticas do Espa\u00e7o Europeu poder\u00e3o submeter os seus resumos para apresenta\u00e7\u00e3o oral e\/ou poster (entre 200 a 300 palavras). Os resumos aprovados para apresenta\u00e7\u00e3o oral e\/ou apresenta\u00e7\u00e3o de posters v\u00e3o ser inseridos no Livro de Resumos publicado pela Faculdade de Letras da Universidade do [&hellip;]\" \/>\n<meta property=\"og:url\" content=\"https:\/\/euroissues.pt\/en\/jornadas-xviii-2024\/publicacoes-2024\/\" \/>\n<meta property=\"og:site_name\" content=\"EUROISSUES\" \/>\n<meta property=\"article:modified_time\" content=\"2026-02-11T17:18:52+00:00\" \/>\n<meta name=\"twitter:card\" content=\"summary_large_image\" \/>\n<meta name=\"twitter:label1\" content=\"Estimated reading time\" \/>\n\t<meta name=\"twitter:data1\" content=\"2 minutes\" \/>\n<script type=\"application\/ld+json\" class=\"yoast-schema-graph\">{\"@context\":\"https:\\\/\\\/schema.org\",\"@graph\":[{\"@type\":\"WebPage\",\"@id\":\"https:\\\/\\\/euroissues.pt\\\/jornadas-xviii-2024\\\/publicacoes-2024\\\/\",\"url\":\"https:\\\/\\\/euroissues.pt\\\/jornadas-xviii-2024\\\/publicacoes-2024\\\/\",\"name\":\"Publica\u00e7\u00f5es - EUROISSUES\",\"isPartOf\":{\"@id\":\"https:\\\/\\\/euroissues.pt\\\/#website\"},\"datePublished\":\"2026-02-02T17:06:43+00:00\",\"dateModified\":\"2026-02-11T17:18:52+00:00\",\"breadcrumb\":{\"@id\":\"https:\\\/\\\/euroissues.pt\\\/jornadas-xviii-2024\\\/publicacoes-2024\\\/#breadcrumb\"},\"inLanguage\":\"en-GB\",\"potentialAction\":[{\"@type\":\"ReadAction\",\"target\":[\"https:\\\/\\\/euroissues.pt\\\/jornadas-xviii-2024\\\/publicacoes-2024\\\/\"]}]},{\"@type\":\"BreadcrumbList\",\"@id\":\"https:\\\/\\\/euroissues.pt\\\/jornadas-xviii-2024\\\/publicacoes-2024\\\/#breadcrumb\",\"itemListElement\":[{\"@type\":\"ListItem\",\"position\":1,\"name\":\"In\u00edcio\",\"item\":\"https:\\\/\\\/euroissues.pt\\\/\"},{\"@type\":\"ListItem\",\"position\":2,\"name\":\"Jornadas XVIII \u2013 2024\",\"item\":\"https:\\\/\\\/euroissues.pt\\\/jornadas-xviii-2024\\\/\"},{\"@type\":\"ListItem\",\"position\":3,\"name\":\"Publica\u00e7\u00f5es\"}]},{\"@type\":\"WebSite\",\"@id\":\"https:\\\/\\\/euroissues.pt\\\/#website\",\"url\":\"https:\\\/\\\/euroissues.pt\\\/\",\"name\":\"EUROISSUES\",\"description\":\"Constru\u00e7\u00e3o de Territ\u00f3rios Resilientes e Sustent\u00e1veis\",\"publisher\":{\"@id\":\"https:\\\/\\\/euroissues.pt\\\/#organization\"},\"potentialAction\":[{\"@type\":\"SearchAction\",\"target\":{\"@type\":\"EntryPoint\",\"urlTemplate\":\"https:\\\/\\\/euroissues.pt\\\/?s={search_term_string}\"},\"query-input\":{\"@type\":\"PropertyValueSpecification\",\"valueRequired\":true,\"valueName\":\"search_term_string\"}}],\"inLanguage\":\"en-GB\"},{\"@type\":\"Organization\",\"@id\":\"https:\\\/\\\/euroissues.pt\\\/#organization\",\"name\":\"EUROISSUES\",\"url\":\"https:\\\/\\\/euroissues.pt\\\/\",\"logo\":{\"@type\":\"ImageObject\",\"inLanguage\":\"en-GB\",\"@id\":\"https:\\\/\\\/euroissues.pt\\\/#\\\/schema\\\/logo\\\/image\\\/\",\"url\":\"https:\\\/\\\/euroissues.pt\\\/wp-content\\\/uploads\\\/2024\\\/06\\\/cropped-logo_2.png\",\"contentUrl\":\"https:\\\/\\\/euroissues.pt\\\/wp-content\\\/uploads\\\/2024\\\/06\\\/cropped-logo_2.png\",\"width\":500,\"height\":138,\"caption\":\"EUROISSUES\"},\"image\":{\"@id\":\"https:\\\/\\\/euroissues.pt\\\/#\\\/schema\\\/logo\\\/image\\\/\"}}]}<\/script>\n<!-- \/ Yoast SEO plugin. -->","yoast_head_json":{"title":"Publica\u00e7\u00f5es - EUROISSUES","robots":{"index":"index","follow":"follow","max-snippet":"max-snippet:-1","max-image-preview":"max-image-preview:large","max-video-preview":"max-video-preview:-1"},"canonical":"https:\/\/euroissues.pt\/en\/jornadas-xviii-2024\/publicacoes-2024\/","og_locale":"en_GB","og_type":"article","og_title":"Publica\u00e7\u00f5es - EUROISSUES","og_description":"Livro de Resumos Os participantes nas XVIII Jornadas Internacionais sobre Grandes Problem\u00e1ticas do Espa\u00e7o Europeu poder\u00e3o submeter os seus resumos para apresenta\u00e7\u00e3o oral e\/ou poster (entre 200 a 300 palavras). Os resumos aprovados para apresenta\u00e7\u00e3o oral e\/ou apresenta\u00e7\u00e3o de posters v\u00e3o ser inseridos no Livro de Resumos publicado pela Faculdade de Letras da Universidade do [&hellip;]","og_url":"https:\/\/euroissues.pt\/en\/jornadas-xviii-2024\/publicacoes-2024\/","og_site_name":"EUROISSUES","article_modified_time":"2026-02-11T17:18:52+00:00","twitter_card":"summary_large_image","twitter_misc":{"Estimated reading time":"2 minutes"},"schema":{"@context":"https:\/\/schema.org","@graph":[{"@type":"WebPage","@id":"https:\/\/euroissues.pt\/jornadas-xviii-2024\/publicacoes-2024\/","url":"https:\/\/euroissues.pt\/jornadas-xviii-2024\/publicacoes-2024\/","name":"Publica\u00e7\u00f5es - EUROISSUES","isPartOf":{"@id":"https:\/\/euroissues.pt\/#website"},"datePublished":"2026-02-02T17:06:43+00:00","dateModified":"2026-02-11T17:18:52+00:00","breadcrumb":{"@id":"https:\/\/euroissues.pt\/jornadas-xviii-2024\/publicacoes-2024\/#breadcrumb"},"inLanguage":"en-GB","potentialAction":[{"@type":"ReadAction","target":["https:\/\/euroissues.pt\/jornadas-xviii-2024\/publicacoes-2024\/"]}]},{"@type":"BreadcrumbList","@id":"https:\/\/euroissues.pt\/jornadas-xviii-2024\/publicacoes-2024\/#breadcrumb","itemListElement":[{"@type":"ListItem","position":1,"name":"In\u00edcio","item":"https:\/\/euroissues.pt\/"},{"@type":"ListItem","position":2,"name":"Jornadas XVIII \u2013 2024","item":"https:\/\/euroissues.pt\/jornadas-xviii-2024\/"},{"@type":"ListItem","position":3,"name":"Publica\u00e7\u00f5es"}]},{"@type":"WebSite","@id":"https:\/\/euroissues.pt\/#website","url":"https:\/\/euroissues.pt\/","name":"EUROISSUES","description":"Constru\u00e7\u00e3o de Territ\u00f3rios Resilientes e Sustent\u00e1veis","publisher":{"@id":"https:\/\/euroissues.pt\/#organization"},"potentialAction":[{"@type":"SearchAction","target":{"@type":"EntryPoint","urlTemplate":"https:\/\/euroissues.pt\/?s={search_term_string}"},"query-input":{"@type":"PropertyValueSpecification","valueRequired":true,"valueName":"search_term_string"}}],"inLanguage":"en-GB"},{"@type":"Organization","@id":"https:\/\/euroissues.pt\/#organization","name":"EUROISSUES","url":"https:\/\/euroissues.pt\/","logo":{"@type":"ImageObject","inLanguage":"en-GB","@id":"https:\/\/euroissues.pt\/#\/schema\/logo\/image\/","url":"https:\/\/euroissues.pt\/wp-content\/uploads\/2024\/06\/cropped-logo_2.png","contentUrl":"https:\/\/euroissues.pt\/wp-content\/uploads\/2024\/06\/cropped-logo_2.png","width":500,"height":138,"caption":"EUROISSUES"},"image":{"@id":"https:\/\/euroissues.pt\/#\/schema\/logo\/image\/"}}]}},"_links":{"self":[{"href":"https:\/\/euroissues.pt\/en\/wp-json\/wp\/v2\/pages\/3461","targetHints":{"allow":["GET"]}}],"collection":[{"href":"https:\/\/euroissues.pt\/en\/wp-json\/wp\/v2\/pages"}],"about":[{"href":"https:\/\/euroissues.pt\/en\/wp-json\/wp\/v2\/types\/page"}],"author":[{"embeddable":true,"href":"https:\/\/euroissues.pt\/en\/wp-json\/wp\/v2\/users\/1"}],"replies":[{"embeddable":true,"href":"https:\/\/euroissues.pt\/en\/wp-json\/wp\/v2\/comments?post=3461"}],"version-history":[{"count":33,"href":"https:\/\/euroissues.pt\/en\/wp-json\/wp\/v2\/pages\/3461\/revisions"}],"predecessor-version":[{"id":3519,"href":"https:\/\/euroissues.pt\/en\/wp-json\/wp\/v2\/pages\/3461\/revisions\/3519"}],"up":[{"embeddable":true,"href":"https:\/\/euroissues.pt\/en\/wp-json\/wp\/v2\/pages\/9"}],"wp:attachment":[{"href":"https:\/\/euroissues.pt\/en\/wp-json\/wp\/v2\/media?parent=3461"}],"curies":[{"name":"wp","href":"https:\/\/api.w.org\/{rel}","templated":true}]}}