{"id":391,"date":"2024-03-13T17:33:42","date_gmt":"2024-03-13T17:33:42","guid":{"rendered":"https:\/\/euroissues.pt\/?page_id=391"},"modified":"2024-05-03T17:53:53","modified_gmt":"2024-05-03T17:53:53","slug":"quando-chegar","status":"publish","type":"page","link":"https:\/\/euroissues.pt\/en\/quando-chegar\/","title":{"rendered":"Upon Arrival"},"content":{"rendered":"<div data-elementor-type=\"wp-page\" data-elementor-id=\"391\" class=\"elementor elementor-391\" data-elementor-post-type=\"page\">\n\t\t\t\t<div class=\"elementor-element elementor-element-236c667 e-flex e-con-boxed e-con e-parent\" data-id=\"236c667\" data-element_type=\"container\" data-e-type=\"container\">\n\t\t\t\t\t<div class=\"e-con-inner\">\n\t\t\t\t<div class=\"elementor-element elementor-element-a69816a elementor-widget elementor-widget-heading\" data-id=\"a69816a\" data-element_type=\"widget\" data-e-type=\"widget\" data-widget_type=\"heading.default\">\n\t\t\t\t<div class=\"elementor-widget-container\">\n\t\t\t\t\t<h2 class=\"elementor-heading-title elementor-size-default\">We are delighted to welcome you to Porto!<\/h2>\t\t\t\t<\/div>\n\t\t\t\t<\/div>\n\t\t\t\t<div class=\"elementor-element elementor-element-eaee900 elementor-widget elementor-widget-text-editor\" data-id=\"eaee900\" data-element_type=\"widget\" data-e-type=\"widget\" data-widget_type=\"text-editor.default\">\n\t\t\t\t<div class=\"elementor-widget-container\">\n\t\t\t\t\t\t\t\t\t<p><strong>Aeroporto Francisco S\u00e1 Carneiro:<\/strong> located around 10km (20 minutes by car) from the city centre, where most of the hospitality facilities are located. It is served by the Metro, which connects it directly to the city centre, and there is the \u2018Casa da M\u00fasica\u2019 stop, which is located near the Faculty of Arts and Humanities of the University of Porto. Public transport such as buses and contracted shuttle buses also connect the airport and the city. \nTo get to the Faculty of Arts and Humanities of the University of Porto from the Airport: Take Metro \u2018Line E\u2019, Destination \u2018Est\u00e1dio do Drag\u00e3o\u2019, leaving the Metro at the exit called \u2018Casa da M\u00fasica\u2019; you can use the Z4 Travel Ticket; at \u2018Casa da M\u00fasica\u2019 metro station, change to bus \u2018902 or 903 or 204\u2019 and get off at the \u2018Junta de Massarelos\u2019 bus stop. <p>\n<strong>Travel Ticket;<\/strong> Use the same travel ticket for the metro and the bus. Get off at the bus stop and take a short walk (about 5-6 minutes) to the Faculty.<\/p><p><strong>Taxis:<\/strong>\u00a0The city is served by over 700 taxis. A taxi ride from the airport to the city centre costs between 20\u20ac and 30\u20ac. Compared to taxi fares in other countries, this is relatively cheap.<\/p><p><strong>Taxi Contacts:<\/strong><\/p><p>T\u00e1xis Invicta:\u00a0+351 225 076 400 \/ +351 912 301 251<\/p><p>T\u00e1xis Porto1: +351 225 020 591 \/ +351 911 907 533\u00a0<\/p><p>T\u00e1xis Porto: +351 220 997 336 \/ +351 918 888 600<\/p><p><strong>Climate:<\/strong>\u00a0The average, maximum and minimum temperatures in the Porto area in May are 22\u00baC \/ 72\u00baF (maximum) and 14\u00baC \/ 57\u00baF (minimum). Please note that Porto is located on the banks of the Douro River and the coast of the Atlantic Ocean and therefore it can be windy in the late afternoon or evening. In these circumstances, it may be necessary to carry a windbreaker, jumper and\/or scarf.<\/p><p><strong>Currency:<\/strong>\u00a0Portugal is a member of the European Monetary System, so the currency in force is the Euro (\u20ac).<\/p><p><strong>Electrical current:<\/strong>\u00a0Portugal follows the European standard of 2-pin sockets with 220 volts AC at 50 cycles. 380-volt current is normally available in meeting rooms and on the walls of the exhibition area.<\/p><p><strong>Local time:<\/strong>\u00a0Mainland Portugal is 1 hour ahead of European Standard Time (CET+1).<\/p><p><strong>Language:<\/strong>\u00a0The official language in Portugal is Portuguese. English, Spanish and French are regularly spoken.<\/p><p><strong>Smoking:<\/strong>\u00a0Under Portuguese law, in accordance with regulations in force in most European countries and the USA, smoking is not permitted on public transport or in any enclosed public area (some restaurants, bars and clubs may have a designated area for smokers).<\/p><p><strong>TAX Free:<\/strong> VAT is included in the prices quoted. For non-EU residents, there are tax-free items in many stores, offering substantial savings.<\/p><p><strong>Security:<\/strong> Portugal is considered one of the safest countries in the world, being in the Top 5 of the Global Peace Index since 2016. This situation applies to the city of Porto.<\/p><p><strong>Health Services: <\/strong>Emergency treatments are free at any public hospital (SNS Service). There are also several private hospitals. The emergency number is 112. No special vaccinations are required, although it is highly recommended that participants be vaccinated against COVID-19. European Union citizens should bring their European Health Insurance Card, if they have one. The conference organisers will not be responsible for any medical expenses, losses or accidents occurring during the conference. Participants are advised to take out their own personal insurance for their travel and stay in Portugal.<\/p>\t\t\t\t\t\t\t\t<\/div>\n\t\t\t\t<\/div>\n\t\t\t\t\t<\/div>\n\t\t\t\t<\/div>\n\t\t\t\t<\/div>","protected":false},"excerpt":{"rendered":"<p>Temos o imenso prazer de dar-lhe as boas-vindas ao Porto. Aeroporto Francisco S\u00e1 Carneiro: situa-se a cerca de 10km (20 minutos de carro), do centro da cidade, onde se situa a maioria das infraestruturas de alojamento. \u00c8 servido pelo Metro que o liga diretamente ao centro da cidade, existindo a paragem\u201dcasa da M\u00fasica\u201d que lhe [&hellip;]<\/p>\n","protected":false},"author":1,"featured_media":0,"parent":0,"menu_order":0,"comment_status":"closed","ping_status":"closed","template":"elementor_header_footer","meta":{"ocean_post_layout":"","ocean_both_sidebars_style":"","ocean_both_sidebars_content_width":0,"ocean_both_sidebars_sidebars_width":0,"ocean_sidebar":"","ocean_second_sidebar":"","ocean_disable_margins":"enable","ocean_add_body_class":"","ocean_shortcode_before_top_bar":"","ocean_shortcode_after_top_bar":"","ocean_shortcode_before_header":"","ocean_shortcode_after_header":"","ocean_has_shortcode":"","ocean_shortcode_after_title":"","ocean_shortcode_before_footer_widgets":"","ocean_shortcode_after_footer_widgets":"","ocean_shortcode_before_footer_bottom":"","ocean_shortcode_after_footer_bottom":"","ocean_display_top_bar":"default","ocean_display_header":"default","ocean_header_style":"","ocean_center_header_left_menu":"","ocean_custom_header_template":"","ocean_custom_logo":0,"ocean_custom_retina_logo":0,"ocean_custom_logo_max_width":0,"ocean_custom_logo_tablet_max_width":0,"ocean_custom_logo_mobile_max_width":0,"ocean_custom_logo_max_height":0,"ocean_custom_logo_tablet_max_height":0,"ocean_custom_logo_mobile_max_height":0,"ocean_header_custom_menu":"","ocean_menu_typo_font_family":"","ocean_menu_typo_font_subset":"","ocean_menu_typo_font_size":0,"ocean_menu_typo_font_size_tablet":0,"ocean_menu_typo_font_size_mobile":0,"ocean_menu_typo_font_size_unit":"px","ocean_menu_typo_font_weight":"","ocean_menu_typo_font_weight_tablet":"","ocean_menu_typo_font_weight_mobile":"","ocean_menu_typo_transform":"","ocean_menu_typo_transform_tablet":"","ocean_menu_typo_transform_mobile":"","ocean_menu_typo_line_height":0,"ocean_menu_typo_line_height_tablet":0,"ocean_menu_typo_line_height_mobile":0,"ocean_menu_typo_line_height_unit":"","ocean_menu_typo_spacing":0,"ocean_menu_typo_spacing_tablet":0,"ocean_menu_typo_spacing_mobile":0,"ocean_menu_typo_spacing_unit":"","ocean_menu_link_color":"","ocean_menu_link_color_hover":"","ocean_menu_link_color_active":"","ocean_menu_link_background":"","ocean_menu_link_hover_background":"","ocean_menu_link_active_background":"","ocean_menu_social_links_bg":"","ocean_menu_social_hover_links_bg":"","ocean_menu_social_links_color":"","ocean_menu_social_hover_links_color":"","ocean_disable_title":"default","ocean_disable_heading":"default","ocean_post_title":"","ocean_post_subheading":"","ocean_post_title_style":"","ocean_post_title_background_color":"","ocean_post_title_background":0,"ocean_post_title_bg_image_position":"","ocean_post_title_bg_image_attachment":"","ocean_post_title_bg_image_repeat":"","ocean_post_title_bg_image_size":"","ocean_post_title_height":0,"ocean_post_title_bg_overlay":0.5,"ocean_post_title_bg_overlay_color":"","ocean_disable_breadcrumbs":"default","ocean_breadcrumbs_color":"","ocean_breadcrumbs_separator_color":"","ocean_breadcrumbs_links_color":"","ocean_breadcrumbs_links_hover_color":"","ocean_display_footer_widgets":"default","ocean_display_footer_bottom":"default","ocean_custom_footer_template":"","footnotes":""},"class_list":["post-391","page","type-page","status-publish","hentry","entry"],"yoast_head":"<!-- This site is optimized with the Yoast SEO plugin v27.4 - https:\/\/yoast.com\/product\/yoast-seo-wordpress\/ -->\n<title>Quando Chegar - EUROISSUES<\/title>\n<meta name=\"robots\" content=\"index, follow, max-snippet:-1, max-image-preview:large, max-video-preview:-1\" \/>\n<link rel=\"canonical\" href=\"https:\/\/euroissues.pt\/en\/quando-chegar\/\" \/>\n<meta property=\"og:locale\" content=\"en_GB\" \/>\n<meta property=\"og:type\" content=\"article\" \/>\n<meta property=\"og:title\" content=\"Quando Chegar - EUROISSUES\" \/>\n<meta property=\"og:description\" content=\"Temos o imenso prazer de dar-lhe as boas-vindas ao Porto. Aeroporto Francisco S\u00e1 Carneiro: situa-se a cerca de 10km (20 minutos de carro), do centro da cidade, onde se situa a maioria das infraestruturas de alojamento. \u00c8 servido pelo Metro que o liga diretamente ao centro da cidade, existindo a paragem\u201dcasa da M\u00fasica\u201d que lhe [&hellip;]\" \/>\n<meta property=\"og:url\" content=\"https:\/\/euroissues.pt\/en\/quando-chegar\/\" \/>\n<meta property=\"og:site_name\" content=\"EUROISSUES\" \/>\n<meta property=\"article:modified_time\" content=\"2024-05-03T17:53:53+00:00\" \/>\n<meta name=\"twitter:card\" content=\"summary_large_image\" \/>\n<meta name=\"twitter:label1\" content=\"Estimated reading time\" \/>\n\t<meta name=\"twitter:data1\" content=\"4 minutes\" \/>\n<script type=\"application\/ld+json\" class=\"yoast-schema-graph\">{\"@context\":\"https:\\\/\\\/schema.org\",\"@graph\":[{\"@type\":\"WebPage\",\"@id\":\"https:\\\/\\\/euroissues.pt\\\/quando-chegar\\\/\",\"url\":\"https:\\\/\\\/euroissues.pt\\\/quando-chegar\\\/\",\"name\":\"Quando Chegar - EUROISSUES\",\"isPartOf\":{\"@id\":\"https:\\\/\\\/euroissues.pt\\\/#website\"},\"datePublished\":\"2024-03-13T17:33:42+00:00\",\"dateModified\":\"2024-05-03T17:53:53+00:00\",\"breadcrumb\":{\"@id\":\"https:\\\/\\\/euroissues.pt\\\/quando-chegar\\\/#breadcrumb\"},\"inLanguage\":\"en-GB\",\"potentialAction\":[{\"@type\":\"ReadAction\",\"target\":[\"https:\\\/\\\/euroissues.pt\\\/quando-chegar\\\/\"]}]},{\"@type\":\"BreadcrumbList\",\"@id\":\"https:\\\/\\\/euroissues.pt\\\/quando-chegar\\\/#breadcrumb\",\"itemListElement\":[{\"@type\":\"ListItem\",\"position\":1,\"name\":\"In\u00edcio\",\"item\":\"https:\\\/\\\/euroissues.pt\\\/\"},{\"@type\":\"ListItem\",\"position\":2,\"name\":\"Quando Chegar\"}]},{\"@type\":\"WebSite\",\"@id\":\"https:\\\/\\\/euroissues.pt\\\/#website\",\"url\":\"https:\\\/\\\/euroissues.pt\\\/\",\"name\":\"EUROISSUES\",\"description\":\"Constru\u00e7\u00e3o de Territ\u00f3rios Resilientes e Sustent\u00e1veis\",\"publisher\":{\"@id\":\"https:\\\/\\\/euroissues.pt\\\/#organization\"},\"potentialAction\":[{\"@type\":\"SearchAction\",\"target\":{\"@type\":\"EntryPoint\",\"urlTemplate\":\"https:\\\/\\\/euroissues.pt\\\/?s={search_term_string}\"},\"query-input\":{\"@type\":\"PropertyValueSpecification\",\"valueRequired\":true,\"valueName\":\"search_term_string\"}}],\"inLanguage\":\"en-GB\"},{\"@type\":\"Organization\",\"@id\":\"https:\\\/\\\/euroissues.pt\\\/#organization\",\"name\":\"EUROISSUES\",\"url\":\"https:\\\/\\\/euroissues.pt\\\/\",\"logo\":{\"@type\":\"ImageObject\",\"inLanguage\":\"en-GB\",\"@id\":\"https:\\\/\\\/euroissues.pt\\\/#\\\/schema\\\/logo\\\/image\\\/\",\"url\":\"https:\\\/\\\/euroissues.pt\\\/wp-content\\\/uploads\\\/2024\\\/06\\\/cropped-logo_2.png\",\"contentUrl\":\"https:\\\/\\\/euroissues.pt\\\/wp-content\\\/uploads\\\/2024\\\/06\\\/cropped-logo_2.png\",\"width\":500,\"height\":138,\"caption\":\"EUROISSUES\"},\"image\":{\"@id\":\"https:\\\/\\\/euroissues.pt\\\/#\\\/schema\\\/logo\\\/image\\\/\"}}]}<\/script>\n<!-- \/ Yoast SEO plugin. -->","yoast_head_json":{"title":"Quando Chegar - EUROISSUES","robots":{"index":"index","follow":"follow","max-snippet":"max-snippet:-1","max-image-preview":"max-image-preview:large","max-video-preview":"max-video-preview:-1"},"canonical":"https:\/\/euroissues.pt\/en\/quando-chegar\/","og_locale":"en_GB","og_type":"article","og_title":"Quando Chegar - EUROISSUES","og_description":"Temos o imenso prazer de dar-lhe as boas-vindas ao Porto. Aeroporto Francisco S\u00e1 Carneiro: situa-se a cerca de 10km (20 minutos de carro), do centro da cidade, onde se situa a maioria das infraestruturas de alojamento. \u00c8 servido pelo Metro que o liga diretamente ao centro da cidade, existindo a paragem\u201dcasa da M\u00fasica\u201d que lhe [&hellip;]","og_url":"https:\/\/euroissues.pt\/en\/quando-chegar\/","og_site_name":"EUROISSUES","article_modified_time":"2024-05-03T17:53:53+00:00","twitter_card":"summary_large_image","twitter_misc":{"Estimated reading time":"4 minutes"},"schema":{"@context":"https:\/\/schema.org","@graph":[{"@type":"WebPage","@id":"https:\/\/euroissues.pt\/quando-chegar\/","url":"https:\/\/euroissues.pt\/quando-chegar\/","name":"Quando Chegar - EUROISSUES","isPartOf":{"@id":"https:\/\/euroissues.pt\/#website"},"datePublished":"2024-03-13T17:33:42+00:00","dateModified":"2024-05-03T17:53:53+00:00","breadcrumb":{"@id":"https:\/\/euroissues.pt\/quando-chegar\/#breadcrumb"},"inLanguage":"en-GB","potentialAction":[{"@type":"ReadAction","target":["https:\/\/euroissues.pt\/quando-chegar\/"]}]},{"@type":"BreadcrumbList","@id":"https:\/\/euroissues.pt\/quando-chegar\/#breadcrumb","itemListElement":[{"@type":"ListItem","position":1,"name":"In\u00edcio","item":"https:\/\/euroissues.pt\/"},{"@type":"ListItem","position":2,"name":"Quando Chegar"}]},{"@type":"WebSite","@id":"https:\/\/euroissues.pt\/#website","url":"https:\/\/euroissues.pt\/","name":"EUROISSUES","description":"Constru\u00e7\u00e3o de Territ\u00f3rios Resilientes e Sustent\u00e1veis","publisher":{"@id":"https:\/\/euroissues.pt\/#organization"},"potentialAction":[{"@type":"SearchAction","target":{"@type":"EntryPoint","urlTemplate":"https:\/\/euroissues.pt\/?s={search_term_string}"},"query-input":{"@type":"PropertyValueSpecification","valueRequired":true,"valueName":"search_term_string"}}],"inLanguage":"en-GB"},{"@type":"Organization","@id":"https:\/\/euroissues.pt\/#organization","name":"EUROISSUES","url":"https:\/\/euroissues.pt\/","logo":{"@type":"ImageObject","inLanguage":"en-GB","@id":"https:\/\/euroissues.pt\/#\/schema\/logo\/image\/","url":"https:\/\/euroissues.pt\/wp-content\/uploads\/2024\/06\/cropped-logo_2.png","contentUrl":"https:\/\/euroissues.pt\/wp-content\/uploads\/2024\/06\/cropped-logo_2.png","width":500,"height":138,"caption":"EUROISSUES"},"image":{"@id":"https:\/\/euroissues.pt\/#\/schema\/logo\/image\/"}}]}},"_links":{"self":[{"href":"https:\/\/euroissues.pt\/en\/wp-json\/wp\/v2\/pages\/391","targetHints":{"allow":["GET"]}}],"collection":[{"href":"https:\/\/euroissues.pt\/en\/wp-json\/wp\/v2\/pages"}],"about":[{"href":"https:\/\/euroissues.pt\/en\/wp-json\/wp\/v2\/types\/page"}],"author":[{"embeddable":true,"href":"https:\/\/euroissues.pt\/en\/wp-json\/wp\/v2\/users\/1"}],"replies":[{"embeddable":true,"href":"https:\/\/euroissues.pt\/en\/wp-json\/wp\/v2\/comments?post=391"}],"version-history":[{"count":0,"href":"https:\/\/euroissues.pt\/en\/wp-json\/wp\/v2\/pages\/391\/revisions"}],"wp:attachment":[{"href":"https:\/\/euroissues.pt\/en\/wp-json\/wp\/v2\/media?parent=391"}],"curies":[{"name":"wp","href":"https:\/\/api.w.org\/{rel}","templated":true}]}}