{"id":406,"date":"2024-03-13T17:41:14","date_gmt":"2024-03-13T17:41:14","guid":{"rendered":"https:\/\/euroissues.pt\/?page_id=406"},"modified":"2025-03-11T12:48:54","modified_gmt":"2025-03-11T12:48:54","slug":"hotel","status":"publish","type":"page","link":"https:\/\/euroissues.pt\/en\/hotel\/","title":{"rendered":"Accommodation"},"content":{"rendered":"<div data-elementor-type=\"wp-page\" data-elementor-id=\"406\" class=\"elementor elementor-406\" data-elementor-post-type=\"page\">\n\t\t\t\t<div class=\"elementor-element elementor-element-e57f863 e-flex e-con-boxed e-con e-parent\" data-id=\"e57f863\" data-element_type=\"container\" data-e-type=\"container\">\n\t\t\t\t\t<div class=\"e-con-inner\">\n\t\t\t\t<div class=\"elementor-element elementor-element-9aa790c elementor-widget elementor-widget-text-editor\" data-id=\"9aa790c\" data-element_type=\"widget\" data-e-type=\"widget\" data-widget_type=\"text-editor.default\">\n\t\t\t\t<div class=\"elementor-widget-container\">\n\t\t\t\t\t\t\t\t\t<h2 style=\"text-align: left;\"><strong>Book your hotel at reduced rates:<\/strong><\/h2>\n<p>Special hotel rates were negotiated for participants in the XVIII International Seminars on the Overarching Issues of the European Area. Most of the selected hotels are within walking distance of the Faculty of Arts and Humanities and the conference venue. The rates do not include municipal tax to be paid directly at the hotel during check-in (1\u20ac-3\u20ac).<\/p>\n<p>Please note that May is high season in Porto, thus, we suggest you book your room in advance to save money and guarantee hotel availability.<\/p>\n<p><span style=\"font-size: 14px; color: var( --e-global-color-text );\">Close to the Faculty of Arts and Humanities of the University of Porto, participants in the XVIII International Seminars on the Overarching Issues of the European Area will find a wide range of hotels, Local Accommodation (AL), B&amp;Bs or guesthouses to stay overnight. These are some suggestions:<\/span><br><\/p>\t\t\t\t\t\t\t\t<\/div>\n\t\t\t\t<\/div>\n\t\t\t\t\t<\/div>\n\t\t\t\t<\/div>\n\t\t<div class=\"elementor-element elementor-element-4835fe1 e-flex e-con-boxed e-con e-parent\" data-id=\"4835fe1\" data-element_type=\"container\" data-e-type=\"container\">\n\t\t\t\t\t<div class=\"e-con-inner\">\n\t\t\t\t<div class=\"elementor-element elementor-element-2d543b1 elementor-widget elementor-widget-text-editor\" data-id=\"2d543b1\" data-element_type=\"widget\" data-e-type=\"widget\" data-widget_type=\"text-editor.default\">\n\t\t\t\t<div class=\"elementor-widget-container\">\n\t\t\t\t\t\t\t\t\t<table width=\"567\"><tbody><tr><td><p><strong>Place<\/strong><\/p><\/td><td><p><strong>\u00a0<\/strong><\/p><\/td><td><p><strong>Adress<\/strong><\/p><\/td><td><p><strong>Phone<\/strong><\/p><\/td><td width=\"134\"><p><strong>Link<\/strong><\/p><\/td><\/tr><tr><td><p>Vilar Oporto Hotel<\/p><\/td><td>\u00a0<\/td><td><p>Rua Arcediago VanZeller, 50<\/p><\/td><td><p>+351 22 605 6000<\/p><\/td><td width=\"134\"><p><a href=\"http:\/\/www.vilaroportohotel.pt\">Link<\/a><\/p><\/td><\/tr><tr><td><p>HF Ipanema Porto<\/p><\/td><td>\u00a0<\/td><td><p>Rua do Campo Alegre, 156<\/p><\/td><td><p>+351 22 607 5059<\/p><\/td><td width=\"134\"><p><a href=\"https:\/\/www.hfhotels.com\/pt\/hoteis\/hf-ipanema-porto-pt\/\">Link<\/a><\/p><\/td><\/tr><tr><td><p>HF F\u00e9nix Porto<\/p><\/td><td>\u00a0<\/td><td><p>Rua Gon\u00e7alo Sampaio, 282<\/p><\/td><td><p>+351 22 607 1800<\/p><\/td><td width=\"134\"><p><a href=\"https:\/\/www.hfhotels.com\/pt\/hoteis\/hf-fenix-porto-pt\/\">Link<\/a><\/p><\/td><\/tr><tr><td><p>Hotel Douro<\/p><\/td><td>\u00a0<\/td><td><p>Rua da Medita\u00e7\u00e3o, 71<\/p><\/td><td><p>+351 226 001 122<\/p><\/td><td width=\"134\"><p><a href=\"http:\/\/www.hoteldouro.pt\/pt\">Link<\/a><\/p><\/td><\/tr><tr><td><p>Hotel da M\u00fasica<\/p><\/td><td>\u00a0<\/td><td><p>Largo Ferreira Lapa, 21 a 183<\/p><\/td><td><p>+351 22 607 6000<\/p><\/td><td width=\"134\"><p><a href=\"https:\/\/www.hoteldamusica.com\/\">Link<\/a><\/p><\/td><\/tr><tr><td><p>HF Tuela Porto<\/p><\/td><td>\u00a0<\/td><td><p>Rua Arquitecto Marques da Silva, Porto<\/p><\/td><td><p>+351 22 600 4747<\/p><\/td><td width=\"134\"><p><a href=\"https:\/\/www.hfhotels.com\/pt\/hoteis\/hf-tuela-porto-pt\/\">Link<\/a><\/p><\/td><\/tr><tr><td><p>Hotel Vice-Rei<\/p><\/td><td>\u00a0<\/td><td><p>Av. da Boavista, 911<\/p><\/td><td><p>+351 22 543 0120<\/p><\/td><td width=\"134\"><p><a href=\"https:\/\/www.hotelvicerei.com\/index.php?run=contactos&amp;l=1\">Link<\/a><\/p><\/td><\/tr><tr><td><p>Pens\u00e3o Favorita<\/p><\/td><td>\u00a0<\/td><td><p>Rua Miguel Bombarda, 267<\/p><\/td><td><p>+351 22 013 4157<\/p><\/td><td width=\"134\"><p><a href=\"https:\/\/www.pensaofavorita.pt\/\">Link<\/a><\/p><\/td><\/tr><tr><td><p>Pousada da Juventude do Porto<\/p><\/td><td>\u00a0<\/td><td><p>Rua Paulo da Gama, 551<\/p><\/td><td><p>+351 22 616 3059<\/p><\/td><td width=\"134\"><p><a href=\"https:\/\/www.pousadasjuventude.pt\/pt\/pousadas\/pousada-do-porto\/\">Link<\/a><\/p><\/td><\/tr><\/tbody><\/table>\t\t\t\t\t\t\t\t<\/div>\n\t\t\t\t<\/div>\n\t\t\t\t\t<\/div>\n\t\t\t\t<\/div>\n\t\t<div class=\"elementor-element elementor-element-134f6bf e-flex e-con-boxed e-con e-parent\" data-id=\"134f6bf\" data-element_type=\"container\" data-e-type=\"container\">\n\t\t\t\t\t<div class=\"e-con-inner\">\n\t\t\t\t<div class=\"elementor-element elementor-element-a15bb0c elementor-widget elementor-widget-text-editor\" data-id=\"a15bb0c\" data-element_type=\"widget\" data-e-type=\"widget\" data-widget_type=\"text-editor.default\">\n\t\t\t\t<div class=\"elementor-widget-container\">\n\t\t\t\t\t\t\t\t\t<p>&#8211;\u00a0\u00a0 Exitem tamb\u00e9m diversas hip\u00f3teses de AL (Alojamento Local) nas proximidades da Faculdade.<\/p><p>&#8211; There are also several options for AL (Local Accommodation \u2013 in portuguese Alojamento Local) near the Faculty.<\/p>\t\t\t\t\t\t\t\t<\/div>\n\t\t\t\t<\/div>\n\t\t\t\t\t<\/div>\n\t\t\t\t<\/div>\n\t\t\t\t<\/div>","protected":false},"excerpt":{"rendered":"<p>Reserve seu hotel com tarifas reduzidas: Foram negociadas tarifas especiais de hotel para os Participantes das XVIII Jornadas Internacionais Grandes Problem\u00e1ticas do Espa\u00e7o Europeu. Elas estar\u00e3o dispon\u00edveis por ordem de chegada. A maioria dos hot\u00e9is selecionados fica a poucos passos da Faculdade de Letras e do local da confer\u00eancia. As tarifas n\u00e3o incluem imposto municipal [&hellip;]<\/p>\n","protected":false},"author":1,"featured_media":0,"parent":0,"menu_order":0,"comment_status":"closed","ping_status":"closed","template":"elementor_header_footer","meta":{"ocean_post_layout":"","ocean_both_sidebars_style":"","ocean_both_sidebars_content_width":0,"ocean_both_sidebars_sidebars_width":0,"ocean_sidebar":"","ocean_second_sidebar":"","ocean_disable_margins":"enable","ocean_add_body_class":"","ocean_shortcode_before_top_bar":"","ocean_shortcode_after_top_bar":"","ocean_shortcode_before_header":"","ocean_shortcode_after_header":"","ocean_has_shortcode":"","ocean_shortcode_after_title":"","ocean_shortcode_before_footer_widgets":"","ocean_shortcode_after_footer_widgets":"","ocean_shortcode_before_footer_bottom":"","ocean_shortcode_after_footer_bottom":"","ocean_display_top_bar":"default","ocean_display_header":"default","ocean_header_style":"","ocean_center_header_left_menu":"","ocean_custom_header_template":"","ocean_custom_logo":0,"ocean_custom_retina_logo":0,"ocean_custom_logo_max_width":0,"ocean_custom_logo_tablet_max_width":0,"ocean_custom_logo_mobile_max_width":0,"ocean_custom_logo_max_height":0,"ocean_custom_logo_tablet_max_height":0,"ocean_custom_logo_mobile_max_height":0,"ocean_header_custom_menu":"","ocean_menu_typo_font_family":"","ocean_menu_typo_font_subset":"","ocean_menu_typo_font_size":0,"ocean_menu_typo_font_size_tablet":0,"ocean_menu_typo_font_size_mobile":0,"ocean_menu_typo_font_size_unit":"px","ocean_menu_typo_font_weight":"","ocean_menu_typo_font_weight_tablet":"","ocean_menu_typo_font_weight_mobile":"","ocean_menu_typo_transform":"","ocean_menu_typo_transform_tablet":"","ocean_menu_typo_transform_mobile":"","ocean_menu_typo_line_height":0,"ocean_menu_typo_line_height_tablet":0,"ocean_menu_typo_line_height_mobile":0,"ocean_menu_typo_line_height_unit":"","ocean_menu_typo_spacing":0,"ocean_menu_typo_spacing_tablet":0,"ocean_menu_typo_spacing_mobile":0,"ocean_menu_typo_spacing_unit":"","ocean_menu_link_color":"","ocean_menu_link_color_hover":"","ocean_menu_link_color_active":"","ocean_menu_link_background":"","ocean_menu_link_hover_background":"","ocean_menu_link_active_background":"","ocean_menu_social_links_bg":"","ocean_menu_social_hover_links_bg":"","ocean_menu_social_links_color":"","ocean_menu_social_hover_links_color":"","ocean_disable_title":"default","ocean_disable_heading":"default","ocean_post_title":"","ocean_post_subheading":"","ocean_post_title_style":"","ocean_post_title_background_color":"","ocean_post_title_background":0,"ocean_post_title_bg_image_position":"","ocean_post_title_bg_image_attachment":"","ocean_post_title_bg_image_repeat":"","ocean_post_title_bg_image_size":"","ocean_post_title_height":0,"ocean_post_title_bg_overlay":0.5,"ocean_post_title_bg_overlay_color":"","ocean_disable_breadcrumbs":"default","ocean_breadcrumbs_color":"","ocean_breadcrumbs_separator_color":"","ocean_breadcrumbs_links_color":"","ocean_breadcrumbs_links_hover_color":"","ocean_display_footer_widgets":"default","ocean_display_footer_bottom":"default","ocean_custom_footer_template":"","footnotes":""},"class_list":["post-406","page","type-page","status-publish","hentry","entry"],"yoast_head":"<!-- This site is optimized with the Yoast SEO plugin v27.4 - https:\/\/yoast.com\/product\/yoast-seo-wordpress\/ -->\n<title>Alojamento - EUROISSUES<\/title>\n<meta name=\"robots\" content=\"index, follow, max-snippet:-1, max-image-preview:large, max-video-preview:-1\" \/>\n<link rel=\"canonical\" href=\"https:\/\/euroissues.pt\/en\/hotel\/\" \/>\n<meta property=\"og:locale\" content=\"en_GB\" \/>\n<meta property=\"og:type\" content=\"article\" \/>\n<meta property=\"og:title\" content=\"Alojamento - EUROISSUES\" \/>\n<meta property=\"og:description\" content=\"Reserve seu hotel com tarifas reduzidas: Foram negociadas tarifas especiais de hotel para os Participantes das XVIII Jornadas Internacionais Grandes Problem\u00e1ticas do Espa\u00e7o Europeu. Elas estar\u00e3o dispon\u00edveis por ordem de chegada. A maioria dos hot\u00e9is selecionados fica a poucos passos da Faculdade de Letras e do local da confer\u00eancia. As tarifas n\u00e3o incluem imposto municipal [&hellip;]\" \/>\n<meta property=\"og:url\" content=\"https:\/\/euroissues.pt\/en\/hotel\/\" \/>\n<meta property=\"og:site_name\" content=\"EUROISSUES\" \/>\n<meta property=\"article:modified_time\" content=\"2025-03-11T12:48:54+00:00\" \/>\n<meta name=\"twitter:card\" content=\"summary_large_image\" \/>\n<meta name=\"twitter:label1\" content=\"Estimated reading time\" \/>\n\t<meta name=\"twitter:data1\" content=\"2 minutes\" \/>\n<script type=\"application\/ld+json\" class=\"yoast-schema-graph\">{\"@context\":\"https:\\\/\\\/schema.org\",\"@graph\":[{\"@type\":\"WebPage\",\"@id\":\"https:\\\/\\\/euroissues.pt\\\/en\\\/hotel\\\/\",\"url\":\"https:\\\/\\\/euroissues.pt\\\/en\\\/hotel\\\/\",\"name\":\"Alojamento - EUROISSUES\",\"isPartOf\":{\"@id\":\"https:\\\/\\\/euroissues.pt\\\/#website\"},\"datePublished\":\"2024-03-13T17:41:14+00:00\",\"dateModified\":\"2025-03-11T12:48:54+00:00\",\"breadcrumb\":{\"@id\":\"https:\\\/\\\/euroissues.pt\\\/en\\\/hotel\\\/#breadcrumb\"},\"inLanguage\":\"en-GB\",\"potentialAction\":[{\"@type\":\"ReadAction\",\"target\":[\"https:\\\/\\\/euroissues.pt\\\/en\\\/hotel\\\/\"]}]},{\"@type\":\"BreadcrumbList\",\"@id\":\"https:\\\/\\\/euroissues.pt\\\/en\\\/hotel\\\/#breadcrumb\",\"itemListElement\":[{\"@type\":\"ListItem\",\"position\":1,\"name\":\"In\u00edcio\",\"item\":\"https:\\\/\\\/euroissues.pt\\\/\"},{\"@type\":\"ListItem\",\"position\":2,\"name\":\"Alojamento\"}]},{\"@type\":\"WebSite\",\"@id\":\"https:\\\/\\\/euroissues.pt\\\/#website\",\"url\":\"https:\\\/\\\/euroissues.pt\\\/\",\"name\":\"EUROISSUES\",\"description\":\"Constru\u00e7\u00e3o de Territ\u00f3rios Resilientes e Sustent\u00e1veis\",\"publisher\":{\"@id\":\"https:\\\/\\\/euroissues.pt\\\/#organization\"},\"potentialAction\":[{\"@type\":\"SearchAction\",\"target\":{\"@type\":\"EntryPoint\",\"urlTemplate\":\"https:\\\/\\\/euroissues.pt\\\/?s={search_term_string}\"},\"query-input\":{\"@type\":\"PropertyValueSpecification\",\"valueRequired\":true,\"valueName\":\"search_term_string\"}}],\"inLanguage\":\"en-GB\"},{\"@type\":\"Organization\",\"@id\":\"https:\\\/\\\/euroissues.pt\\\/#organization\",\"name\":\"EUROISSUES\",\"url\":\"https:\\\/\\\/euroissues.pt\\\/\",\"logo\":{\"@type\":\"ImageObject\",\"inLanguage\":\"en-GB\",\"@id\":\"https:\\\/\\\/euroissues.pt\\\/#\\\/schema\\\/logo\\\/image\\\/\",\"url\":\"https:\\\/\\\/euroissues.pt\\\/wp-content\\\/uploads\\\/2024\\\/06\\\/cropped-logo_2.png\",\"contentUrl\":\"https:\\\/\\\/euroissues.pt\\\/wp-content\\\/uploads\\\/2024\\\/06\\\/cropped-logo_2.png\",\"width\":500,\"height\":138,\"caption\":\"EUROISSUES\"},\"image\":{\"@id\":\"https:\\\/\\\/euroissues.pt\\\/#\\\/schema\\\/logo\\\/image\\\/\"}}]}<\/script>\n<!-- \/ Yoast SEO plugin. -->","yoast_head_json":{"title":"Alojamento - EUROISSUES","robots":{"index":"index","follow":"follow","max-snippet":"max-snippet:-1","max-image-preview":"max-image-preview:large","max-video-preview":"max-video-preview:-1"},"canonical":"https:\/\/euroissues.pt\/en\/hotel\/","og_locale":"en_GB","og_type":"article","og_title":"Alojamento - EUROISSUES","og_description":"Reserve seu hotel com tarifas reduzidas: Foram negociadas tarifas especiais de hotel para os Participantes das XVIII Jornadas Internacionais Grandes Problem\u00e1ticas do Espa\u00e7o Europeu. Elas estar\u00e3o dispon\u00edveis por ordem de chegada. A maioria dos hot\u00e9is selecionados fica a poucos passos da Faculdade de Letras e do local da confer\u00eancia. As tarifas n\u00e3o incluem imposto municipal [&hellip;]","og_url":"https:\/\/euroissues.pt\/en\/hotel\/","og_site_name":"EUROISSUES","article_modified_time":"2025-03-11T12:48:54+00:00","twitter_card":"summary_large_image","twitter_misc":{"Estimated reading time":"2 minutes"},"schema":{"@context":"https:\/\/schema.org","@graph":[{"@type":"WebPage","@id":"https:\/\/euroissues.pt\/en\/hotel\/","url":"https:\/\/euroissues.pt\/en\/hotel\/","name":"Alojamento - EUROISSUES","isPartOf":{"@id":"https:\/\/euroissues.pt\/#website"},"datePublished":"2024-03-13T17:41:14+00:00","dateModified":"2025-03-11T12:48:54+00:00","breadcrumb":{"@id":"https:\/\/euroissues.pt\/en\/hotel\/#breadcrumb"},"inLanguage":"en-GB","potentialAction":[{"@type":"ReadAction","target":["https:\/\/euroissues.pt\/en\/hotel\/"]}]},{"@type":"BreadcrumbList","@id":"https:\/\/euroissues.pt\/en\/hotel\/#breadcrumb","itemListElement":[{"@type":"ListItem","position":1,"name":"In\u00edcio","item":"https:\/\/euroissues.pt\/"},{"@type":"ListItem","position":2,"name":"Alojamento"}]},{"@type":"WebSite","@id":"https:\/\/euroissues.pt\/#website","url":"https:\/\/euroissues.pt\/","name":"EUROISSUES","description":"Constru\u00e7\u00e3o de Territ\u00f3rios Resilientes e Sustent\u00e1veis","publisher":{"@id":"https:\/\/euroissues.pt\/#organization"},"potentialAction":[{"@type":"SearchAction","target":{"@type":"EntryPoint","urlTemplate":"https:\/\/euroissues.pt\/?s={search_term_string}"},"query-input":{"@type":"PropertyValueSpecification","valueRequired":true,"valueName":"search_term_string"}}],"inLanguage":"en-GB"},{"@type":"Organization","@id":"https:\/\/euroissues.pt\/#organization","name":"EUROISSUES","url":"https:\/\/euroissues.pt\/","logo":{"@type":"ImageObject","inLanguage":"en-GB","@id":"https:\/\/euroissues.pt\/#\/schema\/logo\/image\/","url":"https:\/\/euroissues.pt\/wp-content\/uploads\/2024\/06\/cropped-logo_2.png","contentUrl":"https:\/\/euroissues.pt\/wp-content\/uploads\/2024\/06\/cropped-logo_2.png","width":500,"height":138,"caption":"EUROISSUES"},"image":{"@id":"https:\/\/euroissues.pt\/#\/schema\/logo\/image\/"}}]}},"_links":{"self":[{"href":"https:\/\/euroissues.pt\/en\/wp-json\/wp\/v2\/pages\/406","targetHints":{"allow":["GET"]}}],"collection":[{"href":"https:\/\/euroissues.pt\/en\/wp-json\/wp\/v2\/pages"}],"about":[{"href":"https:\/\/euroissues.pt\/en\/wp-json\/wp\/v2\/types\/page"}],"author":[{"embeddable":true,"href":"https:\/\/euroissues.pt\/en\/wp-json\/wp\/v2\/users\/1"}],"replies":[{"embeddable":true,"href":"https:\/\/euroissues.pt\/en\/wp-json\/wp\/v2\/comments?post=406"}],"version-history":[{"count":0,"href":"https:\/\/euroissues.pt\/en\/wp-json\/wp\/v2\/pages\/406\/revisions"}],"wp:attachment":[{"href":"https:\/\/euroissues.pt\/en\/wp-json\/wp\/v2\/media?parent=406"}],"curies":[{"name":"wp","href":"https:\/\/api.w.org\/{rel}","templated":true}]}}