{"id":41,"date":"2024-03-13T12:23:58","date_gmt":"2024-03-13T12:23:58","guid":{"rendered":"https:\/\/euroissues.pt\/?page_id=41"},"modified":"2025-03-17T18:06:50","modified_gmt":"2025-03-17T18:06:50","slug":"cientifico","status":"publish","type":"page","link":"https:\/\/euroissues.pt\/en\/jornadas-xix-2025\/cientifico\/","title":{"rendered":"Scientific Committee"},"content":{"rendered":"<div data-elementor-type=\"wp-page\" data-elementor-id=\"41\" class=\"elementor elementor-41\" data-elementor-post-type=\"page\">\n\t\t\t\t<div class=\"elementor-element elementor-element-782f9cb e-flex e-con-boxed e-con e-parent\" data-id=\"782f9cb\" data-element_type=\"container\" data-e-type=\"container\">\n\t\t\t\t\t<div class=\"e-con-inner\">\n\t\t<div class=\"elementor-element elementor-element-ae7e38c e-con-full e-flex e-con e-child\" data-id=\"ae7e38c\" data-element_type=\"container\" data-e-type=\"container\">\n\t\t\t\t<div class=\"elementor-element elementor-element-5722f1a elementor-widget elementor-widget-text-editor\" data-id=\"5722f1a\" data-element_type=\"widget\" data-e-type=\"widget\" data-widget_type=\"text-editor.default\">\n\t\t\t\t<div class=\"elementor-widget-container\">\n\t\t\t\t\t\t\t\t\t<p>Ad\u00e9lia Nunes, University of Coimbra, Portugal<br \/>Aleksandar Luki\u0107, University of Zagreb, Croatia<br \/>Ana Isabel Boura, University of Porto, Portugal<br \/>Ana Paula Brand\u00e3o, University of Minho, Portugal<br \/>Andr\u00e9 Santos, Univ. Federal Rural Rio Janeiro, Brazil<br \/>Andrews Jos\u00e9 de Lucena, Univ. Federal Rural do Rio de Janeiro, Brazil<br \/>Annett Steinf\u00fchrer, Th\u00fcnen Institute of Rural Studies, Germany<br \/>Ant\u00f3nio de Barros Cardoso \u2013 University of Porto<br \/>Artur Costa, University Lus\u00f3fona, Portugal<br \/>Bruno Martins, University of Coimbra, Portugal<br \/>Borna Fuerst-Bjelis, University of Zagreb, Croatia<br \/>Brigite Botequim, Colab ForestWise, Portugal<br \/>C\u00e9lia Taborda, University Lus\u00f3fona, Portugal<br \/>Christine F\u00fcrst, Martin Luther University Halle-Wittenberg, Germany<br \/>Cornelia Steinh\u00e4user, Institute of Landscape Ecology, Germany<br \/>Emmanuel Reynard, University of Lausanne, Switzerland<br \/>Eric de Noronha Vaz, Metropolitan University, Canada<br \/>F\u00e1tima Matos, University of Porto, Portugal<br \/>F\u00e1tima Velez de Castro, University of Coimbra, Portugal<br \/>Felisbela Martins- CEGOT, University of Porto, Portugal<br \/>Francisco Antonio Navarro Valverde, University of Granada, Spain<br \/>Francisco Proen\u00e7a Garcia, Portuguese Catholic University, Portugal<br \/>Gl\u00f3ria Teixeira, University of Porto, Portugal<br \/>H\u00e9l\u00e8ne Roth, University of Clermont, France<br \/>Herm\u00ednia Gon\u00e7alves, University of Tr\u00e1s-os-Montes and Alto Douro, Portugal<br \/>Hossein Azadi, Gembloux Agro-Bio Tech, Universidade de Li\u00e8ge, Belgium<br \/>Isabel Borges, Instituto Europeu de Estudos Superiores, Portugal<br \/>Jes\u00fas Rodrigo Comino, University of Granada, Spain<br \/>Jo\u00e3o Lu\u00eds Fernandes, University of Coimbra, Portugal<br \/>Joaquim Esteves da Silva, University of Porto, Portugal<br \/>Joaquim Mamede Alonso, The Polytechnic Institute of Viana do Castelo, Portugal<br \/>Joaquim Sande Silva, Agrarian School of Coimbra, Portugal<br \/>Jorge Queiroz, University of Porto, Portugal<\/p>\t\t\t\t\t\t\t\t<\/div>\n\t\t\t\t<\/div>\n\t\t\t\t<\/div>\n\t\t<div class=\"elementor-element elementor-element-57259d0 e-con-full e-flex e-con e-child\" data-id=\"57259d0\" data-element_type=\"container\" data-e-type=\"container\">\n\t\t\t\t<div class=\"elementor-element elementor-element-26fd38b elementor-widget elementor-widget-text-editor\" data-id=\"26fd38b\" data-element_type=\"widget\" data-e-type=\"widget\" data-widget_type=\"text-editor.default\">\n\t\t\t\t<div class=\"elementor-widget-container\">\n\t\t\t\t\t\t\t\t\t<p>Jorge Ribeiro, University of Porto, Portugal<br \/>Jorge Ricardo Pinto, Higher Institute of Business and Tourism Sciences Portugal<br \/>Jos\u00e9 Ant\u00f3nio de Oliveira, The Polytechnic Institute of Porto, Portugal<br \/>Jos\u00e9 Aranha, University of Tr\u00e1s-os-Montes and Alto Douro, Portugal<br \/>Jos\u00e9 Azevedo, University of Porto, Portugal<br \/>Jos\u00e9 Domingo S\u00e1nchez Mart\u00ednez, Universidad de Ja\u00e9n, Spain<br \/>Jos\u00e9 Lu\u00eds Z\u00eazere, University of Lisbon, Portugal<br \/>Karine Vargas, Universidade Federal Rural do Rio de Janeiro, Brazil<br \/>Laura Sakaja \u2013 University of Zagreb, Croatia<br \/>Lu\u00eds Moreno, University of Lisbon, Portugal<br \/>Luis Ramos, University of Tr\u00e1s-os-Montes and Alto Douro, Portugal<br \/>Marcin W\u00f3jcik, University of Lodz, Poland<br \/>Madalena Fonseca, University of Porto, Portugal<br \/>Maria Elisabete Soares, Polytechnic Institute of Guarda, Portugal<br \/>Maria Francisca Saraiva, University of Lisbon, Portugal<br \/>Michael Woods, Aberystwyth University, United Kingdom<br \/>Michele Salis, CNR \u2022 Institute of BioEconomy IBE, Italy<br \/>Milen Penerliev, University of Shumen, Bulgaria<br \/>Nat\u00e1lia Ramos, Portuguese Open University, Portugal<br \/>Nicole Devy Vareta, Universidade do Porto, Portugal<br \/>Norberto Santos, University of Coimbra, Portugal<br \/>Paulina Tobiasz-Lis, University of Lodz, Poland<br \/>Paulo Jorge Santos, University of Porto, Portugal<br \/>Regina Cohen Barros, Univ. Federal Rural Rio Janeiro, Brazil<br \/>Ronan Foley, Maynooth University, Ireland<br \/>Sandra Lopes Lu\u00eds, University of Lisbon, Portugal<br \/>Sandra Oliveira, University of Lisbon, Portugal<br \/>Slavi Dimitrov, Univ. Verliko Tarnovo, Bulgaria<br \/>Suk Kyeong Kang, Ni\u011fde \u00d6mer Halisdemir University, T\u00fcrkie<br \/>Ulrike Grabski-Kieron, University of M\u00fcnster, Germany<br \/>Valentina Bacciu, Institute of BioEconomy IBE, Italy<br \/>Virg\u00edlio Borges Pereira, University of Porto, Portugal<br \/>Virg\u00edlio Falco, University of Tr\u00e1s-os-Montes and Alto Douro, Portugal<\/p>\t\t\t\t\t\t\t\t<\/div>\n\t\t\t\t<\/div>\n\t\t\t\t<\/div>\n\t\t\t\t\t<\/div>\n\t\t\t\t<\/div>\n\t\t\t\t<\/div>","protected":false},"excerpt":{"rendered":"<p>Ad\u00e9lia Nunes, University of Coimbra, PortugalAleksandar Luki\u0107, University of Zagreb, CroatiaAna Isabel Boura, University of Porto, PortugalAna Paula Brand\u00e3o, University of Minho, PortugalAndr\u00e9 Santos, Univ. Federal Rural Rio Janeiro, BrazilAndrews Jos\u00e9 de Lucena, Univ. Federal Rural do Rio de Janeiro, BrazilAnnett Steinf\u00fchrer, Th\u00fcnen Institute of Rural Studies, GermanyAnt\u00f3nio de Barros Cardoso \u2013 Universidade do PortoArtur [&hellip;]<\/p>\n","protected":false},"author":1,"featured_media":0,"parent":1805,"menu_order":0,"comment_status":"closed","ping_status":"closed","template":"elementor_header_footer","meta":{"ocean_post_layout":"","ocean_both_sidebars_style":"","ocean_both_sidebars_content_width":0,"ocean_both_sidebars_sidebars_width":0,"ocean_sidebar":"","ocean_second_sidebar":"","ocean_disable_margins":"enable","ocean_add_body_class":"","ocean_shortcode_before_top_bar":"","ocean_shortcode_after_top_bar":"","ocean_shortcode_before_header":"","ocean_shortcode_after_header":"","ocean_has_shortcode":"","ocean_shortcode_after_title":"","ocean_shortcode_before_footer_widgets":"","ocean_shortcode_after_footer_widgets":"","ocean_shortcode_before_footer_bottom":"","ocean_shortcode_after_footer_bottom":"","ocean_display_top_bar":"default","ocean_display_header":"default","ocean_header_style":"","ocean_center_header_left_menu":"","ocean_custom_header_template":"","ocean_custom_logo":0,"ocean_custom_retina_logo":0,"ocean_custom_logo_max_width":0,"ocean_custom_logo_tablet_max_width":0,"ocean_custom_logo_mobile_max_width":0,"ocean_custom_logo_max_height":0,"ocean_custom_logo_tablet_max_height":0,"ocean_custom_logo_mobile_max_height":0,"ocean_header_custom_menu":"","ocean_menu_typo_font_family":"","ocean_menu_typo_font_subset":"","ocean_menu_typo_font_size":0,"ocean_menu_typo_font_size_tablet":0,"ocean_menu_typo_font_size_mobile":0,"ocean_menu_typo_font_size_unit":"px","ocean_menu_typo_font_weight":"","ocean_menu_typo_font_weight_tablet":"","ocean_menu_typo_font_weight_mobile":"","ocean_menu_typo_transform":"","ocean_menu_typo_transform_tablet":"","ocean_menu_typo_transform_mobile":"","ocean_menu_typo_line_height":0,"ocean_menu_typo_line_height_tablet":0,"ocean_menu_typo_line_height_mobile":0,"ocean_menu_typo_line_height_unit":"","ocean_menu_typo_spacing":0,"ocean_menu_typo_spacing_tablet":0,"ocean_menu_typo_spacing_mobile":0,"ocean_menu_typo_spacing_unit":"","ocean_menu_link_color":"","ocean_menu_link_color_hover":"","ocean_menu_link_color_active":"","ocean_menu_link_background":"","ocean_menu_link_hover_background":"","ocean_menu_link_active_background":"","ocean_menu_social_links_bg":"","ocean_menu_social_hover_links_bg":"","ocean_menu_social_links_color":"","ocean_menu_social_hover_links_color":"","ocean_disable_title":"default","ocean_disable_heading":"default","ocean_post_title":"","ocean_post_subheading":"","ocean_post_title_style":"","ocean_post_title_background_color":"","ocean_post_title_background":0,"ocean_post_title_bg_image_position":"","ocean_post_title_bg_image_attachment":"","ocean_post_title_bg_image_repeat":"","ocean_post_title_bg_image_size":"","ocean_post_title_height":0,"ocean_post_title_bg_overlay":0.5,"ocean_post_title_bg_overlay_color":"","ocean_disable_breadcrumbs":"default","ocean_breadcrumbs_color":"","ocean_breadcrumbs_separator_color":"","ocean_breadcrumbs_links_color":"","ocean_breadcrumbs_links_hover_color":"","ocean_display_footer_widgets":"default","ocean_display_footer_bottom":"default","ocean_custom_footer_template":"","footnotes":""},"class_list":["post-41","page","type-page","status-publish","hentry","entry"],"yoast_head":"<!-- This site is optimized with the Yoast SEO plugin v27.5 - https:\/\/yoast.com\/product\/yoast-seo-wordpress\/ -->\n<title>Comiss\u00e3o Cient\u00edfica - EUROISSUES<\/title>\n<meta name=\"robots\" content=\"index, follow, max-snippet:-1, max-image-preview:large, max-video-preview:-1\" \/>\n<link rel=\"canonical\" href=\"https:\/\/euroissues.pt\/en\/jornadas-xix-2025\/cientifico\/\" \/>\n<meta property=\"og:locale\" content=\"en_GB\" \/>\n<meta property=\"og:type\" content=\"article\" \/>\n<meta property=\"og:title\" content=\"Comiss\u00e3o Cient\u00edfica - EUROISSUES\" \/>\n<meta property=\"og:description\" content=\"Ad\u00e9lia Nunes, University of Coimbra, PortugalAleksandar Luki\u0107, University of Zagreb, CroatiaAna Isabel Boura, University of Porto, PortugalAna Paula Brand\u00e3o, University of Minho, PortugalAndr\u00e9 Santos, Univ. Federal Rural Rio Janeiro, BrazilAndrews Jos\u00e9 de Lucena, Univ. Federal Rural do Rio de Janeiro, BrazilAnnett Steinf\u00fchrer, Th\u00fcnen Institute of Rural Studies, GermanyAnt\u00f3nio de Barros Cardoso \u2013 Universidade do PortoArtur [&hellip;]\" \/>\n<meta property=\"og:url\" content=\"https:\/\/euroissues.pt\/en\/jornadas-xix-2025\/cientifico\/\" \/>\n<meta property=\"og:site_name\" content=\"EUROISSUES\" \/>\n<meta property=\"article:modified_time\" content=\"2025-03-17T18:06:50+00:00\" \/>\n<meta name=\"twitter:card\" content=\"summary_large_image\" \/>\n<meta name=\"twitter:label1\" content=\"Estimated reading time\" \/>\n\t<meta name=\"twitter:data1\" content=\"3 minutes\" \/>\n<script type=\"application\/ld+json\" class=\"yoast-schema-graph\">{\"@context\":\"https:\\\/\\\/schema.org\",\"@graph\":[{\"@type\":\"WebPage\",\"@id\":\"https:\\\/\\\/euroissues.pt\\\/jornadas-xix-2025\\\/cientifico\\\/\",\"url\":\"https:\\\/\\\/euroissues.pt\\\/jornadas-xix-2025\\\/cientifico\\\/\",\"name\":\"Comiss\u00e3o Cient\u00edfica - EUROISSUES\",\"isPartOf\":{\"@id\":\"https:\\\/\\\/euroissues.pt\\\/#website\"},\"datePublished\":\"2024-03-13T12:23:58+00:00\",\"dateModified\":\"2025-03-17T18:06:50+00:00\",\"breadcrumb\":{\"@id\":\"https:\\\/\\\/euroissues.pt\\\/jornadas-xix-2025\\\/cientifico\\\/#breadcrumb\"},\"inLanguage\":\"en-GB\",\"potentialAction\":[{\"@type\":\"ReadAction\",\"target\":[\"https:\\\/\\\/euroissues.pt\\\/jornadas-xix-2025\\\/cientifico\\\/\"]}]},{\"@type\":\"BreadcrumbList\",\"@id\":\"https:\\\/\\\/euroissues.pt\\\/jornadas-xix-2025\\\/cientifico\\\/#breadcrumb\",\"itemListElement\":[{\"@type\":\"ListItem\",\"position\":1,\"name\":\"In\u00edcio\",\"item\":\"https:\\\/\\\/euroissues.pt\\\/\"},{\"@type\":\"ListItem\",\"position\":2,\"name\":\"Jornadas XIX \u2013 2025\",\"item\":\"https:\\\/\\\/euroissues.pt\\\/jornadas-xix-2025\\\/\"},{\"@type\":\"ListItem\",\"position\":3,\"name\":\"Comiss\u00e3o Cient\u00edfica\"}]},{\"@type\":\"WebSite\",\"@id\":\"https:\\\/\\\/euroissues.pt\\\/#website\",\"url\":\"https:\\\/\\\/euroissues.pt\\\/\",\"name\":\"EUROISSUES\",\"description\":\"Constru\u00e7\u00e3o de Territ\u00f3rios Resilientes e Sustent\u00e1veis\",\"publisher\":{\"@id\":\"https:\\\/\\\/euroissues.pt\\\/#organization\"},\"potentialAction\":[{\"@type\":\"SearchAction\",\"target\":{\"@type\":\"EntryPoint\",\"urlTemplate\":\"https:\\\/\\\/euroissues.pt\\\/?s={search_term_string}\"},\"query-input\":{\"@type\":\"PropertyValueSpecification\",\"valueRequired\":true,\"valueName\":\"search_term_string\"}}],\"inLanguage\":\"en-GB\"},{\"@type\":\"Organization\",\"@id\":\"https:\\\/\\\/euroissues.pt\\\/#organization\",\"name\":\"EUROISSUES\",\"url\":\"https:\\\/\\\/euroissues.pt\\\/\",\"logo\":{\"@type\":\"ImageObject\",\"inLanguage\":\"en-GB\",\"@id\":\"https:\\\/\\\/euroissues.pt\\\/#\\\/schema\\\/logo\\\/image\\\/\",\"url\":\"https:\\\/\\\/euroissues.pt\\\/wp-content\\\/uploads\\\/2024\\\/06\\\/cropped-logo_2.png\",\"contentUrl\":\"https:\\\/\\\/euroissues.pt\\\/wp-content\\\/uploads\\\/2024\\\/06\\\/cropped-logo_2.png\",\"width\":500,\"height\":138,\"caption\":\"EUROISSUES\"},\"image\":{\"@id\":\"https:\\\/\\\/euroissues.pt\\\/#\\\/schema\\\/logo\\\/image\\\/\"}}]}<\/script>\n<!-- \/ Yoast SEO plugin. -->","yoast_head_json":{"title":"Comiss\u00e3o Cient\u00edfica - EUROISSUES","robots":{"index":"index","follow":"follow","max-snippet":"max-snippet:-1","max-image-preview":"max-image-preview:large","max-video-preview":"max-video-preview:-1"},"canonical":"https:\/\/euroissues.pt\/en\/jornadas-xix-2025\/cientifico\/","og_locale":"en_GB","og_type":"article","og_title":"Comiss\u00e3o Cient\u00edfica - EUROISSUES","og_description":"Ad\u00e9lia Nunes, University of Coimbra, PortugalAleksandar Luki\u0107, University of Zagreb, CroatiaAna Isabel Boura, University of Porto, PortugalAna Paula Brand\u00e3o, University of Minho, PortugalAndr\u00e9 Santos, Univ. Federal Rural Rio Janeiro, BrazilAndrews Jos\u00e9 de Lucena, Univ. Federal Rural do Rio de Janeiro, BrazilAnnett Steinf\u00fchrer, Th\u00fcnen Institute of Rural Studies, GermanyAnt\u00f3nio de Barros Cardoso \u2013 Universidade do PortoArtur [&hellip;]","og_url":"https:\/\/euroissues.pt\/en\/jornadas-xix-2025\/cientifico\/","og_site_name":"EUROISSUES","article_modified_time":"2025-03-17T18:06:50+00:00","twitter_card":"summary_large_image","twitter_misc":{"Estimated reading time":"3 minutes"},"schema":{"@context":"https:\/\/schema.org","@graph":[{"@type":"WebPage","@id":"https:\/\/euroissues.pt\/jornadas-xix-2025\/cientifico\/","url":"https:\/\/euroissues.pt\/jornadas-xix-2025\/cientifico\/","name":"Comiss\u00e3o Cient\u00edfica - EUROISSUES","isPartOf":{"@id":"https:\/\/euroissues.pt\/#website"},"datePublished":"2024-03-13T12:23:58+00:00","dateModified":"2025-03-17T18:06:50+00:00","breadcrumb":{"@id":"https:\/\/euroissues.pt\/jornadas-xix-2025\/cientifico\/#breadcrumb"},"inLanguage":"en-GB","potentialAction":[{"@type":"ReadAction","target":["https:\/\/euroissues.pt\/jornadas-xix-2025\/cientifico\/"]}]},{"@type":"BreadcrumbList","@id":"https:\/\/euroissues.pt\/jornadas-xix-2025\/cientifico\/#breadcrumb","itemListElement":[{"@type":"ListItem","position":1,"name":"In\u00edcio","item":"https:\/\/euroissues.pt\/"},{"@type":"ListItem","position":2,"name":"Jornadas XIX \u2013 2025","item":"https:\/\/euroissues.pt\/jornadas-xix-2025\/"},{"@type":"ListItem","position":3,"name":"Comiss\u00e3o Cient\u00edfica"}]},{"@type":"WebSite","@id":"https:\/\/euroissues.pt\/#website","url":"https:\/\/euroissues.pt\/","name":"EUROISSUES","description":"Constru\u00e7\u00e3o de Territ\u00f3rios Resilientes e Sustent\u00e1veis","publisher":{"@id":"https:\/\/euroissues.pt\/#organization"},"potentialAction":[{"@type":"SearchAction","target":{"@type":"EntryPoint","urlTemplate":"https:\/\/euroissues.pt\/?s={search_term_string}"},"query-input":{"@type":"PropertyValueSpecification","valueRequired":true,"valueName":"search_term_string"}}],"inLanguage":"en-GB"},{"@type":"Organization","@id":"https:\/\/euroissues.pt\/#organization","name":"EUROISSUES","url":"https:\/\/euroissues.pt\/","logo":{"@type":"ImageObject","inLanguage":"en-GB","@id":"https:\/\/euroissues.pt\/#\/schema\/logo\/image\/","url":"https:\/\/euroissues.pt\/wp-content\/uploads\/2024\/06\/cropped-logo_2.png","contentUrl":"https:\/\/euroissues.pt\/wp-content\/uploads\/2024\/06\/cropped-logo_2.png","width":500,"height":138,"caption":"EUROISSUES"},"image":{"@id":"https:\/\/euroissues.pt\/#\/schema\/logo\/image\/"}}]}},"_links":{"self":[{"href":"https:\/\/euroissues.pt\/en\/wp-json\/wp\/v2\/pages\/41","targetHints":{"allow":["GET"]}}],"collection":[{"href":"https:\/\/euroissues.pt\/en\/wp-json\/wp\/v2\/pages"}],"about":[{"href":"https:\/\/euroissues.pt\/en\/wp-json\/wp\/v2\/types\/page"}],"author":[{"embeddable":true,"href":"https:\/\/euroissues.pt\/en\/wp-json\/wp\/v2\/users\/1"}],"replies":[{"embeddable":true,"href":"https:\/\/euroissues.pt\/en\/wp-json\/wp\/v2\/comments?post=41"}],"version-history":[{"count":0,"href":"https:\/\/euroissues.pt\/en\/wp-json\/wp\/v2\/pages\/41\/revisions"}],"up":[{"embeddable":true,"href":"https:\/\/euroissues.pt\/en\/wp-json\/wp\/v2\/pages\/1805"}],"wp:attachment":[{"href":"https:\/\/euroissues.pt\/en\/wp-json\/wp\/v2\/media?parent=41"}],"curies":[{"name":"wp","href":"https:\/\/api.w.org\/{rel}","templated":true}]}}