{"id":418,"date":"2024-03-13T17:46:02","date_gmt":"2024-03-13T17:46:02","guid":{"rendered":"https:\/\/euroissues.pt\/?page_id=418"},"modified":"2024-03-13T17:48:23","modified_gmt":"2024-03-13T17:48:23","slug":"gastronomia","status":"publish","type":"page","link":"https:\/\/euroissues.pt\/en\/gastronomia\/","title":{"rendered":"Gastronomy"},"content":{"rendered":"<div data-elementor-type=\"wp-page\" data-elementor-id=\"418\" class=\"elementor elementor-418\" data-elementor-post-type=\"page\">\n\t\t\t\t<div class=\"elementor-element elementor-element-5c0191e e-flex e-con-boxed e-con e-parent\" data-id=\"5c0191e\" data-element_type=\"container\" data-e-type=\"container\">\n\t\t\t\t\t<div class=\"e-con-inner\">\n\t\t\t\t<div class=\"elementor-element elementor-element-9359ae4 elementor-widget elementor-widget-heading\" data-id=\"9359ae4\" data-element_type=\"widget\" data-e-type=\"widget\" data-widget_type=\"heading.default\">\n\t\t\t\t<div class=\"elementor-widget-container\">\n\t\t\t\t\t<h2 class=\"elementor-heading-title elementor-size-default\">Where to Eat<\/h2>\t\t\t\t<\/div>\n\t\t\t\t<\/div>\n\t\t\t\t<div class=\"elementor-element elementor-element-9d6bc0a elementor-widget elementor-widget-text-editor\" data-id=\"9d6bc0a\" data-element_type=\"widget\" data-e-type=\"widget\" data-widget_type=\"text-editor.default\">\n\t\t\t\t<div class=\"elementor-widget-container\">\n\t\t\t\t\t\t\t\t\t<p>Near the Faculty of Arts and Humanities of the University of Porto, participants in the XVIII International Seminars on the Overarching Issues of the European Area will find a wide range of restaurants, which include traditional Porto and Portuguese food, such as the famous francesinha, but also gastronomy from other parts of the world and vegetarian specialties.<\/p><h3><br \/><strong>These are some suggestions:<\/strong><\/h3>\t\t\t\t\t\t\t\t<\/div>\n\t\t\t\t<\/div>\n\t\t\t\t\t<\/div>\n\t\t\t\t<\/div>\n\t\t<div class=\"elementor-element elementor-element-e65c8d8 e-flex e-con-boxed e-con e-parent\" data-id=\"e65c8d8\" data-element_type=\"container\" data-e-type=\"container\">\n\t\t\t\t\t<div class=\"e-con-inner\">\n\t\t\t\t<div class=\"elementor-element elementor-element-24d88a9 elementor-widget elementor-widget-text-editor\" data-id=\"24d88a9\" data-element_type=\"widget\" data-e-type=\"widget\" data-widget_type=\"text-editor.default\">\n\t\t\t\t<div class=\"elementor-widget-container\">\n\t\t\t\t\t\t\t\t\t<table width=\"567\"><tbody><tr><td><p><strong>Place<\/strong><\/p><\/td><td><p><strong>Address<\/strong><\/p><\/td><td width=\"197\"><p><strong>Telephone<\/strong><\/p><\/td><\/tr><tr><td><p>Restaurante Alicantina<\/p><\/td><td><p>Rua do Campo Alegre, 814<\/p><\/td><td width=\"197\"><p>+351 22 600 8455<\/p><\/td><\/tr><tr><td><p>bbgourmet Maiorca<\/p><\/td><td><p>Rua de Ant\u00f3nio Cardoso, 301<\/p><\/td><td width=\"197\"><p>+351 22 609 2003<\/p><\/td><\/tr><tr><td><p>C\u00edrculo Universit\u00e1rio do Porto<\/p><\/td><td><p>Rua do Campo Alegre, 877<\/p><\/td><td width=\"197\"><p>+351 96 987 2379<\/p><\/td><\/tr><tr><td><p>Confeitaria Leblon<\/p><\/td><td><p>Rua do Campo Alegre, 229<\/p><\/td><td width=\"197\"><p>+351 22 606 6355<\/p><\/td><\/tr><tr><td><p>Ikeda Japanese Cuisine<\/p><\/td><td><p>Rua do Campo Alegre, 416<\/p><\/td><td width=\"197\"><p>+351 915 499 363<\/p><\/td><\/tr><tr><td><p>Madureira\u2019s Campo Alegre<\/p><\/td><td><p>Rua do Campo Alegre, 365<\/p><\/td><td width=\"197\"><p>+351 22 320 6521<\/p><\/td><\/tr><tr><td><p>Maria Dentada \u2013 Jardim Bot\u00e2nico<\/p><\/td><td><p>Rua do Campo Alegre, 1191<\/p><\/td><td width=\"197\"><p>+351 912 507 671<\/p><\/td><\/tr><tr><td><p>Mercado do Bom Sucesso<\/p><\/td><td><p>Pra\u00e7a do Bom Sucesso, 74-90<\/p><\/td><td width=\"197\"><p>\u00a0<\/p><\/td><\/tr><tr><td><p>Ol\u00e1 Vietnam<\/p><\/td><td><p>R. Arquitecto Marques da Silva, 74<\/p><\/td><td width=\"197\"><p>+351 910 570 240<\/p><\/td><\/tr><tr><td><p>Rem\u00e9dio Santo<\/p><\/td><td><p>Rua do Campo Alegre, 553<\/p><\/td><td width=\"197\"><p>+351 914 541 472<\/p><\/td><\/tr><tr><td><p>Restaurante Capa Negra II<\/p><\/td><td><p>Rua do Campo Alegre, 191<\/p><\/td><td width=\"197\"><p>+351 22 607 8380<\/p><\/td><\/tr><tr><td><p>SUSHI &amp; CO.<\/p><\/td><td><p>Rua do Campo Alegre, 1578<\/p><\/td><td width=\"197\"><p>+351 915 133 933<\/p><\/td><\/tr><\/tbody><\/table>\t\t\t\t\t\t\t\t<\/div>\n\t\t\t\t<\/div>\n\t\t\t\t\t<\/div>\n\t\t\t\t<\/div>\n\t\t\t\t<\/div>","protected":false},"excerpt":{"rendered":"<p>Onde Comer Nas proximidades da Faculdade de Letras da Universidade do Porto, os participantes nas XVIII Jornadas Internacionais sobre Grandes Problem\u00e1ticas do Espa\u00e7o Europeu encontrar\u00e3o uma grande oferta de restaurantes, que incluem desde a tradicional comida portuense e portuguesa, como \u00e9 exemplo a famosa francesinha, mas tamb\u00e9m gastronomia de outras partes do mundo e especialidades [&hellip;]<\/p>\n","protected":false},"author":1,"featured_media":0,"parent":0,"menu_order":0,"comment_status":"closed","ping_status":"closed","template":"elementor_header_footer","meta":{"ocean_post_layout":"","ocean_both_sidebars_style":"","ocean_both_sidebars_content_width":0,"ocean_both_sidebars_sidebars_width":0,"ocean_sidebar":"","ocean_second_sidebar":"","ocean_disable_margins":"enable","ocean_add_body_class":"","ocean_shortcode_before_top_bar":"","ocean_shortcode_after_top_bar":"","ocean_shortcode_before_header":"","ocean_shortcode_after_header":"","ocean_has_shortcode":"","ocean_shortcode_after_title":"","ocean_shortcode_before_footer_widgets":"","ocean_shortcode_after_footer_widgets":"","ocean_shortcode_before_footer_bottom":"","ocean_shortcode_after_footer_bottom":"","ocean_display_top_bar":"default","ocean_display_header":"default","ocean_header_style":"","ocean_center_header_left_menu":"","ocean_custom_header_template":"","ocean_custom_logo":0,"ocean_custom_retina_logo":0,"ocean_custom_logo_max_width":0,"ocean_custom_logo_tablet_max_width":0,"ocean_custom_logo_mobile_max_width":0,"ocean_custom_logo_max_height":0,"ocean_custom_logo_tablet_max_height":0,"ocean_custom_logo_mobile_max_height":0,"ocean_header_custom_menu":"","ocean_menu_typo_font_family":"","ocean_menu_typo_font_subset":"","ocean_menu_typo_font_size":0,"ocean_menu_typo_font_size_tablet":0,"ocean_menu_typo_font_size_mobile":0,"ocean_menu_typo_font_size_unit":"px","ocean_menu_typo_font_weight":"","ocean_menu_typo_font_weight_tablet":"","ocean_menu_typo_font_weight_mobile":"","ocean_menu_typo_transform":"","ocean_menu_typo_transform_tablet":"","ocean_menu_typo_transform_mobile":"","ocean_menu_typo_line_height":0,"ocean_menu_typo_line_height_tablet":0,"ocean_menu_typo_line_height_mobile":0,"ocean_menu_typo_line_height_unit":"","ocean_menu_typo_spacing":0,"ocean_menu_typo_spacing_tablet":0,"ocean_menu_typo_spacing_mobile":0,"ocean_menu_typo_spacing_unit":"","ocean_menu_link_color":"","ocean_menu_link_color_hover":"","ocean_menu_link_color_active":"","ocean_menu_link_background":"","ocean_menu_link_hover_background":"","ocean_menu_link_active_background":"","ocean_menu_social_links_bg":"","ocean_menu_social_hover_links_bg":"","ocean_menu_social_links_color":"","ocean_menu_social_hover_links_color":"","ocean_disable_title":"default","ocean_disable_heading":"default","ocean_post_title":"","ocean_post_subheading":"","ocean_post_title_style":"","ocean_post_title_background_color":"","ocean_post_title_background":0,"ocean_post_title_bg_image_position":"","ocean_post_title_bg_image_attachment":"","ocean_post_title_bg_image_repeat":"","ocean_post_title_bg_image_size":"","ocean_post_title_height":0,"ocean_post_title_bg_overlay":0.5,"ocean_post_title_bg_overlay_color":"","ocean_disable_breadcrumbs":"default","ocean_breadcrumbs_color":"","ocean_breadcrumbs_separator_color":"","ocean_breadcrumbs_links_color":"","ocean_breadcrumbs_links_hover_color":"","ocean_display_footer_widgets":"default","ocean_display_footer_bottom":"default","ocean_custom_footer_template":"","footnotes":""},"class_list":["post-418","page","type-page","status-publish","hentry","entry"],"yoast_head":"<!-- This site is optimized with the Yoast SEO plugin v27.4 - https:\/\/yoast.com\/product\/yoast-seo-wordpress\/ -->\n<title>Gastronomia - EUROISSUES<\/title>\n<meta name=\"robots\" content=\"index, follow, max-snippet:-1, max-image-preview:large, max-video-preview:-1\" \/>\n<link rel=\"canonical\" href=\"https:\/\/euroissues.pt\/en\/gastronomia\/\" \/>\n<meta property=\"og:locale\" content=\"en_GB\" \/>\n<meta property=\"og:type\" content=\"article\" \/>\n<meta property=\"og:title\" content=\"Gastronomia - EUROISSUES\" \/>\n<meta property=\"og:description\" content=\"Onde Comer Nas proximidades da Faculdade de Letras da Universidade do Porto, os participantes nas XVIII Jornadas Internacionais sobre Grandes Problem\u00e1ticas do Espa\u00e7o Europeu encontrar\u00e3o uma grande oferta de restaurantes, que incluem desde a tradicional comida portuense e portuguesa, como \u00e9 exemplo a famosa francesinha, mas tamb\u00e9m gastronomia de outras partes do mundo e especialidades [&hellip;]\" \/>\n<meta property=\"og:url\" content=\"https:\/\/euroissues.pt\/en\/gastronomia\/\" \/>\n<meta property=\"og:site_name\" content=\"EUROISSUES\" \/>\n<meta property=\"article:modified_time\" content=\"2024-03-13T17:48:23+00:00\" \/>\n<meta name=\"twitter:card\" content=\"summary_large_image\" \/>\n<meta name=\"twitter:label1\" content=\"Estimated reading time\" \/>\n\t<meta name=\"twitter:data1\" content=\"1 minute\" \/>\n<script type=\"application\/ld+json\" class=\"yoast-schema-graph\">{\"@context\":\"https:\\\/\\\/schema.org\",\"@graph\":[{\"@type\":\"WebPage\",\"@id\":\"https:\\\/\\\/euroissues.pt\\\/gastronomia\\\/\",\"url\":\"https:\\\/\\\/euroissues.pt\\\/gastronomia\\\/\",\"name\":\"Gastronomia - EUROISSUES\",\"isPartOf\":{\"@id\":\"https:\\\/\\\/euroissues.pt\\\/#website\"},\"datePublished\":\"2024-03-13T17:46:02+00:00\",\"dateModified\":\"2024-03-13T17:48:23+00:00\",\"breadcrumb\":{\"@id\":\"https:\\\/\\\/euroissues.pt\\\/gastronomia\\\/#breadcrumb\"},\"inLanguage\":\"en-GB\",\"potentialAction\":[{\"@type\":\"ReadAction\",\"target\":[\"https:\\\/\\\/euroissues.pt\\\/gastronomia\\\/\"]}]},{\"@type\":\"BreadcrumbList\",\"@id\":\"https:\\\/\\\/euroissues.pt\\\/gastronomia\\\/#breadcrumb\",\"itemListElement\":[{\"@type\":\"ListItem\",\"position\":1,\"name\":\"In\u00edcio\",\"item\":\"https:\\\/\\\/euroissues.pt\\\/\"},{\"@type\":\"ListItem\",\"position\":2,\"name\":\"Gastronomia\"}]},{\"@type\":\"WebSite\",\"@id\":\"https:\\\/\\\/euroissues.pt\\\/#website\",\"url\":\"https:\\\/\\\/euroissues.pt\\\/\",\"name\":\"EUROISSUES\",\"description\":\"Constru\u00e7\u00e3o de Territ\u00f3rios Resilientes e Sustent\u00e1veis\",\"publisher\":{\"@id\":\"https:\\\/\\\/euroissues.pt\\\/#organization\"},\"potentialAction\":[{\"@type\":\"SearchAction\",\"target\":{\"@type\":\"EntryPoint\",\"urlTemplate\":\"https:\\\/\\\/euroissues.pt\\\/?s={search_term_string}\"},\"query-input\":{\"@type\":\"PropertyValueSpecification\",\"valueRequired\":true,\"valueName\":\"search_term_string\"}}],\"inLanguage\":\"en-GB\"},{\"@type\":\"Organization\",\"@id\":\"https:\\\/\\\/euroissues.pt\\\/#organization\",\"name\":\"EUROISSUES\",\"url\":\"https:\\\/\\\/euroissues.pt\\\/\",\"logo\":{\"@type\":\"ImageObject\",\"inLanguage\":\"en-GB\",\"@id\":\"https:\\\/\\\/euroissues.pt\\\/#\\\/schema\\\/logo\\\/image\\\/\",\"url\":\"https:\\\/\\\/euroissues.pt\\\/wp-content\\\/uploads\\\/2024\\\/06\\\/cropped-logo_2.png\",\"contentUrl\":\"https:\\\/\\\/euroissues.pt\\\/wp-content\\\/uploads\\\/2024\\\/06\\\/cropped-logo_2.png\",\"width\":500,\"height\":138,\"caption\":\"EUROISSUES\"},\"image\":{\"@id\":\"https:\\\/\\\/euroissues.pt\\\/#\\\/schema\\\/logo\\\/image\\\/\"}}]}<\/script>\n<!-- \/ Yoast SEO plugin. -->","yoast_head_json":{"title":"Gastronomia - EUROISSUES","robots":{"index":"index","follow":"follow","max-snippet":"max-snippet:-1","max-image-preview":"max-image-preview:large","max-video-preview":"max-video-preview:-1"},"canonical":"https:\/\/euroissues.pt\/en\/gastronomia\/","og_locale":"en_GB","og_type":"article","og_title":"Gastronomia - EUROISSUES","og_description":"Onde Comer Nas proximidades da Faculdade de Letras da Universidade do Porto, os participantes nas XVIII Jornadas Internacionais sobre Grandes Problem\u00e1ticas do Espa\u00e7o Europeu encontrar\u00e3o uma grande oferta de restaurantes, que incluem desde a tradicional comida portuense e portuguesa, como \u00e9 exemplo a famosa francesinha, mas tamb\u00e9m gastronomia de outras partes do mundo e especialidades [&hellip;]","og_url":"https:\/\/euroissues.pt\/en\/gastronomia\/","og_site_name":"EUROISSUES","article_modified_time":"2024-03-13T17:48:23+00:00","twitter_card":"summary_large_image","twitter_misc":{"Estimated reading time":"1 minute"},"schema":{"@context":"https:\/\/schema.org","@graph":[{"@type":"WebPage","@id":"https:\/\/euroissues.pt\/gastronomia\/","url":"https:\/\/euroissues.pt\/gastronomia\/","name":"Gastronomia - EUROISSUES","isPartOf":{"@id":"https:\/\/euroissues.pt\/#website"},"datePublished":"2024-03-13T17:46:02+00:00","dateModified":"2024-03-13T17:48:23+00:00","breadcrumb":{"@id":"https:\/\/euroissues.pt\/gastronomia\/#breadcrumb"},"inLanguage":"en-GB","potentialAction":[{"@type":"ReadAction","target":["https:\/\/euroissues.pt\/gastronomia\/"]}]},{"@type":"BreadcrumbList","@id":"https:\/\/euroissues.pt\/gastronomia\/#breadcrumb","itemListElement":[{"@type":"ListItem","position":1,"name":"In\u00edcio","item":"https:\/\/euroissues.pt\/"},{"@type":"ListItem","position":2,"name":"Gastronomia"}]},{"@type":"WebSite","@id":"https:\/\/euroissues.pt\/#website","url":"https:\/\/euroissues.pt\/","name":"EUROISSUES","description":"Constru\u00e7\u00e3o de Territ\u00f3rios Resilientes e Sustent\u00e1veis","publisher":{"@id":"https:\/\/euroissues.pt\/#organization"},"potentialAction":[{"@type":"SearchAction","target":{"@type":"EntryPoint","urlTemplate":"https:\/\/euroissues.pt\/?s={search_term_string}"},"query-input":{"@type":"PropertyValueSpecification","valueRequired":true,"valueName":"search_term_string"}}],"inLanguage":"en-GB"},{"@type":"Organization","@id":"https:\/\/euroissues.pt\/#organization","name":"EUROISSUES","url":"https:\/\/euroissues.pt\/","logo":{"@type":"ImageObject","inLanguage":"en-GB","@id":"https:\/\/euroissues.pt\/#\/schema\/logo\/image\/","url":"https:\/\/euroissues.pt\/wp-content\/uploads\/2024\/06\/cropped-logo_2.png","contentUrl":"https:\/\/euroissues.pt\/wp-content\/uploads\/2024\/06\/cropped-logo_2.png","width":500,"height":138,"caption":"EUROISSUES"},"image":{"@id":"https:\/\/euroissues.pt\/#\/schema\/logo\/image\/"}}]}},"_links":{"self":[{"href":"https:\/\/euroissues.pt\/en\/wp-json\/wp\/v2\/pages\/418","targetHints":{"allow":["GET"]}}],"collection":[{"href":"https:\/\/euroissues.pt\/en\/wp-json\/wp\/v2\/pages"}],"about":[{"href":"https:\/\/euroissues.pt\/en\/wp-json\/wp\/v2\/types\/page"}],"author":[{"embeddable":true,"href":"https:\/\/euroissues.pt\/en\/wp-json\/wp\/v2\/users\/1"}],"replies":[{"embeddable":true,"href":"https:\/\/euroissues.pt\/en\/wp-json\/wp\/v2\/comments?post=418"}],"version-history":[{"count":0,"href":"https:\/\/euroissues.pt\/en\/wp-json\/wp\/v2\/pages\/418\/revisions"}],"wp:attachment":[{"href":"https:\/\/euroissues.pt\/en\/wp-json\/wp\/v2\/media?parent=418"}],"curies":[{"name":"wp","href":"https:\/\/api.w.org\/{rel}","templated":true}]}}