{"id":60,"date":"2024-03-13T12:44:17","date_gmt":"2024-03-13T12:44:17","guid":{"rendered":"https:\/\/euroissues.pt\/?page_id=60"},"modified":"2025-03-07T20:30:32","modified_gmt":"2025-03-07T20:30:32","slug":"oradores-principais","status":"publish","type":"page","link":"https:\/\/euroissues.pt\/en\/jornadas-xviii-2024\/oradores-principais\/","title":{"rendered":"Keynote Speakers"},"content":{"rendered":"<div data-elementor-type=\"wp-page\" data-elementor-id=\"60\" class=\"elementor elementor-60\" data-elementor-post-type=\"page\">\n\t\t\t\t<div class=\"elementor-element elementor-element-139687a e-flex e-con-boxed e-con e-parent\" data-id=\"139687a\" data-element_type=\"container\" data-e-type=\"container\">\n\t\t\t\t\t<div class=\"e-con-inner\">\n\t\t<div class=\"elementor-element elementor-element-841b7f9 e-con-full e-flex e-con e-child\" data-id=\"841b7f9\" data-element_type=\"container\" data-e-type=\"container\">\n\t\t<div class=\"elementor-element elementor-element-7dea573 e-con-full e-flex e-con e-child\" data-id=\"7dea573\" data-element_type=\"container\" data-e-type=\"container\">\n\t\t\t\t<div class=\"elementor-element elementor-element-73dfade elementor-widget elementor-widget-image\" data-id=\"73dfade\" data-element_type=\"widget\" data-e-type=\"widget\" data-widget_type=\"image.default\">\n\t\t\t\t<div class=\"elementor-widget-container\">\n\t\t\t\t\t\t\t\t\t\t\t\t\t\t\t<img decoding=\"async\" width=\"111\" height=\"116\" src=\"https:\/\/euroissues.pt\/wp-content\/uploads\/2024\/03\/Ulrike-Grabski-Kieron.png\" class=\"attachment-large size-large wp-image-81\" alt=\"Ulrike\" \/>\t\t\t\t\t\t\t\t\t\t\t\t\t\t\t<\/div>\n\t\t\t\t<\/div>\n\t\t\t\t<div class=\"elementor-element elementor-element-1dffcd8 elementor-widget elementor-widget-text-editor\" data-id=\"1dffcd8\" data-element_type=\"widget\" data-e-type=\"widget\" data-widget_type=\"text-editor.default\">\n\t\t\t\t<div class=\"elementor-widget-container\">\n\t\t\t\t\t\t\t\t\t<h2>Ulrike Grabski-Kieron<\/h2><h1>University of M\u00fcnster, Germany<\/h1>\t\t\t\t\t\t\t\t<\/div>\n\t\t\t\t<\/div>\n\t\t\t\t<div class=\"elementor-element elementor-element-2ea736a elementor-widget elementor-widget-text-editor\" data-id=\"2ea736a\" data-element_type=\"widget\" data-e-type=\"widget\" data-widget_type=\"text-editor.default\">\n\t\t\t\t<div class=\"elementor-widget-container\">\n\t\t\t\t\t\t\t\t\t<p>Ulrike Grabski-Kieron, Dr., Professor Emeritus. Professor of Local and Regional Development and Spatial Planning at the Institute of Geography of the University of M\u00fcnster (Germany). Research interests: applied research on rural areas and rural spatial development, spatial planning, cultural geographical landscapes and land use management. She has long-term international collaborations, especially with French partners. She studied Applied Geography at Ruhr University Bochum (Germany), received her doctorate in 1985, was a research assistant until 1986 and was an executive employee of the state agency for urban and regional development in North Rhine-Westphalia (Germany), in the Technical Management Department (1986 - 1996). She was also a member of the ARL - Academy for Territorial Development of the Leibniz Association, Germany. She has served on several advisory boards and committees of the Police Council. Co-editor of the book series \u201cL\u00e4ndliche R\u00e4ume: Beitr\u00e4ge zur lokalen und regionalen Entwicklung\u201d (Rural areas: Contributions to local and regional development) (Lit-Verlag, M\u00fcnster, Germany). Since 2017, she has conducted freelance scientific activities and scientific writing projects.<\/p>\t\t\t\t\t\t\t\t<\/div>\n\t\t\t\t<\/div>\n\t\t\t\t<\/div>\n\t\t\t\t<\/div>\n\t\t<div class=\"elementor-element elementor-element-5b69120 e-con-full e-flex e-con e-child\" data-id=\"5b69120\" data-element_type=\"container\" data-e-type=\"container\">\n\t\t<div class=\"elementor-element elementor-element-5d33260 e-con-full e-flex e-con e-child\" data-id=\"5d33260\" data-element_type=\"container\" data-e-type=\"container\">\n\t\t\t\t<div class=\"elementor-element elementor-element-1cd8f65 elementor-widget elementor-widget-image\" data-id=\"1cd8f65\" data-element_type=\"widget\" data-e-type=\"widget\" data-widget_type=\"image.default\">\n\t\t\t\t<div class=\"elementor-widget-container\">\n\t\t\t\t\t\t\t\t\t\t\t\t\t\t\t<img decoding=\"async\" width=\"112\" height=\"116\" src=\"https:\/\/euroissues.pt\/wp-content\/uploads\/2024\/03\/Michael-Woods.png\" class=\"attachment-large size-large wp-image-62\" alt=\"Michael\" \/>\t\t\t\t\t\t\t\t\t\t\t\t\t\t\t<\/div>\n\t\t\t\t<\/div>\n\t\t\t\t<div class=\"elementor-element elementor-element-9a203fc elementor-widget elementor-widget-text-editor\" data-id=\"9a203fc\" data-element_type=\"widget\" data-e-type=\"widget\" data-widget_type=\"text-editor.default\">\n\t\t\t\t<div class=\"elementor-widget-container\">\n\t\t\t\t\t\t\t\t\t<h1>Michael Woods<\/h1><h1>Aberystwyth University, United Kingdom<\/h1>\t\t\t\t\t\t\t\t<\/div>\n\t\t\t\t<\/div>\n\t\t\t\t<div class=\"elementor-element elementor-element-4e6ea76 elementor-widget elementor-widget-text-editor\" data-id=\"4e6ea76\" data-element_type=\"widget\" data-e-type=\"widget\" data-widget_type=\"text-editor.default\">\n\t\t\t\t<div class=\"elementor-widget-container\">\n\t\t\t\t\t\t\t\t\t<p>Michael Woods is Professor of Human Geography and Co-Director of the Wales Centre for Politics and Society at Aberystwyth University and Co-Director of the Wales Institute for Social and Economic Research and Data (WISERD). His research interests include globalisation and rural change in the \u2018global countryside\u2019, examined through the ERC GLOBAL-RURAL project (2014-19), civil society and polarisation, explored through work packages in the WISERD ESRC Civil Society Research Centre (2014-), and spatial justice, investigated in the Horizon 2020 IMAJINE project (2017-22). These interests come together in a new ERC\/UKRI project \u2018Rural Spatial Justice\u2019 on rural support for disruptive political movements in the UK, USA and mainland Europe. Michael Woods is a former editor of the Journal of Rural Studies and the author of several books, including \u2018Rural\u2019 (Routledge, 2011) and \u2018An Introduction to Political Geography\u2019 (Routledge, 2015).<\/p>\t\t\t\t\t\t\t\t<\/div>\n\t\t\t\t<\/div>\n\t\t\t\t<\/div>\n\t\t\t\t<\/div>\n\t\t\t\t\t<\/div>\n\t\t\t\t<\/div>\n\t\t<div class=\"elementor-element elementor-element-ec664cc e-flex e-con-boxed e-con e-parent\" data-id=\"ec664cc\" data-element_type=\"container\" data-e-type=\"container\">\n\t\t\t\t\t<div class=\"e-con-inner\">\n\t\t\t\t<div class=\"elementor-element elementor-element-84857a0 elementor-widget elementor-widget-text-editor\" data-id=\"84857a0\" data-element_type=\"widget\" data-e-type=\"widget\" data-widget_type=\"text-editor.default\">\n\t\t\t\t<div class=\"elementor-widget-container\">\n\t\t\t\t\t\t\t\t\t<p><strong>Venue:<\/strong> Anfiteatro 2<\/p>\t\t\t\t\t\t\t\t<\/div>\n\t\t\t\t<\/div>\n\t\t\t\t\t<\/div>\n\t\t\t\t<\/div>\n\t\t\t\t<\/div>","protected":false},"excerpt":{"rendered":"<p>Ulrike Grabski-Kieron University of M\u00fcnster, Germany Ulrike Grabski-Kieron, Dr., Professor Emerita. Professora de Desenvolvimento Local e Regional e Ordenamento do Territ\u00f3rio no Instituto de Geografia da Universidade Muenster, Alemanha. Interesses de investiga\u00e7\u00e3o: investiga\u00e7\u00e3o aplicada sobre \u00e1reas rurais e desenvolvimento espacial rural, ordenamento do territ\u00f3rio, paisagem geogr\u00e1fica cultural e gest\u00e3o do uso do solo. Possui colabora\u00e7\u00f5es [&hellip;]<\/p>\n","protected":false},"author":1,"featured_media":0,"parent":9,"menu_order":0,"comment_status":"closed","ping_status":"closed","template":"elementor_header_footer","meta":{"ocean_post_layout":"","ocean_both_sidebars_style":"","ocean_both_sidebars_content_width":0,"ocean_both_sidebars_sidebars_width":0,"ocean_sidebar":"","ocean_second_sidebar":"","ocean_disable_margins":"enable","ocean_add_body_class":"","ocean_shortcode_before_top_bar":"","ocean_shortcode_after_top_bar":"","ocean_shortcode_before_header":"","ocean_shortcode_after_header":"","ocean_has_shortcode":"","ocean_shortcode_after_title":"","ocean_shortcode_before_footer_widgets":"","ocean_shortcode_after_footer_widgets":"","ocean_shortcode_before_footer_bottom":"","ocean_shortcode_after_footer_bottom":"","ocean_display_top_bar":"default","ocean_display_header":"default","ocean_header_style":"","ocean_center_header_left_menu":"","ocean_custom_header_template":"","ocean_custom_logo":0,"ocean_custom_retina_logo":0,"ocean_custom_logo_max_width":0,"ocean_custom_logo_tablet_max_width":0,"ocean_custom_logo_mobile_max_width":0,"ocean_custom_logo_max_height":0,"ocean_custom_logo_tablet_max_height":0,"ocean_custom_logo_mobile_max_height":0,"ocean_header_custom_menu":"","ocean_menu_typo_font_family":"","ocean_menu_typo_font_subset":"","ocean_menu_typo_font_size":0,"ocean_menu_typo_font_size_tablet":0,"ocean_menu_typo_font_size_mobile":0,"ocean_menu_typo_font_size_unit":"px","ocean_menu_typo_font_weight":"","ocean_menu_typo_font_weight_tablet":"","ocean_menu_typo_font_weight_mobile":"","ocean_menu_typo_transform":"","ocean_menu_typo_transform_tablet":"","ocean_menu_typo_transform_mobile":"","ocean_menu_typo_line_height":0,"ocean_menu_typo_line_height_tablet":0,"ocean_menu_typo_line_height_mobile":0,"ocean_menu_typo_line_height_unit":"","ocean_menu_typo_spacing":0,"ocean_menu_typo_spacing_tablet":0,"ocean_menu_typo_spacing_mobile":0,"ocean_menu_typo_spacing_unit":"","ocean_menu_link_color":"","ocean_menu_link_color_hover":"","ocean_menu_link_color_active":"","ocean_menu_link_background":"","ocean_menu_link_hover_background":"","ocean_menu_link_active_background":"","ocean_menu_social_links_bg":"","ocean_menu_social_hover_links_bg":"","ocean_menu_social_links_color":"","ocean_menu_social_hover_links_color":"","ocean_disable_title":"default","ocean_disable_heading":"default","ocean_post_title":"","ocean_post_subheading":"","ocean_post_title_style":"","ocean_post_title_background_color":"","ocean_post_title_background":0,"ocean_post_title_bg_image_position":"","ocean_post_title_bg_image_attachment":"","ocean_post_title_bg_image_repeat":"","ocean_post_title_bg_image_size":"","ocean_post_title_height":0,"ocean_post_title_bg_overlay":0.5,"ocean_post_title_bg_overlay_color":"","ocean_disable_breadcrumbs":"default","ocean_breadcrumbs_color":"","ocean_breadcrumbs_separator_color":"","ocean_breadcrumbs_links_color":"","ocean_breadcrumbs_links_hover_color":"","ocean_display_footer_widgets":"default","ocean_display_footer_bottom":"default","ocean_custom_footer_template":"","footnotes":""},"class_list":["post-60","page","type-page","status-publish","hentry","entry"],"yoast_head":"<!-- This site is optimized with the Yoast SEO plugin v27.4 - https:\/\/yoast.com\/product\/yoast-seo-wordpress\/ -->\n<title>Oradores Principais - EUROISSUES<\/title>\n<meta name=\"robots\" content=\"index, follow, max-snippet:-1, max-image-preview:large, max-video-preview:-1\" \/>\n<link rel=\"canonical\" href=\"https:\/\/euroissues.pt\/en\/jornadas-xviii-2024\/oradores-principais\/\" \/>\n<meta property=\"og:locale\" content=\"en_GB\" \/>\n<meta property=\"og:type\" content=\"article\" \/>\n<meta property=\"og:title\" content=\"Oradores Principais - EUROISSUES\" \/>\n<meta property=\"og:description\" content=\"Ulrike Grabski-Kieron University of M\u00fcnster, Germany Ulrike Grabski-Kieron, Dr., Professor Emerita. Professora de Desenvolvimento Local e Regional e Ordenamento do Territ\u00f3rio no Instituto de Geografia da Universidade Muenster, Alemanha. Interesses de investiga\u00e7\u00e3o: investiga\u00e7\u00e3o aplicada sobre \u00e1reas rurais e desenvolvimento espacial rural, ordenamento do territ\u00f3rio, paisagem geogr\u00e1fica cultural e gest\u00e3o do uso do solo. Possui colabora\u00e7\u00f5es [&hellip;]\" \/>\n<meta property=\"og:url\" content=\"https:\/\/euroissues.pt\/en\/jornadas-xviii-2024\/oradores-principais\/\" \/>\n<meta property=\"og:site_name\" content=\"EUROISSUES\" \/>\n<meta property=\"article:modified_time\" content=\"2025-03-07T20:30:32+00:00\" \/>\n<meta property=\"og:image\" content=\"https:\/\/euroissues.pt\/wp-content\/uploads\/2024\/03\/Ulrike-Grabski-Kieron.png\" \/>\n<meta name=\"twitter:card\" content=\"summary_large_image\" \/>\n<meta name=\"twitter:label1\" content=\"Estimated reading time\" \/>\n\t<meta name=\"twitter:data1\" content=\"3 minutes\" \/>\n<script type=\"application\/ld+json\" class=\"yoast-schema-graph\">{\"@context\":\"https:\\\/\\\/schema.org\",\"@graph\":[{\"@type\":\"WebPage\",\"@id\":\"https:\\\/\\\/euroissues.pt\\\/jornadas-xviii-2024\\\/oradores-principais\\\/\",\"url\":\"https:\\\/\\\/euroissues.pt\\\/jornadas-xviii-2024\\\/oradores-principais\\\/\",\"name\":\"Oradores Principais - EUROISSUES\",\"isPartOf\":{\"@id\":\"https:\\\/\\\/euroissues.pt\\\/#website\"},\"primaryImageOfPage\":{\"@id\":\"https:\\\/\\\/euroissues.pt\\\/jornadas-xviii-2024\\\/oradores-principais\\\/#primaryimage\"},\"image\":{\"@id\":\"https:\\\/\\\/euroissues.pt\\\/jornadas-xviii-2024\\\/oradores-principais\\\/#primaryimage\"},\"thumbnailUrl\":\"https:\\\/\\\/euroissues.pt\\\/wp-content\\\/uploads\\\/2024\\\/03\\\/Ulrike-Grabski-Kieron.png\",\"datePublished\":\"2024-03-13T12:44:17+00:00\",\"dateModified\":\"2025-03-07T20:30:32+00:00\",\"breadcrumb\":{\"@id\":\"https:\\\/\\\/euroissues.pt\\\/jornadas-xviii-2024\\\/oradores-principais\\\/#breadcrumb\"},\"inLanguage\":\"en-GB\",\"potentialAction\":[{\"@type\":\"ReadAction\",\"target\":[\"https:\\\/\\\/euroissues.pt\\\/jornadas-xviii-2024\\\/oradores-principais\\\/\"]}]},{\"@type\":\"ImageObject\",\"inLanguage\":\"en-GB\",\"@id\":\"https:\\\/\\\/euroissues.pt\\\/jornadas-xviii-2024\\\/oradores-principais\\\/#primaryimage\",\"url\":\"https:\\\/\\\/euroissues.pt\\\/wp-content\\\/uploads\\\/2024\\\/03\\\/Ulrike-Grabski-Kieron.png\",\"contentUrl\":\"https:\\\/\\\/euroissues.pt\\\/wp-content\\\/uploads\\\/2024\\\/03\\\/Ulrike-Grabski-Kieron.png\"},{\"@type\":\"BreadcrumbList\",\"@id\":\"https:\\\/\\\/euroissues.pt\\\/jornadas-xviii-2024\\\/oradores-principais\\\/#breadcrumb\",\"itemListElement\":[{\"@type\":\"ListItem\",\"position\":1,\"name\":\"In\u00edcio\",\"item\":\"https:\\\/\\\/euroissues.pt\\\/\"},{\"@type\":\"ListItem\",\"position\":2,\"name\":\"Jornadas XVIII \u2013 2024\",\"item\":\"https:\\\/\\\/euroissues.pt\\\/jornadas-xviii-2024\\\/\"},{\"@type\":\"ListItem\",\"position\":3,\"name\":\"Oradores Principais\"}]},{\"@type\":\"WebSite\",\"@id\":\"https:\\\/\\\/euroissues.pt\\\/#website\",\"url\":\"https:\\\/\\\/euroissues.pt\\\/\",\"name\":\"EUROISSUES\",\"description\":\"Constru\u00e7\u00e3o de Territ\u00f3rios Resilientes e Sustent\u00e1veis\",\"publisher\":{\"@id\":\"https:\\\/\\\/euroissues.pt\\\/#organization\"},\"potentialAction\":[{\"@type\":\"SearchAction\",\"target\":{\"@type\":\"EntryPoint\",\"urlTemplate\":\"https:\\\/\\\/euroissues.pt\\\/?s={search_term_string}\"},\"query-input\":{\"@type\":\"PropertyValueSpecification\",\"valueRequired\":true,\"valueName\":\"search_term_string\"}}],\"inLanguage\":\"en-GB\"},{\"@type\":\"Organization\",\"@id\":\"https:\\\/\\\/euroissues.pt\\\/#organization\",\"name\":\"EUROISSUES\",\"url\":\"https:\\\/\\\/euroissues.pt\\\/\",\"logo\":{\"@type\":\"ImageObject\",\"inLanguage\":\"en-GB\",\"@id\":\"https:\\\/\\\/euroissues.pt\\\/#\\\/schema\\\/logo\\\/image\\\/\",\"url\":\"https:\\\/\\\/euroissues.pt\\\/wp-content\\\/uploads\\\/2024\\\/06\\\/cropped-logo_2.png\",\"contentUrl\":\"https:\\\/\\\/euroissues.pt\\\/wp-content\\\/uploads\\\/2024\\\/06\\\/cropped-logo_2.png\",\"width\":500,\"height\":138,\"caption\":\"EUROISSUES\"},\"image\":{\"@id\":\"https:\\\/\\\/euroissues.pt\\\/#\\\/schema\\\/logo\\\/image\\\/\"}}]}<\/script>\n<!-- \/ Yoast SEO plugin. -->","yoast_head_json":{"title":"Oradores Principais - EUROISSUES","robots":{"index":"index","follow":"follow","max-snippet":"max-snippet:-1","max-image-preview":"max-image-preview:large","max-video-preview":"max-video-preview:-1"},"canonical":"https:\/\/euroissues.pt\/en\/jornadas-xviii-2024\/oradores-principais\/","og_locale":"en_GB","og_type":"article","og_title":"Oradores Principais - EUROISSUES","og_description":"Ulrike Grabski-Kieron University of M\u00fcnster, Germany Ulrike Grabski-Kieron, Dr., Professor Emerita. Professora de Desenvolvimento Local e Regional e Ordenamento do Territ\u00f3rio no Instituto de Geografia da Universidade Muenster, Alemanha. Interesses de investiga\u00e7\u00e3o: investiga\u00e7\u00e3o aplicada sobre \u00e1reas rurais e desenvolvimento espacial rural, ordenamento do territ\u00f3rio, paisagem geogr\u00e1fica cultural e gest\u00e3o do uso do solo. Possui colabora\u00e7\u00f5es [&hellip;]","og_url":"https:\/\/euroissues.pt\/en\/jornadas-xviii-2024\/oradores-principais\/","og_site_name":"EUROISSUES","article_modified_time":"2025-03-07T20:30:32+00:00","og_image":[{"url":"https:\/\/euroissues.pt\/wp-content\/uploads\/2024\/03\/Ulrike-Grabski-Kieron.png","type":"","width":"","height":""}],"twitter_card":"summary_large_image","twitter_misc":{"Estimated reading time":"3 minutes"},"schema":{"@context":"https:\/\/schema.org","@graph":[{"@type":"WebPage","@id":"https:\/\/euroissues.pt\/jornadas-xviii-2024\/oradores-principais\/","url":"https:\/\/euroissues.pt\/jornadas-xviii-2024\/oradores-principais\/","name":"Oradores Principais - EUROISSUES","isPartOf":{"@id":"https:\/\/euroissues.pt\/#website"},"primaryImageOfPage":{"@id":"https:\/\/euroissues.pt\/jornadas-xviii-2024\/oradores-principais\/#primaryimage"},"image":{"@id":"https:\/\/euroissues.pt\/jornadas-xviii-2024\/oradores-principais\/#primaryimage"},"thumbnailUrl":"https:\/\/euroissues.pt\/wp-content\/uploads\/2024\/03\/Ulrike-Grabski-Kieron.png","datePublished":"2024-03-13T12:44:17+00:00","dateModified":"2025-03-07T20:30:32+00:00","breadcrumb":{"@id":"https:\/\/euroissues.pt\/jornadas-xviii-2024\/oradores-principais\/#breadcrumb"},"inLanguage":"en-GB","potentialAction":[{"@type":"ReadAction","target":["https:\/\/euroissues.pt\/jornadas-xviii-2024\/oradores-principais\/"]}]},{"@type":"ImageObject","inLanguage":"en-GB","@id":"https:\/\/euroissues.pt\/jornadas-xviii-2024\/oradores-principais\/#primaryimage","url":"https:\/\/euroissues.pt\/wp-content\/uploads\/2024\/03\/Ulrike-Grabski-Kieron.png","contentUrl":"https:\/\/euroissues.pt\/wp-content\/uploads\/2024\/03\/Ulrike-Grabski-Kieron.png"},{"@type":"BreadcrumbList","@id":"https:\/\/euroissues.pt\/jornadas-xviii-2024\/oradores-principais\/#breadcrumb","itemListElement":[{"@type":"ListItem","position":1,"name":"In\u00edcio","item":"https:\/\/euroissues.pt\/"},{"@type":"ListItem","position":2,"name":"Jornadas XVIII \u2013 2024","item":"https:\/\/euroissues.pt\/jornadas-xviii-2024\/"},{"@type":"ListItem","position":3,"name":"Oradores Principais"}]},{"@type":"WebSite","@id":"https:\/\/euroissues.pt\/#website","url":"https:\/\/euroissues.pt\/","name":"EUROISSUES","description":"Constru\u00e7\u00e3o de Territ\u00f3rios Resilientes e Sustent\u00e1veis","publisher":{"@id":"https:\/\/euroissues.pt\/#organization"},"potentialAction":[{"@type":"SearchAction","target":{"@type":"EntryPoint","urlTemplate":"https:\/\/euroissues.pt\/?s={search_term_string}"},"query-input":{"@type":"PropertyValueSpecification","valueRequired":true,"valueName":"search_term_string"}}],"inLanguage":"en-GB"},{"@type":"Organization","@id":"https:\/\/euroissues.pt\/#organization","name":"EUROISSUES","url":"https:\/\/euroissues.pt\/","logo":{"@type":"ImageObject","inLanguage":"en-GB","@id":"https:\/\/euroissues.pt\/#\/schema\/logo\/image\/","url":"https:\/\/euroissues.pt\/wp-content\/uploads\/2024\/06\/cropped-logo_2.png","contentUrl":"https:\/\/euroissues.pt\/wp-content\/uploads\/2024\/06\/cropped-logo_2.png","width":500,"height":138,"caption":"EUROISSUES"},"image":{"@id":"https:\/\/euroissues.pt\/#\/schema\/logo\/image\/"}}]}},"_links":{"self":[{"href":"https:\/\/euroissues.pt\/en\/wp-json\/wp\/v2\/pages\/60","targetHints":{"allow":["GET"]}}],"collection":[{"href":"https:\/\/euroissues.pt\/en\/wp-json\/wp\/v2\/pages"}],"about":[{"href":"https:\/\/euroissues.pt\/en\/wp-json\/wp\/v2\/types\/page"}],"author":[{"embeddable":true,"href":"https:\/\/euroissues.pt\/en\/wp-json\/wp\/v2\/users\/1"}],"replies":[{"embeddable":true,"href":"https:\/\/euroissues.pt\/en\/wp-json\/wp\/v2\/comments?post=60"}],"version-history":[{"count":0,"href":"https:\/\/euroissues.pt\/en\/wp-json\/wp\/v2\/pages\/60\/revisions"}],"up":[{"embeddable":true,"href":"https:\/\/euroissues.pt\/en\/wp-json\/wp\/v2\/pages\/9"}],"wp:attachment":[{"href":"https:\/\/euroissues.pt\/en\/wp-json\/wp\/v2\/media?parent=60"}],"curies":[{"name":"wp","href":"https:\/\/api.w.org\/{rel}","templated":true}]}}