{"id":899,"date":"2024-04-15T14:23:40","date_gmt":"2024-04-15T14:23:40","guid":{"rendered":"https:\/\/euroissues.pt\/?page_id=899"},"modified":"2025-06-02T09:22:41","modified_gmt":"2025-06-02T09:22:41","slug":"comissao-de-honra","status":"publish","type":"page","link":"https:\/\/euroissues.pt\/en\/jornadas-xix-2025\/comissao-de-honra\/","title":{"rendered":"Honour Committee"},"content":{"rendered":"<div data-elementor-type=\"wp-page\" data-elementor-id=\"899\" class=\"elementor elementor-899\" data-elementor-post-type=\"page\">\n\t\t\t\t<div class=\"elementor-element elementor-element-df40da9 e-flex e-con-boxed e-con e-parent\" data-id=\"df40da9\" data-element_type=\"container\" data-e-type=\"container\">\n\t\t\t\t\t<div class=\"e-con-inner\">\n\t\t<div class=\"elementor-element elementor-element-d4769a5 e-con-full e-flex e-con e-child\" data-id=\"d4769a5\" data-element_type=\"container\" data-e-type=\"container\">\n\t\t\t\t<div class=\"elementor-element elementor-element-cae5ab8 elementor-widget elementor-widget-text-editor\" data-id=\"cae5ab8\" data-element_type=\"widget\" data-e-type=\"widget\" data-widget_type=\"text-editor.default\">\n\t\t\t\t<div class=\"elementor-widget-container\">\n\t\t\t\t\t\t\t\t\t<p style=\"line-height: 150%;\"><strong>Nuno Melo<\/strong> &#8211; Ministro da Defesa Nacional<\/p><p style=\"line-height: 150%;\"><strong>Ant\u00f3nio M. Cunha<\/strong> &#8211; Presidente da Comiss\u00e3o de Coordena\u00e7\u00e3o e Desenvolvimento Regional do Norte (CCDR-Norte)<\/p><p style=\"line-height: 150%;\"><strong>Teresa Almeida<\/strong> \u2013 Presidente da Comiss\u00e3o de Coordena\u00e7\u00e3o e Desenvolvimento Regional de Lisboa e Vale do Tejo (CCDR-LVT)<\/p><p style=\"line-height: 150%;\"><strong>Ant\u00f3nio Ceia da Silva<\/strong> \u2013 Presidente da Comiss\u00e3o de Coordena\u00e7\u00e3o e Desenvolvimento Regional do Alentejo (CCDR Alentejo)<\/p><p style=\"line-height: 150%;\"><strong>Jos\u00e9 Rodrigues Paredes<\/strong> &#8211; Presidente da C\u00e2mara Municipal de Alij\u00f3<\/p><p style=\"line-height: 150%;\"><strong>Paulo Teixeira da Silva<\/strong> &#8211; Presidente da C\u00e2mara Municipal de Mes\u00e3o Frio<\/p><p style=\"line-height: 150%;\"><strong>Lu\u00eds Nobre<\/strong> &#8211; Presidente da C\u00e2mara Municipal de Viana do Castelo<\/p><p style=\"line-height: 150%;\"><strong>Francisco de Calheiros<\/strong> &#8211; Presidente da Dire\u00e7\u00e3o da ADRIL e Presidente da Dire\u00e7\u00e3o da TURIHAB<\/p><p style=\"line-height: 150%;\"><strong>Rui Moreira<\/strong> \u2013 Presidente da C\u00e2mara Municipal do Porto<\/p><p style=\"line-height: 150%;\"><strong>Paulo Silva<\/strong> \u2013 Presidente da C\u00e2mara Municipal de Mes\u00e3o Frio<\/p><p style=\"line-height: 150%;\"><strong>Isabel Ferreira Nunes<\/strong> \u2013 Presidente, Instituto da Defesa Nacional (IDN), Portugal<\/p><p style=\"line-height: 150%;\"><strong>Maria Madalena dos Santos Alves<\/strong> \u2013 Presidente, Funda\u00e7\u00e3o para a Ci\u00eancia e a Tecnologia (FCT), Portugal<\/p><p style=\"line-height: 150%;\"><strong>Tiago Oliveira<\/strong> \u2013 Presidente, Ag\u00eancia para a Gest\u00e3o Integrada de Fogos Rurais (AGIF), Portugal<\/p><p style=\"line-height: 150%;\"><strong>Duarte Costa<\/strong> \u2013 Presidente, Autoridade Nacional de Emerg\u00eancia e Prote\u00e7\u00e3o Civil (ANEPC), Portugal<\/p><p style=\"line-height: 150%;\"><strong>Andr\u00e9 Fernandes<\/strong> \u2013 Comandante Nacional de Emerg\u00eancia e Prote\u00e7\u00e3o Civil (ANEPC), Portugal<\/p><p style=\"line-height: 150%;\"><strong>Jos\u00e9 Manuel Matias<\/strong> \u2013 Diretor Regional Adjunto, Dire\u00e7\u00e3o Regional de Agricultura e Pescas do Norte (DRAP-N), Portugal<\/p>\t\t\t\t\t\t\t\t<\/div>\n\t\t\t\t<\/div>\n\t\t\t\t<\/div>\n\t\t<div class=\"elementor-element elementor-element-da8acba e-con-full e-flex e-con e-child\" data-id=\"da8acba\" data-element_type=\"container\" data-e-type=\"container\">\n\t\t\t\t<div class=\"elementor-element elementor-element-52f4840 elementor-widget elementor-widget-text-editor\" data-id=\"52f4840\" data-element_type=\"widget\" data-e-type=\"widget\" data-widget_type=\"text-editor.default\">\n\t\t\t\t<div class=\"elementor-widget-container\">\n\t\t\t\t\t\t\t\t\t<p style=\"line-height: 150%;\"><strong>Pedro Moreira<\/strong> \u2013 Presidente, Comboios de Portugal (CP), Portugal<\/p><p style=\"line-height: 150%;\"><strong>Ros\u00e1rio Alves<\/strong> \u2013 Diretora Executiva, Forestis \u2013 Associa\u00e7\u00e3o Florestal de Portugal<\/p><p style=\"line-height: 150%;\"><strong>Lu\u00eds Almeida<\/strong> \u2013 Presidente, Associa\u00e7\u00e3o Vale do Douro<\/p><p style=\"line-height: 150%;\"><strong>Carlos Fonseca<\/strong> \u2013 Diretor de Tecnologia, FORESTWISE<\/p><p style=\"line-height: 150%;\"><strong>Duarte Caldeira<\/strong> \u2013 Presidente, Centro de Estudos e Interven\u00e7\u00e3o em Prote\u00e7\u00e3o Civil (CEIPC)<\/p><p style=\"line-height: 150%;\"><strong>Paula Pinto<\/strong> \u2013 Diretora, Faculdade de Letras da Universidade do Porto<\/p><p style=\"line-height: 150%;\"><strong>Domingos Xavier Viegas<\/strong> \u2013 Universidade de Coimbra<\/p><p style=\"line-height: 150%;\"><strong>Mary Cawley<\/strong> \u2013 Universidade Nacional da Irlanda, Galway, Irlanda<\/p><p style=\"line-height: 150%;\"><strong>Atanas Dermendzhiev<\/strong> \u2013 Universidade de Veliko Tarnovo, Bulg\u00e1ria<\/p><p style=\"line-height: 150%;\"><strong>Stella Dermendzhieva<\/strong> \u2013 Universidade de Veliko Tarnovo, Bulg\u00e1ria<\/p><p style=\"line-height: 150%;\"><strong>Ana Maria Bicalho<\/strong> \u2013 Universidade Federal do Rio de Janeiro, Brasil<\/p><p style=\"line-height: 150%;\"><strong>Scott William Hoefle<\/strong> \u2013 Universidade Federal do Rio de Janeiro, Brasil<\/p><p style=\"line-height: 150%;\"><strong>Ileana Constantinescu<\/strong> \u2013 Academia de Estudos Econ\u00f3micos, Bucareste, Rom\u00e9nia<\/p><p style=\"line-height: 150%;\"><strong>Jerzy Makowsky<\/strong> \u2013 Universidade de Vars\u00f3via, Pol\u00f3nia<\/p><p style=\"line-height: 150%;\"><strong>Fernanda Cravid\u00e3o<\/strong> \u2013 Universidade de Coimbra<\/p><p style=\"line-height: 150%;\"><strong>Ant\u00f3nio Covas<\/strong> \u2013 Universidade do Algarve<\/p><p style=\"line-height: 150%;\"><strong>Merc\u00eas Covas<\/strong> \u2013 Universidade do Algarve<\/p><p style=\"line-height: 150%;\"><strong>Artur Crist\u00f3v\u00e3o<\/strong> \u2013 Universidade de Tr\u00e1s-os-Montes e Alto Douro<\/p><p style=\"line-height: 150%;\"><strong>L\u00facio Cunha<\/strong> \u2013 Universidade de Coimbra<\/p><p style=\"line-height: 150%;\"><strong>Luciano Louren\u00e7o<\/strong> \u2013 Universidade de Coimbra<\/p>\t\t\t\t\t\t\t\t<\/div>\n\t\t\t\t<\/div>\n\t\t\t\t<\/div>\n\t\t\t\t\t<\/div>\n\t\t\t\t<\/div>\n\t\t\t\t<\/div>","protected":false},"excerpt":{"rendered":"<p>Nuno Melo &#8211; Ministro da Defesa Nacional Ant\u00f3nio M. Cunha &#8211; Presidente da Comiss\u00e3o de Coordena\u00e7\u00e3o e Desenvolvimento Regional do Norte (CCDR-Norte) Teresa Almeida \u2013 Presidente da Comiss\u00e3o de Coordena\u00e7\u00e3o e Desenvolvimento Regional de Lisboa e Vale do Tejo (CCDR-LVT) Ant\u00f3nio Ceia da Silva \u2013 Presidente da Comiss\u00e3o de Coordena\u00e7\u00e3o e Desenvolvimento Regional do Alentejo [&hellip;]<\/p>\n","protected":false},"author":1,"featured_media":0,"parent":1805,"menu_order":0,"comment_status":"closed","ping_status":"closed","template":"","meta":{"ocean_post_layout":"","ocean_both_sidebars_style":"","ocean_both_sidebars_content_width":0,"ocean_both_sidebars_sidebars_width":0,"ocean_sidebar":"","ocean_second_sidebar":"","ocean_disable_margins":"enable","ocean_add_body_class":"","ocean_shortcode_before_top_bar":"","ocean_shortcode_after_top_bar":"","ocean_shortcode_before_header":"","ocean_shortcode_after_header":"","ocean_has_shortcode":"","ocean_shortcode_after_title":"","ocean_shortcode_before_footer_widgets":"","ocean_shortcode_after_footer_widgets":"","ocean_shortcode_before_footer_bottom":"","ocean_shortcode_after_footer_bottom":"","ocean_display_top_bar":"default","ocean_display_header":"default","ocean_header_style":"","ocean_center_header_left_menu":"","ocean_custom_header_template":"","ocean_custom_logo":0,"ocean_custom_retina_logo":0,"ocean_custom_logo_max_width":0,"ocean_custom_logo_tablet_max_width":0,"ocean_custom_logo_mobile_max_width":0,"ocean_custom_logo_max_height":0,"ocean_custom_logo_tablet_max_height":0,"ocean_custom_logo_mobile_max_height":0,"ocean_header_custom_menu":"","ocean_menu_typo_font_family":"","ocean_menu_typo_font_subset":"","ocean_menu_typo_font_size":0,"ocean_menu_typo_font_size_tablet":0,"ocean_menu_typo_font_size_mobile":0,"ocean_menu_typo_font_size_unit":"px","ocean_menu_typo_font_weight":"","ocean_menu_typo_font_weight_tablet":"","ocean_menu_typo_font_weight_mobile":"","ocean_menu_typo_transform":"","ocean_menu_typo_transform_tablet":"","ocean_menu_typo_transform_mobile":"","ocean_menu_typo_line_height":0,"ocean_menu_typo_line_height_tablet":0,"ocean_menu_typo_line_height_mobile":0,"ocean_menu_typo_line_height_unit":"","ocean_menu_typo_spacing":0,"ocean_menu_typo_spacing_tablet":0,"ocean_menu_typo_spacing_mobile":0,"ocean_menu_typo_spacing_unit":"","ocean_menu_link_color":"","ocean_menu_link_color_hover":"","ocean_menu_link_color_active":"","ocean_menu_link_background":"","ocean_menu_link_hover_background":"","ocean_menu_link_active_background":"","ocean_menu_social_links_bg":"","ocean_menu_social_hover_links_bg":"","ocean_menu_social_links_color":"","ocean_menu_social_hover_links_color":"","ocean_disable_title":"default","ocean_disable_heading":"default","ocean_post_title":"","ocean_post_subheading":"","ocean_post_title_style":"","ocean_post_title_background_color":"","ocean_post_title_background":0,"ocean_post_title_bg_image_position":"","ocean_post_title_bg_image_attachment":"","ocean_post_title_bg_image_repeat":"","ocean_post_title_bg_image_size":"","ocean_post_title_height":0,"ocean_post_title_bg_overlay":0.5,"ocean_post_title_bg_overlay_color":"","ocean_disable_breadcrumbs":"default","ocean_breadcrumbs_color":"","ocean_breadcrumbs_separator_color":"","ocean_breadcrumbs_links_color":"","ocean_breadcrumbs_links_hover_color":"","ocean_display_footer_widgets":"default","ocean_display_footer_bottom":"default","ocean_custom_footer_template":"","footnotes":""},"class_list":["post-899","page","type-page","status-publish","hentry","entry"],"yoast_head":"<!-- This site is optimized with the Yoast SEO plugin v27.4 - https:\/\/yoast.com\/product\/yoast-seo-wordpress\/ -->\n<title>Comiss\u00e3o de Honra - EUROISSUES<\/title>\n<meta name=\"robots\" content=\"index, follow, max-snippet:-1, max-image-preview:large, max-video-preview:-1\" \/>\n<link rel=\"canonical\" href=\"http:\/\/euroissues.pt\/en\/jornadas-xix-2025\/comissao-de-honra\/\" \/>\n<meta property=\"og:locale\" content=\"en_GB\" \/>\n<meta property=\"og:type\" content=\"article\" \/>\n<meta property=\"og:title\" content=\"Comiss\u00e3o de Honra - EUROISSUES\" \/>\n<meta property=\"og:description\" content=\"Nuno Melo &#8211; Ministro da Defesa Nacional Ant\u00f3nio M. Cunha &#8211; Presidente da Comiss\u00e3o de Coordena\u00e7\u00e3o e Desenvolvimento Regional do Norte (CCDR-Norte) Teresa Almeida \u2013 Presidente da Comiss\u00e3o de Coordena\u00e7\u00e3o e Desenvolvimento Regional de Lisboa e Vale do Tejo (CCDR-LVT) Ant\u00f3nio Ceia da Silva \u2013 Presidente da Comiss\u00e3o de Coordena\u00e7\u00e3o e Desenvolvimento Regional do Alentejo [&hellip;]\" \/>\n<meta property=\"og:url\" content=\"http:\/\/euroissues.pt\/en\/jornadas-xix-2025\/comissao-de-honra\/\" \/>\n<meta property=\"og:site_name\" content=\"EUROISSUES\" \/>\n<meta property=\"article:modified_time\" content=\"2025-06-02T09:22:41+00:00\" \/>\n<meta name=\"twitter:card\" content=\"summary_large_image\" \/>\n<meta name=\"twitter:label1\" content=\"Estimated reading time\" \/>\n\t<meta name=\"twitter:data1\" content=\"2 minutes\" \/>\n<script type=\"application\/ld+json\" class=\"yoast-schema-graph\">{\"@context\":\"https:\\\/\\\/schema.org\",\"@graph\":[{\"@type\":\"WebPage\",\"@id\":\"http:\\\/\\\/euroissues.pt\\\/en\\\/jornadas-xix-2025\\\/comissao-de-honra\\\/\",\"url\":\"http:\\\/\\\/euroissues.pt\\\/en\\\/jornadas-xix-2025\\\/comissao-de-honra\\\/\",\"name\":\"Comiss\u00e3o de Honra - EUROISSUES\",\"isPartOf\":{\"@id\":\"https:\\\/\\\/euroissues.pt\\\/#website\"},\"datePublished\":\"2024-04-15T14:23:40+00:00\",\"dateModified\":\"2025-06-02T09:22:41+00:00\",\"breadcrumb\":{\"@id\":\"http:\\\/\\\/euroissues.pt\\\/en\\\/jornadas-xix-2025\\\/comissao-de-honra\\\/#breadcrumb\"},\"inLanguage\":\"en-GB\",\"potentialAction\":[{\"@type\":\"ReadAction\",\"target\":[\"http:\\\/\\\/euroissues.pt\\\/en\\\/jornadas-xix-2025\\\/comissao-de-honra\\\/\"]}]},{\"@type\":\"BreadcrumbList\",\"@id\":\"http:\\\/\\\/euroissues.pt\\\/en\\\/jornadas-xix-2025\\\/comissao-de-honra\\\/#breadcrumb\",\"itemListElement\":[{\"@type\":\"ListItem\",\"position\":1,\"name\":\"In\u00edcio\",\"item\":\"https:\\\/\\\/euroissues.pt\\\/\"},{\"@type\":\"ListItem\",\"position\":2,\"name\":\"Jornadas XIX \u2013 2025\",\"item\":\"https:\\\/\\\/euroissues.pt\\\/jornadas-xix-2025\\\/\"},{\"@type\":\"ListItem\",\"position\":3,\"name\":\"Comiss\u00e3o de Honra\"}]},{\"@type\":\"WebSite\",\"@id\":\"https:\\\/\\\/euroissues.pt\\\/#website\",\"url\":\"https:\\\/\\\/euroissues.pt\\\/\",\"name\":\"EUROISSUES\",\"description\":\"Constru\u00e7\u00e3o de Territ\u00f3rios Resilientes e Sustent\u00e1veis\",\"publisher\":{\"@id\":\"https:\\\/\\\/euroissues.pt\\\/#organization\"},\"potentialAction\":[{\"@type\":\"SearchAction\",\"target\":{\"@type\":\"EntryPoint\",\"urlTemplate\":\"https:\\\/\\\/euroissues.pt\\\/?s={search_term_string}\"},\"query-input\":{\"@type\":\"PropertyValueSpecification\",\"valueRequired\":true,\"valueName\":\"search_term_string\"}}],\"inLanguage\":\"en-GB\"},{\"@type\":\"Organization\",\"@id\":\"https:\\\/\\\/euroissues.pt\\\/#organization\",\"name\":\"EUROISSUES\",\"url\":\"https:\\\/\\\/euroissues.pt\\\/\",\"logo\":{\"@type\":\"ImageObject\",\"inLanguage\":\"en-GB\",\"@id\":\"https:\\\/\\\/euroissues.pt\\\/#\\\/schema\\\/logo\\\/image\\\/\",\"url\":\"https:\\\/\\\/euroissues.pt\\\/wp-content\\\/uploads\\\/2024\\\/06\\\/cropped-logo_2.png\",\"contentUrl\":\"https:\\\/\\\/euroissues.pt\\\/wp-content\\\/uploads\\\/2024\\\/06\\\/cropped-logo_2.png\",\"width\":500,\"height\":138,\"caption\":\"EUROISSUES\"},\"image\":{\"@id\":\"https:\\\/\\\/euroissues.pt\\\/#\\\/schema\\\/logo\\\/image\\\/\"}}]}<\/script>\n<!-- \/ Yoast SEO plugin. -->","yoast_head_json":{"title":"Comiss\u00e3o de Honra - EUROISSUES","robots":{"index":"index","follow":"follow","max-snippet":"max-snippet:-1","max-image-preview":"max-image-preview:large","max-video-preview":"max-video-preview:-1"},"canonical":"http:\/\/euroissues.pt\/en\/jornadas-xix-2025\/comissao-de-honra\/","og_locale":"en_GB","og_type":"article","og_title":"Comiss\u00e3o de Honra - EUROISSUES","og_description":"Nuno Melo &#8211; Ministro da Defesa Nacional Ant\u00f3nio M. Cunha &#8211; Presidente da Comiss\u00e3o de Coordena\u00e7\u00e3o e Desenvolvimento Regional do Norte (CCDR-Norte) Teresa Almeida \u2013 Presidente da Comiss\u00e3o de Coordena\u00e7\u00e3o e Desenvolvimento Regional de Lisboa e Vale do Tejo (CCDR-LVT) Ant\u00f3nio Ceia da Silva \u2013 Presidente da Comiss\u00e3o de Coordena\u00e7\u00e3o e Desenvolvimento Regional do Alentejo [&hellip;]","og_url":"http:\/\/euroissues.pt\/en\/jornadas-xix-2025\/comissao-de-honra\/","og_site_name":"EUROISSUES","article_modified_time":"2025-06-02T09:22:41+00:00","twitter_card":"summary_large_image","twitter_misc":{"Estimated reading time":"2 minutes"},"schema":{"@context":"https:\/\/schema.org","@graph":[{"@type":"WebPage","@id":"http:\/\/euroissues.pt\/en\/jornadas-xix-2025\/comissao-de-honra\/","url":"http:\/\/euroissues.pt\/en\/jornadas-xix-2025\/comissao-de-honra\/","name":"Comiss\u00e3o de Honra - EUROISSUES","isPartOf":{"@id":"https:\/\/euroissues.pt\/#website"},"datePublished":"2024-04-15T14:23:40+00:00","dateModified":"2025-06-02T09:22:41+00:00","breadcrumb":{"@id":"http:\/\/euroissues.pt\/en\/jornadas-xix-2025\/comissao-de-honra\/#breadcrumb"},"inLanguage":"en-GB","potentialAction":[{"@type":"ReadAction","target":["http:\/\/euroissues.pt\/en\/jornadas-xix-2025\/comissao-de-honra\/"]}]},{"@type":"BreadcrumbList","@id":"http:\/\/euroissues.pt\/en\/jornadas-xix-2025\/comissao-de-honra\/#breadcrumb","itemListElement":[{"@type":"ListItem","position":1,"name":"In\u00edcio","item":"https:\/\/euroissues.pt\/"},{"@type":"ListItem","position":2,"name":"Jornadas XIX \u2013 2025","item":"https:\/\/euroissues.pt\/jornadas-xix-2025\/"},{"@type":"ListItem","position":3,"name":"Comiss\u00e3o de Honra"}]},{"@type":"WebSite","@id":"https:\/\/euroissues.pt\/#website","url":"https:\/\/euroissues.pt\/","name":"EUROISSUES","description":"Constru\u00e7\u00e3o de Territ\u00f3rios Resilientes e Sustent\u00e1veis","publisher":{"@id":"https:\/\/euroissues.pt\/#organization"},"potentialAction":[{"@type":"SearchAction","target":{"@type":"EntryPoint","urlTemplate":"https:\/\/euroissues.pt\/?s={search_term_string}"},"query-input":{"@type":"PropertyValueSpecification","valueRequired":true,"valueName":"search_term_string"}}],"inLanguage":"en-GB"},{"@type":"Organization","@id":"https:\/\/euroissues.pt\/#organization","name":"EUROISSUES","url":"https:\/\/euroissues.pt\/","logo":{"@type":"ImageObject","inLanguage":"en-GB","@id":"https:\/\/euroissues.pt\/#\/schema\/logo\/image\/","url":"https:\/\/euroissues.pt\/wp-content\/uploads\/2024\/06\/cropped-logo_2.png","contentUrl":"https:\/\/euroissues.pt\/wp-content\/uploads\/2024\/06\/cropped-logo_2.png","width":500,"height":138,"caption":"EUROISSUES"},"image":{"@id":"https:\/\/euroissues.pt\/#\/schema\/logo\/image\/"}}]}},"_links":{"self":[{"href":"https:\/\/euroissues.pt\/en\/wp-json\/wp\/v2\/pages\/899","targetHints":{"allow":["GET"]}}],"collection":[{"href":"https:\/\/euroissues.pt\/en\/wp-json\/wp\/v2\/pages"}],"about":[{"href":"https:\/\/euroissues.pt\/en\/wp-json\/wp\/v2\/types\/page"}],"author":[{"embeddable":true,"href":"https:\/\/euroissues.pt\/en\/wp-json\/wp\/v2\/users\/1"}],"replies":[{"embeddable":true,"href":"https:\/\/euroissues.pt\/en\/wp-json\/wp\/v2\/comments?post=899"}],"version-history":[{"count":6,"href":"https:\/\/euroissues.pt\/en\/wp-json\/wp\/v2\/pages\/899\/revisions"}],"predecessor-version":[{"id":3100,"href":"https:\/\/euroissues.pt\/en\/wp-json\/wp\/v2\/pages\/899\/revisions\/3100"}],"up":[{"embeddable":true,"href":"https:\/\/euroissues.pt\/en\/wp-json\/wp\/v2\/pages\/1805"}],"wp:attachment":[{"href":"https:\/\/euroissues.pt\/en\/wp-json\/wp\/v2\/media?parent=899"}],"curies":[{"name":"wp","href":"https:\/\/api.w.org\/{rel}","templated":true}]}}