{"id":9,"date":"2024-03-13T11:19:39","date_gmt":"2024-03-13T11:19:39","guid":{"rendered":"https:\/\/euroissues.pt\/?page_id=9"},"modified":"2025-06-09T16:50:34","modified_gmt":"2025-06-09T16:50:34","slug":"jornadas-xviii-2024","status":"publish","type":"page","link":"https:\/\/euroissues.pt\/en\/jornadas-xviii-2024\/","title":{"rendered":"XVIII Seminars - 2024"},"content":{"rendered":"<div data-elementor-type=\"wp-page\" data-elementor-id=\"9\" class=\"elementor elementor-9\" data-elementor-post-type=\"page\">\n\t\t\t\t<div class=\"elementor-element elementor-element-128c4b8 e-flex e-con-boxed e-con e-parent\" data-id=\"128c4b8\" data-element_type=\"container\" data-e-type=\"container\">\n\t\t\t\t\t<div class=\"e-con-inner\">\n\t\t\t\t<div class=\"elementor-element elementor-element-8c3c78f elementor-widget elementor-widget-heading\" data-id=\"8c3c78f\" data-element_type=\"widget\" data-e-type=\"widget\" data-widget_type=\"heading.default\">\n\t\t\t\t<div class=\"elementor-widget-container\">\n\t\t\t\t\t<h2 class=\"elementor-heading-title elementor-size-default\">Welcome<\/h2>\t\t\t\t<\/div>\n\t\t\t\t<\/div>\n\t\t\t\t\t<\/div>\n\t\t\t\t<\/div>\n\t\t<div class=\"elementor-element elementor-element-2493c8b e-flex e-con-boxed e-con e-parent\" data-id=\"2493c8b\" data-element_type=\"container\" data-e-type=\"container\">\n\t\t\t\t\t<div class=\"e-con-inner\">\n\t\t<div class=\"elementor-element elementor-element-98495d0 e-con-full e-flex e-con e-child\" data-id=\"98495d0\" data-element_type=\"container\" data-e-type=\"container\">\n\t\t\t\t<div class=\"elementor-element elementor-element-56ae846 elementor-widget elementor-widget-text-editor\" data-id=\"56ae846\" data-element_type=\"widget\" data-e-type=\"widget\" data-widget_type=\"text-editor.default\">\n\t\t\t\t<div class=\"elementor-widget-container\">\n\t\t\t\t\t\t\t\t\t<p class=\"translation-block\">Welcome to the <strong>XVIII International Seminars on the Overarching Issues of the European Area!<\/strong><br>\nThe eighteenth edition of this conference proves the important role that science and academia play in questioning, debating, and endeavouring to provide answers to the various challenges we are facing as a society (on a national and international scale). In the current context, despite profound changes over the last few decades, there is still a pressing need to continue the dynamics established in previous editions. The main goal is to broaden the discussion on multiple issues with the participation and contribution of renowned specialists and academics from various continents, as well as representatives of prominent institutions and civil society. They are irreplaceable players in the mitigation and resolution of the problems addressed, regardless of whether they are social, cultural, economic, or environmental.<p><p>\n\nAs President, and on behalf of the Organising Committee of the XVIII International Seminars on the Overarching Issues of the European Area, we invite you to visit the city of Porto and share your expertise and experience with the academic community. The contributions and combined efforts from all the participants will lead to strategies and solutions can be developed and deepened to overcome the many problems facing the world today.<p><p>\n\nWe look forward to your presence and collaboration. We hope you will have an enriching and unforgettable professional and scientific experience.<p><p>\n\nIt will be a great pleasure to welcome you to our historical city, to listen to the relevant contributions across multiple thematic sessions and debates, or through the presentation of posters.<p><p>\n\nWelcome to the <strong>University of Porto<\/strong> and to <strong>Portugal!<\/strong><\/p><p><strong>Maria Helena Pina<\/strong><br \/>President of the Organising Committee, University of Porto, Portugal<\/p>\t\t\t\t\t\t\t\t<\/div>\n\t\t\t\t<\/div>\n\t\t\t\t<\/div>\n\t\t<div class=\"elementor-element elementor-element-fbf8808 e-con-full e-flex e-con e-child\" data-id=\"fbf8808\" data-element_type=\"container\" data-e-type=\"container\">\n\t\t\t\t<div class=\"elementor-element elementor-element-ab6c62e elementor-widget elementor-widget-heading\" data-id=\"ab6c62e\" data-element_type=\"widget\" data-e-type=\"widget\" data-widget_type=\"heading.default\">\n\t\t\t\t<div class=\"elementor-widget-container\">\n\t\t\t\t\t<h2 class=\"elementor-heading-title elementor-size-default\">XVIII International Seminars on the Overarching Issues of the European Area<\/h2>\t\t\t\t<\/div>\n\t\t\t\t<\/div>\n\t\t\t\t<div class=\"elementor-element elementor-element-aed5ab8 elementor-widget elementor-widget-heading\" data-id=\"aed5ab8\" data-element_type=\"widget\" data-e-type=\"widget\" data-widget_type=\"heading.default\">\n\t\t\t\t<div class=\"elementor-widget-container\">\n\t\t\t\t\t<h2 class=\"elementor-heading-title elementor-size-default\">\"Building Sustainable and Resilient Territories\"<\/h2>\t\t\t\t<\/div>\n\t\t\t\t<\/div>\n\t\t\t\t<div class=\"elementor-element elementor-element-bd58716 elementor-widget elementor-widget-heading\" data-id=\"bd58716\" data-element_type=\"widget\" data-e-type=\"widget\" data-widget_type=\"heading.default\">\n\t\t\t\t<div class=\"elementor-widget-container\">\n\t\t\t\t\t<h2 class=\"elementor-heading-title elementor-size-default\">Porto, Portugal<br> 23rd to 26th May 2024<\/h2>\t\t\t\t<\/div>\n\t\t\t\t<\/div>\n\t\t<div class=\"elementor-element elementor-element-ca28ed7 e-grid e-con-boxed e-con e-child\" data-id=\"ca28ed7\" data-element_type=\"container\" data-e-type=\"container\">\n\t\t\t\t\t<div class=\"e-con-inner\">\n\t\t\t\t<div class=\"elementor-element elementor-element-b44ab56 elementor-widget elementor-widget-text-editor\" data-id=\"b44ab56\" data-element_type=\"widget\" data-e-type=\"widget\" data-widget_type=\"text-editor.default\">\n\t\t\t\t<div class=\"elementor-widget-container\">\n\t\t\t\t\t\t\t\t\t<p><strong>Com o Alto Patroc\u00ednio de Sua Excel\u00eancia\u00a0<\/strong><\/p><p><strong>With the High Patronage of The President of the Portuguese Republic<\/strong><\/p>\t\t\t\t\t\t\t\t<\/div>\n\t\t\t\t<\/div>\n\t\t\t\t<div class=\"elementor-element elementor-element-ff8f571 elementor-widget elementor-widget-image\" data-id=\"ff8f571\" data-element_type=\"widget\" data-e-type=\"widget\" data-widget_type=\"image.default\">\n\t\t\t\t<div class=\"elementor-widget-container\">\n\t\t\t\t\t\t\t\t\t\t\t\t<figure class=\"wp-caption\">\n\t\t\t\t\t\t\t\t\t\t<img decoding=\"async\" src=\"https:\/\/www.presidencia.pt\/theme\/images\/brasao_PRP_cores_250px.svg\" title=\"\" alt=\"\" loading=\"lazy\" \/>\t\t\t\t\t\t\t\t\t\t\t<figcaption class=\"widget-image-caption wp-caption-text\">The Presidente of the Portuguese Republic<\/figcaption>\n\t\t\t\t\t\t\t\t\t\t<\/figure>\n\t\t\t\t\t\t\t\t\t<\/div>\n\t\t\t\t<\/div>\n\t\t\t\t\t<\/div>\n\t\t\t\t<\/div>\n\t\t\t\t<div class=\"elementor-element elementor-element-a0cd438 elementor-widget elementor-widget-image\" data-id=\"a0cd438\" data-element_type=\"widget\" data-e-type=\"widget\" data-widget_type=\"image.default\">\n\t\t\t\t<div class=\"elementor-widget-container\">\n\t\t\t\t\t\t\t\t\t\t\t\t\t\t\t<img fetchpriority=\"high\" decoding=\"async\" width=\"1024\" height=\"545\" src=\"https:\/\/euroissues.pt\/wp-content\/uploads\/2025\/05\/F1AHVJSWAAg1qt--1024x545.jpeg\" class=\"attachment-large size-large wp-image-2842\" alt=\"\" srcset=\"https:\/\/euroissues.pt\/wp-content\/uploads\/2025\/05\/F1AHVJSWAAg1qt--1024x545.jpeg 1024w, https:\/\/euroissues.pt\/wp-content\/uploads\/2025\/05\/F1AHVJSWAAg1qt--300x160.jpeg 300w, https:\/\/euroissues.pt\/wp-content\/uploads\/2025\/05\/F1AHVJSWAAg1qt--768x409.jpeg 768w, https:\/\/euroissues.pt\/wp-content\/uploads\/2025\/05\/F1AHVJSWAAg1qt--1536x818.jpeg 1536w, https:\/\/euroissues.pt\/wp-content\/uploads\/2025\/05\/F1AHVJSWAAg1qt--2048x1091.jpeg 2048w, https:\/\/euroissues.pt\/wp-content\/uploads\/2025\/05\/F1AHVJSWAAg1qt--18x10.jpeg 18w, https:\/\/euroissues.pt\/wp-content\/uploads\/2025\/05\/F1AHVJSWAAg1qt--1320x703.jpeg 1320w\" sizes=\"(max-width: 1024px) 100vw, 1024px\" \/>\t\t\t\t\t\t\t\t\t\t\t\t\t\t\t<\/div>\n\t\t\t\t<\/div>\n\t\t\t\t<\/div>\n\t\t\t\t\t<\/div>\n\t\t\t\t<\/div>\n\t\t<div class=\"elementor-element elementor-element-7627e8b e-flex e-con-boxed e-con e-parent\" data-id=\"7627e8b\" data-element_type=\"container\" data-e-type=\"container\">\n\t\t\t\t\t<div class=\"e-con-inner\">\n\t\t<div class=\"elementor-element elementor-element-ac26e9d e-con-full e-flex e-con e-child\" data-id=\"ac26e9d\" data-element_type=\"container\" data-e-type=\"container\">\n\t\t\t\t<div class=\"elementor-element elementor-element-6f860cf elementor-widget elementor-widget-text-editor\" data-id=\"6f860cf\" data-element_type=\"widget\" data-e-type=\"widget\" data-widget_type=\"text-editor.default\">\n\t\t\t\t<div class=\"elementor-widget-container\">\n\t\t\t\t\t\t\t\t\t<p style=\"text-align: center;\"><strong>This work is financed by national funds through <\/strong><strong>FCT \u2013 Foundation for Science and Technology, I.P., within the scope of project UID\/04084 \u2013 Center for Studies in Geography and Spatial Planning.<\/strong><\/p>\t\t\t\t\t\t\t\t<\/div>\n\t\t\t\t<\/div>\n\t\t\t\t<\/div>\n\t\t\t\t\t<\/div>\n\t\t\t\t<\/div>\n\t\t\t\t<\/div>","protected":false},"excerpt":{"rendered":"<p>Boas Vindas Bem-vindos \u00e0s\u00a0XVIII Jornadas Internacionais sobre Grandes Problem\u00e1ticas do Espa\u00e7o Europeu!A d\u00e9cima oitava edi\u00e7\u00e3o deste evento, comprova o importante papel que a ci\u00eancia e a academia possuem para questionar, debater e tentar dar respostas aos v\u00e1rios desafios que, como sociedade (\u00e0 escala nacional e internacional), enfrentamos. No contexto atual, apesar das altera\u00e7\u00f5es observadas ao [&hellip;]<\/p>\n","protected":false},"author":1,"featured_media":0,"parent":0,"menu_order":0,"comment_status":"closed","ping_status":"closed","template":"elementor_header_footer","meta":{"ocean_post_layout":"","ocean_both_sidebars_style":"","ocean_both_sidebars_content_width":0,"ocean_both_sidebars_sidebars_width":0,"ocean_sidebar":"","ocean_second_sidebar":"","ocean_disable_margins":"enable","ocean_add_body_class":"","ocean_shortcode_before_top_bar":"","ocean_shortcode_after_top_bar":"","ocean_shortcode_before_header":"","ocean_shortcode_after_header":"","ocean_has_shortcode":"","ocean_shortcode_after_title":"","ocean_shortcode_before_footer_widgets":"","ocean_shortcode_after_footer_widgets":"","ocean_shortcode_before_footer_bottom":"","ocean_shortcode_after_footer_bottom":"","ocean_display_top_bar":"default","ocean_display_header":"default","ocean_header_style":"","ocean_center_header_left_menu":"","ocean_custom_header_template":"","ocean_custom_logo":0,"ocean_custom_retina_logo":0,"ocean_custom_logo_max_width":0,"ocean_custom_logo_tablet_max_width":0,"ocean_custom_logo_mobile_max_width":0,"ocean_custom_logo_max_height":0,"ocean_custom_logo_tablet_max_height":0,"ocean_custom_logo_mobile_max_height":0,"ocean_header_custom_menu":"","ocean_menu_typo_font_family":"","ocean_menu_typo_font_subset":"","ocean_menu_typo_font_size":0,"ocean_menu_typo_font_size_tablet":0,"ocean_menu_typo_font_size_mobile":0,"ocean_menu_typo_font_size_unit":"px","ocean_menu_typo_font_weight":"","ocean_menu_typo_font_weight_tablet":"","ocean_menu_typo_font_weight_mobile":"","ocean_menu_typo_transform":"","ocean_menu_typo_transform_tablet":"","ocean_menu_typo_transform_mobile":"","ocean_menu_typo_line_height":0,"ocean_menu_typo_line_height_tablet":0,"ocean_menu_typo_line_height_mobile":0,"ocean_menu_typo_line_height_unit":"","ocean_menu_typo_spacing":0,"ocean_menu_typo_spacing_tablet":0,"ocean_menu_typo_spacing_mobile":0,"ocean_menu_typo_spacing_unit":"","ocean_menu_link_color":"","ocean_menu_link_color_hover":"","ocean_menu_link_color_active":"","ocean_menu_link_background":"","ocean_menu_link_hover_background":"","ocean_menu_link_active_background":"","ocean_menu_social_links_bg":"","ocean_menu_social_hover_links_bg":"","ocean_menu_social_links_color":"","ocean_menu_social_hover_links_color":"","ocean_disable_title":"default","ocean_disable_heading":"default","ocean_post_title":"","ocean_post_subheading":"","ocean_post_title_style":"","ocean_post_title_background_color":"","ocean_post_title_background":0,"ocean_post_title_bg_image_position":"","ocean_post_title_bg_image_attachment":"","ocean_post_title_bg_image_repeat":"","ocean_post_title_bg_image_size":"","ocean_post_title_height":0,"ocean_post_title_bg_overlay":0.5,"ocean_post_title_bg_overlay_color":"","ocean_disable_breadcrumbs":"default","ocean_breadcrumbs_color":"","ocean_breadcrumbs_separator_color":"","ocean_breadcrumbs_links_color":"","ocean_breadcrumbs_links_hover_color":"","ocean_display_footer_widgets":"default","ocean_display_footer_bottom":"default","ocean_custom_footer_template":"","footnotes":""},"class_list":["post-9","page","type-page","status-publish","hentry","entry"],"yoast_head":"<!-- This site is optimized with the Yoast SEO plugin v27.4 - https:\/\/yoast.com\/product\/yoast-seo-wordpress\/ -->\n<title>Jornadas XVIII \u2013 2024 - EUROISSUES<\/title>\n<meta name=\"robots\" content=\"index, follow, max-snippet:-1, max-image-preview:large, max-video-preview:-1\" \/>\n<link rel=\"canonical\" href=\"https:\/\/euroissues.pt\/en\/jornadas-xviii-2024\/\" \/>\n<meta property=\"og:locale\" content=\"en_GB\" \/>\n<meta property=\"og:type\" content=\"article\" \/>\n<meta property=\"og:title\" content=\"Jornadas XVIII \u2013 2024 - EUROISSUES\" \/>\n<meta property=\"og:description\" content=\"Boas Vindas Bem-vindos \u00e0s\u00a0XVIII Jornadas Internacionais sobre Grandes Problem\u00e1ticas do Espa\u00e7o Europeu!A d\u00e9cima oitava edi\u00e7\u00e3o deste evento, comprova o importante papel que a ci\u00eancia e a academia possuem para questionar, debater e tentar dar respostas aos v\u00e1rios desafios que, como sociedade (\u00e0 escala nacional e internacional), enfrentamos. No contexto atual, apesar das altera\u00e7\u00f5es observadas ao [&hellip;]\" \/>\n<meta property=\"og:url\" content=\"https:\/\/euroissues.pt\/en\/jornadas-xviii-2024\/\" \/>\n<meta property=\"og:site_name\" content=\"EUROISSUES\" \/>\n<meta property=\"article:modified_time\" content=\"2025-06-09T16:50:34+00:00\" \/>\n<meta property=\"og:image\" content=\"https:\/\/www.presidencia.pt\/theme\/images\/brasao_PRP_cores_250px.svg\" \/>\n<meta name=\"twitter:card\" content=\"summary_large_image\" \/>\n<meta name=\"twitter:label1\" content=\"Estimated reading time\" \/>\n\t<meta name=\"twitter:data1\" content=\"3 minutes\" \/>\n<script type=\"application\/ld+json\" class=\"yoast-schema-graph\">{\"@context\":\"https:\\\/\\\/schema.org\",\"@graph\":[{\"@type\":\"WebPage\",\"@id\":\"https:\\\/\\\/euroissues.pt\\\/jornadas-xviii-2024\\\/\",\"url\":\"https:\\\/\\\/euroissues.pt\\\/jornadas-xviii-2024\\\/\",\"name\":\"Jornadas XVIII \u2013 2024 - EUROISSUES\",\"isPartOf\":{\"@id\":\"https:\\\/\\\/euroissues.pt\\\/#website\"},\"primaryImageOfPage\":{\"@id\":\"https:\\\/\\\/euroissues.pt\\\/jornadas-xviii-2024\\\/#primaryimage\"},\"image\":{\"@id\":\"https:\\\/\\\/euroissues.pt\\\/jornadas-xviii-2024\\\/#primaryimage\"},\"thumbnailUrl\":\"https:\\\/\\\/www.presidencia.pt\\\/theme\\\/images\\\/brasao_PRP_cores_250px.svg\",\"datePublished\":\"2024-03-13T11:19:39+00:00\",\"dateModified\":\"2025-06-09T16:50:34+00:00\",\"breadcrumb\":{\"@id\":\"https:\\\/\\\/euroissues.pt\\\/jornadas-xviii-2024\\\/#breadcrumb\"},\"inLanguage\":\"en-GB\",\"potentialAction\":[{\"@type\":\"ReadAction\",\"target\":[\"https:\\\/\\\/euroissues.pt\\\/jornadas-xviii-2024\\\/\"]}]},{\"@type\":\"ImageObject\",\"inLanguage\":\"en-GB\",\"@id\":\"https:\\\/\\\/euroissues.pt\\\/jornadas-xviii-2024\\\/#primaryimage\",\"url\":\"https:\\\/\\\/www.presidencia.pt\\\/theme\\\/images\\\/brasao_PRP_cores_250px.svg\",\"contentUrl\":\"https:\\\/\\\/www.presidencia.pt\\\/theme\\\/images\\\/brasao_PRP_cores_250px.svg\"},{\"@type\":\"BreadcrumbList\",\"@id\":\"https:\\\/\\\/euroissues.pt\\\/jornadas-xviii-2024\\\/#breadcrumb\",\"itemListElement\":[{\"@type\":\"ListItem\",\"position\":1,\"name\":\"In\u00edcio\",\"item\":\"https:\\\/\\\/euroissues.pt\\\/\"},{\"@type\":\"ListItem\",\"position\":2,\"name\":\"Jornadas XVIII \u2013 2024\"}]},{\"@type\":\"WebSite\",\"@id\":\"https:\\\/\\\/euroissues.pt\\\/#website\",\"url\":\"https:\\\/\\\/euroissues.pt\\\/\",\"name\":\"EUROISSUES\",\"description\":\"Constru\u00e7\u00e3o de Territ\u00f3rios Resilientes e Sustent\u00e1veis\",\"publisher\":{\"@id\":\"https:\\\/\\\/euroissues.pt\\\/#organization\"},\"potentialAction\":[{\"@type\":\"SearchAction\",\"target\":{\"@type\":\"EntryPoint\",\"urlTemplate\":\"https:\\\/\\\/euroissues.pt\\\/?s={search_term_string}\"},\"query-input\":{\"@type\":\"PropertyValueSpecification\",\"valueRequired\":true,\"valueName\":\"search_term_string\"}}],\"inLanguage\":\"en-GB\"},{\"@type\":\"Organization\",\"@id\":\"https:\\\/\\\/euroissues.pt\\\/#organization\",\"name\":\"EUROISSUES\",\"url\":\"https:\\\/\\\/euroissues.pt\\\/\",\"logo\":{\"@type\":\"ImageObject\",\"inLanguage\":\"en-GB\",\"@id\":\"https:\\\/\\\/euroissues.pt\\\/#\\\/schema\\\/logo\\\/image\\\/\",\"url\":\"https:\\\/\\\/euroissues.pt\\\/wp-content\\\/uploads\\\/2024\\\/06\\\/cropped-logo_2.png\",\"contentUrl\":\"https:\\\/\\\/euroissues.pt\\\/wp-content\\\/uploads\\\/2024\\\/06\\\/cropped-logo_2.png\",\"width\":500,\"height\":138,\"caption\":\"EUROISSUES\"},\"image\":{\"@id\":\"https:\\\/\\\/euroissues.pt\\\/#\\\/schema\\\/logo\\\/image\\\/\"}}]}<\/script>\n<!-- \/ Yoast SEO plugin. -->","yoast_head_json":{"title":"Jornadas XVIII \u2013 2024 - EUROISSUES","robots":{"index":"index","follow":"follow","max-snippet":"max-snippet:-1","max-image-preview":"max-image-preview:large","max-video-preview":"max-video-preview:-1"},"canonical":"https:\/\/euroissues.pt\/en\/jornadas-xviii-2024\/","og_locale":"en_GB","og_type":"article","og_title":"Jornadas XVIII \u2013 2024 - EUROISSUES","og_description":"Boas Vindas Bem-vindos \u00e0s\u00a0XVIII Jornadas Internacionais sobre Grandes Problem\u00e1ticas do Espa\u00e7o Europeu!A d\u00e9cima oitava edi\u00e7\u00e3o deste evento, comprova o importante papel que a ci\u00eancia e a academia possuem para questionar, debater e tentar dar respostas aos v\u00e1rios desafios que, como sociedade (\u00e0 escala nacional e internacional), enfrentamos. No contexto atual, apesar das altera\u00e7\u00f5es observadas ao [&hellip;]","og_url":"https:\/\/euroissues.pt\/en\/jornadas-xviii-2024\/","og_site_name":"EUROISSUES","article_modified_time":"2025-06-09T16:50:34+00:00","og_image":[{"url":"https:\/\/www.presidencia.pt\/theme\/images\/brasao_PRP_cores_250px.svg","type":"","width":"","height":""}],"twitter_card":"summary_large_image","twitter_misc":{"Estimated reading time":"3 minutes"},"schema":{"@context":"https:\/\/schema.org","@graph":[{"@type":"WebPage","@id":"https:\/\/euroissues.pt\/jornadas-xviii-2024\/","url":"https:\/\/euroissues.pt\/jornadas-xviii-2024\/","name":"Jornadas XVIII \u2013 2024 - EUROISSUES","isPartOf":{"@id":"https:\/\/euroissues.pt\/#website"},"primaryImageOfPage":{"@id":"https:\/\/euroissues.pt\/jornadas-xviii-2024\/#primaryimage"},"image":{"@id":"https:\/\/euroissues.pt\/jornadas-xviii-2024\/#primaryimage"},"thumbnailUrl":"https:\/\/www.presidencia.pt\/theme\/images\/brasao_PRP_cores_250px.svg","datePublished":"2024-03-13T11:19:39+00:00","dateModified":"2025-06-09T16:50:34+00:00","breadcrumb":{"@id":"https:\/\/euroissues.pt\/jornadas-xviii-2024\/#breadcrumb"},"inLanguage":"en-GB","potentialAction":[{"@type":"ReadAction","target":["https:\/\/euroissues.pt\/jornadas-xviii-2024\/"]}]},{"@type":"ImageObject","inLanguage":"en-GB","@id":"https:\/\/euroissues.pt\/jornadas-xviii-2024\/#primaryimage","url":"https:\/\/www.presidencia.pt\/theme\/images\/brasao_PRP_cores_250px.svg","contentUrl":"https:\/\/www.presidencia.pt\/theme\/images\/brasao_PRP_cores_250px.svg"},{"@type":"BreadcrumbList","@id":"https:\/\/euroissues.pt\/jornadas-xviii-2024\/#breadcrumb","itemListElement":[{"@type":"ListItem","position":1,"name":"In\u00edcio","item":"https:\/\/euroissues.pt\/"},{"@type":"ListItem","position":2,"name":"Jornadas XVIII \u2013 2024"}]},{"@type":"WebSite","@id":"https:\/\/euroissues.pt\/#website","url":"https:\/\/euroissues.pt\/","name":"EUROISSUES","description":"Constru\u00e7\u00e3o de Territ\u00f3rios Resilientes e Sustent\u00e1veis","publisher":{"@id":"https:\/\/euroissues.pt\/#organization"},"potentialAction":[{"@type":"SearchAction","target":{"@type":"EntryPoint","urlTemplate":"https:\/\/euroissues.pt\/?s={search_term_string}"},"query-input":{"@type":"PropertyValueSpecification","valueRequired":true,"valueName":"search_term_string"}}],"inLanguage":"en-GB"},{"@type":"Organization","@id":"https:\/\/euroissues.pt\/#organization","name":"EUROISSUES","url":"https:\/\/euroissues.pt\/","logo":{"@type":"ImageObject","inLanguage":"en-GB","@id":"https:\/\/euroissues.pt\/#\/schema\/logo\/image\/","url":"https:\/\/euroissues.pt\/wp-content\/uploads\/2024\/06\/cropped-logo_2.png","contentUrl":"https:\/\/euroissues.pt\/wp-content\/uploads\/2024\/06\/cropped-logo_2.png","width":500,"height":138,"caption":"EUROISSUES"},"image":{"@id":"https:\/\/euroissues.pt\/#\/schema\/logo\/image\/"}}]}},"_links":{"self":[{"href":"https:\/\/euroissues.pt\/en\/wp-json\/wp\/v2\/pages\/9","targetHints":{"allow":["GET"]}}],"collection":[{"href":"https:\/\/euroissues.pt\/en\/wp-json\/wp\/v2\/pages"}],"about":[{"href":"https:\/\/euroissues.pt\/en\/wp-json\/wp\/v2\/types\/page"}],"author":[{"embeddable":true,"href":"https:\/\/euroissues.pt\/en\/wp-json\/wp\/v2\/users\/1"}],"replies":[{"embeddable":true,"href":"https:\/\/euroissues.pt\/en\/wp-json\/wp\/v2\/comments?post=9"}],"version-history":[{"count":15,"href":"https:\/\/euroissues.pt\/en\/wp-json\/wp\/v2\/pages\/9\/revisions"}],"predecessor-version":[{"id":3165,"href":"https:\/\/euroissues.pt\/en\/wp-json\/wp\/v2\/pages\/9\/revisions\/3165"}],"wp:attachment":[{"href":"https:\/\/euroissues.pt\/en\/wp-json\/wp\/v2\/media?parent=9"}],"curies":[{"name":"wp","href":"https:\/\/api.w.org\/{rel}","templated":true}]}}