{"id":935,"date":"2024-04-15T14:44:29","date_gmt":"2024-04-15T14:44:29","guid":{"rendered":"https:\/\/euroissues.pt\/?page_id=935"},"modified":"2025-03-07T20:33:01","modified_gmt":"2025-03-07T20:33:01","slug":"mesas-redondas","status":"publish","type":"page","link":"https:\/\/euroissues.pt\/en\/jornadas-xviii-2024\/mesas-redondas\/","title":{"rendered":"Round Tables"},"content":{"rendered":"<div data-elementor-type=\"wp-page\" data-elementor-id=\"935\" class=\"elementor elementor-935\" data-elementor-post-type=\"page\">\n\t\t\t\t<div class=\"elementor-element elementor-element-2d91276 e-flex e-con-boxed e-con e-parent\" data-id=\"2d91276\" data-element_type=\"container\" data-e-type=\"container\">\n\t\t\t\t\t<div class=\"e-con-inner\">\n\t\t\t\t<div class=\"elementor-element elementor-element-156c741 elementor-widget elementor-widget-text-editor\" data-id=\"156c741\" data-element_type=\"widget\" data-e-type=\"widget\" data-widget_type=\"text-editor.default\">\n\t\t\t\t<div class=\"elementor-widget-container\">\n\t\t\t\t\t\t\t\t\t<h3 style=\"text-align: left;\"><strong>ROUND TABLE I<\/strong><\/h3><p><span style=\"color: #b1c103;\">Railways in the Territory: From Historical Significance to Future Mobility<\/span><\/p><p><strong>Description:<\/strong> This round table aims to explore the critical role of railways in structuring territories, from their historical importance to their potential in shaping future mobility landscapes. The round table brings together experts from different areas to discuss how railways have influenced the development of regions and societies over time and discuss the future of mobility in the low-density regions. The discussion will explore strategies to optimize rail systems to meet the evolving needs of communities and contribute to sustainable and inclusive mobility solutions for the future.<\/p><p><strong>Moderator:<\/strong> Lu\u00eds Almeida, Douro Valley Association<\/p><p><strong>Panel line-up:<\/strong><\/p><ul style=\"font-weight: 400;\"><li><strong>Alberto Aroso<\/strong>,\u00a0<span style=\"font-size: 10.5pt; line-height: 107%; font-family: 'Calibri',sans-serif; mso-ascii-theme-font: minor-latin; mso-fareast-font-family: 'Times New Roman'; mso-hansi-theme-font: minor-latin; mso-bidi-theme-font: minor-latin; mso-ansi-language: PT; mso-fareast-language: PT; mso-bidi-language: AR-SA;\">Coordenador do Novo Movimento pelo Interior da ACEC<\/span><\/li><li><strong>Mar\u00eda Teresa Rebollo Alonso<\/strong>, Polytechnic University of Madrid<\/li><li><strong>Ana Lu\u00edsa Pinheiro Lomelino Velosa<\/strong>, University of Aveiro<\/li><\/ul><p><strong>Venue:<\/strong> Anfiteatro 2 &#8211; Faculdade de Letras da Universidade do Porto. Via Panor\u00e2mica, s\/n 4150-564 Porto, Portugal<\/p><h3 style=\"text-align: left;\">ROUND TABLE II<\/h3><p><span style=\"color: #b1c103;\">Portugal and Tourism in the 21st Century: Emerging Transitions to Sustainable Development<\/span><\/p><p><strong>Description:<\/strong> The round table on \u201cPortugal and Tourism in the 21st Century: Emerging Transitions to Sustainable Development\u201d promises an insightful exploration of the evolving landscape of tourism in Portugal. This session aims to explore the challenges and opportunities facing the tourism sector as it embraces sustainability in the 21st century. This is the perfect setting for a meeting of minds dedicated to shaping the future of sustainable tourism in Portugal. Participants can expect a thought-provoking session that highlights the importance of sustainable tourism practices and explores innovative strategies for implementing these practices in the Portuguese context.<\/p><p><strong>Panel line-up: <\/strong><\/p><ul><li>S\u00e9rgio Barroso, Centre for Urban and Regional Studies and Development, Lda.<\/li><li>H\u00e9lder Lopes, University of Minho<\/li><li>Marta Nestor, Faculty of Design, Technology and Communication, European University of Lisbon<\/li><\/ul><p><strong>Moderator:<\/strong> Andr\u00e9 Samora Arvela, ISCTE<\/p><p><strong>Venue:<\/strong> Anfiteatro 2 &#8211; Faculdade de Letras da Universidade do Porto. Via Panor\u00e2mica, s\/n 4150-564 Porto, Portugal<\/p>\t\t\t\t\t\t\t\t<\/div>\n\t\t\t\t<\/div>\n\t\t\t\t\t<\/div>\n\t\t\t\t<\/div>\n\t\t\t\t<\/div>","protected":false},"excerpt":{"rendered":"<p>MESA REDONDA I Ferrovias no Territ\u00f3rio: Do Significado Hist\u00f3rico \u00e0 Mobilidade Futura Descri\u00e7\u00e3o: Esta mesa redonda pretende explorar o papel cr\u00edtico dos caminhos-de-ferro na estrutura\u00e7\u00e3o dos territ\u00f3rios, desde a sua import\u00e2ncia hist\u00f3rica at\u00e9 ao seu potencial na forma\u00e7\u00e3o de futuros cen\u00e1rios de mobilidade. A mesa redonda re\u00fane especialistas de diversas \u00e1reas para discutir como as [&hellip;]<\/p>\n","protected":false},"author":1,"featured_media":0,"parent":9,"menu_order":0,"comment_status":"closed","ping_status":"closed","template":"","meta":{"ocean_post_layout":"","ocean_both_sidebars_style":"","ocean_both_sidebars_content_width":0,"ocean_both_sidebars_sidebars_width":0,"ocean_sidebar":"","ocean_second_sidebar":"","ocean_disable_margins":"enable","ocean_add_body_class":"","ocean_shortcode_before_top_bar":"","ocean_shortcode_after_top_bar":"","ocean_shortcode_before_header":"","ocean_shortcode_after_header":"","ocean_has_shortcode":"","ocean_shortcode_after_title":"","ocean_shortcode_before_footer_widgets":"","ocean_shortcode_after_footer_widgets":"","ocean_shortcode_before_footer_bottom":"","ocean_shortcode_after_footer_bottom":"","ocean_display_top_bar":"default","ocean_display_header":"default","ocean_header_style":"","ocean_center_header_left_menu":"","ocean_custom_header_template":"","ocean_custom_logo":0,"ocean_custom_retina_logo":0,"ocean_custom_logo_max_width":0,"ocean_custom_logo_tablet_max_width":0,"ocean_custom_logo_mobile_max_width":0,"ocean_custom_logo_max_height":0,"ocean_custom_logo_tablet_max_height":0,"ocean_custom_logo_mobile_max_height":0,"ocean_header_custom_menu":"","ocean_menu_typo_font_family":"","ocean_menu_typo_font_subset":"","ocean_menu_typo_font_size":0,"ocean_menu_typo_font_size_tablet":0,"ocean_menu_typo_font_size_mobile":0,"ocean_menu_typo_font_size_unit":"px","ocean_menu_typo_font_weight":"","ocean_menu_typo_font_weight_tablet":"","ocean_menu_typo_font_weight_mobile":"","ocean_menu_typo_transform":"","ocean_menu_typo_transform_tablet":"","ocean_menu_typo_transform_mobile":"","ocean_menu_typo_line_height":0,"ocean_menu_typo_line_height_tablet":0,"ocean_menu_typo_line_height_mobile":0,"ocean_menu_typo_line_height_unit":"","ocean_menu_typo_spacing":0,"ocean_menu_typo_spacing_tablet":0,"ocean_menu_typo_spacing_mobile":0,"ocean_menu_typo_spacing_unit":"","ocean_menu_link_color":"","ocean_menu_link_color_hover":"","ocean_menu_link_color_active":"","ocean_menu_link_background":"","ocean_menu_link_hover_background":"","ocean_menu_link_active_background":"","ocean_menu_social_links_bg":"","ocean_menu_social_hover_links_bg":"","ocean_menu_social_links_color":"","ocean_menu_social_hover_links_color":"","ocean_disable_title":"default","ocean_disable_heading":"default","ocean_post_title":"","ocean_post_subheading":"","ocean_post_title_style":"","ocean_post_title_background_color":"","ocean_post_title_background":0,"ocean_post_title_bg_image_position":"","ocean_post_title_bg_image_attachment":"","ocean_post_title_bg_image_repeat":"","ocean_post_title_bg_image_size":"","ocean_post_title_height":0,"ocean_post_title_bg_overlay":0.5,"ocean_post_title_bg_overlay_color":"","ocean_disable_breadcrumbs":"default","ocean_breadcrumbs_color":"","ocean_breadcrumbs_separator_color":"","ocean_breadcrumbs_links_color":"","ocean_breadcrumbs_links_hover_color":"","ocean_display_footer_widgets":"default","ocean_display_footer_bottom":"default","ocean_custom_footer_template":"","footnotes":""},"class_list":["post-935","page","type-page","status-publish","hentry","entry"],"yoast_head":"<!-- This site is optimized with the Yoast SEO plugin v27.5 - https:\/\/yoast.com\/product\/yoast-seo-wordpress\/ -->\n<title>Mesas Redondas - EUROISSUES<\/title>\n<meta name=\"robots\" content=\"index, follow, max-snippet:-1, max-image-preview:large, max-video-preview:-1\" \/>\n<link rel=\"canonical\" href=\"https:\/\/euroissues.pt\/en\/jornadas-xviii-2024\/mesas-redondas\/\" \/>\n<meta property=\"og:locale\" content=\"en_GB\" \/>\n<meta property=\"og:type\" content=\"article\" \/>\n<meta property=\"og:title\" content=\"Mesas Redondas - EUROISSUES\" \/>\n<meta property=\"og:description\" content=\"MESA REDONDA I Ferrovias no Territ\u00f3rio: Do Significado Hist\u00f3rico \u00e0 Mobilidade Futura Descri\u00e7\u00e3o: Esta mesa redonda pretende explorar o papel cr\u00edtico dos caminhos-de-ferro na estrutura\u00e7\u00e3o dos territ\u00f3rios, desde a sua import\u00e2ncia hist\u00f3rica at\u00e9 ao seu potencial na forma\u00e7\u00e3o de futuros cen\u00e1rios de mobilidade. A mesa redonda re\u00fane especialistas de diversas \u00e1reas para discutir como as [&hellip;]\" \/>\n<meta property=\"og:url\" content=\"https:\/\/euroissues.pt\/en\/jornadas-xviii-2024\/mesas-redondas\/\" \/>\n<meta property=\"og:site_name\" content=\"EUROISSUES\" \/>\n<meta property=\"article:modified_time\" content=\"2025-03-07T20:33:01+00:00\" \/>\n<meta name=\"twitter:card\" content=\"summary_large_image\" \/>\n<meta name=\"twitter:label1\" content=\"Estimated reading time\" \/>\n\t<meta name=\"twitter:data1\" content=\"2 minutes\" \/>\n<script type=\"application\/ld+json\" class=\"yoast-schema-graph\">{\"@context\":\"https:\\\/\\\/schema.org\",\"@graph\":[{\"@type\":\"WebPage\",\"@id\":\"https:\\\/\\\/euroissues.pt\\\/jornadas-xviii-2024\\\/mesas-redondas\\\/\",\"url\":\"https:\\\/\\\/euroissues.pt\\\/jornadas-xviii-2024\\\/mesas-redondas\\\/\",\"name\":\"Mesas Redondas - EUROISSUES\",\"isPartOf\":{\"@id\":\"https:\\\/\\\/euroissues.pt\\\/#website\"},\"datePublished\":\"2024-04-15T14:44:29+00:00\",\"dateModified\":\"2025-03-07T20:33:01+00:00\",\"breadcrumb\":{\"@id\":\"https:\\\/\\\/euroissues.pt\\\/jornadas-xviii-2024\\\/mesas-redondas\\\/#breadcrumb\"},\"inLanguage\":\"en-GB\",\"potentialAction\":[{\"@type\":\"ReadAction\",\"target\":[\"https:\\\/\\\/euroissues.pt\\\/jornadas-xviii-2024\\\/mesas-redondas\\\/\"]}]},{\"@type\":\"BreadcrumbList\",\"@id\":\"https:\\\/\\\/euroissues.pt\\\/jornadas-xviii-2024\\\/mesas-redondas\\\/#breadcrumb\",\"itemListElement\":[{\"@type\":\"ListItem\",\"position\":1,\"name\":\"In\u00edcio\",\"item\":\"https:\\\/\\\/euroissues.pt\\\/\"},{\"@type\":\"ListItem\",\"position\":2,\"name\":\"Jornadas XVIII \u2013 2024\",\"item\":\"https:\\\/\\\/euroissues.pt\\\/jornadas-xviii-2024\\\/\"},{\"@type\":\"ListItem\",\"position\":3,\"name\":\"Mesas Redondas\"}]},{\"@type\":\"WebSite\",\"@id\":\"https:\\\/\\\/euroissues.pt\\\/#website\",\"url\":\"https:\\\/\\\/euroissues.pt\\\/\",\"name\":\"EUROISSUES\",\"description\":\"Constru\u00e7\u00e3o de Territ\u00f3rios Resilientes e Sustent\u00e1veis\",\"publisher\":{\"@id\":\"https:\\\/\\\/euroissues.pt\\\/#organization\"},\"potentialAction\":[{\"@type\":\"SearchAction\",\"target\":{\"@type\":\"EntryPoint\",\"urlTemplate\":\"https:\\\/\\\/euroissues.pt\\\/?s={search_term_string}\"},\"query-input\":{\"@type\":\"PropertyValueSpecification\",\"valueRequired\":true,\"valueName\":\"search_term_string\"}}],\"inLanguage\":\"en-GB\"},{\"@type\":\"Organization\",\"@id\":\"https:\\\/\\\/euroissues.pt\\\/#organization\",\"name\":\"EUROISSUES\",\"url\":\"https:\\\/\\\/euroissues.pt\\\/\",\"logo\":{\"@type\":\"ImageObject\",\"inLanguage\":\"en-GB\",\"@id\":\"https:\\\/\\\/euroissues.pt\\\/#\\\/schema\\\/logo\\\/image\\\/\",\"url\":\"https:\\\/\\\/euroissues.pt\\\/wp-content\\\/uploads\\\/2024\\\/06\\\/cropped-logo_2.png\",\"contentUrl\":\"https:\\\/\\\/euroissues.pt\\\/wp-content\\\/uploads\\\/2024\\\/06\\\/cropped-logo_2.png\",\"width\":500,\"height\":138,\"caption\":\"EUROISSUES\"},\"image\":{\"@id\":\"https:\\\/\\\/euroissues.pt\\\/#\\\/schema\\\/logo\\\/image\\\/\"}}]}<\/script>\n<!-- \/ Yoast SEO plugin. -->","yoast_head_json":{"title":"Mesas Redondas - EUROISSUES","robots":{"index":"index","follow":"follow","max-snippet":"max-snippet:-1","max-image-preview":"max-image-preview:large","max-video-preview":"max-video-preview:-1"},"canonical":"https:\/\/euroissues.pt\/en\/jornadas-xviii-2024\/mesas-redondas\/","og_locale":"en_GB","og_type":"article","og_title":"Mesas Redondas - EUROISSUES","og_description":"MESA REDONDA I Ferrovias no Territ\u00f3rio: Do Significado Hist\u00f3rico \u00e0 Mobilidade Futura Descri\u00e7\u00e3o: Esta mesa redonda pretende explorar o papel cr\u00edtico dos caminhos-de-ferro na estrutura\u00e7\u00e3o dos territ\u00f3rios, desde a sua import\u00e2ncia hist\u00f3rica at\u00e9 ao seu potencial na forma\u00e7\u00e3o de futuros cen\u00e1rios de mobilidade. A mesa redonda re\u00fane especialistas de diversas \u00e1reas para discutir como as [&hellip;]","og_url":"https:\/\/euroissues.pt\/en\/jornadas-xviii-2024\/mesas-redondas\/","og_site_name":"EUROISSUES","article_modified_time":"2025-03-07T20:33:01+00:00","twitter_card":"summary_large_image","twitter_misc":{"Estimated reading time":"2 minutes"},"schema":{"@context":"https:\/\/schema.org","@graph":[{"@type":"WebPage","@id":"https:\/\/euroissues.pt\/jornadas-xviii-2024\/mesas-redondas\/","url":"https:\/\/euroissues.pt\/jornadas-xviii-2024\/mesas-redondas\/","name":"Mesas Redondas - EUROISSUES","isPartOf":{"@id":"https:\/\/euroissues.pt\/#website"},"datePublished":"2024-04-15T14:44:29+00:00","dateModified":"2025-03-07T20:33:01+00:00","breadcrumb":{"@id":"https:\/\/euroissues.pt\/jornadas-xviii-2024\/mesas-redondas\/#breadcrumb"},"inLanguage":"en-GB","potentialAction":[{"@type":"ReadAction","target":["https:\/\/euroissues.pt\/jornadas-xviii-2024\/mesas-redondas\/"]}]},{"@type":"BreadcrumbList","@id":"https:\/\/euroissues.pt\/jornadas-xviii-2024\/mesas-redondas\/#breadcrumb","itemListElement":[{"@type":"ListItem","position":1,"name":"In\u00edcio","item":"https:\/\/euroissues.pt\/"},{"@type":"ListItem","position":2,"name":"Jornadas XVIII \u2013 2024","item":"https:\/\/euroissues.pt\/jornadas-xviii-2024\/"},{"@type":"ListItem","position":3,"name":"Mesas Redondas"}]},{"@type":"WebSite","@id":"https:\/\/euroissues.pt\/#website","url":"https:\/\/euroissues.pt\/","name":"EUROISSUES","description":"Constru\u00e7\u00e3o de Territ\u00f3rios Resilientes e Sustent\u00e1veis","publisher":{"@id":"https:\/\/euroissues.pt\/#organization"},"potentialAction":[{"@type":"SearchAction","target":{"@type":"EntryPoint","urlTemplate":"https:\/\/euroissues.pt\/?s={search_term_string}"},"query-input":{"@type":"PropertyValueSpecification","valueRequired":true,"valueName":"search_term_string"}}],"inLanguage":"en-GB"},{"@type":"Organization","@id":"https:\/\/euroissues.pt\/#organization","name":"EUROISSUES","url":"https:\/\/euroissues.pt\/","logo":{"@type":"ImageObject","inLanguage":"en-GB","@id":"https:\/\/euroissues.pt\/#\/schema\/logo\/image\/","url":"https:\/\/euroissues.pt\/wp-content\/uploads\/2024\/06\/cropped-logo_2.png","contentUrl":"https:\/\/euroissues.pt\/wp-content\/uploads\/2024\/06\/cropped-logo_2.png","width":500,"height":138,"caption":"EUROISSUES"},"image":{"@id":"https:\/\/euroissues.pt\/#\/schema\/logo\/image\/"}}]}},"_links":{"self":[{"href":"https:\/\/euroissues.pt\/en\/wp-json\/wp\/v2\/pages\/935","targetHints":{"allow":["GET"]}}],"collection":[{"href":"https:\/\/euroissues.pt\/en\/wp-json\/wp\/v2\/pages"}],"about":[{"href":"https:\/\/euroissues.pt\/en\/wp-json\/wp\/v2\/types\/page"}],"author":[{"embeddable":true,"href":"https:\/\/euroissues.pt\/en\/wp-json\/wp\/v2\/users\/1"}],"replies":[{"embeddable":true,"href":"https:\/\/euroissues.pt\/en\/wp-json\/wp\/v2\/comments?post=935"}],"version-history":[{"count":0,"href":"https:\/\/euroissues.pt\/en\/wp-json\/wp\/v2\/pages\/935\/revisions"}],"up":[{"embeddable":true,"href":"https:\/\/euroissues.pt\/en\/wp-json\/wp\/v2\/pages\/9"}],"wp:attachment":[{"href":"https:\/\/euroissues.pt\/en\/wp-json\/wp\/v2\/media?parent=935"}],"curies":[{"name":"wp","href":"https:\/\/api.w.org\/{rel}","templated":true}]}}