{"id":941,"date":"2024-04-15T14:46:10","date_gmt":"2024-04-15T14:46:10","guid":{"rendered":"https:\/\/euroissues.pt\/?page_id=941"},"modified":"2025-03-07T20:34:18","modified_gmt":"2025-03-07T20:34:18","slug":"visitas-de-estudo","status":"publish","type":"page","link":"https:\/\/euroissues.pt\/en\/jornadas-xviii-2024\/visitas-de-estudo\/","title":{"rendered":"Field Trips"},"content":{"rendered":"<div data-elementor-type=\"wp-page\" data-elementor-id=\"941\" class=\"elementor elementor-941\" data-elementor-post-type=\"page\">\n\t\t\t\t<div class=\"elementor-element elementor-element-c7bdf39 e-flex e-con-boxed e-con e-parent\" data-id=\"c7bdf39\" data-element_type=\"container\" data-e-type=\"container\">\n\t\t\t\t\t<div class=\"e-con-inner\">\n\t\t\t\t<div class=\"elementor-element elementor-element-cf67740 elementor-widget elementor-widget-text-editor\" data-id=\"cf67740\" data-element_type=\"widget\" data-e-type=\"widget\" data-widget_type=\"text-editor.default\">\n\t\t\t\t<div class=\"elementor-widget-container\">\n\t\t\t\t\t\t\t\t\t<h3 style=\"text-align: center;\"><strong>VISIT TO THE CITY OF PORTO<\/strong><\/h3><p style=\"text-align: center;\"><span style=\"color: #b1c103;\">Porto, a World Heritage Site \u2013 form and function<\/span><\/p><p><strong>Date:<\/strong> 23rd May 2024<\/p><p><strong>Organisation:<\/strong> Jorge Ricardo Pinto, FLUP\/ ISCET\/ CEGOT<\/p><p><strong>Description:<\/strong> Built on a promontory above the Douro, close to the Atlantic Ocean but at a safe distance, Porto is built like the nest of a bird of prey. At the top, a cathedral was built in the 12th century. Down below, a swarm of people crowded densely along the riverbank, filling boats with goods, walking along the old granite pavements, trading products from other destinations. On this route, we will walk through the crooked, winding streets that date back to medieval times in the historic centre of Porto, a World Heritage Site, in search of churches with Baroque fa\u00e7ades, houses with medieval foundations and narrow alleyways that wind down the incline. Along the way we\u2019ll find traces of other geographies, both temporal and spatial, that developed within the city\u2019s old walls. The space is damp, sometimes mysterious, here and there, dark and gloomy, but every step reveals sights of the blue river where the masts of the old boats used to anchor. Here we go!<\/p>\t\t\t\t\t\t\t\t<\/div>\n\t\t\t\t<\/div>\n\t\t\t\t\t<\/div>\n\t\t\t\t<\/div>\n\t\t<div class=\"elementor-element elementor-element-f08c949 e-flex e-con-boxed e-con e-parent\" data-id=\"f08c949\" data-element_type=\"container\" data-e-type=\"container\">\n\t\t\t\t\t<div class=\"e-con-inner\">\n\t\t\t\t<div class=\"elementor-element elementor-element-11a31ca elementor-widget elementor-widget-image\" data-id=\"11a31ca\" data-element_type=\"widget\" data-e-type=\"widget\" data-widget_type=\"image.default\">\n\t\t\t\t<div class=\"elementor-widget-container\">\n\t\t\t\t\t\t\t\t\t\t\t\t\t\t\t<img fetchpriority=\"high\" decoding=\"async\" width=\"1024\" height=\"331\" src=\"https:\/\/euroissues.pt\/wp-content\/uploads\/2024\/04\/20240414_152718-scaled-e1713348432413-1024x331.jpg\" class=\"attachment-large size-large wp-image-1135\" alt=\"\" srcset=\"https:\/\/euroissues.pt\/wp-content\/uploads\/2024\/04\/20240414_152718-scaled-e1713348432413-1024x331.jpg 1024w, https:\/\/euroissues.pt\/wp-content\/uploads\/2024\/04\/20240414_152718-scaled-e1713348432413-300x97.jpg 300w, https:\/\/euroissues.pt\/wp-content\/uploads\/2024\/04\/20240414_152718-scaled-e1713348432413-768x248.jpg 768w, https:\/\/euroissues.pt\/wp-content\/uploads\/2024\/04\/20240414_152718-scaled-e1713348432413-1536x496.jpg 1536w, https:\/\/euroissues.pt\/wp-content\/uploads\/2024\/04\/20240414_152718-scaled-e1713348432413-2048x662.jpg 2048w\" sizes=\"(max-width: 1024px) 100vw, 1024px\" \/>\t\t\t\t\t\t\t\t\t\t\t\t\t\t\t<\/div>\n\t\t\t\t<\/div>\n\t\t\t\t\t<\/div>\n\t\t\t\t<\/div>\n\t\t<div class=\"elementor-element elementor-element-c9a6386 e-flex e-con-boxed e-con e-parent\" data-id=\"c9a6386\" data-element_type=\"container\" data-e-type=\"container\">\n\t\t\t\t\t<div class=\"e-con-inner\">\n\t\t\t\t<div class=\"elementor-element elementor-element-bf0bbf2 elementor-widget elementor-widget-text-editor\" data-id=\"bf0bbf2\" data-element_type=\"widget\" data-e-type=\"widget\" data-widget_type=\"text-editor.default\">\n\t\t\t\t<div class=\"elementor-widget-container\">\n\t\t\t\t\t\t\t\t\t<h3 style=\"text-align: center;\">VISIT TO THE SOUSA VALLEY<\/h3><p style=\"text-align: center;\"><span style=\"color: #b1c103;\">Sousa Valley: Environmental Conservation and Promotion of Sustainability in the Municipality of Lousada<\/span><\/p><p><strong>Date:<\/strong> 26th May 2024<\/p><p><strong>Organisers:<\/strong> Cl\u00e1udia Magalh\u00e3es,\u00a0 Ricardo Nogueira Martins e Manuel Nunes.<\/p><p><strong>Description:<\/strong> The visit to \u2018Sousa Valley: Environmental Conservation and Promotion of Sustainability in Lousada\u2019 is an initiative that aims to highlight the efforts and strategies implemented in the Sousa Valley, particularly in Lousada, to preserve the environment and promote sustainable practices. The focus is on showing how this region, rich in natural beauty and cultural heritage, is taking concrete steps towards sustainability. During this visit, participants will have the opportunity to witness first-hand the commitment to environmental conservation and the innovative approaches taken to ensure that the region\u2019s economic development goes hand in hand with ecological sustainability. It shows that local actions can significantly impact global environmental challenges, making it an unmissable visit for anyone interested in conservation, sustainability and cultural heritage.<\/p>\t\t\t\t\t\t\t\t<\/div>\n\t\t\t\t<\/div>\n\t\t\t\t\t<\/div>\n\t\t\t\t<\/div>\n\t\t<div class=\"elementor-element elementor-element-06a5f7c e-flex e-con-boxed e-con e-parent\" data-id=\"06a5f7c\" data-element_type=\"container\" data-e-type=\"container\">\n\t\t\t\t\t<div class=\"e-con-inner\">\n\t\t\t\t<div class=\"elementor-element elementor-element-193543e elementor-widget elementor-widget-heading\" data-id=\"193543e\" data-element_type=\"widget\" data-e-type=\"widget\" data-widget_type=\"heading.default\">\n\t\t\t\t<div class=\"elementor-widget-container\">\n\t\t\t\t\t<h2 class=\"elementor-heading-title elementor-size-default\">Programme<\/h2>\t\t\t\t<\/div>\n\t\t\t\t<\/div>\n\t\t\t\t\t<\/div>\n\t\t\t\t<\/div>\n\t\t<div class=\"elementor-element elementor-element-94253d2 e-flex e-con-boxed e-con e-parent\" data-id=\"94253d2\" data-element_type=\"container\" data-e-type=\"container\">\n\t\t\t\t\t<div class=\"e-con-inner\">\n\t\t\t\t<div class=\"elementor-element elementor-element-b5cb722 elementor-widget elementor-widget-text-editor\" data-id=\"b5cb722\" data-element_type=\"widget\" data-e-type=\"widget\" data-widget_type=\"text-editor.default\">\n\t\t\t\t<div class=\"elementor-widget-container\">\n\t\t\t\t\t\t\t\t\t<table><tbody><tr><td width=\"113\"><p><strong><em>\u00a0<\/em><\/strong><\/p><\/td><td width=\"488\"><p><strong>\u00a0<\/strong><\/p><\/td><\/tr><tr><td width=\"113\"><p><strong><em>09h00-10h30 <\/em><\/strong><\/p><p><em>\u00a0<\/em><\/p><\/td><td width=\"488\"><p><strong>Lousada Municipal Microreserve Network:<\/strong> <strong>conserva\u00e7\u00e3o e futuro da conectividade ecol\u00f3gica. <\/strong><\/p><p>Guided tour of the Vila Verde House \u2018Quinta da Piscina Forest Microreserve\u2019<\/p><\/td><\/tr><tr><td width=\"113\"><p><em>\u00a0<\/em><\/p><\/td><td width=\"488\"><p>Pausa para ch\u00e1 \u2013 oferecido pela C\u00e2mara Municipal de Lousada<\/p><\/td><\/tr><tr><td width=\"113\"><p><strong><em>11h00-13h00<\/em><\/strong><\/p><\/td><td width=\"488\"><p><strong>The concept of a forest for everyone, as an open-air laboratory and showcase for structures to promote biodiversity.<\/strong>.\u00a0<\/p><p>Guided tour of Mata de Vilar (Vilar Woodland)<\/p><\/td><\/tr><tr><td width=\"113\"><p><em>13h00-14h00<\/em><\/p><\/td><td width=\"488\"><p>Picnic lunch in Mata de Vilar (Vilar Woodland) \u2013 offered by Lousada City Council<\/p><\/td><\/tr><tr><td width=\"113\"><p><em>14h30-15h30 <\/em><\/p><\/td><td width=\"488\"><p>Riverside ecosystems and cultural heritage. Guided tour of the Molinological and Forest Park of Pias<\/p><\/td><\/tr><tr><td width=\"113\"><p><em>15h30-16h00<\/em><\/p><p><em>\u00a0<\/em><\/p><\/td><td width=\"488\"><p>Cultural visit:<\/p><p>Visit to Moinho do Meio - Water Mill.<\/p><\/td><\/tr><tr><td width=\"113\"><p><em>\u00a0<\/em><\/p><\/td><td width=\"488\"><p>Traditional snack - offered by Lousada City Council<\/p><\/td><\/tr><tr><td width=\"113\"><p><em>16h30-17h15<\/em><\/p><\/td><td width=\"488\"><p>Environmental education as a key factor.<\/p><p>Visit to Casa das Videiras - Environmental Education Centre<\/p><\/td><\/tr><tr><td width=\"113\"><p><em>17h15-18h00<\/em><\/p><\/td><td width=\"488\"><p>Living Spaces Project: enhancing the ecological and functional role of municipal green spaces<\/p><p>Casa das Videiras - Environmental Education Centre<\/p><\/td><\/tr><\/tbody><\/table>\t\t\t\t\t\t\t\t<\/div>\n\t\t\t\t<\/div>\n\t\t\t\t\t<\/div>\n\t\t\t\t<\/div>\n\t\t<div class=\"elementor-element elementor-element-a67496e e-flex e-con-boxed e-con e-parent\" data-id=\"a67496e\" data-element_type=\"container\" data-e-type=\"container\">\n\t\t\t\t\t<div class=\"e-con-inner\">\n\t\t<div class=\"elementor-element elementor-element-f58080b e-con-full e-flex e-con e-child\" data-id=\"f58080b\" data-element_type=\"container\" data-e-type=\"container\">\n\t\t\t\t<div class=\"elementor-element elementor-element-985dcb5 elementor-widget elementor-widget-image\" data-id=\"985dcb5\" data-element_type=\"widget\" data-e-type=\"widget\" data-widget_type=\"image.default\">\n\t\t\t\t<div class=\"elementor-widget-container\">\n\t\t\t\t\t\t\t\t\t\t\t\t\t\t\t<img decoding=\"async\" width=\"150\" height=\"150\" src=\"https:\/\/euroissues.pt\/wp-content\/uploads\/2024\/04\/municipio-de-lousada-150x150.png\" class=\"attachment-thumbnail size-thumbnail wp-image-1113\" alt=\"\" srcset=\"https:\/\/euroissues.pt\/wp-content\/uploads\/2024\/04\/municipio-de-lousada-150x150.png 150w, https:\/\/euroissues.pt\/wp-content\/uploads\/2024\/04\/municipio-de-lousada-300x300.png 300w, https:\/\/euroissues.pt\/wp-content\/uploads\/2024\/04\/municipio-de-lousada-768x768.png 768w, https:\/\/euroissues.pt\/wp-content\/uploads\/2024\/04\/municipio-de-lousada-600x600.png 600w, https:\/\/euroissues.pt\/wp-content\/uploads\/2024\/04\/municipio-de-lousada.png 1024w\" sizes=\"(max-width: 150px) 100vw, 150px\" \/>\t\t\t\t\t\t\t\t\t\t\t\t\t\t\t<\/div>\n\t\t\t\t<\/div>\n\t\t\t\t<\/div>\n\t\t<div class=\"elementor-element elementor-element-3265f2c e-con-full e-flex e-con e-child\" data-id=\"3265f2c\" data-element_type=\"container\" data-e-type=\"container\">\n\t\t\t\t<div class=\"elementor-element elementor-element-bcd980e elementor-widget elementor-widget-image\" data-id=\"bcd980e\" data-element_type=\"widget\" data-e-type=\"widget\" data-widget_type=\"image.default\">\n\t\t\t\t<div class=\"elementor-widget-container\">\n\t\t\t\t\t\t\t\t\t\t\t\t\t\t\t<img decoding=\"async\" width=\"1021\" height=\"358\" src=\"https:\/\/euroissues.pt\/wp-content\/uploads\/2024\/04\/municipo-lousada1.jpg\" class=\"attachment-large size-large wp-image-1119\" alt=\"\" srcset=\"https:\/\/euroissues.pt\/wp-content\/uploads\/2024\/04\/municipo-lousada1.jpg 1021w, https:\/\/euroissues.pt\/wp-content\/uploads\/2024\/04\/municipo-lousada1-300x105.jpg 300w, https:\/\/euroissues.pt\/wp-content\/uploads\/2024\/04\/municipo-lousada1-768x269.jpg 768w\" sizes=\"(max-width: 1021px) 100vw, 1021px\" \/>\t\t\t\t\t\t\t\t\t\t\t\t\t\t\t<\/div>\n\t\t\t\t<\/div>\n\t\t\t\t<\/div>\n\t\t\t\t\t<\/div>\n\t\t\t\t<\/div>\n\t\t\t\t<\/div>","protected":false},"excerpt":{"rendered":"<p>VISITA \u00c0 CIDADE DO PORTO Porto, Patrim\u00f3nio Mundial \u2013 forma e fun\u00e7\u00e3o Data: 23 de maio de 2024 Organiza\u00e7\u00e3o: Jorge Ricardo Pinto, FLUP\/ ISCET\/ CEGOT Descri\u00e7\u00e3o: Constru\u00eddo num promont\u00f3rio sobre o Douro, pr\u00f3ximo do Atl\u00e2ntico, mas a uma dist\u00e2ncia segura, o Porto \u00e9 constru\u00eddo como o ninho de uma ave de rapina. Ali, no topo, [&hellip;]<\/p>\n","protected":false},"author":1,"featured_media":0,"parent":9,"menu_order":0,"comment_status":"closed","ping_status":"closed","template":"","meta":{"ocean_post_layout":"","ocean_both_sidebars_style":"","ocean_both_sidebars_content_width":0,"ocean_both_sidebars_sidebars_width":0,"ocean_sidebar":"","ocean_second_sidebar":"","ocean_disable_margins":"enable","ocean_add_body_class":"","ocean_shortcode_before_top_bar":"","ocean_shortcode_after_top_bar":"","ocean_shortcode_before_header":"","ocean_shortcode_after_header":"","ocean_has_shortcode":"","ocean_shortcode_after_title":"","ocean_shortcode_before_footer_widgets":"","ocean_shortcode_after_footer_widgets":"","ocean_shortcode_before_footer_bottom":"","ocean_shortcode_after_footer_bottom":"","ocean_display_top_bar":"default","ocean_display_header":"default","ocean_header_style":"","ocean_center_header_left_menu":"","ocean_custom_header_template":"","ocean_custom_logo":0,"ocean_custom_retina_logo":0,"ocean_custom_logo_max_width":0,"ocean_custom_logo_tablet_max_width":0,"ocean_custom_logo_mobile_max_width":0,"ocean_custom_logo_max_height":0,"ocean_custom_logo_tablet_max_height":0,"ocean_custom_logo_mobile_max_height":0,"ocean_header_custom_menu":"","ocean_menu_typo_font_family":"","ocean_menu_typo_font_subset":"","ocean_menu_typo_font_size":0,"ocean_menu_typo_font_size_tablet":0,"ocean_menu_typo_font_size_mobile":0,"ocean_menu_typo_font_size_unit":"px","ocean_menu_typo_font_weight":"","ocean_menu_typo_font_weight_tablet":"","ocean_menu_typo_font_weight_mobile":"","ocean_menu_typo_transform":"","ocean_menu_typo_transform_tablet":"","ocean_menu_typo_transform_mobile":"","ocean_menu_typo_line_height":0,"ocean_menu_typo_line_height_tablet":0,"ocean_menu_typo_line_height_mobile":0,"ocean_menu_typo_line_height_unit":"","ocean_menu_typo_spacing":0,"ocean_menu_typo_spacing_tablet":0,"ocean_menu_typo_spacing_mobile":0,"ocean_menu_typo_spacing_unit":"","ocean_menu_link_color":"","ocean_menu_link_color_hover":"","ocean_menu_link_color_active":"","ocean_menu_link_background":"","ocean_menu_link_hover_background":"","ocean_menu_link_active_background":"","ocean_menu_social_links_bg":"","ocean_menu_social_hover_links_bg":"","ocean_menu_social_links_color":"","ocean_menu_social_hover_links_color":"","ocean_disable_title":"default","ocean_disable_heading":"default","ocean_post_title":"","ocean_post_subheading":"","ocean_post_title_style":"","ocean_post_title_background_color":"","ocean_post_title_background":0,"ocean_post_title_bg_image_position":"","ocean_post_title_bg_image_attachment":"","ocean_post_title_bg_image_repeat":"","ocean_post_title_bg_image_size":"","ocean_post_title_height":0,"ocean_post_title_bg_overlay":0.5,"ocean_post_title_bg_overlay_color":"","ocean_disable_breadcrumbs":"default","ocean_breadcrumbs_color":"","ocean_breadcrumbs_separator_color":"","ocean_breadcrumbs_links_color":"","ocean_breadcrumbs_links_hover_color":"","ocean_display_footer_widgets":"default","ocean_display_footer_bottom":"default","ocean_custom_footer_template":"","footnotes":""},"class_list":["post-941","page","type-page","status-publish","hentry","entry"],"yoast_head":"<!-- This site is optimized with the Yoast SEO plugin v27.5 - https:\/\/yoast.com\/product\/yoast-seo-wordpress\/ -->\n<title>Visitas de Estudo - EUROISSUES<\/title>\n<meta name=\"robots\" content=\"index, follow, max-snippet:-1, max-image-preview:large, max-video-preview:-1\" \/>\n<link rel=\"canonical\" href=\"https:\/\/euroissues.pt\/en\/jornadas-xviii-2024\/visitas-de-estudo\/\" \/>\n<meta property=\"og:locale\" content=\"en_GB\" \/>\n<meta property=\"og:type\" content=\"article\" \/>\n<meta property=\"og:title\" content=\"Visitas de Estudo - EUROISSUES\" \/>\n<meta property=\"og:description\" content=\"VISITA \u00c0 CIDADE DO PORTO Porto, Patrim\u00f3nio Mundial \u2013 forma e fun\u00e7\u00e3o Data: 23 de maio de 2024 Organiza\u00e7\u00e3o: Jorge Ricardo Pinto, FLUP\/ ISCET\/ CEGOT Descri\u00e7\u00e3o: Constru\u00eddo num promont\u00f3rio sobre o Douro, pr\u00f3ximo do Atl\u00e2ntico, mas a uma dist\u00e2ncia segura, o Porto \u00e9 constru\u00eddo como o ninho de uma ave de rapina. Ali, no topo, [&hellip;]\" \/>\n<meta property=\"og:url\" content=\"https:\/\/euroissues.pt\/en\/jornadas-xviii-2024\/visitas-de-estudo\/\" \/>\n<meta property=\"og:site_name\" content=\"EUROISSUES\" \/>\n<meta property=\"article:modified_time\" content=\"2025-03-07T20:34:18+00:00\" \/>\n<meta property=\"og:image\" content=\"https:\/\/euroissues.pt\/wp-content\/uploads\/2024\/04\/20240414_152718-scaled-e1713348432413-1024x331.jpg\" \/>\n<meta name=\"twitter:card\" content=\"summary_large_image\" \/>\n<meta name=\"twitter:label1\" content=\"Estimated reading time\" \/>\n\t<meta name=\"twitter:data1\" content=\"4 minutes\" \/>\n<script type=\"application\/ld+json\" class=\"yoast-schema-graph\">{\"@context\":\"https:\\\/\\\/schema.org\",\"@graph\":[{\"@type\":\"WebPage\",\"@id\":\"https:\\\/\\\/euroissues.pt\\\/jornadas-xviii-2024\\\/visitas-de-estudo\\\/\",\"url\":\"https:\\\/\\\/euroissues.pt\\\/jornadas-xviii-2024\\\/visitas-de-estudo\\\/\",\"name\":\"Visitas de Estudo - EUROISSUES\",\"isPartOf\":{\"@id\":\"https:\\\/\\\/euroissues.pt\\\/#website\"},\"primaryImageOfPage\":{\"@id\":\"https:\\\/\\\/euroissues.pt\\\/jornadas-xviii-2024\\\/visitas-de-estudo\\\/#primaryimage\"},\"image\":{\"@id\":\"https:\\\/\\\/euroissues.pt\\\/jornadas-xviii-2024\\\/visitas-de-estudo\\\/#primaryimage\"},\"thumbnailUrl\":\"https:\\\/\\\/euroissues.pt\\\/wp-content\\\/uploads\\\/2024\\\/04\\\/20240414_152718-scaled-e1713348432413-1024x331.jpg\",\"datePublished\":\"2024-04-15T14:46:10+00:00\",\"dateModified\":\"2025-03-07T20:34:18+00:00\",\"breadcrumb\":{\"@id\":\"https:\\\/\\\/euroissues.pt\\\/jornadas-xviii-2024\\\/visitas-de-estudo\\\/#breadcrumb\"},\"inLanguage\":\"en-GB\",\"potentialAction\":[{\"@type\":\"ReadAction\",\"target\":[\"https:\\\/\\\/euroissues.pt\\\/jornadas-xviii-2024\\\/visitas-de-estudo\\\/\"]}]},{\"@type\":\"ImageObject\",\"inLanguage\":\"en-GB\",\"@id\":\"https:\\\/\\\/euroissues.pt\\\/jornadas-xviii-2024\\\/visitas-de-estudo\\\/#primaryimage\",\"url\":\"https:\\\/\\\/euroissues.pt\\\/wp-content\\\/uploads\\\/2024\\\/04\\\/20240414_152718-scaled-e1713348432413-1024x331.jpg\",\"contentUrl\":\"https:\\\/\\\/euroissues.pt\\\/wp-content\\\/uploads\\\/2024\\\/04\\\/20240414_152718-scaled-e1713348432413-1024x331.jpg\"},{\"@type\":\"BreadcrumbList\",\"@id\":\"https:\\\/\\\/euroissues.pt\\\/jornadas-xviii-2024\\\/visitas-de-estudo\\\/#breadcrumb\",\"itemListElement\":[{\"@type\":\"ListItem\",\"position\":1,\"name\":\"In\u00edcio\",\"item\":\"https:\\\/\\\/euroissues.pt\\\/\"},{\"@type\":\"ListItem\",\"position\":2,\"name\":\"Jornadas XVIII \u2013 2024\",\"item\":\"https:\\\/\\\/euroissues.pt\\\/jornadas-xviii-2024\\\/\"},{\"@type\":\"ListItem\",\"position\":3,\"name\":\"Visitas de Estudo\"}]},{\"@type\":\"WebSite\",\"@id\":\"https:\\\/\\\/euroissues.pt\\\/#website\",\"url\":\"https:\\\/\\\/euroissues.pt\\\/\",\"name\":\"EUROISSUES\",\"description\":\"Constru\u00e7\u00e3o de Territ\u00f3rios Resilientes e Sustent\u00e1veis\",\"publisher\":{\"@id\":\"https:\\\/\\\/euroissues.pt\\\/#organization\"},\"potentialAction\":[{\"@type\":\"SearchAction\",\"target\":{\"@type\":\"EntryPoint\",\"urlTemplate\":\"https:\\\/\\\/euroissues.pt\\\/?s={search_term_string}\"},\"query-input\":{\"@type\":\"PropertyValueSpecification\",\"valueRequired\":true,\"valueName\":\"search_term_string\"}}],\"inLanguage\":\"en-GB\"},{\"@type\":\"Organization\",\"@id\":\"https:\\\/\\\/euroissues.pt\\\/#organization\",\"name\":\"EUROISSUES\",\"url\":\"https:\\\/\\\/euroissues.pt\\\/\",\"logo\":{\"@type\":\"ImageObject\",\"inLanguage\":\"en-GB\",\"@id\":\"https:\\\/\\\/euroissues.pt\\\/#\\\/schema\\\/logo\\\/image\\\/\",\"url\":\"https:\\\/\\\/euroissues.pt\\\/wp-content\\\/uploads\\\/2024\\\/06\\\/cropped-logo_2.png\",\"contentUrl\":\"https:\\\/\\\/euroissues.pt\\\/wp-content\\\/uploads\\\/2024\\\/06\\\/cropped-logo_2.png\",\"width\":500,\"height\":138,\"caption\":\"EUROISSUES\"},\"image\":{\"@id\":\"https:\\\/\\\/euroissues.pt\\\/#\\\/schema\\\/logo\\\/image\\\/\"}}]}<\/script>\n<!-- \/ Yoast SEO plugin. -->","yoast_head_json":{"title":"Visitas de Estudo - EUROISSUES","robots":{"index":"index","follow":"follow","max-snippet":"max-snippet:-1","max-image-preview":"max-image-preview:large","max-video-preview":"max-video-preview:-1"},"canonical":"https:\/\/euroissues.pt\/en\/jornadas-xviii-2024\/visitas-de-estudo\/","og_locale":"en_GB","og_type":"article","og_title":"Visitas de Estudo - EUROISSUES","og_description":"VISITA \u00c0 CIDADE DO PORTO Porto, Patrim\u00f3nio Mundial \u2013 forma e fun\u00e7\u00e3o Data: 23 de maio de 2024 Organiza\u00e7\u00e3o: Jorge Ricardo Pinto, FLUP\/ ISCET\/ CEGOT Descri\u00e7\u00e3o: Constru\u00eddo num promont\u00f3rio sobre o Douro, pr\u00f3ximo do Atl\u00e2ntico, mas a uma dist\u00e2ncia segura, o Porto \u00e9 constru\u00eddo como o ninho de uma ave de rapina. Ali, no topo, [&hellip;]","og_url":"https:\/\/euroissues.pt\/en\/jornadas-xviii-2024\/visitas-de-estudo\/","og_site_name":"EUROISSUES","article_modified_time":"2025-03-07T20:34:18+00:00","og_image":[{"url":"https:\/\/euroissues.pt\/wp-content\/uploads\/2024\/04\/20240414_152718-scaled-e1713348432413-1024x331.jpg","type":"","width":"","height":""}],"twitter_card":"summary_large_image","twitter_misc":{"Estimated reading time":"4 minutes"},"schema":{"@context":"https:\/\/schema.org","@graph":[{"@type":"WebPage","@id":"https:\/\/euroissues.pt\/jornadas-xviii-2024\/visitas-de-estudo\/","url":"https:\/\/euroissues.pt\/jornadas-xviii-2024\/visitas-de-estudo\/","name":"Visitas de Estudo - EUROISSUES","isPartOf":{"@id":"https:\/\/euroissues.pt\/#website"},"primaryImageOfPage":{"@id":"https:\/\/euroissues.pt\/jornadas-xviii-2024\/visitas-de-estudo\/#primaryimage"},"image":{"@id":"https:\/\/euroissues.pt\/jornadas-xviii-2024\/visitas-de-estudo\/#primaryimage"},"thumbnailUrl":"https:\/\/euroissues.pt\/wp-content\/uploads\/2024\/04\/20240414_152718-scaled-e1713348432413-1024x331.jpg","datePublished":"2024-04-15T14:46:10+00:00","dateModified":"2025-03-07T20:34:18+00:00","breadcrumb":{"@id":"https:\/\/euroissues.pt\/jornadas-xviii-2024\/visitas-de-estudo\/#breadcrumb"},"inLanguage":"en-GB","potentialAction":[{"@type":"ReadAction","target":["https:\/\/euroissues.pt\/jornadas-xviii-2024\/visitas-de-estudo\/"]}]},{"@type":"ImageObject","inLanguage":"en-GB","@id":"https:\/\/euroissues.pt\/jornadas-xviii-2024\/visitas-de-estudo\/#primaryimage","url":"https:\/\/euroissues.pt\/wp-content\/uploads\/2024\/04\/20240414_152718-scaled-e1713348432413-1024x331.jpg","contentUrl":"https:\/\/euroissues.pt\/wp-content\/uploads\/2024\/04\/20240414_152718-scaled-e1713348432413-1024x331.jpg"},{"@type":"BreadcrumbList","@id":"https:\/\/euroissues.pt\/jornadas-xviii-2024\/visitas-de-estudo\/#breadcrumb","itemListElement":[{"@type":"ListItem","position":1,"name":"In\u00edcio","item":"https:\/\/euroissues.pt\/"},{"@type":"ListItem","position":2,"name":"Jornadas XVIII \u2013 2024","item":"https:\/\/euroissues.pt\/jornadas-xviii-2024\/"},{"@type":"ListItem","position":3,"name":"Visitas de Estudo"}]},{"@type":"WebSite","@id":"https:\/\/euroissues.pt\/#website","url":"https:\/\/euroissues.pt\/","name":"EUROISSUES","description":"Constru\u00e7\u00e3o de Territ\u00f3rios Resilientes e Sustent\u00e1veis","publisher":{"@id":"https:\/\/euroissues.pt\/#organization"},"potentialAction":[{"@type":"SearchAction","target":{"@type":"EntryPoint","urlTemplate":"https:\/\/euroissues.pt\/?s={search_term_string}"},"query-input":{"@type":"PropertyValueSpecification","valueRequired":true,"valueName":"search_term_string"}}],"inLanguage":"en-GB"},{"@type":"Organization","@id":"https:\/\/euroissues.pt\/#organization","name":"EUROISSUES","url":"https:\/\/euroissues.pt\/","logo":{"@type":"ImageObject","inLanguage":"en-GB","@id":"https:\/\/euroissues.pt\/#\/schema\/logo\/image\/","url":"https:\/\/euroissues.pt\/wp-content\/uploads\/2024\/06\/cropped-logo_2.png","contentUrl":"https:\/\/euroissues.pt\/wp-content\/uploads\/2024\/06\/cropped-logo_2.png","width":500,"height":138,"caption":"EUROISSUES"},"image":{"@id":"https:\/\/euroissues.pt\/#\/schema\/logo\/image\/"}}]}},"_links":{"self":[{"href":"https:\/\/euroissues.pt\/en\/wp-json\/wp\/v2\/pages\/941","targetHints":{"allow":["GET"]}}],"collection":[{"href":"https:\/\/euroissues.pt\/en\/wp-json\/wp\/v2\/pages"}],"about":[{"href":"https:\/\/euroissues.pt\/en\/wp-json\/wp\/v2\/types\/page"}],"author":[{"embeddable":true,"href":"https:\/\/euroissues.pt\/en\/wp-json\/wp\/v2\/users\/1"}],"replies":[{"embeddable":true,"href":"https:\/\/euroissues.pt\/en\/wp-json\/wp\/v2\/comments?post=941"}],"version-history":[{"count":0,"href":"https:\/\/euroissues.pt\/en\/wp-json\/wp\/v2\/pages\/941\/revisions"}],"up":[{"embeddable":true,"href":"https:\/\/euroissues.pt\/en\/wp-json\/wp\/v2\/pages\/9"}],"wp:attachment":[{"href":"https:\/\/euroissues.pt\/en\/wp-json\/wp\/v2\/media?parent=941"}],"curies":[{"name":"wp","href":"https:\/\/api.w.org\/{rel}","templated":true}]}}