{"id":944,"date":"2024-04-15T14:46:54","date_gmt":"2024-04-15T14:46:54","guid":{"rendered":"https:\/\/euroissues.pt\/?page_id=944"},"modified":"2025-03-07T20:34:53","modified_gmt":"2025-03-07T20:34:53","slug":"momento-cultural","status":"publish","type":"page","link":"https:\/\/euroissues.pt\/en\/jornadas-xviii-2024\/momento-cultural\/","title":{"rendered":"Cultural Moment"},"content":{"rendered":"<div data-elementor-type=\"wp-page\" data-elementor-id=\"944\" class=\"elementor elementor-944\" data-elementor-post-type=\"page\">\n\t\t\t\t<div class=\"elementor-element elementor-element-b319195 e-flex e-con-boxed e-con e-parent\" data-id=\"b319195\" data-element_type=\"container\" data-e-type=\"container\">\n\t\t\t\t\t<div class=\"e-con-inner\">\n\t\t<div class=\"elementor-element elementor-element-8898d8f e-con-full e-flex e-con e-child\" data-id=\"8898d8f\" data-element_type=\"container\" data-e-type=\"container\">\n\t\t\t\t<div class=\"elementor-element elementor-element-48fa247 elementor-widget elementor-widget-image\" data-id=\"48fa247\" data-element_type=\"widget\" data-e-type=\"widget\" data-widget_type=\"image.default\">\n\t\t\t\t<div class=\"elementor-widget-container\">\n\t\t\t\t\t\t\t\t\t\t\t\t\t\t\t<img fetchpriority=\"high\" decoding=\"async\" width=\"213\" height=\"300\" src=\"https:\/\/euroissues.pt\/wp-content\/uploads\/2024\/04\/mom-cult_1-213x300.jpg\" class=\"attachment-medium size-medium wp-image-1139\" alt=\"\" srcset=\"https:\/\/euroissues.pt\/wp-content\/uploads\/2024\/04\/mom-cult_1-213x300.jpg 213w, https:\/\/euroissues.pt\/wp-content\/uploads\/2024\/04\/mom-cult_1.jpg 455w\" sizes=\"(max-width: 213px) 100vw, 213px\" \/>\t\t\t\t\t\t\t\t\t\t\t\t\t\t\t<\/div>\n\t\t\t\t<\/div>\n\t\t\t\t<\/div>\n\t\t<div class=\"elementor-element elementor-element-2f47842 e-con-full e-flex e-con e-child\" data-id=\"2f47842\" data-element_type=\"container\" data-e-type=\"container\">\n\t\t\t\t<div class=\"elementor-element elementor-element-4093e2b elementor-widget elementor-widget-text-editor\" data-id=\"4093e2b\" data-element_type=\"widget\" data-e-type=\"widget\" data-widget_type=\"text-editor.default\">\n\t\t\t\t<div class=\"elementor-widget-container\">\n\t\t\t\t\t\t\t\t\t<p><strong>Ebook Presentation \u201cThe Overarching Issues of the European Area: Moving towards Efficient Societies and Sustainable Ecosystems\u201d.<\/strong><\/p><p>Published by the Faculty of Arts and Humanities, University of Porto, and edited by Helena Pina, Felisbela Martins and Andr\u00e9 Rocha.<\/p>\t\t\t\t\t\t\t\t<\/div>\n\t\t\t\t<\/div>\n\t\t\t\t<\/div>\n\t\t\t\t\t<\/div>\n\t\t\t\t<\/div>\n\t\t<div class=\"elementor-element elementor-element-ea649bc e-flex e-con-boxed e-con e-parent\" data-id=\"ea649bc\" data-element_type=\"container\" data-e-type=\"container\">\n\t\t\t\t\t<div class=\"e-con-inner\">\n\t\t<div class=\"elementor-element elementor-element-68bc558 e-con-full e-flex e-con e-child\" data-id=\"68bc558\" data-element_type=\"container\" data-e-type=\"container\">\n\t\t\t\t<div class=\"elementor-element elementor-element-05a1bba elementor-widget elementor-widget-text-editor\" data-id=\"05a1bba\" data-element_type=\"widget\" data-e-type=\"widget\" data-widget_type=\"text-editor.default\">\n\t\t\t\t<div class=\"elementor-widget-container\">\n\t\t\t\t\t\t\t\t\t<p><strong>Book Presentation \u201cRegi\u00f5es Inteligentes e Nova Administra\u00e7\u00e3o\u201d (Smart Regions and New Management)<\/strong> de Ant\u00f3nio Covas.<\/p><p>In an increasingly complex and interconnected world, the effective management of territories and their administration are crucial to the progress of nations, states, and cities. They are spaces where strategic vision merges with an understanding of society's needs, where digital infrastructure is complemented by a humane and inclusive approach. The ability to create smart territories and manage them is an imperative of this century.<\/p><p>This book is a collection of reflections that can lead to the principles, strategies and practices that will allow the concept of territories to evolve into smart, inclusive territories that promote harmony and globally sustainable development.<\/p><p>Commentator: <strong>Andr\u00e9 Samora-Arvela<\/strong><\/p>\t\t\t\t\t\t\t\t<\/div>\n\t\t\t\t<\/div>\n\t\t\t\t<\/div>\n\t\t<div class=\"elementor-element elementor-element-c924ca9 e-con-full e-flex e-con e-child\" data-id=\"c924ca9\" data-element_type=\"container\" data-e-type=\"container\">\n\t\t\t\t<div class=\"elementor-element elementor-element-a0c4e06 elementor-widget elementor-widget-image\" data-id=\"a0c4e06\" data-element_type=\"widget\" data-e-type=\"widget\" data-widget_type=\"image.default\">\n\t\t\t\t<div class=\"elementor-widget-container\">\n\t\t\t\t\t\t\t\t\t\t\t\t\t\t\t<img decoding=\"async\" width=\"455\" height=\"640\" src=\"https:\/\/euroissues.pt\/wp-content\/uploads\/2024\/04\/mom-cult_2.jpg\" class=\"attachment-large size-large wp-image-1140\" alt=\"\" srcset=\"https:\/\/euroissues.pt\/wp-content\/uploads\/2024\/04\/mom-cult_2.jpg 455w, https:\/\/euroissues.pt\/wp-content\/uploads\/2024\/04\/mom-cult_2-213x300.jpg 213w\" sizes=\"(max-width: 455px) 100vw, 455px\" \/>\t\t\t\t\t\t\t\t\t\t\t\t\t\t\t<\/div>\n\t\t\t\t<\/div>\n\t\t\t\t<\/div>\n\t\t\t\t\t<\/div>\n\t\t\t\t<\/div>\n\t\t\t\t<\/div>","protected":false},"excerpt":{"rendered":"<p>Apresenta\u00e7\u00e3o do Ebook \u201cGrandes Problem\u00e1ticas do Espa\u00e7o Europeu: Rumo a Sociedades Eficientes e Ecossistemas Sustent\u00e1veis\u201d. Publicado pela Faculdade de Letras da Universidade do Porto e editado por Helena Pina, Felisbela Martins e Karine Vargas. Apresenta\u00e7\u00e3o do livro \u201cRegi\u00f5es Inteligentes e Nova Administra\u00e7\u00e3o\u201d de Ant\u00f3nio Covas. Num mundo cada vez mais complexo e interligado, a gest\u00e3o [&hellip;]<\/p>\n","protected":false},"author":1,"featured_media":0,"parent":9,"menu_order":0,"comment_status":"closed","ping_status":"closed","template":"","meta":{"ocean_post_layout":"","ocean_both_sidebars_style":"","ocean_both_sidebars_content_width":0,"ocean_both_sidebars_sidebars_width":0,"ocean_sidebar":"","ocean_second_sidebar":"","ocean_disable_margins":"enable","ocean_add_body_class":"","ocean_shortcode_before_top_bar":"","ocean_shortcode_after_top_bar":"","ocean_shortcode_before_header":"","ocean_shortcode_after_header":"","ocean_has_shortcode":"","ocean_shortcode_after_title":"","ocean_shortcode_before_footer_widgets":"","ocean_shortcode_after_footer_widgets":"","ocean_shortcode_before_footer_bottom":"","ocean_shortcode_after_footer_bottom":"","ocean_display_top_bar":"default","ocean_display_header":"default","ocean_header_style":"","ocean_center_header_left_menu":"","ocean_custom_header_template":"","ocean_custom_logo":0,"ocean_custom_retina_logo":0,"ocean_custom_logo_max_width":0,"ocean_custom_logo_tablet_max_width":0,"ocean_custom_logo_mobile_max_width":0,"ocean_custom_logo_max_height":0,"ocean_custom_logo_tablet_max_height":0,"ocean_custom_logo_mobile_max_height":0,"ocean_header_custom_menu":"","ocean_menu_typo_font_family":"","ocean_menu_typo_font_subset":"","ocean_menu_typo_font_size":0,"ocean_menu_typo_font_size_tablet":0,"ocean_menu_typo_font_size_mobile":0,"ocean_menu_typo_font_size_unit":"px","ocean_menu_typo_font_weight":"","ocean_menu_typo_font_weight_tablet":"","ocean_menu_typo_font_weight_mobile":"","ocean_menu_typo_transform":"","ocean_menu_typo_transform_tablet":"","ocean_menu_typo_transform_mobile":"","ocean_menu_typo_line_height":0,"ocean_menu_typo_line_height_tablet":0,"ocean_menu_typo_line_height_mobile":0,"ocean_menu_typo_line_height_unit":"","ocean_menu_typo_spacing":0,"ocean_menu_typo_spacing_tablet":0,"ocean_menu_typo_spacing_mobile":0,"ocean_menu_typo_spacing_unit":"","ocean_menu_link_color":"","ocean_menu_link_color_hover":"","ocean_menu_link_color_active":"","ocean_menu_link_background":"","ocean_menu_link_hover_background":"","ocean_menu_link_active_background":"","ocean_menu_social_links_bg":"","ocean_menu_social_hover_links_bg":"","ocean_menu_social_links_color":"","ocean_menu_social_hover_links_color":"","ocean_disable_title":"default","ocean_disable_heading":"default","ocean_post_title":"","ocean_post_subheading":"","ocean_post_title_style":"","ocean_post_title_background_color":"","ocean_post_title_background":0,"ocean_post_title_bg_image_position":"","ocean_post_title_bg_image_attachment":"","ocean_post_title_bg_image_repeat":"","ocean_post_title_bg_image_size":"","ocean_post_title_height":0,"ocean_post_title_bg_overlay":0.5,"ocean_post_title_bg_overlay_color":"","ocean_disable_breadcrumbs":"default","ocean_breadcrumbs_color":"","ocean_breadcrumbs_separator_color":"","ocean_breadcrumbs_links_color":"","ocean_breadcrumbs_links_hover_color":"","ocean_display_footer_widgets":"default","ocean_display_footer_bottom":"default","ocean_custom_footer_template":"","footnotes":""},"class_list":["post-944","page","type-page","status-publish","hentry","entry"],"yoast_head":"<!-- This site is optimized with the Yoast SEO plugin v27.4 - https:\/\/yoast.com\/product\/yoast-seo-wordpress\/ -->\n<title>Momento Cultural - EUROISSUES<\/title>\n<meta name=\"robots\" content=\"index, follow, max-snippet:-1, max-image-preview:large, max-video-preview:-1\" \/>\n<link rel=\"canonical\" href=\"https:\/\/euroissues.pt\/en\/jornadas-xviii-2024\/momento-cultural\/\" \/>\n<meta property=\"og:locale\" content=\"en_GB\" \/>\n<meta property=\"og:type\" content=\"article\" \/>\n<meta property=\"og:title\" content=\"Momento Cultural - EUROISSUES\" \/>\n<meta property=\"og:description\" content=\"Apresenta\u00e7\u00e3o do Ebook \u201cGrandes Problem\u00e1ticas do Espa\u00e7o Europeu: Rumo a Sociedades Eficientes e Ecossistemas Sustent\u00e1veis\u201d. Publicado pela Faculdade de Letras da Universidade do Porto e editado por Helena Pina, Felisbela Martins e Karine Vargas. Apresenta\u00e7\u00e3o do livro \u201cRegi\u00f5es Inteligentes e Nova Administra\u00e7\u00e3o\u201d de Ant\u00f3nio Covas. Num mundo cada vez mais complexo e interligado, a gest\u00e3o [&hellip;]\" \/>\n<meta property=\"og:url\" content=\"https:\/\/euroissues.pt\/en\/jornadas-xviii-2024\/momento-cultural\/\" \/>\n<meta property=\"og:site_name\" content=\"EUROISSUES\" \/>\n<meta property=\"article:modified_time\" content=\"2025-03-07T20:34:53+00:00\" \/>\n<meta property=\"og:image\" content=\"https:\/\/euroissues.pt\/wp-content\/uploads\/2024\/04\/mom-cult_1-213x300.jpg\" \/>\n<meta name=\"twitter:card\" content=\"summary_large_image\" \/>\n<meta name=\"twitter:label1\" content=\"Estimated reading time\" \/>\n\t<meta name=\"twitter:data1\" content=\"2 minutes\" \/>\n<script type=\"application\/ld+json\" class=\"yoast-schema-graph\">{\"@context\":\"https:\\\/\\\/schema.org\",\"@graph\":[{\"@type\":\"WebPage\",\"@id\":\"https:\\\/\\\/euroissues.pt\\\/jornadas-xviii-2024\\\/momento-cultural\\\/\",\"url\":\"https:\\\/\\\/euroissues.pt\\\/jornadas-xviii-2024\\\/momento-cultural\\\/\",\"name\":\"Momento Cultural - EUROISSUES\",\"isPartOf\":{\"@id\":\"https:\\\/\\\/euroissues.pt\\\/#website\"},\"primaryImageOfPage\":{\"@id\":\"https:\\\/\\\/euroissues.pt\\\/jornadas-xviii-2024\\\/momento-cultural\\\/#primaryimage\"},\"image\":{\"@id\":\"https:\\\/\\\/euroissues.pt\\\/jornadas-xviii-2024\\\/momento-cultural\\\/#primaryimage\"},\"thumbnailUrl\":\"https:\\\/\\\/euroissues.pt\\\/wp-content\\\/uploads\\\/2024\\\/04\\\/mom-cult_1-213x300.jpg\",\"datePublished\":\"2024-04-15T14:46:54+00:00\",\"dateModified\":\"2025-03-07T20:34:53+00:00\",\"breadcrumb\":{\"@id\":\"https:\\\/\\\/euroissues.pt\\\/jornadas-xviii-2024\\\/momento-cultural\\\/#breadcrumb\"},\"inLanguage\":\"en-GB\",\"potentialAction\":[{\"@type\":\"ReadAction\",\"target\":[\"https:\\\/\\\/euroissues.pt\\\/jornadas-xviii-2024\\\/momento-cultural\\\/\"]}]},{\"@type\":\"ImageObject\",\"inLanguage\":\"en-GB\",\"@id\":\"https:\\\/\\\/euroissues.pt\\\/jornadas-xviii-2024\\\/momento-cultural\\\/#primaryimage\",\"url\":\"https:\\\/\\\/euroissues.pt\\\/wp-content\\\/uploads\\\/2024\\\/04\\\/mom-cult_1-213x300.jpg\",\"contentUrl\":\"https:\\\/\\\/euroissues.pt\\\/wp-content\\\/uploads\\\/2024\\\/04\\\/mom-cult_1-213x300.jpg\"},{\"@type\":\"BreadcrumbList\",\"@id\":\"https:\\\/\\\/euroissues.pt\\\/jornadas-xviii-2024\\\/momento-cultural\\\/#breadcrumb\",\"itemListElement\":[{\"@type\":\"ListItem\",\"position\":1,\"name\":\"In\u00edcio\",\"item\":\"https:\\\/\\\/euroissues.pt\\\/\"},{\"@type\":\"ListItem\",\"position\":2,\"name\":\"Jornadas XVIII \u2013 2024\",\"item\":\"https:\\\/\\\/euroissues.pt\\\/jornadas-xviii-2024\\\/\"},{\"@type\":\"ListItem\",\"position\":3,\"name\":\"Momento Cultural\"}]},{\"@type\":\"WebSite\",\"@id\":\"https:\\\/\\\/euroissues.pt\\\/#website\",\"url\":\"https:\\\/\\\/euroissues.pt\\\/\",\"name\":\"EUROISSUES\",\"description\":\"Constru\u00e7\u00e3o de Territ\u00f3rios Resilientes e Sustent\u00e1veis\",\"publisher\":{\"@id\":\"https:\\\/\\\/euroissues.pt\\\/#organization\"},\"potentialAction\":[{\"@type\":\"SearchAction\",\"target\":{\"@type\":\"EntryPoint\",\"urlTemplate\":\"https:\\\/\\\/euroissues.pt\\\/?s={search_term_string}\"},\"query-input\":{\"@type\":\"PropertyValueSpecification\",\"valueRequired\":true,\"valueName\":\"search_term_string\"}}],\"inLanguage\":\"en-GB\"},{\"@type\":\"Organization\",\"@id\":\"https:\\\/\\\/euroissues.pt\\\/#organization\",\"name\":\"EUROISSUES\",\"url\":\"https:\\\/\\\/euroissues.pt\\\/\",\"logo\":{\"@type\":\"ImageObject\",\"inLanguage\":\"en-GB\",\"@id\":\"https:\\\/\\\/euroissues.pt\\\/#\\\/schema\\\/logo\\\/image\\\/\",\"url\":\"https:\\\/\\\/euroissues.pt\\\/wp-content\\\/uploads\\\/2024\\\/06\\\/cropped-logo_2.png\",\"contentUrl\":\"https:\\\/\\\/euroissues.pt\\\/wp-content\\\/uploads\\\/2024\\\/06\\\/cropped-logo_2.png\",\"width\":500,\"height\":138,\"caption\":\"EUROISSUES\"},\"image\":{\"@id\":\"https:\\\/\\\/euroissues.pt\\\/#\\\/schema\\\/logo\\\/image\\\/\"}}]}<\/script>\n<!-- \/ Yoast SEO plugin. -->","yoast_head_json":{"title":"Momento Cultural - EUROISSUES","robots":{"index":"index","follow":"follow","max-snippet":"max-snippet:-1","max-image-preview":"max-image-preview:large","max-video-preview":"max-video-preview:-1"},"canonical":"https:\/\/euroissues.pt\/en\/jornadas-xviii-2024\/momento-cultural\/","og_locale":"en_GB","og_type":"article","og_title":"Momento Cultural - EUROISSUES","og_description":"Apresenta\u00e7\u00e3o do Ebook \u201cGrandes Problem\u00e1ticas do Espa\u00e7o Europeu: Rumo a Sociedades Eficientes e Ecossistemas Sustent\u00e1veis\u201d. Publicado pela Faculdade de Letras da Universidade do Porto e editado por Helena Pina, Felisbela Martins e Karine Vargas. Apresenta\u00e7\u00e3o do livro \u201cRegi\u00f5es Inteligentes e Nova Administra\u00e7\u00e3o\u201d de Ant\u00f3nio Covas. Num mundo cada vez mais complexo e interligado, a gest\u00e3o [&hellip;]","og_url":"https:\/\/euroissues.pt\/en\/jornadas-xviii-2024\/momento-cultural\/","og_site_name":"EUROISSUES","article_modified_time":"2025-03-07T20:34:53+00:00","og_image":[{"url":"https:\/\/euroissues.pt\/wp-content\/uploads\/2024\/04\/mom-cult_1-213x300.jpg","type":"","width":"","height":""}],"twitter_card":"summary_large_image","twitter_misc":{"Estimated reading time":"2 minutes"},"schema":{"@context":"https:\/\/schema.org","@graph":[{"@type":"WebPage","@id":"https:\/\/euroissues.pt\/jornadas-xviii-2024\/momento-cultural\/","url":"https:\/\/euroissues.pt\/jornadas-xviii-2024\/momento-cultural\/","name":"Momento Cultural - EUROISSUES","isPartOf":{"@id":"https:\/\/euroissues.pt\/#website"},"primaryImageOfPage":{"@id":"https:\/\/euroissues.pt\/jornadas-xviii-2024\/momento-cultural\/#primaryimage"},"image":{"@id":"https:\/\/euroissues.pt\/jornadas-xviii-2024\/momento-cultural\/#primaryimage"},"thumbnailUrl":"https:\/\/euroissues.pt\/wp-content\/uploads\/2024\/04\/mom-cult_1-213x300.jpg","datePublished":"2024-04-15T14:46:54+00:00","dateModified":"2025-03-07T20:34:53+00:00","breadcrumb":{"@id":"https:\/\/euroissues.pt\/jornadas-xviii-2024\/momento-cultural\/#breadcrumb"},"inLanguage":"en-GB","potentialAction":[{"@type":"ReadAction","target":["https:\/\/euroissues.pt\/jornadas-xviii-2024\/momento-cultural\/"]}]},{"@type":"ImageObject","inLanguage":"en-GB","@id":"https:\/\/euroissues.pt\/jornadas-xviii-2024\/momento-cultural\/#primaryimage","url":"https:\/\/euroissues.pt\/wp-content\/uploads\/2024\/04\/mom-cult_1-213x300.jpg","contentUrl":"https:\/\/euroissues.pt\/wp-content\/uploads\/2024\/04\/mom-cult_1-213x300.jpg"},{"@type":"BreadcrumbList","@id":"https:\/\/euroissues.pt\/jornadas-xviii-2024\/momento-cultural\/#breadcrumb","itemListElement":[{"@type":"ListItem","position":1,"name":"In\u00edcio","item":"https:\/\/euroissues.pt\/"},{"@type":"ListItem","position":2,"name":"Jornadas XVIII \u2013 2024","item":"https:\/\/euroissues.pt\/jornadas-xviii-2024\/"},{"@type":"ListItem","position":3,"name":"Momento Cultural"}]},{"@type":"WebSite","@id":"https:\/\/euroissues.pt\/#website","url":"https:\/\/euroissues.pt\/","name":"EUROISSUES","description":"Constru\u00e7\u00e3o de Territ\u00f3rios Resilientes e Sustent\u00e1veis","publisher":{"@id":"https:\/\/euroissues.pt\/#organization"},"potentialAction":[{"@type":"SearchAction","target":{"@type":"EntryPoint","urlTemplate":"https:\/\/euroissues.pt\/?s={search_term_string}"},"query-input":{"@type":"PropertyValueSpecification","valueRequired":true,"valueName":"search_term_string"}}],"inLanguage":"en-GB"},{"@type":"Organization","@id":"https:\/\/euroissues.pt\/#organization","name":"EUROISSUES","url":"https:\/\/euroissues.pt\/","logo":{"@type":"ImageObject","inLanguage":"en-GB","@id":"https:\/\/euroissues.pt\/#\/schema\/logo\/image\/","url":"https:\/\/euroissues.pt\/wp-content\/uploads\/2024\/06\/cropped-logo_2.png","contentUrl":"https:\/\/euroissues.pt\/wp-content\/uploads\/2024\/06\/cropped-logo_2.png","width":500,"height":138,"caption":"EUROISSUES"},"image":{"@id":"https:\/\/euroissues.pt\/#\/schema\/logo\/image\/"}}]}},"_links":{"self":[{"href":"https:\/\/euroissues.pt\/en\/wp-json\/wp\/v2\/pages\/944","targetHints":{"allow":["GET"]}}],"collection":[{"href":"https:\/\/euroissues.pt\/en\/wp-json\/wp\/v2\/pages"}],"about":[{"href":"https:\/\/euroissues.pt\/en\/wp-json\/wp\/v2\/types\/page"}],"author":[{"embeddable":true,"href":"https:\/\/euroissues.pt\/en\/wp-json\/wp\/v2\/users\/1"}],"replies":[{"embeddable":true,"href":"https:\/\/euroissues.pt\/en\/wp-json\/wp\/v2\/comments?post=944"}],"version-history":[{"count":0,"href":"https:\/\/euroissues.pt\/en\/wp-json\/wp\/v2\/pages\/944\/revisions"}],"up":[{"embeddable":true,"href":"https:\/\/euroissues.pt\/en\/wp-json\/wp\/v2\/pages\/9"}],"wp:attachment":[{"href":"https:\/\/euroissues.pt\/en\/wp-json\/wp\/v2\/media?parent=944"}],"curies":[{"name":"wp","href":"https:\/\/api.w.org\/{rel}","templated":true}]}}