{"id":947,"date":"2024-04-15T14:49:03","date_gmt":"2024-04-15T14:49:03","guid":{"rendered":"https:\/\/euroissues.pt\/?page_id=947"},"modified":"2025-05-19T11:36:49","modified_gmt":"2025-05-19T11:36:49","slug":"apresentacao-de-publicacoes","status":"publish","type":"page","link":"https:\/\/euroissues.pt\/en\/jornadas-xix-2025\/apresentacao-de-publicacoes\/","title":{"rendered":"Presentation of Publications"},"content":{"rendered":"<div data-elementor-type=\"wp-page\" data-elementor-id=\"947\" class=\"elementor elementor-947\" data-elementor-post-type=\"page\">\n\t\t\t\t<div class=\"elementor-element elementor-element-7bb61b2 e-flex e-con-boxed e-con e-parent\" data-id=\"7bb61b2\" data-element_type=\"container\" data-e-type=\"container\">\n\t\t\t\t\t<div class=\"e-con-inner\">\n\t\t<div class=\"elementor-element elementor-element-441c548 e-con-full e-flex e-con e-child\" data-id=\"441c548\" data-element_type=\"container\" data-e-type=\"container\">\n\t\t\t\t<div class=\"elementor-element elementor-element-ad0ace1 elementor-widget elementor-widget-image\" data-id=\"ad0ace1\" data-element_type=\"widget\" data-e-type=\"widget\" data-widget_type=\"image.default\">\n\t\t\t\t<div class=\"elementor-widget-container\">\n\t\t\t\t\t\t\t\t\t\t\t\t\t\t\t<img fetchpriority=\"high\" decoding=\"async\" width=\"724\" height=\"1024\" src=\"https:\/\/euroissues.pt\/wp-content\/uploads\/2025\/03\/Capa-Livro_de_Resumos_2024-724x1024.jpg\" class=\"attachment-large size-large wp-image-2537\" alt=\"\" srcset=\"https:\/\/euroissues.pt\/wp-content\/uploads\/2025\/03\/Capa-Livro_de_Resumos_2024-724x1024.jpg 724w, https:\/\/euroissues.pt\/wp-content\/uploads\/2025\/03\/Capa-Livro_de_Resumos_2024-212x300.jpg 212w, https:\/\/euroissues.pt\/wp-content\/uploads\/2025\/03\/Capa-Livro_de_Resumos_2024-768x1086.jpg 768w, https:\/\/euroissues.pt\/wp-content\/uploads\/2025\/03\/Capa-Livro_de_Resumos_2024-1086x1536.jpg 1086w, https:\/\/euroissues.pt\/wp-content\/uploads\/2025\/03\/Capa-Livro_de_Resumos_2024-8x12.jpg 8w, https:\/\/euroissues.pt\/wp-content\/uploads\/2025\/03\/Capa-Livro_de_Resumos_2024.jpg 1241w\" sizes=\"(max-width: 724px) 100vw, 724px\" \/>\t\t\t\t\t\t\t\t\t\t\t\t\t\t\t<\/div>\n\t\t\t\t<\/div>\n\t\t\t\t<\/div>\n\t\t<div class=\"elementor-element elementor-element-7cc6688 e-con-full e-flex e-con e-child\" data-id=\"7cc6688\" data-element_type=\"container\" data-e-type=\"container\">\n\t\t\t\t<div class=\"elementor-element elementor-element-18cd2c3 elementor-widget elementor-widget-text-editor\" data-id=\"18cd2c3\" data-element_type=\"widget\" data-e-type=\"widget\" data-widget_type=\"text-editor.default\">\n\t\t\t\t<div class=\"elementor-widget-container\">\n\t\t\t\t\t\t\t\t\t<p>2024 Edition:<\/p><p>Helena Pina, Felisbela Martins e Andrews Lucena\u00a0 (Eds.)<\/p><p><strong style=\"font-size: 14px; color: var( --e-global-color-text ); text-align: var(--text-align);\">Title:<\/strong><\/p><p>\"The Overarching Issues of the European Area - How to efficiently combine sustainability, resilience and territorial management?\"<\/p><p><strong>Editor:<\/strong> Faculty of Arts and Humanities, University of Porto<\/p><p>Year of publication: 2024<\/p><p><strong>Presenter:<\/strong> Felisbela Martins and Andrews Lucena<\/p>\t\t\t\t\t\t\t\t<\/div>\n\t\t\t\t<\/div>\n\t\t\t\t<\/div>\n\t\t\t\t\t<\/div>\n\t\t\t\t<\/div>\n\t\t<div class=\"elementor-element elementor-element-a62f25c e-flex e-con-boxed e-con e-parent\" data-id=\"a62f25c\" data-element_type=\"container\" data-e-type=\"container\">\n\t\t\t\t\t<div class=\"e-con-inner\">\n\t\t<div class=\"elementor-element elementor-element-6317f3b e-con-full e-flex e-con e-child\" data-id=\"6317f3b\" data-element_type=\"container\" data-e-type=\"container\">\n\t\t\t\t<div class=\"elementor-element elementor-element-1fcdc41 elementor-widget elementor-widget-text-editor\" data-id=\"1fcdc41\" data-element_type=\"widget\" data-e-type=\"widget\" data-widget_type=\"text-editor.default\">\n\t\t\t\t<div class=\"elementor-widget-container\">\n\t\t\t\t\t\t\t\t\t<p>Authors: <strong>Prof. Doctor Ant\u00f3nio Covas and Professor Doctor Merc\u00eas Covas<\/strong><\/p><p><strong>Title:\u00a0<\/strong><br \/>\"Creative Economy and Smart Territories - Reinventing Low Density Areas (LDA)\"<\/p><p><strong>Publisher:<\/strong> Edi\u00e7\u00f5es S\u00edlabo<\/p><p>Year of publication: 2025<\/p><p><strong>Presenter:<\/strong> Ivan Gerardo Peyr\u00e9 Tartaruga<\/p>\t\t\t\t\t\t\t\t<\/div>\n\t\t\t\t<\/div>\n\t\t\t\t<\/div>\n\t\t<div class=\"elementor-element elementor-element-9bf524b e-con-full e-flex e-con e-child\" data-id=\"9bf524b\" data-element_type=\"container\" data-e-type=\"container\">\n\t\t\t\t<div class=\"elementor-element elementor-element-a7a3de8 elementor-widget elementor-widget-image\" data-id=\"a7a3de8\" data-element_type=\"widget\" data-e-type=\"widget\" data-widget_type=\"image.default\">\n\t\t\t\t<div class=\"elementor-widget-container\">\n\t\t\t\t\t\t\t\t\t\t\t\t\t\t\t<img decoding=\"async\" width=\"264\" height=\"361\" src=\"https:\/\/euroissues.pt\/wp-content\/uploads\/2025\/05\/Economia-criativa-e-territorios-inteligentes.png\" class=\"attachment-large size-large wp-image-2896\" alt=\"\" srcset=\"https:\/\/euroissues.pt\/wp-content\/uploads\/2025\/05\/Economia-criativa-e-territorios-inteligentes.png 264w, https:\/\/euroissues.pt\/wp-content\/uploads\/2025\/05\/Economia-criativa-e-territorios-inteligentes-219x300.png 219w, https:\/\/euroissues.pt\/wp-content\/uploads\/2025\/05\/Economia-criativa-e-territorios-inteligentes-9x12.png 9w\" sizes=\"(max-width: 264px) 100vw, 264px\" \/>\t\t\t\t\t\t\t\t\t\t\t\t\t\t\t<\/div>\n\t\t\t\t<\/div>\n\t\t\t\t<\/div>\n\t\t\t\t\t<\/div>\n\t\t\t\t<\/div>\n\t\t\t\t<\/div>","protected":false},"excerpt":{"rendered":"<p>Edi\u00e7\u00e3o de\u00a0 2024: Helena Pina, Felisbela Martins e Andrews Lucena\u00a0 (Eds.) T\u00edtulo: Grandes Problem\u00e1ticas do Espa\u00e7o Europeu- como conjugar eficientemente, sustentabilide, resili\u00eancia e gest\u00e3o territorial? Editor: Faculdade de Letras da Universidade do Porto Ano de Edi\u00e7\u00e3o: 2024 Apresentador: Felisbela Martins e Andrews Lucena Autores: Prof. Doutor Ant\u00f3nio Covas e Prof\u00aa Doutora Merc\u00eas Covas T\u00edtulo:\u00a0&#8220;Economia criativa [&hellip;]<\/p>\n","protected":false},"author":1,"featured_media":0,"parent":1805,"menu_order":0,"comment_status":"closed","ping_status":"closed","template":"","meta":{"ocean_post_layout":"","ocean_both_sidebars_style":"","ocean_both_sidebars_content_width":0,"ocean_both_sidebars_sidebars_width":0,"ocean_sidebar":"","ocean_second_sidebar":"","ocean_disable_margins":"enable","ocean_add_body_class":"","ocean_shortcode_before_top_bar":"","ocean_shortcode_after_top_bar":"","ocean_shortcode_before_header":"","ocean_shortcode_after_header":"","ocean_has_shortcode":"","ocean_shortcode_after_title":"","ocean_shortcode_before_footer_widgets":"","ocean_shortcode_after_footer_widgets":"","ocean_shortcode_before_footer_bottom":"","ocean_shortcode_after_footer_bottom":"","ocean_display_top_bar":"default","ocean_display_header":"default","ocean_header_style":"","ocean_center_header_left_menu":"","ocean_custom_header_template":"","ocean_custom_logo":0,"ocean_custom_retina_logo":0,"ocean_custom_logo_max_width":0,"ocean_custom_logo_tablet_max_width":0,"ocean_custom_logo_mobile_max_width":0,"ocean_custom_logo_max_height":0,"ocean_custom_logo_tablet_max_height":0,"ocean_custom_logo_mobile_max_height":0,"ocean_header_custom_menu":"","ocean_menu_typo_font_family":"","ocean_menu_typo_font_subset":"","ocean_menu_typo_font_size":0,"ocean_menu_typo_font_size_tablet":0,"ocean_menu_typo_font_size_mobile":0,"ocean_menu_typo_font_size_unit":"px","ocean_menu_typo_font_weight":"","ocean_menu_typo_font_weight_tablet":"","ocean_menu_typo_font_weight_mobile":"","ocean_menu_typo_transform":"","ocean_menu_typo_transform_tablet":"","ocean_menu_typo_transform_mobile":"","ocean_menu_typo_line_height":0,"ocean_menu_typo_line_height_tablet":0,"ocean_menu_typo_line_height_mobile":0,"ocean_menu_typo_line_height_unit":"","ocean_menu_typo_spacing":0,"ocean_menu_typo_spacing_tablet":0,"ocean_menu_typo_spacing_mobile":0,"ocean_menu_typo_spacing_unit":"","ocean_menu_link_color":"","ocean_menu_link_color_hover":"","ocean_menu_link_color_active":"","ocean_menu_link_background":"","ocean_menu_link_hover_background":"","ocean_menu_link_active_background":"","ocean_menu_social_links_bg":"","ocean_menu_social_hover_links_bg":"","ocean_menu_social_links_color":"","ocean_menu_social_hover_links_color":"","ocean_disable_title":"default","ocean_disable_heading":"default","ocean_post_title":"","ocean_post_subheading":"","ocean_post_title_style":"","ocean_post_title_background_color":"","ocean_post_title_background":0,"ocean_post_title_bg_image_position":"","ocean_post_title_bg_image_attachment":"","ocean_post_title_bg_image_repeat":"","ocean_post_title_bg_image_size":"","ocean_post_title_height":0,"ocean_post_title_bg_overlay":0.5,"ocean_post_title_bg_overlay_color":"","ocean_disable_breadcrumbs":"default","ocean_breadcrumbs_color":"","ocean_breadcrumbs_separator_color":"","ocean_breadcrumbs_links_color":"","ocean_breadcrumbs_links_hover_color":"","ocean_display_footer_widgets":"default","ocean_display_footer_bottom":"default","ocean_custom_footer_template":"","footnotes":""},"class_list":["post-947","page","type-page","status-publish","hentry","entry"],"yoast_head":"<!-- This site is optimized with the Yoast SEO plugin v27.5 - https:\/\/yoast.com\/product\/yoast-seo-wordpress\/ -->\n<title>Apresenta\u00e7\u00e3o de Publica\u00e7\u00f5es - EUROISSUES<\/title>\n<meta name=\"robots\" content=\"index, follow, max-snippet:-1, max-image-preview:large, max-video-preview:-1\" \/>\n<link rel=\"canonical\" href=\"https:\/\/euroissues.pt\/en\/jornadas-xix-2025\/apresentacao-de-publicacoes\/\" \/>\n<meta property=\"og:locale\" content=\"en_GB\" \/>\n<meta property=\"og:type\" content=\"article\" \/>\n<meta property=\"og:title\" content=\"Apresenta\u00e7\u00e3o de Publica\u00e7\u00f5es - EUROISSUES\" \/>\n<meta property=\"og:description\" content=\"Edi\u00e7\u00e3o de\u00a0 2024: Helena Pina, Felisbela Martins e Andrews Lucena\u00a0 (Eds.) T\u00edtulo: Grandes Problem\u00e1ticas do Espa\u00e7o Europeu- como conjugar eficientemente, sustentabilide, resili\u00eancia e gest\u00e3o territorial? Editor: Faculdade de Letras da Universidade do Porto Ano de Edi\u00e7\u00e3o: 2024 Apresentador: Felisbela Martins e Andrews Lucena Autores: Prof. Doutor Ant\u00f3nio Covas e Prof\u00aa Doutora Merc\u00eas Covas T\u00edtulo:\u00a0&#8220;Economia criativa [&hellip;]\" \/>\n<meta property=\"og:url\" content=\"https:\/\/euroissues.pt\/en\/jornadas-xix-2025\/apresentacao-de-publicacoes\/\" \/>\n<meta property=\"og:site_name\" content=\"EUROISSUES\" \/>\n<meta property=\"article:modified_time\" content=\"2025-05-19T11:36:49+00:00\" \/>\n<meta property=\"og:image\" content=\"https:\/\/euroissues.pt\/wp-content\/uploads\/2025\/03\/Capa-Livro_de_Resumos_2024-724x1024.jpg\" \/>\n<meta name=\"twitter:card\" content=\"summary_large_image\" \/>\n<meta name=\"twitter:label1\" content=\"Estimated reading time\" \/>\n\t<meta name=\"twitter:data1\" content=\"1 minute\" \/>\n<script type=\"application\/ld+json\" class=\"yoast-schema-graph\">{\"@context\":\"https:\\\/\\\/schema.org\",\"@graph\":[{\"@type\":\"WebPage\",\"@id\":\"https:\\\/\\\/euroissues.pt\\\/jornadas-xix-2025\\\/apresentacao-de-publicacoes\\\/\",\"url\":\"https:\\\/\\\/euroissues.pt\\\/jornadas-xix-2025\\\/apresentacao-de-publicacoes\\\/\",\"name\":\"Apresenta\u00e7\u00e3o de Publica\u00e7\u00f5es - EUROISSUES\",\"isPartOf\":{\"@id\":\"https:\\\/\\\/euroissues.pt\\\/#website\"},\"primaryImageOfPage\":{\"@id\":\"https:\\\/\\\/euroissues.pt\\\/jornadas-xix-2025\\\/apresentacao-de-publicacoes\\\/#primaryimage\"},\"image\":{\"@id\":\"https:\\\/\\\/euroissues.pt\\\/jornadas-xix-2025\\\/apresentacao-de-publicacoes\\\/#primaryimage\"},\"thumbnailUrl\":\"https:\\\/\\\/euroissues.pt\\\/wp-content\\\/uploads\\\/2025\\\/03\\\/Capa-Livro_de_Resumos_2024-724x1024.jpg\",\"datePublished\":\"2024-04-15T14:49:03+00:00\",\"dateModified\":\"2025-05-19T11:36:49+00:00\",\"breadcrumb\":{\"@id\":\"https:\\\/\\\/euroissues.pt\\\/jornadas-xix-2025\\\/apresentacao-de-publicacoes\\\/#breadcrumb\"},\"inLanguage\":\"en-GB\",\"potentialAction\":[{\"@type\":\"ReadAction\",\"target\":[\"https:\\\/\\\/euroissues.pt\\\/jornadas-xix-2025\\\/apresentacao-de-publicacoes\\\/\"]}]},{\"@type\":\"ImageObject\",\"inLanguage\":\"en-GB\",\"@id\":\"https:\\\/\\\/euroissues.pt\\\/jornadas-xix-2025\\\/apresentacao-de-publicacoes\\\/#primaryimage\",\"url\":\"https:\\\/\\\/euroissues.pt\\\/wp-content\\\/uploads\\\/2025\\\/03\\\/Capa-Livro_de_Resumos_2024-724x1024.jpg\",\"contentUrl\":\"https:\\\/\\\/euroissues.pt\\\/wp-content\\\/uploads\\\/2025\\\/03\\\/Capa-Livro_de_Resumos_2024-724x1024.jpg\"},{\"@type\":\"BreadcrumbList\",\"@id\":\"https:\\\/\\\/euroissues.pt\\\/jornadas-xix-2025\\\/apresentacao-de-publicacoes\\\/#breadcrumb\",\"itemListElement\":[{\"@type\":\"ListItem\",\"position\":1,\"name\":\"In\u00edcio\",\"item\":\"https:\\\/\\\/euroissues.pt\\\/\"},{\"@type\":\"ListItem\",\"position\":2,\"name\":\"Jornadas XIX \u2013 2025\",\"item\":\"https:\\\/\\\/euroissues.pt\\\/jornadas-xix-2025\\\/\"},{\"@type\":\"ListItem\",\"position\":3,\"name\":\"Apresenta\u00e7\u00e3o de Publica\u00e7\u00f5es\"}]},{\"@type\":\"WebSite\",\"@id\":\"https:\\\/\\\/euroissues.pt\\\/#website\",\"url\":\"https:\\\/\\\/euroissues.pt\\\/\",\"name\":\"EUROISSUES\",\"description\":\"Constru\u00e7\u00e3o de Territ\u00f3rios Resilientes e Sustent\u00e1veis\",\"publisher\":{\"@id\":\"https:\\\/\\\/euroissues.pt\\\/#organization\"},\"potentialAction\":[{\"@type\":\"SearchAction\",\"target\":{\"@type\":\"EntryPoint\",\"urlTemplate\":\"https:\\\/\\\/euroissues.pt\\\/?s={search_term_string}\"},\"query-input\":{\"@type\":\"PropertyValueSpecification\",\"valueRequired\":true,\"valueName\":\"search_term_string\"}}],\"inLanguage\":\"en-GB\"},{\"@type\":\"Organization\",\"@id\":\"https:\\\/\\\/euroissues.pt\\\/#organization\",\"name\":\"EUROISSUES\",\"url\":\"https:\\\/\\\/euroissues.pt\\\/\",\"logo\":{\"@type\":\"ImageObject\",\"inLanguage\":\"en-GB\",\"@id\":\"https:\\\/\\\/euroissues.pt\\\/#\\\/schema\\\/logo\\\/image\\\/\",\"url\":\"https:\\\/\\\/euroissues.pt\\\/wp-content\\\/uploads\\\/2024\\\/06\\\/cropped-logo_2.png\",\"contentUrl\":\"https:\\\/\\\/euroissues.pt\\\/wp-content\\\/uploads\\\/2024\\\/06\\\/cropped-logo_2.png\",\"width\":500,\"height\":138,\"caption\":\"EUROISSUES\"},\"image\":{\"@id\":\"https:\\\/\\\/euroissues.pt\\\/#\\\/schema\\\/logo\\\/image\\\/\"}}]}<\/script>\n<!-- \/ Yoast SEO plugin. -->","yoast_head_json":{"title":"Apresenta\u00e7\u00e3o de Publica\u00e7\u00f5es - EUROISSUES","robots":{"index":"index","follow":"follow","max-snippet":"max-snippet:-1","max-image-preview":"max-image-preview:large","max-video-preview":"max-video-preview:-1"},"canonical":"https:\/\/euroissues.pt\/en\/jornadas-xix-2025\/apresentacao-de-publicacoes\/","og_locale":"en_GB","og_type":"article","og_title":"Apresenta\u00e7\u00e3o de Publica\u00e7\u00f5es - EUROISSUES","og_description":"Edi\u00e7\u00e3o de\u00a0 2024: Helena Pina, Felisbela Martins e Andrews Lucena\u00a0 (Eds.) T\u00edtulo: Grandes Problem\u00e1ticas do Espa\u00e7o Europeu- como conjugar eficientemente, sustentabilide, resili\u00eancia e gest\u00e3o territorial? Editor: Faculdade de Letras da Universidade do Porto Ano de Edi\u00e7\u00e3o: 2024 Apresentador: Felisbela Martins e Andrews Lucena Autores: Prof. Doutor Ant\u00f3nio Covas e Prof\u00aa Doutora Merc\u00eas Covas T\u00edtulo:\u00a0&#8220;Economia criativa [&hellip;]","og_url":"https:\/\/euroissues.pt\/en\/jornadas-xix-2025\/apresentacao-de-publicacoes\/","og_site_name":"EUROISSUES","article_modified_time":"2025-05-19T11:36:49+00:00","og_image":[{"url":"https:\/\/euroissues.pt\/wp-content\/uploads\/2025\/03\/Capa-Livro_de_Resumos_2024-724x1024.jpg","type":"","width":"","height":""}],"twitter_card":"summary_large_image","twitter_misc":{"Estimated reading time":"1 minute"},"schema":{"@context":"https:\/\/schema.org","@graph":[{"@type":"WebPage","@id":"https:\/\/euroissues.pt\/jornadas-xix-2025\/apresentacao-de-publicacoes\/","url":"https:\/\/euroissues.pt\/jornadas-xix-2025\/apresentacao-de-publicacoes\/","name":"Apresenta\u00e7\u00e3o de Publica\u00e7\u00f5es - EUROISSUES","isPartOf":{"@id":"https:\/\/euroissues.pt\/#website"},"primaryImageOfPage":{"@id":"https:\/\/euroissues.pt\/jornadas-xix-2025\/apresentacao-de-publicacoes\/#primaryimage"},"image":{"@id":"https:\/\/euroissues.pt\/jornadas-xix-2025\/apresentacao-de-publicacoes\/#primaryimage"},"thumbnailUrl":"https:\/\/euroissues.pt\/wp-content\/uploads\/2025\/03\/Capa-Livro_de_Resumos_2024-724x1024.jpg","datePublished":"2024-04-15T14:49:03+00:00","dateModified":"2025-05-19T11:36:49+00:00","breadcrumb":{"@id":"https:\/\/euroissues.pt\/jornadas-xix-2025\/apresentacao-de-publicacoes\/#breadcrumb"},"inLanguage":"en-GB","potentialAction":[{"@type":"ReadAction","target":["https:\/\/euroissues.pt\/jornadas-xix-2025\/apresentacao-de-publicacoes\/"]}]},{"@type":"ImageObject","inLanguage":"en-GB","@id":"https:\/\/euroissues.pt\/jornadas-xix-2025\/apresentacao-de-publicacoes\/#primaryimage","url":"https:\/\/euroissues.pt\/wp-content\/uploads\/2025\/03\/Capa-Livro_de_Resumos_2024-724x1024.jpg","contentUrl":"https:\/\/euroissues.pt\/wp-content\/uploads\/2025\/03\/Capa-Livro_de_Resumos_2024-724x1024.jpg"},{"@type":"BreadcrumbList","@id":"https:\/\/euroissues.pt\/jornadas-xix-2025\/apresentacao-de-publicacoes\/#breadcrumb","itemListElement":[{"@type":"ListItem","position":1,"name":"In\u00edcio","item":"https:\/\/euroissues.pt\/"},{"@type":"ListItem","position":2,"name":"Jornadas XIX \u2013 2025","item":"https:\/\/euroissues.pt\/jornadas-xix-2025\/"},{"@type":"ListItem","position":3,"name":"Apresenta\u00e7\u00e3o de Publica\u00e7\u00f5es"}]},{"@type":"WebSite","@id":"https:\/\/euroissues.pt\/#website","url":"https:\/\/euroissues.pt\/","name":"EUROISSUES","description":"Constru\u00e7\u00e3o de Territ\u00f3rios Resilientes e Sustent\u00e1veis","publisher":{"@id":"https:\/\/euroissues.pt\/#organization"},"potentialAction":[{"@type":"SearchAction","target":{"@type":"EntryPoint","urlTemplate":"https:\/\/euroissues.pt\/?s={search_term_string}"},"query-input":{"@type":"PropertyValueSpecification","valueRequired":true,"valueName":"search_term_string"}}],"inLanguage":"en-GB"},{"@type":"Organization","@id":"https:\/\/euroissues.pt\/#organization","name":"EUROISSUES","url":"https:\/\/euroissues.pt\/","logo":{"@type":"ImageObject","inLanguage":"en-GB","@id":"https:\/\/euroissues.pt\/#\/schema\/logo\/image\/","url":"https:\/\/euroissues.pt\/wp-content\/uploads\/2024\/06\/cropped-logo_2.png","contentUrl":"https:\/\/euroissues.pt\/wp-content\/uploads\/2024\/06\/cropped-logo_2.png","width":500,"height":138,"caption":"EUROISSUES"},"image":{"@id":"https:\/\/euroissues.pt\/#\/schema\/logo\/image\/"}}]}},"_links":{"self":[{"href":"https:\/\/euroissues.pt\/en\/wp-json\/wp\/v2\/pages\/947","targetHints":{"allow":["GET"]}}],"collection":[{"href":"https:\/\/euroissues.pt\/en\/wp-json\/wp\/v2\/pages"}],"about":[{"href":"https:\/\/euroissues.pt\/en\/wp-json\/wp\/v2\/types\/page"}],"author":[{"embeddable":true,"href":"https:\/\/euroissues.pt\/en\/wp-json\/wp\/v2\/users\/1"}],"replies":[{"embeddable":true,"href":"https:\/\/euroissues.pt\/en\/wp-json\/wp\/v2\/comments?post=947"}],"version-history":[{"count":3,"href":"https:\/\/euroissues.pt\/en\/wp-json\/wp\/v2\/pages\/947\/revisions"}],"predecessor-version":[{"id":2899,"href":"https:\/\/euroissues.pt\/en\/wp-json\/wp\/v2\/pages\/947\/revisions\/2899"}],"up":[{"embeddable":true,"href":"https:\/\/euroissues.pt\/en\/wp-json\/wp\/v2\/pages\/1805"}],"wp:attachment":[{"href":"https:\/\/euroissues.pt\/en\/wp-json\/wp\/v2\/media?parent=947"}],"curies":[{"name":"wp","href":"https:\/\/api.w.org\/{rel}","templated":true}]}}